{"id":35,"date":"2012-11-13T18:40:47","date_gmt":"2012-11-13T17:40:47","guid":{"rendered":"https:\/\/v3.laroutedesgourmets.fr\/legal-notice\/"},"modified":"2024-04-10T20:52:26","modified_gmt":"2024-04-10T18:52:26","slug":"legal-notice","status":"publish","type":"page","link":"https:\/\/laroutedesgourmets.fr\/en\/legal-notice\/","title":{"rendered":"Legal Notice"},"content":{"rendered":"<p>The websites www.laroutedesgourmets.fr, www.laroutedesgourmets.com and www.laroutedesgourmets.eu are registered trademarks that belong to LA ROUTE DES GOURMETS and its owner\u00a0 Carole Metayer.<\/p>\n<p><strong>Name <\/strong>:\u00a0Carole Metayer<\/p>\n<p><strong>Business name <\/strong>: La Route des Gourmets<\/p>\n<p><strong>N\u00b0 siren<\/strong>\u00a0: 788696557<\/p>\n<p><strong>N\u00b0Siret<\/strong>\u00a0:\u00a078869655700024<\/p>\n<p><strong>Headquarter<\/strong>\u00a0:\u00a055 rue Pierre Emile Lesacq\u2013 95110 sannois<\/p>\n<p><strong>Phone<\/strong>\u00a0: +(33)1 39 47 32 79<\/p>\n<p><strong>Contact Email <\/strong>:\u00a0<a href=\"mailto:carole.metayer@laroutedesgourmets.fr\">carole.metayer@laroutedesgourmets.fr<\/a><\/p>\n<p><strong>CODE APE<\/strong>\u00a0: 82.30Z\u00a0&#8211;\u00a0Organisation de foires, salons professionnels et congr\u00e8s<\/p>\n<p class=\"p1\">We attach the greatest importance to the confidentiality of our customers&#8217; data: in accordance with the Data Protection Act of January 6, 1978, you have the right to access and rectify data concerning you. you can exercise this right by writing to the e-mail address or postal address mentioned above<\/p>\n<p>.<\/p>\n<p><strong>Photos credits<\/strong>\u00a0:<\/p>\n<p>Photos du diaporama : Istockphoto<\/p>\n<p>Photos de Reims : Office de Tourisme de Reims Photographe : Carmen Moya<\/p>\n<p>Photos de Provins : Office de Tourisme de Provins 2024- Cr\u00e9dit Photos JC-Jacquin\/ JF-Benard\/S-Danis<\/p>\n<p>Photos du Val d&#8217;Oise et Giverny: Office de Tourisme Val d&#8217;Oise<\/p>\n<p>Photos Mus\u00e9e du chocolat\u00a0: Photos fournies par le Mus\u00e9e Choco Story de Paris<\/p>\n<p>Photos de Paris: \u00a9 Paris Tourist Office<\/p>\n<p>104-31 Commerce vins et spiritueux \u00a9 Paris Tourist Office &#8211; Photographe : Alain Potignon<\/p>\n<p>Alain Potignon Libre de droits, \u00e0 l&#8217;exclusion de l&#8217;affichage publicitaire avec achat d&#8217;espace<\/p>\n<p>146-16 Boutique &#8211; 142-11 No\u00ebl 2004, charcuterie &#8211; 118-09 March\u00e9 de L\u00e9gumes- 133-29 Marchand des Quatre saisons\u00a0:<\/p>\n<p>\u00a9 Paris Tourist Office &#8211; Photographe : Am\u00e9lie Dupont<\/p>\n<p>Am\u00e9lie Dupont Libre de droits, \u00e0 l&#8217;exclusion de l&#8217;affichage publicitaire avec achat d&#8217;espace<\/p>\n<p>157-28 March\u00e9 biologique des Batignolles\u00a0; 157-26 March\u00e9 biologique des Batignolles<\/p>\n<p>\u00a9 Paris Tourist Office &#8211; Photographe : Marc Bertrand<\/p>\n<p>Marc Bertrand Libre de droits, \u00e0 l&#8217;exclusion de l&#8217;affichage publicitaire avec achat d&#8217;espace<\/p>\n<p>122-07 March\u00e9 biologique des Batignolles \u00a9 Paris Tourist Office &#8211; Photographe : Fabian Charaffi<\/p>\n<p>Fabian Charaffi Libre de droits, \u00e0 l&#8217;exclusion de l&#8217;affichage publicitaire avec achat d&#8217;espace<\/p>\n<p>Photos Caf\u00e9 Prunier: \u00a9 Caf\u00e9 Prunier<\/p>\n<p>Photos Potager du Roi \u00e0 Versailles: \u00a0photot\u00e8que Potager du roi, Photographe: Sylvain Duffard et ENSM<\/p>\n<p class=\"p1\">This website was created by LA ROUTE DES GOURMETs and is hosted by the company IONOS.<\/p>\n","protected":false},"excerpt":{"rendered":"<p>The websites www.laroutedesgourmets.fr, www.laroutedesgourmets.com and www.laroutedesgourmets.eu are registered trademarks that belong to LA ROUTE DES GOURMETS and its owner\u00a0 Carole Metayer. Name :\u00a0Carole Metayer Business name : La Route des Gourmets N\u00b0 siren\u00a0: 788696557 N\u00b0Siret\u00a0:\u00a078869655700024 Headquarter\u00a0:\u00a055 rue Pierre Emile Lesacq\u2013 95110 sannois Phone\u00a0: +(33)1 39 47 32 79 Contact Email :\u00a0carole.metayer@laroutedesgourmets.fr CODE APE\u00a0: 82.30Z\u00a0&#8211;\u00a0Organisation de<a href=\"https:\/\/laroutedesgourmets.fr\/en\/legal-notice\/\" rel=\"bookmark\">Read More &raquo;<span class=\"screen-reader-text\">Legal Notice<\/span><\/a><\/p>\n","protected":false},"author":1,"featured_media":0,"parent":0,"menu_order":0,"comment_status":"closed","ping_status":"closed","template":"","meta":{"inline_featured_image":false,"neve_meta_sidebar":"","neve_meta_container":"","neve_meta_enable_content_width":"","neve_meta_content_width":0,"neve_meta_title_alignment":"","neve_meta_author_avatar":"","neve_post_elements_order":"","neve_meta_disable_header":"","neve_meta_disable_footer":"","neve_meta_disable_title":"","footnotes":""},"class_list":["post-35","page","type-page","status-publish","hentry"],"yoast_head":"<!-- This site is optimized with the Yoast SEO Premium plugin v27.3 (Yoast SEO v27.3) - https:\/\/yoast.com\/product\/yoast-seo-premium-wordpress\/ -->\n<title>Legal notice<\/title>\n<meta name=\"robots\" content=\"index, follow, max-snippet:-1, max-image-preview:large, max-video-preview:-1\" \/>\n<link rel=\"canonical\" href=\"https:\/\/laroutedesgourmets.fr\/en\/legal-notice\/\" \/>\n<meta property=\"og:locale\" content=\"en_US\" \/>\n<meta property=\"og:type\" content=\"article\" \/>\n<meta property=\"og:title\" content=\"Legal notice\" \/>\n<meta property=\"og:description\" content=\"The websites www.laroutedesgourmets.fr, www.laroutedesgourmets.com and www.laroutedesgourmets.eu are registered trademarks that belong to LA ROUTE DES GOURMETS and its owner\u00a0 Carole Metayer. Name :\u00a0Carole Metayer Business name : La Route des Gourmets N\u00b0 siren\u00a0: 788696557 N\u00b0Siret\u00a0:\u00a078869655700024 Headquarter\u00a0:\u00a055 rue Pierre Emile Lesacq\u2013 95110 sannois Phone\u00a0: +(33)1 39 47 32 79 Contact Email :\u00a0carole.metayer@laroutedesgourmets.fr CODE APE\u00a0: 82.30Z\u00a0&#8211;\u00a0Organisation deRead More &raquo;Legal Notice\" \/>\n<meta property=\"og:url\" content=\"https:\/\/laroutedesgourmets.fr\/en\/legal-notice\/\" \/>\n<meta property=\"og:site_name\" content=\"La Route des Gourmets\" \/>\n<meta property=\"article:publisher\" content=\"http:\/\/www.facebook.com\/laroutedesgourmets\" \/>\n<meta property=\"article:modified_time\" content=\"2024-04-10T18:52:26+00:00\" \/>\n<meta property=\"og:image\" content=\"https:\/\/laroutedesgourmets.fr\/wp-content\/uploads\/2023\/07\/bandeau-mobile-01.jpg\" \/>\n\t<meta property=\"og:image:width\" content=\"1000\" \/>\n\t<meta property=\"og:image:height\" content=\"368\" \/>\n\t<meta property=\"og:image:type\" content=\"image\/jpeg\" \/>\n<meta name=\"twitter:card\" content=\"summary_large_image\" \/>\n<meta name=\"twitter:site\" content=\"@Routedesgourmet\" \/>\n<meta name=\"twitter:label1\" content=\"Est. reading time\" \/>\n\t<meta name=\"twitter:data1\" content=\"2 minutes\" \/>\n<script type=\"application\/ld+json\" class=\"yoast-schema-graph\">{\"@context\":\"https:\\\/\\\/schema.org\",\"@graph\":[{\"@type\":\"WebPage\",\"@id\":\"https:\\\/\\\/laroutedesgourmets.fr\\\/en\\\/legal-notice\\\/\",\"url\":\"https:\\\/\\\/laroutedesgourmets.fr\\\/en\\\/legal-notice\\\/\",\"name\":\"Legal notice\",\"isPartOf\":{\"@id\":\"https:\\\/\\\/laroutedesgourmets.fr\\\/#website\"},\"datePublished\":\"2012-11-13T17:40:47+00:00\",\"dateModified\":\"2024-04-10T18:52:26+00:00\",\"inLanguage\":\"en-US\",\"potentialAction\":[{\"@type\":\"ReadAction\",\"target\":[\"https:\\\/\\\/laroutedesgourmets.fr\\\/en\\\/legal-notice\\\/\"]}]},{\"@type\":\"WebSite\",\"@id\":\"https:\\\/\\\/laroutedesgourmets.fr\\\/#website\",\"url\":\"https:\\\/\\\/laroutedesgourmets.fr\\\/\",\"name\":\"La Route des Gourmets\",\"description\":\"Agence de tourisme gastronomique\",\"publisher\":{\"@id\":\"https:\\\/\\\/laroutedesgourmets.fr\\\/#organization\"},\"potentialAction\":[{\"@type\":\"SearchAction\",\"target\":{\"@type\":\"EntryPoint\",\"urlTemplate\":\"https:\\\/\\\/laroutedesgourmets.fr\\\/?s={search_term_string}\"},\"query-input\":{\"@type\":\"PropertyValueSpecification\",\"valueRequired\":true,\"valueName\":\"search_term_string\"}}],\"inLanguage\":\"en-US\"},{\"@type\":\"Organization\",\"@id\":\"https:\\\/\\\/laroutedesgourmets.fr\\\/#organization\",\"name\":\"La Route des Gourmets\",\"url\":\"https:\\\/\\\/laroutedesgourmets.fr\\\/\",\"logo\":{\"@type\":\"ImageObject\",\"inLanguage\":\"en-US\",\"@id\":\"https:\\\/\\\/laroutedesgourmets.fr\\\/#\\\/schema\\\/logo\\\/image\\\/\",\"url\":\"https:\\\/\\\/laroutedesgourmets.fr\\\/wp-content\\\/uploads\\\/2023\\\/12\\\/laroutedesgourmets-sigle-cadre-S-b.png\",\"contentUrl\":\"https:\\\/\\\/laroutedesgourmets.fr\\\/wp-content\\\/uploads\\\/2023\\\/12\\\/laroutedesgourmets-sigle-cadre-S-b.png\",\"width\":445,\"height\":445,\"caption\":\"La Route des Gourmets\"},\"image\":{\"@id\":\"https:\\\/\\\/laroutedesgourmets.fr\\\/#\\\/schema\\\/logo\\\/image\\\/\"},\"sameAs\":[\"http:\\\/\\\/www.facebook.com\\\/laroutedesgourmets\",\"https:\\\/\\\/x.com\\\/Routedesgourmet\",\"https:\\\/\\\/www.instagram.com\\\/laroutedesgourmets\"],\"email\":\"infos@laroutedesgourmets.fr\",\"telephone\":\"+33139473279\"}]}<\/script>\n<!-- \/ Yoast SEO Premium plugin. -->","yoast_head_json":{"title":"Legal notice","robots":{"index":"index","follow":"follow","max-snippet":"max-snippet:-1","max-image-preview":"max-image-preview:large","max-video-preview":"max-video-preview:-1"},"canonical":"https:\/\/laroutedesgourmets.fr\/en\/legal-notice\/","og_locale":"en_US","og_type":"article","og_title":"Legal notice","og_description":"The websites www.laroutedesgourmets.fr, www.laroutedesgourmets.com and www.laroutedesgourmets.eu are registered trademarks that belong to LA ROUTE DES GOURMETS and its owner\u00a0 Carole Metayer. Name :\u00a0Carole Metayer Business name : La Route des Gourmets N\u00b0 siren\u00a0: 788696557 N\u00b0Siret\u00a0:\u00a078869655700024 Headquarter\u00a0:\u00a055 rue Pierre Emile Lesacq\u2013 95110 sannois Phone\u00a0: +(33)1 39 47 32 79 Contact Email :\u00a0carole.metayer@laroutedesgourmets.fr CODE APE\u00a0: 82.30Z\u00a0&#8211;\u00a0Organisation deRead More &raquo;Legal Notice","og_url":"https:\/\/laroutedesgourmets.fr\/en\/legal-notice\/","og_site_name":"La Route des Gourmets","article_publisher":"http:\/\/www.facebook.com\/laroutedesgourmets","article_modified_time":"2024-04-10T18:52:26+00:00","og_image":[{"width":1000,"height":368,"url":"https:\/\/laroutedesgourmets.fr\/wp-content\/uploads\/2023\/07\/bandeau-mobile-01.jpg","type":"image\/jpeg"}],"twitter_card":"summary_large_image","twitter_site":"@Routedesgourmet","twitter_misc":{"Est. reading time":"2 minutes"},"schema":{"@context":"https:\/\/schema.org","@graph":[{"@type":"WebPage","@id":"https:\/\/laroutedesgourmets.fr\/en\/legal-notice\/","url":"https:\/\/laroutedesgourmets.fr\/en\/legal-notice\/","name":"Legal notice","isPartOf":{"@id":"https:\/\/laroutedesgourmets.fr\/#website"},"datePublished":"2012-11-13T17:40:47+00:00","dateModified":"2024-04-10T18:52:26+00:00","inLanguage":"en-US","potentialAction":[{"@type":"ReadAction","target":["https:\/\/laroutedesgourmets.fr\/en\/legal-notice\/"]}]},{"@type":"WebSite","@id":"https:\/\/laroutedesgourmets.fr\/#website","url":"https:\/\/laroutedesgourmets.fr\/","name":"La Route des Gourmets","description":"Agence de tourisme gastronomique","publisher":{"@id":"https:\/\/laroutedesgourmets.fr\/#organization"},"potentialAction":[{"@type":"SearchAction","target":{"@type":"EntryPoint","urlTemplate":"https:\/\/laroutedesgourmets.fr\/?s={search_term_string}"},"query-input":{"@type":"PropertyValueSpecification","valueRequired":true,"valueName":"search_term_string"}}],"inLanguage":"en-US"},{"@type":"Organization","@id":"https:\/\/laroutedesgourmets.fr\/#organization","name":"La Route des Gourmets","url":"https:\/\/laroutedesgourmets.fr\/","logo":{"@type":"ImageObject","inLanguage":"en-US","@id":"https:\/\/laroutedesgourmets.fr\/#\/schema\/logo\/image\/","url":"https:\/\/laroutedesgourmets.fr\/wp-content\/uploads\/2023\/12\/laroutedesgourmets-sigle-cadre-S-b.png","contentUrl":"https:\/\/laroutedesgourmets.fr\/wp-content\/uploads\/2023\/12\/laroutedesgourmets-sigle-cadre-S-b.png","width":445,"height":445,"caption":"La Route des Gourmets"},"image":{"@id":"https:\/\/laroutedesgourmets.fr\/#\/schema\/logo\/image\/"},"sameAs":["http:\/\/www.facebook.com\/laroutedesgourmets","https:\/\/x.com\/Routedesgourmet","https:\/\/www.instagram.com\/laroutedesgourmets"],"email":"infos@laroutedesgourmets.fr","telephone":"+33139473279"}]}},"_links":{"self":[{"href":"https:\/\/laroutedesgourmets.fr\/en\/wp-json\/wp\/v2\/pages\/35","targetHints":{"allow":["GET"]}}],"collection":[{"href":"https:\/\/laroutedesgourmets.fr\/en\/wp-json\/wp\/v2\/pages"}],"about":[{"href":"https:\/\/laroutedesgourmets.fr\/en\/wp-json\/wp\/v2\/types\/page"}],"author":[{"embeddable":true,"href":"https:\/\/laroutedesgourmets.fr\/en\/wp-json\/wp\/v2\/users\/1"}],"replies":[{"embeddable":true,"href":"https:\/\/laroutedesgourmets.fr\/en\/wp-json\/wp\/v2\/comments?post=35"}],"version-history":[{"count":0,"href":"https:\/\/laroutedesgourmets.fr\/en\/wp-json\/wp\/v2\/pages\/35\/revisions"}],"wp:attachment":[{"href":"https:\/\/laroutedesgourmets.fr\/en\/wp-json\/wp\/v2\/media?parent=35"}],"curies":[{"name":"wp","href":"https:\/\/api.w.org\/{rel}","templated":true}]}}