{"id":1226,"date":"2013-11-04T17:29:19","date_gmt":"2013-11-04T16:29:19","guid":{"rendered":"https:\/\/v3.laroutedesgourmets.fr\/produit\/christmas-market-tour-in-paris\/"},"modified":"2025-02-26T19:28:42","modified_gmt":"2025-02-26T18:28:42","slug":"christmas-market-tour-in-paris","status":"publish","type":"product","link":"https:\/\/laroutedesgourmets.fr\/en\/wine-and-food-tours-in-paris-en\/food-tours-in-paris-en\/christmas-market-tour-in-paris\/","title":{"rendered":"Christmas Market Tour in Paris"},"content":{"rendered":"<h2>Gourmet Walking Tour of the Christmas Markets in Paris<\/h2>\n<p>At the end of the year, Christmas markets in Paris are the unmissable event of the holidays.<\/p>\n<p>Our guide specialized in French food and culture\u00a0will help you discover the history of our culinary specialties prepared only\u00a0at Christmas time. \u00a0During this guided walking tour of the most beautiful Christmas markets in Paris such as the one in Saint Germain des Pr\u00e9s.<\/p>\n<p>Christmas is now quite a commercial holiday but it is above all a religious and family celebration. Every French region has formed their own Christmas over time and thanks to various influences!<\/p>\n<p>Through anecdotes, myths and unusual stories, your guide will explain the origins and meanings of our B\u00fbche de No\u00ebl, turkey, gingerbread and the 13 traditional Provencal\u00a0desserts, all while tasting many of these seasonal specialties.<\/p>\n<p>Perfect for a romantic getaway or a family holiday in Paris, this guided walking tour of Christmas markets is the best way to mix a fun gourmet activity with a chance to learn the history of our Christmas specialty products.<\/p>\n<h3>The price of the tour includes:<\/h3>\n<ul>\n<li>Private guide, specialized in French gastronomy<\/li>\n<li>Local and seasonal product tastings (hot wine, Christmas tea, chocolate, frozen chestnuts,\u2026)<\/li>\n<\/ul>\n<h3>Practical information:<\/h3>\n<ul>\n<li><strong>Duration<\/strong>: about 2h30<\/li>\n<li><strong>Availability<\/strong>: Winter 2025-2026<\/li>\n<li><strong>Meeting point<\/strong>: at the entrance door of St Germain des pr\u00e9s Church, Place St Germain des pr\u00e9s, 75006 PARIS (Metro St Germain des pr\u00e9s line 4)<\/li>\n<li><strong>Gourmet activity suitable for<\/strong>:\u00a0families, individuals or groups, student or company outings<\/li>\n<li><strong>Languages available<\/strong>: French, English, and Spanish (please contact us for other languages)<\/li>\n<li><strong>Group rates<\/strong>: upon request for groups of 10 or more<\/li>\n<li><strong>Cancellation<\/strong>: Orders are considered confirmed upon reception of payment.\u00a0 All cancellations made more than 3 weeks prior to the reservation will be fully reimbursed, half of the payment will be reimbursed for cancellations within 2 weeks of the reservation date and no reimbursement will be possible for cancellations less than one week before the date of the class<\/li>\n<\/ul>\n<h3>Purchase as a gift:<\/h3>\n<p>Offer this tour as a gift by choosing the option, \u201cPurchase without date\u201d. We will send you a gift certificate by email. The gift is valid for a period of 1 year, from the date of purchase.<\/p>\n","protected":false},"excerpt":{"rendered":"<p>During the holiday season, Paris hosts some of the most beautiful Christmas markets in the world. Our French food expert offers guided walking tours and tastings at the gourmet Christmas markets in Paris to discover traditional Christmas specialties!<\/p>\n","protected":false},"featured_media":8699,"template":"","meta":{"inline_featured_image":false,"neve_meta_sidebar":"","neve_meta_container":"","neve_meta_enable_content_width":"off","neve_meta_content_width":100,"neve_meta_title_alignment":"","neve_meta_author_avatar":"","neve_post_elements_order":"","neve_meta_disable_header":"","neve_meta_disable_footer":"","neve_meta_disable_title":""},"product_brand":[],"product_cat":[204,216,189],"product_tag":[],"class_list":{"0":"post-1226","1":"product","2":"type-product","3":"status-publish","4":"has-post-thumbnail","6":"product_cat-food-tours-in-paris-en","7":"product_cat-guided-food-market-tours-en","8":"product_cat-wine-and-food-tours-in-paris-en","10":"first","11":"instock","12":"taxable","13":"shipping-taxable","14":"purchasable","15":"product-type-simple"},"yoast_head":"<!-- This site is optimized with the Yoast SEO Premium plugin v27.4 (Yoast SEO v27.4) - https:\/\/yoast.com\/product\/yoast-seo-premium-wordpress\/ -->\n<title>Guided Walking Gourmet Tour of Christmas Markets in Paris<\/title>\n<meta name=\"description\" content=\"Visit the best Christmas markets in Paris during this guided gourmet walking tour. Discover our French Christmas specialties and the history of our markets\" \/>\n<meta name=\"robots\" content=\"index, follow, max-snippet:-1, max-image-preview:large, max-video-preview:-1\" \/>\n<link rel=\"canonical\" href=\"https:\/\/laroutedesgourmets.fr\/en\/wine-and-food-tours-in-paris-en\/christmas-market-tour-in-paris\/\" \/>\n<meta property=\"og:locale\" content=\"en_US\" \/>\n<meta property=\"og:type\" content=\"article\" \/>\n<meta property=\"og:title\" content=\"Guided Walking Gourmet Tour of Christmas Markets in Paris\" \/>\n<meta property=\"og:description\" content=\"Visit the best Christmas markets in Paris during this guided gourmet walking tour. Discover our French Christmas specialties and the history of our markets\" \/>\n<meta property=\"og:url\" content=\"https:\/\/laroutedesgourmets.fr\/en\/wine-and-food-tours-in-paris-en\/christmas-market-tour-in-paris\/\" \/>\n<meta property=\"og:site_name\" content=\"La Route des Gourmets\" \/>\n<meta property=\"article:publisher\" content=\"http:\/\/www.facebook.com\/laroutedesgourmets\" \/>\n<meta property=\"article:modified_time\" content=\"2025-02-26T18:28:42+00:00\" \/>\n<meta property=\"og:image\" content=\"https:\/\/laroutedesgourmets.fr\/wp-content\/uploads\/2013\/11\/iStock-594037586.jpg\" \/>\n\t<meta property=\"og:image:width\" content=\"1254\" \/>\n\t<meta property=\"og:image:height\" content=\"836\" \/>\n\t<meta property=\"og:image:type\" content=\"image\/jpeg\" \/>\n<meta name=\"twitter:card\" content=\"summary_large_image\" \/>\n<meta name=\"twitter:site\" content=\"@Routedesgourmet\" \/>\n<meta name=\"twitter:label1\" content=\"Est. reading time\" \/>\n\t<meta name=\"twitter:data1\" content=\"5 minutes\" \/>\n<script type=\"application\/ld+json\" class=\"yoast-schema-graph\">{\"@context\":\"https:\\\/\\\/schema.org\",\"@graph\":[{\"@type\":\"WebPage\",\"@id\":\"https:\\\/\\\/laroutedesgourmets.fr\\\/en\\\/wine-and-food-tours-in-paris-en\\\/christmas-market-tour-in-paris\\\/\",\"url\":\"https:\\\/\\\/laroutedesgourmets.fr\\\/en\\\/wine-and-food-tours-in-paris-en\\\/christmas-market-tour-in-paris\\\/\",\"name\":\"Guided Walking Gourmet Tour of Christmas Markets in Paris\",\"isPartOf\":{\"@id\":\"https:\\\/\\\/laroutedesgourmets.fr\\\/#website\"},\"primaryImageOfPage\":{\"@id\":\"https:\\\/\\\/laroutedesgourmets.fr\\\/en\\\/wine-and-food-tours-in-paris-en\\\/christmas-market-tour-in-paris\\\/#primaryimage\"},\"image\":{\"@id\":\"https:\\\/\\\/laroutedesgourmets.fr\\\/en\\\/wine-and-food-tours-in-paris-en\\\/christmas-market-tour-in-paris\\\/#primaryimage\"},\"thumbnailUrl\":\"https:\\\/\\\/laroutedesgourmets.fr\\\/wp-content\\\/uploads\\\/2013\\\/11\\\/iStock-594037586.jpg\",\"datePublished\":\"2013-11-04T16:29:19+00:00\",\"dateModified\":\"2025-02-26T18:28:42+00:00\",\"description\":\"Visit the best Christmas markets in Paris during this guided gourmet walking tour. Discover our French Christmas specialties and the history of our markets\",\"breadcrumb\":{\"@id\":\"https:\\\/\\\/laroutedesgourmets.fr\\\/en\\\/wine-and-food-tours-in-paris-en\\\/christmas-market-tour-in-paris\\\/#breadcrumb\"},\"inLanguage\":\"en-US\",\"potentialAction\":[{\"@type\":\"ReadAction\",\"target\":[\"https:\\\/\\\/laroutedesgourmets.fr\\\/en\\\/wine-and-food-tours-in-paris-en\\\/christmas-market-tour-in-paris\\\/\"]}]},{\"@type\":\"ImageObject\",\"inLanguage\":\"en-US\",\"@id\":\"https:\\\/\\\/laroutedesgourmets.fr\\\/en\\\/wine-and-food-tours-in-paris-en\\\/christmas-market-tour-in-paris\\\/#primaryimage\",\"url\":\"https:\\\/\\\/laroutedesgourmets.fr\\\/wp-content\\\/uploads\\\/2013\\\/11\\\/iStock-594037586.jpg\",\"contentUrl\":\"https:\\\/\\\/laroutedesgourmets.fr\\\/wp-content\\\/uploads\\\/2013\\\/11\\\/iStock-594037586.jpg\",\"width\":1254,\"height\":836,\"caption\":\"Happy young girl with caramel apple on a Parisian Christmas market with the Eiffel tower in the background during snowfall\"},{\"@type\":\"BreadcrumbList\",\"@id\":\"https:\\\/\\\/laroutedesgourmets.fr\\\/en\\\/wine-and-food-tours-in-paris-en\\\/christmas-market-tour-in-paris\\\/#breadcrumb\",\"itemListElement\":[{\"@type\":\"ListItem\",\"position\":1,\"name\":\"Visites gourmandes \u00e0 Paris\",\"item\":\"https:\\\/\\\/laroutedesgourmets.fr\\\/visites-guidees\\\/\"},{\"@type\":\"ListItem\",\"position\":2,\"name\":\"Christmas Market Tour in Paris\"}]},{\"@type\":\"WebSite\",\"@id\":\"https:\\\/\\\/laroutedesgourmets.fr\\\/#website\",\"url\":\"https:\\\/\\\/laroutedesgourmets.fr\\\/\",\"name\":\"La Route des Gourmets\",\"description\":\"Agence de tourisme gastronomique\",\"publisher\":{\"@id\":\"https:\\\/\\\/laroutedesgourmets.fr\\\/#organization\"},\"potentialAction\":[{\"@type\":\"SearchAction\",\"target\":{\"@type\":\"EntryPoint\",\"urlTemplate\":\"https:\\\/\\\/laroutedesgourmets.fr\\\/?s={search_term_string}\"},\"query-input\":{\"@type\":\"PropertyValueSpecification\",\"valueRequired\":true,\"valueName\":\"search_term_string\"}}],\"inLanguage\":\"en-US\"},{\"@type\":\"Organization\",\"@id\":\"https:\\\/\\\/laroutedesgourmets.fr\\\/#organization\",\"name\":\"La Route des Gourmets\",\"url\":\"https:\\\/\\\/laroutedesgourmets.fr\\\/\",\"logo\":{\"@type\":\"ImageObject\",\"inLanguage\":\"en-US\",\"@id\":\"https:\\\/\\\/laroutedesgourmets.fr\\\/#\\\/schema\\\/logo\\\/image\\\/\",\"url\":\"https:\\\/\\\/laroutedesgourmets.fr\\\/wp-content\\\/uploads\\\/2023\\\/12\\\/laroutedesgourmets-sigle-cadre-S-b.png\",\"contentUrl\":\"https:\\\/\\\/laroutedesgourmets.fr\\\/wp-content\\\/uploads\\\/2023\\\/12\\\/laroutedesgourmets-sigle-cadre-S-b.png\",\"width\":445,\"height\":445,\"caption\":\"La Route des Gourmets\"},\"image\":{\"@id\":\"https:\\\/\\\/laroutedesgourmets.fr\\\/#\\\/schema\\\/logo\\\/image\\\/\"},\"sameAs\":[\"http:\\\/\\\/www.facebook.com\\\/laroutedesgourmets\",\"https:\\\/\\\/x.com\\\/Routedesgourmet\",\"https:\\\/\\\/www.instagram.com\\\/laroutedesgourmets\"],\"email\":\"infos@laroutedesgourmets.fr\",\"telephone\":\"+33139473279\"}]}<\/script>\n<!-- \/ Yoast SEO Premium plugin. -->","yoast_head_json":{"title":"Guided Walking Gourmet Tour of Christmas Markets in Paris","description":"Visit the best Christmas markets in Paris during this guided gourmet walking tour. Discover our French Christmas specialties and the history of our markets","robots":{"index":"index","follow":"follow","max-snippet":"max-snippet:-1","max-image-preview":"max-image-preview:large","max-video-preview":"max-video-preview:-1"},"canonical":"https:\/\/laroutedesgourmets.fr\/en\/wine-and-food-tours-in-paris-en\/christmas-market-tour-in-paris\/","og_locale":"en_US","og_type":"article","og_title":"Guided Walking Gourmet Tour of Christmas Markets in Paris","og_description":"Visit the best Christmas markets in Paris during this guided gourmet walking tour. Discover our French Christmas specialties and the history of our markets","og_url":"https:\/\/laroutedesgourmets.fr\/en\/wine-and-food-tours-in-paris-en\/christmas-market-tour-in-paris\/","og_site_name":"La Route des Gourmets","article_publisher":"http:\/\/www.facebook.com\/laroutedesgourmets","article_modified_time":"2025-02-26T18:28:42+00:00","og_image":[{"width":1254,"height":836,"url":"https:\/\/laroutedesgourmets.fr\/wp-content\/uploads\/2013\/11\/iStock-594037586.jpg","type":"image\/jpeg"}],"twitter_card":"summary_large_image","twitter_site":"@Routedesgourmet","twitter_misc":{"Est. reading time":"5 minutes"},"schema":{"@context":"https:\/\/schema.org","@graph":[{"@type":"WebPage","@id":"https:\/\/laroutedesgourmets.fr\/en\/wine-and-food-tours-in-paris-en\/christmas-market-tour-in-paris\/","url":"https:\/\/laroutedesgourmets.fr\/en\/wine-and-food-tours-in-paris-en\/christmas-market-tour-in-paris\/","name":"Guided Walking Gourmet Tour of Christmas Markets in Paris","isPartOf":{"@id":"https:\/\/laroutedesgourmets.fr\/#website"},"primaryImageOfPage":{"@id":"https:\/\/laroutedesgourmets.fr\/en\/wine-and-food-tours-in-paris-en\/christmas-market-tour-in-paris\/#primaryimage"},"image":{"@id":"https:\/\/laroutedesgourmets.fr\/en\/wine-and-food-tours-in-paris-en\/christmas-market-tour-in-paris\/#primaryimage"},"thumbnailUrl":"https:\/\/laroutedesgourmets.fr\/wp-content\/uploads\/2013\/11\/iStock-594037586.jpg","datePublished":"2013-11-04T16:29:19+00:00","dateModified":"2025-02-26T18:28:42+00:00","description":"Visit the best Christmas markets in Paris during this guided gourmet walking tour. Discover our French Christmas specialties and the history of our markets","breadcrumb":{"@id":"https:\/\/laroutedesgourmets.fr\/en\/wine-and-food-tours-in-paris-en\/christmas-market-tour-in-paris\/#breadcrumb"},"inLanguage":"en-US","potentialAction":[{"@type":"ReadAction","target":["https:\/\/laroutedesgourmets.fr\/en\/wine-and-food-tours-in-paris-en\/christmas-market-tour-in-paris\/"]}]},{"@type":"ImageObject","inLanguage":"en-US","@id":"https:\/\/laroutedesgourmets.fr\/en\/wine-and-food-tours-in-paris-en\/christmas-market-tour-in-paris\/#primaryimage","url":"https:\/\/laroutedesgourmets.fr\/wp-content\/uploads\/2013\/11\/iStock-594037586.jpg","contentUrl":"https:\/\/laroutedesgourmets.fr\/wp-content\/uploads\/2013\/11\/iStock-594037586.jpg","width":1254,"height":836,"caption":"Happy young girl with caramel apple on a Parisian Christmas market with the Eiffel tower in the background during snowfall"},{"@type":"BreadcrumbList","@id":"https:\/\/laroutedesgourmets.fr\/en\/wine-and-food-tours-in-paris-en\/christmas-market-tour-in-paris\/#breadcrumb","itemListElement":[{"@type":"ListItem","position":1,"name":"Visites gourmandes \u00e0 Paris","item":"https:\/\/laroutedesgourmets.fr\/visites-guidees\/"},{"@type":"ListItem","position":2,"name":"Christmas Market Tour in Paris"}]},{"@type":"WebSite","@id":"https:\/\/laroutedesgourmets.fr\/#website","url":"https:\/\/laroutedesgourmets.fr\/","name":"La Route des Gourmets","description":"Agence de tourisme gastronomique","publisher":{"@id":"https:\/\/laroutedesgourmets.fr\/#organization"},"potentialAction":[{"@type":"SearchAction","target":{"@type":"EntryPoint","urlTemplate":"https:\/\/laroutedesgourmets.fr\/?s={search_term_string}"},"query-input":{"@type":"PropertyValueSpecification","valueRequired":true,"valueName":"search_term_string"}}],"inLanguage":"en-US"},{"@type":"Organization","@id":"https:\/\/laroutedesgourmets.fr\/#organization","name":"La Route des Gourmets","url":"https:\/\/laroutedesgourmets.fr\/","logo":{"@type":"ImageObject","inLanguage":"en-US","@id":"https:\/\/laroutedesgourmets.fr\/#\/schema\/logo\/image\/","url":"https:\/\/laroutedesgourmets.fr\/wp-content\/uploads\/2023\/12\/laroutedesgourmets-sigle-cadre-S-b.png","contentUrl":"https:\/\/laroutedesgourmets.fr\/wp-content\/uploads\/2023\/12\/laroutedesgourmets-sigle-cadre-S-b.png","width":445,"height":445,"caption":"La Route des Gourmets"},"image":{"@id":"https:\/\/laroutedesgourmets.fr\/#\/schema\/logo\/image\/"},"sameAs":["http:\/\/www.facebook.com\/laroutedesgourmets","https:\/\/x.com\/Routedesgourmet","https:\/\/www.instagram.com\/laroutedesgourmets"],"email":"infos@laroutedesgourmets.fr","telephone":"+33139473279"}]}},"_links":{"self":[{"href":"https:\/\/laroutedesgourmets.fr\/en\/wp-json\/wp\/v2\/product\/1226","targetHints":{"allow":["GET"]}}],"collection":[{"href":"https:\/\/laroutedesgourmets.fr\/en\/wp-json\/wp\/v2\/product"}],"about":[{"href":"https:\/\/laroutedesgourmets.fr\/en\/wp-json\/wp\/v2\/types\/product"}],"wp:featuredmedia":[{"embeddable":true,"href":"https:\/\/laroutedesgourmets.fr\/en\/wp-json\/wp\/v2\/media\/8699"}],"wp:attachment":[{"href":"https:\/\/laroutedesgourmets.fr\/en\/wp-json\/wp\/v2\/media?parent=1226"}],"wp:term":[{"taxonomy":"product_brand","embeddable":true,"href":"https:\/\/laroutedesgourmets.fr\/en\/wp-json\/wp\/v2\/product_brand?post=1226"},{"taxonomy":"product_cat","embeddable":true,"href":"https:\/\/laroutedesgourmets.fr\/en\/wp-json\/wp\/v2\/product_cat?post=1226"},{"taxonomy":"product_tag","embeddable":true,"href":"https:\/\/laroutedesgourmets.fr\/en\/wp-json\/wp\/v2\/product_tag?post=1226"}],"curies":[{"name":"wp","href":"https:\/\/api.w.org\/{rel}","templated":true}]}}