{"id":1385,"date":"2022-05-03T17:04:18","date_gmt":"2022-05-03T15:04:18","guid":{"rendered":"https:\/\/v3.laroutedesgourmets.fr\/?post_type=product&#038;p=1385"},"modified":"2024-04-11T21:07:21","modified_gmt":"2024-04-11T19:07:21","slug":"castles-of-the-loire-day-tour","status":"publish","type":"product","link":"https:\/\/laroutedesgourmets.fr\/en\/food-trips-from-paris\/castles-of-the-loire-day-tour\/","title":{"rendered":"Castles of the Loire &#8211; Day Tour"},"content":{"rendered":"<h2>Private Day Trips to visit the Castles of the Loire River Valley departing from Paris<\/h2>\n<p>Discover the unforgettable sites of the Loire River Valley, classified as a cultural landscape among UNESCO\u2019s world heritage sites.<\/p>\n<p>The journey begins with a guided tour of one of the most famous castles on the Loire River, you choose to visit one of the following, the Ch\u00e2teau de Chenonceau, the Royal Ch\u00e2teau d\u2019Amboise or the Ch\u00e2teau de Chambord. The day continues in the neighboring villages where the sweet pleasures of country-life will transport you. As is the case in the town of Amboise where the Clos Luc\u00e9 marks the final resting place of L\u00e9onard de Vinci.<\/p>\n<p>Enjoy the adventure of discovering the wines of the Touraine region, sparkling or still, dry, semi-dry or sweet, there is a treat for every palate. Most notably in the region of Vouvray where you will visit a vineyard and wine-cellar to taste various blends of their renowned selection, certified AOC. Wine lovers and experts alike, seize the opportunity to discover the wine missing from your collection!<\/p>\n<p>Throughout the day, you will be accompanied by a personal tour guide knowledgeable of all the local addressees where you can find regional products from all corners of Touraine: cheese from Sainte Maure de Touraine, charcuterie from Hardouin (rillons, rillauds), nougat from Tours and the dried pears of Rivarennes.<\/p>\n<h3>The advantages of our excursion to the heart of the Loire River Valley<\/h3>\n<ul>\n<li>A comprehensive cultural excursion to discover the history, wine and cuisine of this region in France.<\/li>\n<li>Guided by Carole Metayer, expert in food and culture<\/li>\n<li>Exceptional service: our guides are highly flexible and able to adapt their discourse to suit French as well as international guests, tourists and professionals. We ensure that you are fully taken care of, from your pick-up in Paris until your safe return in the evening.<\/li>\n<li>Custom tours: upon request, wine tastings can be modified to better accommodate you and your party.<\/li>\n<\/ul>\n<h3>This tour includes<\/h3>\n<ul>\n<li>Roundtrip transportation by bus or car with your tour guide\/chauffeur, departure from any prefixed location in central Paris (intramuros).<\/li>\n<li>Guided castle tour, Ch\u00e2teau de Chambord, the Ch\u00e2teau de Chenonceau, or the Ch\u00e2teau d\u2019Amboise.<\/li>\n<li>Vineyard and Cellar visit in the Touraine region<\/li>\n<li>Tastings, wine from the Touraine region and local products from the Loire Valley<\/li>\n<li>The price of the excursion does not include lunch, however we can recommend some of the best addresses in the area for an exceptional meal<\/li>\n<\/ul>\n<h3>Useful Information<\/h3>\n<ul>\n<li><strong>Duration<\/strong>: One day, from approximately 7:30am to 8:00pm<\/li>\n<li><strong>Availability<\/strong>: Monday through Friday year-round (please contact us for further information about weekend visits, infos@laroutedesgourmets.fr)<\/li>\n<li><strong>Minimum number of guests<\/strong>: 4 (smaller groups are welcome but will be charged the minimum excursion rate equal to the price of 4 guests)<\/li>\n<li><strong>Public<\/strong>: Tour adapted for individuals, families, seniors and groups.<\/li>\n<li><strong>Language<\/strong>: French, English, Spanish (please contact for other languages)<\/li>\n<li><strong>Departure Location<\/strong>: determined during the reservation process, within central Paris (intramuros).<\/li>\n<li><strong>Group Rates<\/strong>: Upon request for groups of 20 or more. Contact us at <a href=\"mailto:infos@laroutedesgourmets.fr\">infos@laroutedesgourmets.fr<\/a><\/li>\n<li><strong>Purchase as a gift<\/strong>: Offer this class as a gift by choosing the option, \u201cPurchase without date\u201d. We will send you a gift certificate via email. The gift is valid for a period of 6 months from the date of purchase and is not refundable.<\/li>\n<li><strong>Cancellation<\/strong>: Orders are considered confirmed upon reception of payment.\u00a0 All cancellations made more than 3 weeks prior to the reservation will be fully reimbursed, half of the payment will be reimbursed for cancellations within 2 weeks of the reservation date and no reimbursement will be possible for cancellations less than one week before the date of the class.<\/li>\n<\/ul>\n","protected":false},"excerpt":{"rendered":"<p>Gourmet day trip to Touraine: discover the castles of the Loire River Valley and picturesque villages like Amboise, visit vineyards, taste world-renowned wines from the Vouvray AOC and sample the culinary specialties of this region and its unique \u201cterroir\u201d<\/p>\n","protected":false},"featured_media":1355,"template":"","meta":{"inline_featured_image":false,"neve_meta_sidebar":"","neve_meta_container":"","neve_meta_enable_content_width":"off","neve_meta_content_width":100,"neve_meta_title_alignment":"","neve_meta_author_avatar":"","neve_post_elements_order":"","neve_meta_disable_header":"","neve_meta_disable_footer":"","neve_meta_disable_title":""},"product_brand":[],"product_cat":[1585],"product_tag":[],"class_list":{"0":"post-1385","1":"product","2":"type-product","3":"status-publish","4":"has-post-thumbnail","6":"product_cat-food-trips-from-paris","8":"first","9":"instock","10":"taxable","11":"shipping-taxable","12":"purchasable","13":"product-type-simple"},"yoast_head":"<!-- This site is optimized with the Yoast SEO Premium plugin v27.4 (Yoast SEO v27.4) - https:\/\/yoast.com\/product\/yoast-seo-premium-wordpress\/ -->\n<title>Guided Wine Tours of the Loire River Valley<\/title>\n<meta name=\"description\" content=\"Day trips to the Touraine region from Paris, visit the Castles of the Loire and wine cellars stocked with Vouvray AOC, all while sampling local specialties\" \/>\n<meta name=\"robots\" content=\"index, follow, max-snippet:-1, max-image-preview:large, max-video-preview:-1\" \/>\n<link rel=\"canonical\" href=\"https:\/\/laroutedesgourmets.fr\/en\/food-trips-from-paris\/castles-of-the-loire-day-tour\/\" \/>\n<meta property=\"og:locale\" content=\"en_US\" \/>\n<meta property=\"og:type\" content=\"article\" \/>\n<meta property=\"og:title\" content=\"Guided Wine Tours of the Loire River Valley\" \/>\n<meta property=\"og:description\" content=\"Day trips to the Touraine region from Paris, visit the Castles of the Loire and wine cellars stocked with Vouvray AOC, all while sampling local specialties\" \/>\n<meta property=\"og:url\" content=\"https:\/\/laroutedesgourmets.fr\/en\/food-trips-from-paris\/castles-of-the-loire-day-tour\/\" \/>\n<meta property=\"og:site_name\" content=\"La Route des Gourmets\" \/>\n<meta property=\"article:publisher\" content=\"http:\/\/www.facebook.com\/laroutedesgourmets\" \/>\n<meta property=\"article:modified_time\" content=\"2024-04-11T19:07:21+00:00\" \/>\n<meta property=\"og:image\" content=\"https:\/\/laroutedesgourmets.fr\/wp-content\/uploads\/2014\/08\/p_7_7_9_779-Excursion-gastronomique-Chateaux-de-la-Loire.jpg\" \/>\n\t<meta property=\"og:image:width\" content=\"1800\" \/>\n\t<meta property=\"og:image:height\" content=\"1200\" \/>\n\t<meta property=\"og:image:type\" content=\"image\/jpeg\" \/>\n<meta name=\"twitter:card\" content=\"summary_large_image\" \/>\n<meta name=\"twitter:site\" content=\"@Routedesgourmet\" \/>\n<meta name=\"twitter:label1\" content=\"Est. reading time\" \/>\n\t<meta name=\"twitter:data1\" content=\"6 minutes\" \/>\n<script type=\"application\/ld+json\" class=\"yoast-schema-graph\">{\"@context\":\"https:\\\/\\\/schema.org\",\"@graph\":[{\"@type\":\"WebPage\",\"@id\":\"https:\\\/\\\/laroutedesgourmets.fr\\\/en\\\/food-trips-from-paris\\\/castles-of-the-loire-day-tour\\\/\",\"url\":\"https:\\\/\\\/laroutedesgourmets.fr\\\/en\\\/food-trips-from-paris\\\/castles-of-the-loire-day-tour\\\/\",\"name\":\"Guided Wine Tours of the Loire River Valley\",\"isPartOf\":{\"@id\":\"https:\\\/\\\/laroutedesgourmets.fr\\\/#website\"},\"primaryImageOfPage\":{\"@id\":\"https:\\\/\\\/laroutedesgourmets.fr\\\/en\\\/food-trips-from-paris\\\/castles-of-the-loire-day-tour\\\/#primaryimage\"},\"image\":{\"@id\":\"https:\\\/\\\/laroutedesgourmets.fr\\\/en\\\/food-trips-from-paris\\\/castles-of-the-loire-day-tour\\\/#primaryimage\"},\"thumbnailUrl\":\"https:\\\/\\\/laroutedesgourmets.fr\\\/wp-content\\\/uploads\\\/2014\\\/08\\\/p_7_7_9_779-Excursion-gastronomique-Chateaux-de-la-Loire.jpg\",\"datePublished\":\"2022-05-03T15:04:18+00:00\",\"dateModified\":\"2024-04-11T19:07:21+00:00\",\"description\":\"Day trips to the Touraine region from Paris, visit the Castles of the Loire and wine cellars stocked with Vouvray AOC, all while sampling local specialties\",\"breadcrumb\":{\"@id\":\"https:\\\/\\\/laroutedesgourmets.fr\\\/en\\\/food-trips-from-paris\\\/castles-of-the-loire-day-tour\\\/#breadcrumb\"},\"inLanguage\":\"en-US\",\"potentialAction\":[{\"@type\":\"ReadAction\",\"target\":[\"https:\\\/\\\/laroutedesgourmets.fr\\\/en\\\/food-trips-from-paris\\\/castles-of-the-loire-day-tour\\\/\"]}]},{\"@type\":\"ImageObject\",\"inLanguage\":\"en-US\",\"@id\":\"https:\\\/\\\/laroutedesgourmets.fr\\\/en\\\/food-trips-from-paris\\\/castles-of-the-loire-day-tour\\\/#primaryimage\",\"url\":\"https:\\\/\\\/laroutedesgourmets.fr\\\/wp-content\\\/uploads\\\/2014\\\/08\\\/p_7_7_9_779-Excursion-gastronomique-Chateaux-de-la-Loire.jpg\",\"contentUrl\":\"https:\\\/\\\/laroutedesgourmets.fr\\\/wp-content\\\/uploads\\\/2014\\\/08\\\/p_7_7_9_779-Excursion-gastronomique-Chateaux-de-la-Loire.jpg\",\"width\":1800,\"height\":1200},{\"@type\":\"BreadcrumbList\",\"@id\":\"https:\\\/\\\/laroutedesgourmets.fr\\\/en\\\/food-trips-from-paris\\\/castles-of-the-loire-day-tour\\\/#breadcrumb\",\"itemListElement\":[{\"@type\":\"ListItem\",\"position\":1,\"name\":\"Visites gourmandes \u00e0 Paris\",\"item\":\"https:\\\/\\\/laroutedesgourmets.fr\\\/visites-guidees\\\/\"},{\"@type\":\"ListItem\",\"position\":2,\"name\":\"Castles of the Loire &#8211; Day Tour\"}]},{\"@type\":\"WebSite\",\"@id\":\"https:\\\/\\\/laroutedesgourmets.fr\\\/#website\",\"url\":\"https:\\\/\\\/laroutedesgourmets.fr\\\/\",\"name\":\"La Route des Gourmets\",\"description\":\"Agence de tourisme gastronomique\",\"publisher\":{\"@id\":\"https:\\\/\\\/laroutedesgourmets.fr\\\/#organization\"},\"potentialAction\":[{\"@type\":\"SearchAction\",\"target\":{\"@type\":\"EntryPoint\",\"urlTemplate\":\"https:\\\/\\\/laroutedesgourmets.fr\\\/?s={search_term_string}\"},\"query-input\":{\"@type\":\"PropertyValueSpecification\",\"valueRequired\":true,\"valueName\":\"search_term_string\"}}],\"inLanguage\":\"en-US\"},{\"@type\":\"Organization\",\"@id\":\"https:\\\/\\\/laroutedesgourmets.fr\\\/#organization\",\"name\":\"La Route des Gourmets\",\"url\":\"https:\\\/\\\/laroutedesgourmets.fr\\\/\",\"logo\":{\"@type\":\"ImageObject\",\"inLanguage\":\"en-US\",\"@id\":\"https:\\\/\\\/laroutedesgourmets.fr\\\/#\\\/schema\\\/logo\\\/image\\\/\",\"url\":\"https:\\\/\\\/laroutedesgourmets.fr\\\/wp-content\\\/uploads\\\/2023\\\/12\\\/laroutedesgourmets-sigle-cadre-S-b.png\",\"contentUrl\":\"https:\\\/\\\/laroutedesgourmets.fr\\\/wp-content\\\/uploads\\\/2023\\\/12\\\/laroutedesgourmets-sigle-cadre-S-b.png\",\"width\":445,\"height\":445,\"caption\":\"La Route des Gourmets\"},\"image\":{\"@id\":\"https:\\\/\\\/laroutedesgourmets.fr\\\/#\\\/schema\\\/logo\\\/image\\\/\"},\"sameAs\":[\"http:\\\/\\\/www.facebook.com\\\/laroutedesgourmets\",\"https:\\\/\\\/x.com\\\/Routedesgourmet\",\"https:\\\/\\\/www.instagram.com\\\/laroutedesgourmets\"],\"email\":\"infos@laroutedesgourmets.fr\",\"telephone\":\"+33139473279\"}]}<\/script>\n<!-- \/ Yoast SEO Premium plugin. -->","yoast_head_json":{"title":"Guided Wine Tours of the Loire River Valley","description":"Day trips to the Touraine region from Paris, visit the Castles of the Loire and wine cellars stocked with Vouvray AOC, all while sampling local specialties","robots":{"index":"index","follow":"follow","max-snippet":"max-snippet:-1","max-image-preview":"max-image-preview:large","max-video-preview":"max-video-preview:-1"},"canonical":"https:\/\/laroutedesgourmets.fr\/en\/food-trips-from-paris\/castles-of-the-loire-day-tour\/","og_locale":"en_US","og_type":"article","og_title":"Guided Wine Tours of the Loire River Valley","og_description":"Day trips to the Touraine region from Paris, visit the Castles of the Loire and wine cellars stocked with Vouvray AOC, all while sampling local specialties","og_url":"https:\/\/laroutedesgourmets.fr\/en\/food-trips-from-paris\/castles-of-the-loire-day-tour\/","og_site_name":"La Route des Gourmets","article_publisher":"http:\/\/www.facebook.com\/laroutedesgourmets","article_modified_time":"2024-04-11T19:07:21+00:00","og_image":[{"width":1800,"height":1200,"url":"https:\/\/laroutedesgourmets.fr\/wp-content\/uploads\/2014\/08\/p_7_7_9_779-Excursion-gastronomique-Chateaux-de-la-Loire.jpg","type":"image\/jpeg"}],"twitter_card":"summary_large_image","twitter_site":"@Routedesgourmet","twitter_misc":{"Est. reading time":"6 minutes"},"schema":{"@context":"https:\/\/schema.org","@graph":[{"@type":"WebPage","@id":"https:\/\/laroutedesgourmets.fr\/en\/food-trips-from-paris\/castles-of-the-loire-day-tour\/","url":"https:\/\/laroutedesgourmets.fr\/en\/food-trips-from-paris\/castles-of-the-loire-day-tour\/","name":"Guided Wine Tours of the Loire River Valley","isPartOf":{"@id":"https:\/\/laroutedesgourmets.fr\/#website"},"primaryImageOfPage":{"@id":"https:\/\/laroutedesgourmets.fr\/en\/food-trips-from-paris\/castles-of-the-loire-day-tour\/#primaryimage"},"image":{"@id":"https:\/\/laroutedesgourmets.fr\/en\/food-trips-from-paris\/castles-of-the-loire-day-tour\/#primaryimage"},"thumbnailUrl":"https:\/\/laroutedesgourmets.fr\/wp-content\/uploads\/2014\/08\/p_7_7_9_779-Excursion-gastronomique-Chateaux-de-la-Loire.jpg","datePublished":"2022-05-03T15:04:18+00:00","dateModified":"2024-04-11T19:07:21+00:00","description":"Day trips to the Touraine region from Paris, visit the Castles of the Loire and wine cellars stocked with Vouvray AOC, all while sampling local specialties","breadcrumb":{"@id":"https:\/\/laroutedesgourmets.fr\/en\/food-trips-from-paris\/castles-of-the-loire-day-tour\/#breadcrumb"},"inLanguage":"en-US","potentialAction":[{"@type":"ReadAction","target":["https:\/\/laroutedesgourmets.fr\/en\/food-trips-from-paris\/castles-of-the-loire-day-tour\/"]}]},{"@type":"ImageObject","inLanguage":"en-US","@id":"https:\/\/laroutedesgourmets.fr\/en\/food-trips-from-paris\/castles-of-the-loire-day-tour\/#primaryimage","url":"https:\/\/laroutedesgourmets.fr\/wp-content\/uploads\/2014\/08\/p_7_7_9_779-Excursion-gastronomique-Chateaux-de-la-Loire.jpg","contentUrl":"https:\/\/laroutedesgourmets.fr\/wp-content\/uploads\/2014\/08\/p_7_7_9_779-Excursion-gastronomique-Chateaux-de-la-Loire.jpg","width":1800,"height":1200},{"@type":"BreadcrumbList","@id":"https:\/\/laroutedesgourmets.fr\/en\/food-trips-from-paris\/castles-of-the-loire-day-tour\/#breadcrumb","itemListElement":[{"@type":"ListItem","position":1,"name":"Visites gourmandes \u00e0 Paris","item":"https:\/\/laroutedesgourmets.fr\/visites-guidees\/"},{"@type":"ListItem","position":2,"name":"Castles of the Loire &#8211; Day Tour"}]},{"@type":"WebSite","@id":"https:\/\/laroutedesgourmets.fr\/#website","url":"https:\/\/laroutedesgourmets.fr\/","name":"La Route des Gourmets","description":"Agence de tourisme gastronomique","publisher":{"@id":"https:\/\/laroutedesgourmets.fr\/#organization"},"potentialAction":[{"@type":"SearchAction","target":{"@type":"EntryPoint","urlTemplate":"https:\/\/laroutedesgourmets.fr\/?s={search_term_string}"},"query-input":{"@type":"PropertyValueSpecification","valueRequired":true,"valueName":"search_term_string"}}],"inLanguage":"en-US"},{"@type":"Organization","@id":"https:\/\/laroutedesgourmets.fr\/#organization","name":"La Route des Gourmets","url":"https:\/\/laroutedesgourmets.fr\/","logo":{"@type":"ImageObject","inLanguage":"en-US","@id":"https:\/\/laroutedesgourmets.fr\/#\/schema\/logo\/image\/","url":"https:\/\/laroutedesgourmets.fr\/wp-content\/uploads\/2023\/12\/laroutedesgourmets-sigle-cadre-S-b.png","contentUrl":"https:\/\/laroutedesgourmets.fr\/wp-content\/uploads\/2023\/12\/laroutedesgourmets-sigle-cadre-S-b.png","width":445,"height":445,"caption":"La Route des Gourmets"},"image":{"@id":"https:\/\/laroutedesgourmets.fr\/#\/schema\/logo\/image\/"},"sameAs":["http:\/\/www.facebook.com\/laroutedesgourmets","https:\/\/x.com\/Routedesgourmet","https:\/\/www.instagram.com\/laroutedesgourmets"],"email":"infos@laroutedesgourmets.fr","telephone":"+33139473279"}]}},"_links":{"self":[{"href":"https:\/\/laroutedesgourmets.fr\/en\/wp-json\/wp\/v2\/product\/1385","targetHints":{"allow":["GET"]}}],"collection":[{"href":"https:\/\/laroutedesgourmets.fr\/en\/wp-json\/wp\/v2\/product"}],"about":[{"href":"https:\/\/laroutedesgourmets.fr\/en\/wp-json\/wp\/v2\/types\/product"}],"wp:featuredmedia":[{"embeddable":true,"href":"https:\/\/laroutedesgourmets.fr\/en\/wp-json\/wp\/v2\/media\/1355"}],"wp:attachment":[{"href":"https:\/\/laroutedesgourmets.fr\/en\/wp-json\/wp\/v2\/media?parent=1385"}],"wp:term":[{"taxonomy":"product_brand","embeddable":true,"href":"https:\/\/laroutedesgourmets.fr\/en\/wp-json\/wp\/v2\/product_brand?post=1385"},{"taxonomy":"product_cat","embeddable":true,"href":"https:\/\/laroutedesgourmets.fr\/en\/wp-json\/wp\/v2\/product_cat?post=1385"},{"taxonomy":"product_tag","embeddable":true,"href":"https:\/\/laroutedesgourmets.fr\/en\/wp-json\/wp\/v2\/product_tag?post=1385"}],"curies":[{"name":"wp","href":"https:\/\/api.w.org\/{rel}","templated":true}]}}