{"id":14269,"date":"2026-01-15T21:11:48","date_gmt":"2026-01-15T20:11:48","guid":{"rendered":"https:\/\/laroutedesgourmets.fr\/?post_type=product&#038;p=14269"},"modified":"2026-01-22T19:29:41","modified_gmt":"2026-01-22T18:29:41","slug":"guided-gourmet-food-tour-notre-dame-ile-de-la-cite-ile-saint-louis","status":"publish","type":"product","link":"https:\/\/laroutedesgourmets.fr\/en\/wine-and-food-tours-in-paris-en\/guided-gourmet-food-tour-notre-dame-ile-de-la-cite-ile-saint-louis\/","title":{"rendered":"Gourmet Food Tour Notre-Dame, Ile de la Cit\u00e9 and Ile Saint-Louis"},"content":{"rendered":"<h2><b>Guided Gourmet Food Tour \u2013 Notre-Dame District, \u00cele de la Cit\u00e9 &amp; \u00cele Saint-Louis<\/b><\/h2>\n<p class=\"p3\">Explore the historic heart of Paris with a <span class=\"s2\"><b>guided gourmet food tour in the Notre-Dame district<\/b><\/span>, across the iconic <span class=\"s2\"><b>\u00cele de la Cit\u00e9 and \u00cele Saint-Louis<\/b><\/span>. This walking tour offers a unique combination of <span class=\"s2\"><b>history, architecture and French gastronomy<\/b><\/span>, allowing you to experience Paris through both its heritage and its flavors.<\/p>\n<h3><b>Discover the origins of Paris on the \u00cele de la Cit\u00e9<\/b><\/h3>\n<p class=\"p3\">The tour begins on the <span class=\"s2\"><b>\u00cele de la Cit\u00e9<\/b><\/span>, the birthplace of Paris. Your expert guide shares fascinating stories about the city\u2019s origins, from Roman Lutetia to medieval and royal Paris, while leading you through one of the most historic areas of the capital.<\/p>\n<p class=\"p3\">Along the way, you will admire (from the outside) some of Paris\u2019s most important landmarks, including:<\/p>\n<ul>\n<li class=\"p1\"><span class=\"s1\"><b>Notre-Dame Cathedral<\/b><\/span>, a masterpiece of Gothic architecture<\/li>\n<li class=\"p1\"><span class=\"s1\"><b>Sainte-Chapelle<\/b><\/span>, famous for its stunning 13th-century stained glass windows<\/li>\n<li class=\"p1\"><span class=\"s1\"><b>The Palais de Justice<\/b><\/span> and <span class=\"s1\"><b>La Conciergerie<\/b><\/span>, former royal palace and Revolutionary prison<\/li>\n<li class=\"p1\"><b>The Conciergerie Clock<\/b>, the oldest public clock in Paris , built between 1350 and 1353<\/li>\n<li><strong>Queen&#8217;s Elisabeth Flower Market,<\/strong> opened in 1809<\/li>\n<\/ul>\n<p class=\"p3\">These iconic sites provide the perfect backdrop for understanding the political, religious and architectural history of Paris.<\/p>\n<h3><b>\u00cele Saint-Louis: elegance, charm and Parisian art de vivre<\/b><\/h3>\n<p class=\"p3\">Crossing the Seine, the atmosphere becomes quieter and more refined as you reach <span class=\"s2\"><b>\u00cele Saint-Louis<\/b><\/span>. Developed in the 17th century, the island is known for its <span class=\"s2\"><b>beautiful townhouses, harmonious fa\u00e7ades and peaceful riverbanks<\/b><\/span>, offering a timeless glimpse of Parisian elegance.<\/p>\n<p class=\"p3\">This charming setting is ideal for discovering the <span class=\"s2\"><b>Parisian art de vivre<\/b><\/span>, as the tour continues with carefully selected gourmet stops.<\/p>\n<h3><b>Gourmet stops and tastings with local artisans<\/b><\/h3>\n<p class=\"p3\">Throughout this<span class=\"s2\"><b>\u00a03-hour walking tour<\/b><\/span>, your guide leads you to <span class=\"s2\"><b>carefully selected local food shops<\/b><\/span>, including renowned artisans and hidden gems. At each stop, you will learn about traditional French products, culinary savoir-faire and the stories behind the shops.<\/p>\n<p class=\"p3\">The tour includes <span class=\"s2\"><b>tastings of sweet and\/or savory French specialties<\/b><\/span>, depending on the season and the selected addresses, offering a truly immersive gourmet experience.<\/p>\n<h3><b>A unique cultural and culinary experience in Paris<\/b><\/h3>\n<p class=\"p4\"><span class=\"s3\">This <\/span><b>guided gourmet food tour in the Notre-Dame district, \u00cele de la Cit\u00e9 and \u00cele Saint-Louis<\/b><span class=\"s3\"> is perfect for:<\/span><\/p>\n<ul>\n<li class=\"p1\">food lovers and curious travelers<\/li>\n<li class=\"p1\">visitors looking for an authentic Paris food tour<\/li>\n<li class=\"p1\">history and architecture enthusiasts<\/li>\n<\/ul>\n<h3><b>Why choose this Paris gourmet food tour?<\/b><\/h3>\n<ul>\n<li class=\"p1\"><span class=\"s1\">Discover the <\/span><b>historic center of Paris<\/b><span class=\"s1\"> on foot, with your private guide, an expert in French food and gastronomy<\/span><\/li>\n<li class=\"p1\"><span class=\"s1\">Combine <\/span><b>culture, history and food tastings<\/b><b><\/b><\/li>\n<li class=\"p1\">Meet 7 local artisans and taste high-quality French products<\/li>\n<li>Taste sweet and salty treats at each shops<\/li>\n<\/ul>\n<p class=\"p3\">Join this <span class=\"s2\"><b>guided gourmet food tour around Notre-Dame, \u00cele de la Cit\u00e9 and \u00cele Saint-Louis<\/b><\/span> and experience Paris in a truly authentic way, through its history\u2026 and its flavors.<\/p>\n<h3>Practical information<\/h3>\n<ul>\n<li><strong>Duration:\u00a0<\/strong>3h<\/li>\n<li><strong>Schedule:\u00a0<\/strong>private tour every day from Tuesday to Saturday at 10:30am or 2:30pm<\/li>\n<li><strong>Languages available<\/strong>: French, English, Spanish (other languages upon request)<\/li>\n<li><strong>Meeting point<\/strong>: in front of the shop \u201cLa Dame de Paris&#8221;, 9 rue d&#8217;Arcole 75004 PARIS<\/li>\n<li><strong>Group Rates (&gt;15 pers)<\/strong>: on request at\u00a0<a href=\"mailto:infos@laroutedesgourmets.fr\">infos@laroutedesgourmets.fr<\/a>.<\/li>\n<\/ul>\n<h3>Voucher Gift<\/h3>\n<p>You can offer this tour as a gift by choosing the option \u201c<strong>Purchase without date<\/strong>\u201c. The gift voucher is valid for one year from its date of purchase. It is not nominative and not refundable. You will receive it by email in a PDF file once your order is confirmed. The owner of the gift voucher will be able to book his\/her visit amoung the dates available on our website.<\/p>\n","protected":false},"excerpt":{"rendered":"<p class=\"p1\">Discover the historic heart of Paris with a <span class=\"s1\"><b>guided gourmet food tour in the Notre-Dame district<\/b><\/span>, across the <span class=\"s1\"><b>\u00cele de la Cit\u00e9 and \u00cele Saint-Louis<\/b><\/span>. This <span class=\"s1\"><b>3-hour walking tour<\/b><\/span> combines <span class=\"s1\"><b>history, architecture and French gastronomy<\/b><\/span>, with stops at selected local food shops and <span class=\"s1\"><b>tastings of French specialties<\/b><\/span>. An authentic experience to explore Paris differently, through its heritage and flavors.<\/p>\n","protected":false},"featured_media":14257,"template":"","meta":{"inline_featured_image":false,"neve_meta_sidebar":"","neve_meta_container":"","neve_meta_enable_content_width":"off","neve_meta_content_width":100,"neve_meta_title_alignment":"","neve_meta_author_avatar":"","neve_post_elements_order":"","neve_meta_disable_header":"","neve_meta_disable_footer":"","neve_meta_disable_title":""},"product_brand":[],"product_cat":[204,189],"product_tag":[],"class_list":{"0":"post-14269","1":"product","2":"type-product","3":"status-publish","4":"has-post-thumbnail","6":"product_cat-food-tours-in-paris-en","7":"product_cat-wine-and-food-tours-in-paris-en","9":"first","10":"instock","11":"taxable","12":"shipping-taxable","13":"purchasable","14":"product-type-simple"},"yoast_head":"<!-- This site is optimized with the Yoast SEO Premium plugin v27.4 (Yoast SEO v27.4) - https:\/\/yoast.com\/product\/yoast-seo-premium-wordpress\/ -->\n<title>Gourmet Food Tour Notre-Dame, Ile de la Cit\u00e9 and Ile Saint-Louis - La Route des Gourmets<\/title>\n<meta name=\"description\" content=\"Discover Paris with a guided gourmet food tour in the Notre-Dame district, \u00cele de la Cit\u00e9 and \u00cele Saint-Louis, combining history, culture and tastings.\" \/>\n<meta name=\"robots\" content=\"index, follow, max-snippet:-1, max-image-preview:large, max-video-preview:-1\" \/>\n<link rel=\"canonical\" href=\"https:\/\/laroutedesgourmets.fr\/en\/wine-and-food-tours-in-paris-en\/guided-gourmet-food-tour-notre-dame-ile-de-la-cite-ile-saint-louis\/\" \/>\n<meta property=\"og:locale\" content=\"en_US\" \/>\n<meta property=\"og:type\" content=\"article\" \/>\n<meta property=\"og:title\" content=\"Gourmet Food Tour Notre-Dame, Ile de la Cit\u00e9 and Ile Saint-Louis - La Route des Gourmets\" \/>\n<meta property=\"og:description\" content=\"Discover Paris with a guided gourmet food tour in the Notre-Dame district, \u00cele de la Cit\u00e9 and \u00cele Saint-Louis, combining history, culture and tastings.\" \/>\n<meta property=\"og:url\" content=\"https:\/\/laroutedesgourmets.fr\/en\/wine-and-food-tours-in-paris-en\/guided-gourmet-food-tour-notre-dame-ile-de-la-cite-ile-saint-louis\/\" \/>\n<meta property=\"og:site_name\" content=\"La Route des Gourmets\" \/>\n<meta property=\"article:publisher\" content=\"http:\/\/www.facebook.com\/laroutedesgourmets\" \/>\n<meta property=\"article:modified_time\" content=\"2026-01-22T18:29:41+00:00\" \/>\n<meta property=\"og:image\" content=\"https:\/\/laroutedesgourmets.fr\/wp-content\/uploads\/2026\/01\/Food-Tour-Notre-Dame-district_6c-scaled.jpg\" \/>\n\t<meta property=\"og:image:width\" content=\"2560\" \/>\n\t<meta property=\"og:image:height\" content=\"1706\" \/>\n\t<meta property=\"og:image:type\" content=\"image\/jpeg\" \/>\n<meta name=\"twitter:card\" content=\"summary_large_image\" \/>\n<meta name=\"twitter:site\" content=\"@Routedesgourmet\" \/>\n<meta name=\"twitter:label1\" content=\"Price\" \/>\n\t<meta name=\"twitter:data1\" content=\"&euro;134.00\" \/>\n\t<meta name=\"twitter:label2\" content=\"Availability\" \/>\n\t<meta name=\"twitter:data2\" content=\"In stock\" \/>\n<script type=\"application\/ld+json\" class=\"yoast-schema-graph\">{\"@context\":\"https:\\\/\\\/schema.org\",\"@graph\":[{\"@type\":\"WebPage\",\"@id\":\"https:\\\/\\\/laroutedesgourmets.fr\\\/en\\\/wine-and-food-tours-in-paris-en\\\/guided-gourmet-food-tour-notre-dame-ile-de-la-cite-ile-saint-louis\\\/\",\"url\":\"https:\\\/\\\/laroutedesgourmets.fr\\\/en\\\/wine-and-food-tours-in-paris-en\\\/guided-gourmet-food-tour-notre-dame-ile-de-la-cite-ile-saint-louis\\\/\",\"name\":\"Gourmet Food Tour Notre-Dame, Ile de la Cit\u00e9 and Ile Saint-Louis - La Route des Gourmets\",\"isPartOf\":{\"@id\":\"https:\\\/\\\/laroutedesgourmets.fr\\\/#website\"},\"primaryImageOfPage\":{\"@id\":\"https:\\\/\\\/laroutedesgourmets.fr\\\/en\\\/wine-and-food-tours-in-paris-en\\\/guided-gourmet-food-tour-notre-dame-ile-de-la-cite-ile-saint-louis\\\/#primaryimage\"},\"image\":{\"@id\":\"https:\\\/\\\/laroutedesgourmets.fr\\\/en\\\/wine-and-food-tours-in-paris-en\\\/guided-gourmet-food-tour-notre-dame-ile-de-la-cite-ile-saint-louis\\\/#primaryimage\"},\"thumbnailUrl\":\"https:\\\/\\\/laroutedesgourmets.fr\\\/wp-content\\\/uploads\\\/2026\\\/01\\\/Food-Tour-Notre-Dame-district_6c-scaled.jpg\",\"datePublished\":\"2026-01-15T20:11:48+00:00\",\"dateModified\":\"2026-01-22T18:29:41+00:00\",\"description\":\"Discover Paris with a guided gourmet food tour in the Notre-Dame district, \u00cele de la Cit\u00e9 and \u00cele Saint-Louis, combining history, culture and tastings.\",\"breadcrumb\":{\"@id\":\"https:\\\/\\\/laroutedesgourmets.fr\\\/en\\\/wine-and-food-tours-in-paris-en\\\/guided-gourmet-food-tour-notre-dame-ile-de-la-cite-ile-saint-louis\\\/#breadcrumb\"},\"inLanguage\":\"en-US\",\"potentialAction\":[{\"@type\":\"ReadAction\",\"target\":[\"https:\\\/\\\/laroutedesgourmets.fr\\\/en\\\/wine-and-food-tours-in-paris-en\\\/guided-gourmet-food-tour-notre-dame-ile-de-la-cite-ile-saint-louis\\\/\"]}]},{\"@type\":\"ImageObject\",\"inLanguage\":\"en-US\",\"@id\":\"https:\\\/\\\/laroutedesgourmets.fr\\\/en\\\/wine-and-food-tours-in-paris-en\\\/guided-gourmet-food-tour-notre-dame-ile-de-la-cite-ile-saint-louis\\\/#primaryimage\",\"url\":\"https:\\\/\\\/laroutedesgourmets.fr\\\/wp-content\\\/uploads\\\/2026\\\/01\\\/Food-Tour-Notre-Dame-district_6c-scaled.jpg\",\"contentUrl\":\"https:\\\/\\\/laroutedesgourmets.fr\\\/wp-content\\\/uploads\\\/2026\\\/01\\\/Food-Tour-Notre-Dame-district_6c-scaled.jpg\",\"width\":2560,\"height\":1706,\"caption\":\"Notre Dame de Paris\"},{\"@type\":\"BreadcrumbList\",\"@id\":\"https:\\\/\\\/laroutedesgourmets.fr\\\/en\\\/wine-and-food-tours-in-paris-en\\\/guided-gourmet-food-tour-notre-dame-ile-de-la-cite-ile-saint-louis\\\/#breadcrumb\",\"itemListElement\":[{\"@type\":\"ListItem\",\"position\":1,\"name\":\"Visites gourmandes \u00e0 Paris\",\"item\":\"https:\\\/\\\/laroutedesgourmets.fr\\\/visites-guidees\\\/\"},{\"@type\":\"ListItem\",\"position\":2,\"name\":\"Gourmet Food Tour Notre-Dame, Ile de la Cit\u00e9 and Ile Saint-Louis\"}]},{\"@type\":\"WebSite\",\"@id\":\"https:\\\/\\\/laroutedesgourmets.fr\\\/#website\",\"url\":\"https:\\\/\\\/laroutedesgourmets.fr\\\/\",\"name\":\"La Route des Gourmets\",\"description\":\"Agence de tourisme gastronomique\",\"publisher\":{\"@id\":\"https:\\\/\\\/laroutedesgourmets.fr\\\/#organization\"},\"potentialAction\":[{\"@type\":\"SearchAction\",\"target\":{\"@type\":\"EntryPoint\",\"urlTemplate\":\"https:\\\/\\\/laroutedesgourmets.fr\\\/?s={search_term_string}\"},\"query-input\":{\"@type\":\"PropertyValueSpecification\",\"valueRequired\":true,\"valueName\":\"search_term_string\"}}],\"inLanguage\":\"en-US\"},{\"@type\":\"Organization\",\"@id\":\"https:\\\/\\\/laroutedesgourmets.fr\\\/#organization\",\"name\":\"La Route des Gourmets\",\"url\":\"https:\\\/\\\/laroutedesgourmets.fr\\\/\",\"logo\":{\"@type\":\"ImageObject\",\"inLanguage\":\"en-US\",\"@id\":\"https:\\\/\\\/laroutedesgourmets.fr\\\/#\\\/schema\\\/logo\\\/image\\\/\",\"url\":\"https:\\\/\\\/laroutedesgourmets.fr\\\/wp-content\\\/uploads\\\/2023\\\/12\\\/laroutedesgourmets-sigle-cadre-S-b.png\",\"contentUrl\":\"https:\\\/\\\/laroutedesgourmets.fr\\\/wp-content\\\/uploads\\\/2023\\\/12\\\/laroutedesgourmets-sigle-cadre-S-b.png\",\"width\":445,\"height\":445,\"caption\":\"La Route des Gourmets\"},\"image\":{\"@id\":\"https:\\\/\\\/laroutedesgourmets.fr\\\/#\\\/schema\\\/logo\\\/image\\\/\"},\"sameAs\":[\"http:\\\/\\\/www.facebook.com\\\/laroutedesgourmets\",\"https:\\\/\\\/x.com\\\/Routedesgourmet\",\"https:\\\/\\\/www.instagram.com\\\/laroutedesgourmets\"],\"email\":\"infos@laroutedesgourmets.fr\",\"telephone\":\"+33139473279\"}]}<\/script>\n<meta property=\"product:price:amount\" content=\"134.00\" \/>\n<meta property=\"product:price:currency\" content=\"EUR\" \/>\n<meta property=\"og:availability\" content=\"instock\" \/>\n<meta property=\"product:availability\" content=\"instock\" \/>\n<meta property=\"product:condition\" content=\"new\" \/>\n<!-- \/ Yoast SEO Premium plugin. -->","yoast_head_json":{"title":"Gourmet Food Tour Notre-Dame, Ile de la Cit\u00e9 and Ile Saint-Louis - La Route des Gourmets","description":"Discover Paris with a guided gourmet food tour in the Notre-Dame district, \u00cele de la Cit\u00e9 and \u00cele Saint-Louis, combining history, culture and tastings.","robots":{"index":"index","follow":"follow","max-snippet":"max-snippet:-1","max-image-preview":"max-image-preview:large","max-video-preview":"max-video-preview:-1"},"canonical":"https:\/\/laroutedesgourmets.fr\/en\/wine-and-food-tours-in-paris-en\/guided-gourmet-food-tour-notre-dame-ile-de-la-cite-ile-saint-louis\/","og_locale":"en_US","og_type":"article","og_title":"Gourmet Food Tour Notre-Dame, Ile de la Cit\u00e9 and Ile Saint-Louis - La Route des Gourmets","og_description":"Discover Paris with a guided gourmet food tour in the Notre-Dame district, \u00cele de la Cit\u00e9 and \u00cele Saint-Louis, combining history, culture and tastings.","og_url":"https:\/\/laroutedesgourmets.fr\/en\/wine-and-food-tours-in-paris-en\/guided-gourmet-food-tour-notre-dame-ile-de-la-cite-ile-saint-louis\/","og_site_name":"La Route des Gourmets","article_publisher":"http:\/\/www.facebook.com\/laroutedesgourmets","article_modified_time":"2026-01-22T18:29:41+00:00","og_image":[{"width":2560,"height":1706,"url":"https:\/\/laroutedesgourmets.fr\/wp-content\/uploads\/2026\/01\/Food-Tour-Notre-Dame-district_6c-scaled.jpg","type":"image\/jpeg"}],"twitter_card":"summary_large_image","twitter_site":"@Routedesgourmet","twitter_misc":{"Price":"&euro;134.00","Availability":"In stock"},"schema":{"@context":"https:\/\/schema.org","@graph":[{"@type":"WebPage","@id":"https:\/\/laroutedesgourmets.fr\/en\/wine-and-food-tours-in-paris-en\/guided-gourmet-food-tour-notre-dame-ile-de-la-cite-ile-saint-louis\/","url":"https:\/\/laroutedesgourmets.fr\/en\/wine-and-food-tours-in-paris-en\/guided-gourmet-food-tour-notre-dame-ile-de-la-cite-ile-saint-louis\/","name":"Gourmet Food Tour Notre-Dame, Ile de la Cit\u00e9 and Ile Saint-Louis - La Route des Gourmets","isPartOf":{"@id":"https:\/\/laroutedesgourmets.fr\/#website"},"primaryImageOfPage":{"@id":"https:\/\/laroutedesgourmets.fr\/en\/wine-and-food-tours-in-paris-en\/guided-gourmet-food-tour-notre-dame-ile-de-la-cite-ile-saint-louis\/#primaryimage"},"image":{"@id":"https:\/\/laroutedesgourmets.fr\/en\/wine-and-food-tours-in-paris-en\/guided-gourmet-food-tour-notre-dame-ile-de-la-cite-ile-saint-louis\/#primaryimage"},"thumbnailUrl":"https:\/\/laroutedesgourmets.fr\/wp-content\/uploads\/2026\/01\/Food-Tour-Notre-Dame-district_6c-scaled.jpg","datePublished":"2026-01-15T20:11:48+00:00","dateModified":"2026-01-22T18:29:41+00:00","description":"Discover Paris with a guided gourmet food tour in the Notre-Dame district, \u00cele de la Cit\u00e9 and \u00cele Saint-Louis, combining history, culture and tastings.","breadcrumb":{"@id":"https:\/\/laroutedesgourmets.fr\/en\/wine-and-food-tours-in-paris-en\/guided-gourmet-food-tour-notre-dame-ile-de-la-cite-ile-saint-louis\/#breadcrumb"},"inLanguage":"en-US","potentialAction":[{"@type":"ReadAction","target":["https:\/\/laroutedesgourmets.fr\/en\/wine-and-food-tours-in-paris-en\/guided-gourmet-food-tour-notre-dame-ile-de-la-cite-ile-saint-louis\/"]}]},{"@type":"ImageObject","inLanguage":"en-US","@id":"https:\/\/laroutedesgourmets.fr\/en\/wine-and-food-tours-in-paris-en\/guided-gourmet-food-tour-notre-dame-ile-de-la-cite-ile-saint-louis\/#primaryimage","url":"https:\/\/laroutedesgourmets.fr\/wp-content\/uploads\/2026\/01\/Food-Tour-Notre-Dame-district_6c-scaled.jpg","contentUrl":"https:\/\/laroutedesgourmets.fr\/wp-content\/uploads\/2026\/01\/Food-Tour-Notre-Dame-district_6c-scaled.jpg","width":2560,"height":1706,"caption":"Notre Dame de Paris"},{"@type":"BreadcrumbList","@id":"https:\/\/laroutedesgourmets.fr\/en\/wine-and-food-tours-in-paris-en\/guided-gourmet-food-tour-notre-dame-ile-de-la-cite-ile-saint-louis\/#breadcrumb","itemListElement":[{"@type":"ListItem","position":1,"name":"Visites gourmandes \u00e0 Paris","item":"https:\/\/laroutedesgourmets.fr\/visites-guidees\/"},{"@type":"ListItem","position":2,"name":"Gourmet Food Tour Notre-Dame, Ile de la Cit\u00e9 and Ile Saint-Louis"}]},{"@type":"WebSite","@id":"https:\/\/laroutedesgourmets.fr\/#website","url":"https:\/\/laroutedesgourmets.fr\/","name":"La Route des Gourmets","description":"Agence de tourisme gastronomique","publisher":{"@id":"https:\/\/laroutedesgourmets.fr\/#organization"},"potentialAction":[{"@type":"SearchAction","target":{"@type":"EntryPoint","urlTemplate":"https:\/\/laroutedesgourmets.fr\/?s={search_term_string}"},"query-input":{"@type":"PropertyValueSpecification","valueRequired":true,"valueName":"search_term_string"}}],"inLanguage":"en-US"},{"@type":"Organization","@id":"https:\/\/laroutedesgourmets.fr\/#organization","name":"La Route des Gourmets","url":"https:\/\/laroutedesgourmets.fr\/","logo":{"@type":"ImageObject","inLanguage":"en-US","@id":"https:\/\/laroutedesgourmets.fr\/#\/schema\/logo\/image\/","url":"https:\/\/laroutedesgourmets.fr\/wp-content\/uploads\/2023\/12\/laroutedesgourmets-sigle-cadre-S-b.png","contentUrl":"https:\/\/laroutedesgourmets.fr\/wp-content\/uploads\/2023\/12\/laroutedesgourmets-sigle-cadre-S-b.png","width":445,"height":445,"caption":"La Route des Gourmets"},"image":{"@id":"https:\/\/laroutedesgourmets.fr\/#\/schema\/logo\/image\/"},"sameAs":["http:\/\/www.facebook.com\/laroutedesgourmets","https:\/\/x.com\/Routedesgourmet","https:\/\/www.instagram.com\/laroutedesgourmets"],"email":"infos@laroutedesgourmets.fr","telephone":"+33139473279"}]},"product_price_amount":"134.00","product_price_currency":"EUR","og_availability":"instock","product_availability":"instock","product_condition":"new"},"_links":{"self":[{"href":"https:\/\/laroutedesgourmets.fr\/en\/wp-json\/wp\/v2\/product\/14269","targetHints":{"allow":["GET"]}}],"collection":[{"href":"https:\/\/laroutedesgourmets.fr\/en\/wp-json\/wp\/v2\/product"}],"about":[{"href":"https:\/\/laroutedesgourmets.fr\/en\/wp-json\/wp\/v2\/types\/product"}],"wp:featuredmedia":[{"embeddable":true,"href":"https:\/\/laroutedesgourmets.fr\/en\/wp-json\/wp\/v2\/media\/14257"}],"wp:attachment":[{"href":"https:\/\/laroutedesgourmets.fr\/en\/wp-json\/wp\/v2\/media?parent=14269"}],"wp:term":[{"taxonomy":"product_brand","embeddable":true,"href":"https:\/\/laroutedesgourmets.fr\/en\/wp-json\/wp\/v2\/product_brand?post=14269"},{"taxonomy":"product_cat","embeddable":true,"href":"https:\/\/laroutedesgourmets.fr\/en\/wp-json\/wp\/v2\/product_cat?post=14269"},{"taxonomy":"product_tag","embeddable":true,"href":"https:\/\/laroutedesgourmets.fr\/en\/wp-json\/wp\/v2\/product_tag?post=14269"}],"curies":[{"name":"wp","href":"https:\/\/api.w.org\/{rel}","templated":true}]}}