{"id":7035,"date":"2023-10-24T16:42:52","date_gmt":"2023-10-24T14:42:52","guid":{"rendered":"https:\/\/v3.laroutedesgourmets.fr\/?page_id=7035"},"modified":"2024-11-19T15:47:45","modified_gmt":"2024-11-19T14:47:45","slug":"bonos-de-regalos","status":"publish","type":"page","link":"https:\/\/laroutedesgourmets.fr\/es\/bonos-de-regalos\/","title":{"rendered":"Bonos de regalos"},"content":{"rendered":"\n<div class=\"wp-block-stackable-columns alignfull stk-block-columns stk-block stk-a7cc59f stk-block-background\" data-block-id=\"a7cc59f\"><style>.stk-a7cc59f {background-color:var(--nv-c-1) !important;padding-top:0px !important;padding-right:0px !important;padding-bottom:0px !important;padding-left:0px !important;margin-bottom:80px !important;}.stk-a7cc59f:before{background-color:var(--nv-c-1) !important;}.stk-a7cc59f-column{--stk-columns-spacing:12px !important;}<\/style><div class=\"stk-row stk-inner-blocks stk-block-content stk-content-align stk-a7cc59f-column alignfull\">\n<div class=\"wp-block-stackable-column stk-block-column stk-column stk-block stk-f383f8e stk-block-background\" data-v=\"4\" data-block-id=\"f383f8e\"><style>.stk-f383f8e {background-color:var(--nv-secondary-accent) !important;align-items:center !important;padding-right:80px !important;padding-left:80px !important;display:flex !important;}.stk-f383f8e:before{background-color:var(--nv-secondary-accent) !important;}@media screen and (max-width: 767px){.stk-f383f8e {padding-right:10px !important;padding-left:10px !important;}}<\/style><div class=\"stk-column-wrapper stk-block-column__content stk-container stk-f383f8e-container stk--no-background stk--no-padding\"><div class=\"has-text-align-center stk-block-content stk-inner-blocks stk-f383f8e-inner-blocks\">\n<div class=\"wp-block-stackable-columns stk-block-columns stk-block stk-320a8aa\" data-block-id=\"320a8aa\"><div class=\"stk-row stk-inner-blocks has-text-align-center stk-block-content stk-content-align stk-320a8aa-column\">\n<div class=\"wp-block-stackable-column stk-block-column stk-column stk-block stk-0177f37\" data-v=\"4\" data-block-id=\"0177f37\"><style>.stk-0177f37-inner-blocks{align-items:center !important;}.stk-0177f37 {max-width:450px !important;min-width:auto !important;margin-right:auto !important;margin-left:auto !important;}<\/style><div class=\"stk-column-wrapper stk-block-column__content stk-container stk-0177f37-container stk--no-background stk--no-padding\"><div class=\"stk--column-flex stk-block-content stk-inner-blocks stk-0177f37-inner-blocks\">\n<div class=\"wp-block-stackable-heading stk-block-heading stk-block-heading--v2 stk-block stk-1b7f08a\" id=\"vous-avez-deja-un-bon-cadeau-et-souhaitez-reserver-une-prestation\" data-block-id=\"1b7f08a\"><h5 class=\"stk-block-heading__text has-text-align-center\">\u00bfYa tiene un vale de regalo y quiere reservar la prestaci\u00f3n del servicio?<\/h5><\/div>\n\n\n\n<div class=\"wp-block-buttons bn-light is-content-justification-center is-layout-flex wp-container-core-buttons-is-layout-16018d1d wp-block-buttons-is-layout-flex\">\n<div class=\"wp-block-button\"><a class=\"wp-block-button__link wp-element-button\" href=\"http:\/\/Laroutedesgourmets.regiondo.fr\/voucher\">Para utilizar su vale de regalo, haga clic aqu\u00ed<\/a><\/div>\n<\/div>\n<\/div><\/div><\/div>\n<\/div><\/div>\n<\/div><\/div><\/div>\n\n\n\n<div class=\"wp-block-stackable-column stk-block-column stk-column stk-block stk-8cea9db stk-block-background\" data-v=\"4\" data-block-id=\"8cea9db\"><style>.stk-8cea9db {background-color:var(--nv-light-bg) !important;align-items:center !important;display:flex !important;}.stk-8cea9db:before{background-color:var(--nv-light-bg) !important;}<\/style><div class=\"stk-column-wrapper stk-block-column__content stk-container stk-8cea9db-container stk--no-background stk--no-padding\"><div class=\"stk-block-content stk-inner-blocks stk-8cea9db-inner-blocks\">\n<div class=\"wp-block-stackable-columns stk-block-columns stk-block stk-501f9bb\" data-block-id=\"501f9bb\"><div class=\"stk-row stk-inner-blocks stk-block-content stk-content-align stk-501f9bb-column\">\n<div class=\"wp-block-stackable-column stk-block-column stk-column stk-block stk-473d41a\" data-v=\"4\" data-block-id=\"473d41a\"><style>.stk-473d41a-inner-blocks{align-items:center !important;}.stk-473d41a {max-width:550px !important;min-width:auto !important;margin-right:auto !important;margin-left:auto !important;}<\/style><div class=\"stk-column-wrapper stk-block-column__content stk-container stk-473d41a-container stk--no-background stk--no-padding\"><div class=\"stk--column-flex stk-block-content stk-inner-blocks stk-473d41a-inner-blocks\">\n<div class=\"wp-block-stackable-heading stk-block-heading stk-block-heading--v2 stk-block stk-cbfcd5d\" id=\"vous-souhaitez-offrir-une-visite-guidee-ou-un-atelier\" data-block-id=\"cbfcd5d\"><h5 class=\"stk-block-heading__text has-text-align-center\">\u00bfDesea regalar una visita guiada o un taller?<\/h5><\/div>\n\n\n\n<p class=\"has-text-align-left\">\u00a1Es muy simple!<br>Seleccione una visita guiada o el taller de su elecci\u00f3n, luego dir\u00edjase a la parte superior de la p\u00e1gina en el recuadro de reserva, haga clic en la pesta\u00f1a \u00abRegalar un cup\u00f3n\u00bb y siga las instrucciones para finalizar su pedido.<\/p>\n\n\n\n<p class=\"has-text-align-left\"><strong>El vale de regalo es v\u00e1lido por un a\u00f1o a partir de la fecha de compra, no es nominativo y no reembolsable. Se le enviar\u00e1 autom\u00e1ticamente por correo electr\u00f3nico en forma de archivo PDF a la confirmaci\u00f3n de su orden.El beneficiario del vale de regalo podr\u00e1 reservar la fecha de su elecci\u00f3n en nuestro sitio.<\/strong><br><br><em>Para cualquier pregunta, no dude en contactarnos<\/em><\/p>\n<\/div><\/div><\/div>\n<\/div><\/div>\n<\/div><\/div><\/div>\n<\/div><\/div>\n\n\n\n<div class=\"wp-block-stackable-columns stk-block-columns stk-block stk-2e190dd\" data-block-id=\"2e190dd\"><div class=\"stk-row stk-inner-blocks stk-block-content stk-content-align stk-2e190dd-column\">\n<div class=\"wp-block-stackable-column stk-block-column stk-column stk-block stk-8afa762\" data-v=\"4\" data-block-id=\"8afa762\"><div class=\"stk-column-wrapper stk-block-column__content stk-container stk-8afa762-container stk--no-background stk--no-padding\"><div class=\"stk-block-content stk-inner-blocks stk-8afa762-inner-blocks\">\n<div class=\"wp-block-stackable-heading stk-block-heading stk-block-heading--v2 stk-block stk-de024f5\" id=\"decouvrez-ces-4-activites-ideales-a-offrir-en-cadeau\" data-block-id=\"de024f5\"><h5 class=\"stk-block-heading__text has-text-align-center\">Descubra estas 4 actividades ideales para regalar<\/h5><\/div>\n\n\n\n<div class=\"wp-block-stackable-columns stk-block-columns stk-block stk-f984a08 bn-featured\" data-block-id=\"f984a08\"><div class=\"stk-row stk-inner-blocks stk-block-content stk-content-align stk-f984a08-column\">\n<div class=\"wp-block-stackable-column stk-block-column stk-column stk-block stk-2e1d75e\" data-v=\"4\" data-block-id=\"2e1d75e\"><div class=\"stk-column-wrapper stk-block-column__content stk-container stk-2e1d75e-container stk--no-background stk--no-padding\"><div class=\"stk-block-content stk-inner-blocks stk-2e1d75e-inner-blocks\"><div data-block-name=\"woocommerce\/featured-product\" data-content-align=\"left\" data-edit-mode=\"false\" data-image-fit=\"cover\" data-product-id=\"561\" data-show-desc=\"false\" class=\"wc-block-featured-product alignnone has-background-dim has-left-content wp-block-woocommerce-featured-product\" style=\"min-height:500px;\"><div class=\"wc-block-featured-product__wrapper\"><div class=\"background-dim__overlay\" style=\"background-color: #000000\"><\/div><img decoding=\"async\" alt=\"Tour gastron\u00f3mico en Par\u00eds: las mejores chocolater\u00edas y pasteler\u00edas\" class=\"wc-block-featured-product__background-image\" src=\"https:\/\/laroutedesgourmets.fr\/wp-content\/uploads\/2013\/01\/image_00044-1024x683.jpg\" style=\"object-fit: cover;object-position: 50% 50%;\" \/><h2 class=\"wc-block-featured-product__title\">Tour gastron\u00f3mico en Par\u00eds: las mejores chocolater\u00edas y pasteler\u00edas<\/h2><div class=\"wc-block-featured-product__price\"><span class=\"woocommerce-Price-amount amount\"><span class=\"woocommerce-Price-currencySymbol\">&euro;<\/span>134.00<\/span><\/div><div class=\"wc-block-featured-product__inner-blocks\">\n\n<div class=\"wp-block-buttons is-content-justification-left is-layout-flex wp-container-core-buttons-is-layout-fdcfc74e wp-block-buttons-is-layout-flex\">\n<div class=\"wp-block-button\"><a class=\"wp-block-button__link wp-element-button\" href=\"https:\/\/laroutedesgourmets.fr\/es\/actividades-gastronomicas-en-paris-es\/tour-gastronomico-paris-mejores-chocolaterias-pastelerias\/\" style=\"padding-right:0;padding-left:0\">Comprar<\/a><\/div>\n<\/div>\n\n<\/div><\/div><\/div><\/div><\/div><\/div>\n\n\n\n<div class=\"wp-block-stackable-column stk-block-column stk-column stk-block stk-1dc4163\" data-v=\"4\" data-block-id=\"1dc4163\"><div class=\"stk-column-wrapper stk-block-column__content stk-container stk-1dc4163-container stk--no-background stk--no-padding\"><div class=\"stk-block-content stk-inner-blocks stk-1dc4163-inner-blocks\"><div data-block-name=\"woocommerce\/featured-product\" data-content-align=\"left\" data-edit-mode=\"false\" data-image-fit=\"cover\" data-min-height=\"null\" data-product-id=\"1482\" data-show-desc=\"false\" class=\"wc-block-featured-product alignnone has-background-dim has-left-content wp-block-woocommerce-featured-product\" style=\"min-height:500px;\"><div class=\"wc-block-featured-product__wrapper\"><div class=\"background-dim__overlay\" style=\"background-color: #000000\"><\/div><img decoding=\"async\" alt=\"Tour gastron\u00f3mico en Par\u00eds: Barrio de Montmartre\" class=\"wc-block-featured-product__background-image\" src=\"https:\/\/laroutedesgourmets.fr\/wp-content\/uploads\/2015\/02\/p_7_6_7_767-Balade-gourmande-a-Montmartre-1024x683.jpg\" style=\"object-fit: cover;object-position: 50% 50%;\" \/><h2 class=\"wc-block-featured-product__title\">Tour gastron\u00f3mico en Par\u00eds: Barrio de Montmartre<\/h2><div class=\"wc-block-featured-product__price\"><span class=\"woocommerce-Price-amount amount\"><span class=\"woocommerce-Price-currencySymbol\">&euro;<\/span>134.00<\/span><\/div><div class=\"wc-block-featured-product__inner-blocks\">\n\n<div class=\"wp-block-buttons is-content-justification-left is-layout-flex wp-container-core-buttons-is-layout-fdcfc74e wp-block-buttons-is-layout-flex\">\n<div class=\"wp-block-button\"><a class=\"wp-block-button__link wp-element-button\" href=\"https:\/\/laroutedesgourmets.fr\/es\/actividades-gastronomicas-en-paris-es\/tour-gastronomico-paris-barrio-montmartre\/\" style=\"padding-right:0;padding-left:0\">Comprar<\/a><\/div>\n<\/div>\n\n<\/div><\/div><\/div><\/div><\/div><\/div>\n\n\n\n<div class=\"wp-block-stackable-column stk-block-column stk-column stk-block stk-4014fed\" data-v=\"4\" data-block-id=\"4014fed\"><div class=\"stk-column-wrapper stk-block-column__content stk-container stk-4014fed-container stk--no-background stk--no-padding\"><div class=\"stk-block-content stk-inner-blocks stk-4014fed-inner-blocks\"><div data-block-name=\"woocommerce\/featured-product\" data-content-align=\"left\" data-edit-mode=\"false\" data-image-fit=\"cover\" data-product-id=\"1542\" data-show-desc=\"false\" class=\"wc-block-featured-product alignnone has-background-dim has-left-content wp-block-woocommerce-featured-product\" style=\"min-height:500px;\"><div class=\"wc-block-featured-product__wrapper\"><div class=\"background-dim__overlay\" style=\"background-color: #000000\"><\/div><img decoding=\"async\" alt=\"Tour gastron\u00f3mico en Par\u00eds: Barrio St Germain des pr\u00e9s\" class=\"wc-block-featured-product__background-image\" src=\"https:\/\/laroutedesgourmets.fr\/wp-content\/uploads\/2015\/04\/cafe-535713-1024x683.jpg\" style=\"object-fit: cover;object-position: 50% 50%;\" \/><h2 class=\"wc-block-featured-product__title\">Tour gastron\u00f3mico en Par\u00eds: Barrio St Germain des pr\u00e9s<\/h2><div class=\"wc-block-featured-product__price\"><span class=\"woocommerce-Price-amount amount\"><span class=\"woocommerce-Price-currencySymbol\">&euro;<\/span>134.00<\/span><\/div><div class=\"wc-block-featured-product__inner-blocks\">\n\n<div class=\"wp-block-buttons is-content-justification-left is-layout-flex wp-container-core-buttons-is-layout-fdcfc74e wp-block-buttons-is-layout-flex\">\n<div class=\"wp-block-button\"><a class=\"wp-block-button__link wp-element-button\" href=\"https:\/\/laroutedesgourmets.fr\/es\/actividades-gastronomicas-en-paris-es\/tour-gastronomico-paris-st-germain-des-pres\/\" style=\"padding-right:0;padding-left:0\">Comprar<\/a><\/div>\n<\/div>\n\n<\/div><\/div><\/div><\/div><\/div><\/div>\n\n\n\n<div class=\"wp-block-stackable-column stk-block-column stk-column stk-block stk-74cac96\" data-v=\"4\" data-block-id=\"74cac96\"><div class=\"stk-column-wrapper stk-block-column__content stk-container stk-74cac96-container stk--no-background stk--no-padding\"><div class=\"stk-block-content stk-inner-blocks stk-74cac96-inner-blocks\"><div data-block-name=\"woocommerce\/featured-product\" data-content-align=\"left\" data-edit-mode=\"false\" data-image-fit=\"cover\" data-product-id=\"1197\" data-show-desc=\"false\" class=\"wc-block-featured-product alignnone has-background-dim has-left-content wp-block-woocommerce-featured-product\" style=\"min-height:500px;\"><div class=\"wc-block-featured-product__wrapper\"><div class=\"background-dim__overlay\" style=\"background-color: #000000\"><\/div><img decoding=\"async\" alt=\"Degustaci\u00f3n de Champagne en Paris\" class=\"wc-block-featured-product__background-image\" src=\"https:\/\/laroutedesgourmets.fr\/wp-content\/uploads\/2013\/08\/iStock-545346326-1024x683.jpg\" style=\"object-fit: cover;object-position: 50% 50%;\" \/><h2 class=\"wc-block-featured-product__title\">Degustaci\u00f3n de Champagne en Paris<\/h2><div class=\"wc-block-featured-product__price\"><span class=\"woocommerce-Price-amount amount\"><span class=\"woocommerce-Price-currencySymbol\">&euro;<\/span>69.00<\/span><\/div><div class=\"wc-block-featured-product__inner-blocks\">\n\n<div class=\"wp-block-buttons is-content-justification-left is-layout-flex wp-container-core-buttons-is-layout-fdcfc74e wp-block-buttons-is-layout-flex\">\n<div class=\"wp-block-button\"><a class=\"wp-block-button__link wp-element-button\" href=\"https:\/\/laroutedesgourmets.fr\/es\/actividades-gastronomicas-en-paris-es\/degustacion-de-champagne-paris\/\" style=\"padding-right:0;padding-left:0\">Comprar<\/a><\/div>\n<\/div>\n\n<\/div><\/div><\/div><\/div><\/div><\/div>\n<\/div><\/div>\n<\/div><\/div><\/div>\n<\/div><\/div>\n\n\n\n<div class=\"wp-block-stackable-columns stk-block-columns stk-block stk-c2e3f9d\" data-block-id=\"c2e3f9d\"><div class=\"stk-row stk-inner-blocks stk-block-content stk-content-align stk-c2e3f9d-column\">\n<div class=\"wp-block-stackable-column stk-block-column stk-column stk-block stk-f55416e\" data-v=\"4\" data-block-id=\"f55416e\"><div class=\"stk-column-wrapper stk-block-column__content stk-container stk-f55416e-container stk--no-background stk--no-padding\"><div class=\"has-text-align-center stk-block-content stk-inner-blocks stk-f55416e-inner-blocks\">\n<figure class=\"wp-block-image size-large\"><img loading=\"lazy\" decoding=\"async\" width=\"722\" height=\"291\" src=\"https:\/\/laroutedesgourmets.fr\/wp-content\/uploads\/2023\/03\/big-picto-lrdg.svg\" alt=\"\" class=\"wp-image-5681\"\/><\/figure>\n\n\n\n<div class=\"wp-block-buttons is-content-justification-center is-layout-flex wp-container-core-buttons-is-layout-16018d1d wp-block-buttons-is-layout-flex\">\n<div class=\"wp-block-button\"><a class=\"wp-block-button__link wp-element-button\" href=\"https:\/\/laroutedesgourmets.fr\/es\/categoria-producto\/actividades-gastronomicas-en-paris-es\/\">Encuentre todas las actividades en Par\u00eds<\/a><\/div>\n<\/div>\n<\/div><\/div><\/div>\n<\/div><\/div>\n","protected":false},"excerpt":{"rendered":"<p>\u00bfYa tiene un vale de regalo y quiere reservar la prestaci\u00f3n del servicio? \u00bfDesea regalar una visita guiada o un taller? \u00a1Es muy simple!Seleccione una visita guiada o el taller de su elecci\u00f3n, luego dir\u00edjase a la parte superior de la p\u00e1gina en el recuadro de reserva, haga clic en la pesta\u00f1a \u00abRegalar un cup\u00f3n\u00bb<a href=\"https:\/\/laroutedesgourmets.fr\/es\/bonos-de-regalos\/\" rel=\"bookmark\">Leer m\u00e1s &raquo;<span class=\"screen-reader-text\">Bonos de regalos<\/span><\/a><\/p>\n","protected":false},"author":2,"featured_media":6013,"parent":0,"menu_order":0,"comment_status":"closed","ping_status":"closed","template":"","meta":{"inline_featured_image":false,"neve_meta_sidebar":"full-width","neve_meta_container":"","neve_meta_enable_content_width":"off","neve_meta_content_width":100,"neve_meta_title_alignment":"","neve_meta_author_avatar":"","neve_post_elements_order":"","neve_meta_disable_header":"","neve_meta_disable_footer":"","neve_meta_disable_title":"on","footnotes":""},"class_list":["post-7035","page","type-page","status-publish","has-post-thumbnail","hentry"],"yoast_head":"<!-- This site is optimized with the Yoast SEO Premium plugin v27.3 (Yoast SEO v27.3) - https:\/\/yoast.com\/product\/yoast-seo-premium-wordpress\/ -->\n<title>Bonos de regalos<\/title>\n<meta name=\"robots\" content=\"index, follow, max-snippet:-1, max-image-preview:large, max-video-preview:-1\" \/>\n<link rel=\"canonical\" href=\"https:\/\/laroutedesgourmets.fr\/es\/bonos-de-regalos\/\" \/>\n<meta property=\"og:locale\" content=\"es_ES\" \/>\n<meta property=\"og:type\" content=\"article\" \/>\n<meta property=\"og:title\" content=\"Bonos de regalos\" \/>\n<meta property=\"og:description\" content=\"\u00bfYa tiene un vale de regalo y quiere reservar la prestaci\u00f3n del servicio? \u00bfDesea regalar una visita guiada o un taller? \u00a1Es muy simple!Seleccione una visita guiada o el taller de su elecci\u00f3n, luego dir\u00edjase a la parte superior de la p\u00e1gina en el recuadro de reserva, haga clic en la pesta\u00f1a \u00abRegalar un cup\u00f3n\u00bbLeer m\u00e1s &raquo;Bonos de regalos\" \/>\n<meta property=\"og:url\" content=\"https:\/\/laroutedesgourmets.fr\/es\/bonos-de-regalos\/\" \/>\n<meta property=\"og:site_name\" content=\"La Route des Gourmets\" \/>\n<meta property=\"article:publisher\" content=\"http:\/\/www.facebook.com\/laroutedesgourmets\" \/>\n<meta property=\"article:modified_time\" content=\"2024-11-19T14:47:45+00:00\" \/>\n<meta property=\"og:image\" content=\"https:\/\/laroutedesgourmets.fr\/wp-content\/uploads\/2023\/05\/cadeau-banner-scaled.jpg\" \/>\n\t<meta property=\"og:image:width\" content=\"2560\" \/>\n\t<meta property=\"og:image:height\" content=\"1505\" \/>\n\t<meta property=\"og:image:type\" content=\"image\/jpeg\" \/>\n<meta name=\"twitter:card\" content=\"summary_large_image\" \/>\n<meta name=\"twitter:site\" content=\"@Routedesgourmet\" \/>\n<meta name=\"twitter:label1\" content=\"Tiempo de lectura\" \/>\n\t<meta name=\"twitter:data1\" content=\"2 minutos\" \/>\n<script type=\"application\/ld+json\" class=\"yoast-schema-graph\">{\"@context\":\"https:\\\/\\\/schema.org\",\"@graph\":[{\"@type\":\"WebPage\",\"@id\":\"https:\\\/\\\/laroutedesgourmets.fr\\\/es\\\/bonos-de-regalos\\\/\",\"url\":\"https:\\\/\\\/laroutedesgourmets.fr\\\/es\\\/bonos-de-regalos\\\/\",\"name\":\"Bonos de regalos\",\"isPartOf\":{\"@id\":\"https:\\\/\\\/laroutedesgourmets.fr\\\/#website\"},\"primaryImageOfPage\":{\"@id\":\"https:\\\/\\\/laroutedesgourmets.fr\\\/es\\\/bonos-de-regalos\\\/#primaryimage\"},\"image\":{\"@id\":\"https:\\\/\\\/laroutedesgourmets.fr\\\/es\\\/bonos-de-regalos\\\/#primaryimage\"},\"thumbnailUrl\":\"https:\\\/\\\/laroutedesgourmets.fr\\\/wp-content\\\/uploads\\\/2023\\\/05\\\/cadeau-banner-scaled.jpg\",\"datePublished\":\"2023-10-24T14:42:52+00:00\",\"dateModified\":\"2024-11-19T14:47:45+00:00\",\"inLanguage\":\"es\",\"potentialAction\":[{\"@type\":\"ReadAction\",\"target\":[\"https:\\\/\\\/laroutedesgourmets.fr\\\/es\\\/bonos-de-regalos\\\/\"]}]},{\"@type\":\"ImageObject\",\"inLanguage\":\"es\",\"@id\":\"https:\\\/\\\/laroutedesgourmets.fr\\\/es\\\/bonos-de-regalos\\\/#primaryimage\",\"url\":\"https:\\\/\\\/laroutedesgourmets.fr\\\/wp-content\\\/uploads\\\/2023\\\/05\\\/cadeau-banner-scaled.jpg\",\"contentUrl\":\"https:\\\/\\\/laroutedesgourmets.fr\\\/wp-content\\\/uploads\\\/2023\\\/05\\\/cadeau-banner-scaled.jpg\",\"width\":2560,\"height\":1505},{\"@type\":\"WebSite\",\"@id\":\"https:\\\/\\\/laroutedesgourmets.fr\\\/#website\",\"url\":\"https:\\\/\\\/laroutedesgourmets.fr\\\/\",\"name\":\"La Route des Gourmets\",\"description\":\"Agence de tourisme gastronomique\",\"publisher\":{\"@id\":\"https:\\\/\\\/laroutedesgourmets.fr\\\/#organization\"},\"potentialAction\":[{\"@type\":\"SearchAction\",\"target\":{\"@type\":\"EntryPoint\",\"urlTemplate\":\"https:\\\/\\\/laroutedesgourmets.fr\\\/?s={search_term_string}\"},\"query-input\":{\"@type\":\"PropertyValueSpecification\",\"valueRequired\":true,\"valueName\":\"search_term_string\"}}],\"inLanguage\":\"es\"},{\"@type\":\"Organization\",\"@id\":\"https:\\\/\\\/laroutedesgourmets.fr\\\/#organization\",\"name\":\"La Route des Gourmets\",\"url\":\"https:\\\/\\\/laroutedesgourmets.fr\\\/\",\"logo\":{\"@type\":\"ImageObject\",\"inLanguage\":\"es\",\"@id\":\"https:\\\/\\\/laroutedesgourmets.fr\\\/#\\\/schema\\\/logo\\\/image\\\/\",\"url\":\"https:\\\/\\\/laroutedesgourmets.fr\\\/wp-content\\\/uploads\\\/2023\\\/12\\\/laroutedesgourmets-sigle-cadre-S-b.png\",\"contentUrl\":\"https:\\\/\\\/laroutedesgourmets.fr\\\/wp-content\\\/uploads\\\/2023\\\/12\\\/laroutedesgourmets-sigle-cadre-S-b.png\",\"width\":445,\"height\":445,\"caption\":\"La Route des Gourmets\"},\"image\":{\"@id\":\"https:\\\/\\\/laroutedesgourmets.fr\\\/#\\\/schema\\\/logo\\\/image\\\/\"},\"sameAs\":[\"http:\\\/\\\/www.facebook.com\\\/laroutedesgourmets\",\"https:\\\/\\\/x.com\\\/Routedesgourmet\",\"https:\\\/\\\/www.instagram.com\\\/laroutedesgourmets\"],\"email\":\"infos@laroutedesgourmets.fr\",\"telephone\":\"+33139473279\"}]}<\/script>\n<!-- \/ Yoast SEO Premium plugin. -->","yoast_head_json":{"title":"Bonos de regalos","robots":{"index":"index","follow":"follow","max-snippet":"max-snippet:-1","max-image-preview":"max-image-preview:large","max-video-preview":"max-video-preview:-1"},"canonical":"https:\/\/laroutedesgourmets.fr\/es\/bonos-de-regalos\/","og_locale":"es_ES","og_type":"article","og_title":"Bonos de regalos","og_description":"\u00bfYa tiene un vale de regalo y quiere reservar la prestaci\u00f3n del servicio? \u00bfDesea regalar una visita guiada o un taller? \u00a1Es muy simple!Seleccione una visita guiada o el taller de su elecci\u00f3n, luego dir\u00edjase a la parte superior de la p\u00e1gina en el recuadro de reserva, haga clic en la pesta\u00f1a \u00abRegalar un cup\u00f3n\u00bbLeer m\u00e1s &raquo;Bonos de regalos","og_url":"https:\/\/laroutedesgourmets.fr\/es\/bonos-de-regalos\/","og_site_name":"La Route des Gourmets","article_publisher":"http:\/\/www.facebook.com\/laroutedesgourmets","article_modified_time":"2024-11-19T14:47:45+00:00","og_image":[{"width":2560,"height":1505,"url":"https:\/\/laroutedesgourmets.fr\/wp-content\/uploads\/2023\/05\/cadeau-banner-scaled.jpg","type":"image\/jpeg"}],"twitter_card":"summary_large_image","twitter_site":"@Routedesgourmet","twitter_misc":{"Tiempo de lectura":"2 minutos"},"schema":{"@context":"https:\/\/schema.org","@graph":[{"@type":"WebPage","@id":"https:\/\/laroutedesgourmets.fr\/es\/bonos-de-regalos\/","url":"https:\/\/laroutedesgourmets.fr\/es\/bonos-de-regalos\/","name":"Bonos de regalos","isPartOf":{"@id":"https:\/\/laroutedesgourmets.fr\/#website"},"primaryImageOfPage":{"@id":"https:\/\/laroutedesgourmets.fr\/es\/bonos-de-regalos\/#primaryimage"},"image":{"@id":"https:\/\/laroutedesgourmets.fr\/es\/bonos-de-regalos\/#primaryimage"},"thumbnailUrl":"https:\/\/laroutedesgourmets.fr\/wp-content\/uploads\/2023\/05\/cadeau-banner-scaled.jpg","datePublished":"2023-10-24T14:42:52+00:00","dateModified":"2024-11-19T14:47:45+00:00","inLanguage":"es","potentialAction":[{"@type":"ReadAction","target":["https:\/\/laroutedesgourmets.fr\/es\/bonos-de-regalos\/"]}]},{"@type":"ImageObject","inLanguage":"es","@id":"https:\/\/laroutedesgourmets.fr\/es\/bonos-de-regalos\/#primaryimage","url":"https:\/\/laroutedesgourmets.fr\/wp-content\/uploads\/2023\/05\/cadeau-banner-scaled.jpg","contentUrl":"https:\/\/laroutedesgourmets.fr\/wp-content\/uploads\/2023\/05\/cadeau-banner-scaled.jpg","width":2560,"height":1505},{"@type":"WebSite","@id":"https:\/\/laroutedesgourmets.fr\/#website","url":"https:\/\/laroutedesgourmets.fr\/","name":"La Route des Gourmets","description":"Agence de tourisme gastronomique","publisher":{"@id":"https:\/\/laroutedesgourmets.fr\/#organization"},"potentialAction":[{"@type":"SearchAction","target":{"@type":"EntryPoint","urlTemplate":"https:\/\/laroutedesgourmets.fr\/?s={search_term_string}"},"query-input":{"@type":"PropertyValueSpecification","valueRequired":true,"valueName":"search_term_string"}}],"inLanguage":"es"},{"@type":"Organization","@id":"https:\/\/laroutedesgourmets.fr\/#organization","name":"La Route des Gourmets","url":"https:\/\/laroutedesgourmets.fr\/","logo":{"@type":"ImageObject","inLanguage":"es","@id":"https:\/\/laroutedesgourmets.fr\/#\/schema\/logo\/image\/","url":"https:\/\/laroutedesgourmets.fr\/wp-content\/uploads\/2023\/12\/laroutedesgourmets-sigle-cadre-S-b.png","contentUrl":"https:\/\/laroutedesgourmets.fr\/wp-content\/uploads\/2023\/12\/laroutedesgourmets-sigle-cadre-S-b.png","width":445,"height":445,"caption":"La Route des Gourmets"},"image":{"@id":"https:\/\/laroutedesgourmets.fr\/#\/schema\/logo\/image\/"},"sameAs":["http:\/\/www.facebook.com\/laroutedesgourmets","https:\/\/x.com\/Routedesgourmet","https:\/\/www.instagram.com\/laroutedesgourmets"],"email":"infos@laroutedesgourmets.fr","telephone":"+33139473279"}]}},"_links":{"self":[{"href":"https:\/\/laroutedesgourmets.fr\/es\/wp-json\/wp\/v2\/pages\/7035","targetHints":{"allow":["GET"]}}],"collection":[{"href":"https:\/\/laroutedesgourmets.fr\/es\/wp-json\/wp\/v2\/pages"}],"about":[{"href":"https:\/\/laroutedesgourmets.fr\/es\/wp-json\/wp\/v2\/types\/page"}],"author":[{"embeddable":true,"href":"https:\/\/laroutedesgourmets.fr\/es\/wp-json\/wp\/v2\/users\/2"}],"replies":[{"embeddable":true,"href":"https:\/\/laroutedesgourmets.fr\/es\/wp-json\/wp\/v2\/comments?post=7035"}],"version-history":[{"count":4,"href":"https:\/\/laroutedesgourmets.fr\/es\/wp-json\/wp\/v2\/pages\/7035\/revisions"}],"predecessor-version":[{"id":11302,"href":"https:\/\/laroutedesgourmets.fr\/es\/wp-json\/wp\/v2\/pages\/7035\/revisions\/11302"}],"wp:featuredmedia":[{"embeddable":true,"href":"https:\/\/laroutedesgourmets.fr\/es\/wp-json\/wp\/v2\/media\/6013"}],"wp:attachment":[{"href":"https:\/\/laroutedesgourmets.fr\/es\/wp-json\/wp\/v2\/media?parent=7035"}],"curies":[{"name":"wp","href":"https:\/\/api.w.org\/{rel}","templated":true}]}}