{"id":1170,"date":"2022-05-03T17:04:19","date_gmt":"2022-05-03T15:04:19","guid":{"rendered":"https:\/\/v3.laroutedesgourmets.fr\/?post_type=product&#038;p=1170"},"modified":"2024-07-08T18:04:59","modified_gmt":"2024-07-08T16:04:59","slug":"excursion-gastronomica-en-normandia","status":"publish","type":"product","link":"https:\/\/laroutedesgourmets.fr\/es\/excursiones-alrededor-de-paris\/excursion-gastronomica-en-normandia\/","title":{"rendered":"Excursi\u00f3n gastron\u00f3mica en Normand\u00eda"},"content":{"rendered":"<h2>Paseo gastron\u00f3mico en Normand\u00eda<\/h2>\n<p>Si desea descubrir el \u201cterroir\u201d franc\u00e9s y encontrar a sus productores, este paseo privado en Normand\u00eda es perfecto para usted! En un ambiente jovial y autentico, recorra y visite los lugares donde se fabrican los famosos productos normandos como: los quesos Camembert, Pont l\u2019Ev\u00eaque y Livarot, la sidra y el jugo normando de manzana, el Caramelo d\u2019Isigny, el Calvados entre otros\u2026<\/p>\n<p>Al noroeste de Francia, la Normand\u00eda est\u00e1 situada a menos de 2 horas y media en coche de Par\u00eds.<\/p>\n<p>Entre ciudades preservadas y granjas de producci\u00f3n tradicional, su gu\u00eda especialista en alimentaci\u00f3n compartir\u00e1 con usted los secretos de una de las m\u00e1s bellas regiones de Francia. Durante este circuito privado de un d\u00eda, usted descubrir\u00e1 el Pays d\u2019Auge mientras recorrer\u00e9 una ruta cuidadosamente seleccionada que lo llevar\u00e1 a sitios emblem\u00e1ticos de las tradiciones gastron\u00f3micas francesas incluyendo: una destiler\u00eda de Calvados, una sidrer\u00eda, el Museo del Camembert, etc., Adem\u00e1s durante nuestro recorrido podemos\u00a0visitar la pintoresca ciudad de Honfleur con su viejo puerto.<\/p>\n<p>Disfrute del bienestar que ofrecen los campos de Normand\u00eda mientras descubre el patrimonio y las tradiciones gastron\u00f3micas francesas de manera autentica, pues nuestro tour lo llevar\u00e1 a encontrar a los productores-artesanos franceses quienes estar\u00e1n encantados de invitarlo a degustar sus magn\u00edficos productos locales.<\/p>\n<h3>El valor agregado de este circuito VIP<\/h3>\n<ul>\n<li>Un circuito \u00fanico sobre la gastronom\u00eda francesa para descubrir los or\u00edgenes de los productos de Normand\u00eda<\/li>\n<li>Un circuito todo incluido, con una organizaci\u00f3n completa por un solo equipo<\/li>\n<li>El transporte privado de ida y vuelta de Par\u00eds a Normand\u00eda<\/li>\n<li>Una visita privada VIP con un gu\u00eda triling\u00fce frances, espanol y ingles<\/li>\n<li>Un servicio VIP y actividades a la medida para satisfacer sus expectativas (objetivo pedag\u00f3gico o profesional)<\/li>\n<\/ul>\n<h3>El precio incluye<\/h3>\n<ul>\n<li>Todas las visitas culturales y gastron\u00f3micas<\/li>\n<li>Las degustaciones de vinos y productos regionales<\/li>\n<li>Una comida picnic con productos regionales de temporada<\/li>\n<li>El gu\u00eda acompa\u00f1ador biling\u00fce especialista de la alimentaci\u00f3n<\/li>\n<li>El transporte<\/li>\n<\/ul>\n<h3>Informaciones practicas<\/h3>\n<ul>\n<li><strong>Duraci\u00f3n<\/strong>: de las 8 de la ma\u00f1ana a las 7.30 de la tarde<\/li>\n<li>Todos los d\u00edas excepto los s\u00e1bados y domingos (cons\u00faltenos para los fines de semana: <a href=\"mailto:infos@laroutedesgourmets.fr\">infos@laroutedesgourmets.fr<\/a> )<\/li>\n<li><strong>M\u00ednimo de<\/strong> : 4 personas<\/li>\n<li><strong>P\u00fablico<\/strong>: circuito adaptado a particulares, estudiantes, profesionales,&#8230;<\/li>\n<li><strong>Idiomas del gu\u00eda<\/strong>: franc\u00e9s, espa\u00f1ol, ingl\u00e9s (cons\u00faltenos para otras lenguas)<\/li>\n<li><strong>Opci\u00f3n<\/strong>: se puede prorrogar el circuito de 1 d\u00eda para ver la costa y las playas del desembarco y visitar las m\u00edticas ciudades de Honfleur, Deauville y Trouville<\/li>\n<li><strong>Validez y condiciones de anulaci\u00f3n<\/strong>: Las reservaciones se confirman al momento de recepci\u00f3n del pago. El reembolso del tour\u00a0 ser\u00e1 completo si la\u00a0 anulaci\u00f3n se realiza dentro del t\u00e9rmino de 3 semanas antes de la fecha de la prestaci\u00f3n, de la mitad si la anulaci\u00f3n se realiza en el t\u00e9rmino de 2 semanas antes de la fecha de la prestaci\u00f3n,\u00a0 ning\u00fan reembolso ser\u00e1 realizado en caso de anulaci\u00f3n en el t\u00e9rmino de una semana previa a la fecha de la prestaci\u00f3n.<\/li>\n<\/ul>\n","protected":false},"excerpt":{"rendered":"<p>Visita Normand\u00eda saliendo de Par\u00eds: En este tour gourmet nuestro gu\u00eda especialista en alimentaci\u00f3n lo llevar\u00e1 al encuentro de productores locales y lo invitar\u00e1 a degustar productos representativos de la gastronom\u00eda francesa\u00a0reconocidos en todo el mundo!<\/p>\n","protected":false},"featured_media":1137,"template":"","meta":{"inline_featured_image":false,"neve_meta_sidebar":"","neve_meta_container":"","neve_meta_enable_content_width":"off","neve_meta_content_width":100,"neve_meta_title_alignment":"","neve_meta_author_avatar":"","neve_post_elements_order":"","neve_meta_disable_header":"","neve_meta_disable_footer":"","neve_meta_disable_title":""},"product_brand":[],"product_cat":[1586],"product_tag":[],"class_list":{"0":"post-1170","1":"product","2":"type-product","3":"status-publish","4":"has-post-thumbnail","6":"product_cat-excursiones-alrededor-de-paris","8":"first","9":"instock","10":"taxable","11":"shipping-taxable","12":"purchasable","13":"product-type-simple"},"yoast_head":"<!-- This site is optimized with the Yoast SEO Premium plugin v27.4 (Yoast SEO v27.4) - https:\/\/yoast.com\/product\/yoast-seo-premium-wordpress\/ -->\n<title>Circuito gourmet en Normand\u00eda con gu\u00eda y salida de Par\u00eds<\/title>\n<meta name=\"description\" content=\"Circuito gastron\u00f3mico en Normand\u00eda con salida desde Par\u00eds: degustaci\u00f3n de productos locales y gu\u00eda privado inolvidable!\" \/>\n<meta name=\"robots\" content=\"index, follow, max-snippet:-1, max-image-preview:large, max-video-preview:-1\" \/>\n<link rel=\"canonical\" href=\"https:\/\/laroutedesgourmets.fr\/excursions-gourmandes-autour-de-paris\/excursion-gourmande-en-normandie\/\" \/>\n<meta property=\"og:locale\" content=\"es_ES\" \/>\n<meta property=\"og:type\" content=\"article\" \/>\n<meta property=\"og:title\" content=\"Circuito gourmet en Normand\u00eda con gu\u00eda y salida de Par\u00eds\" \/>\n<meta property=\"og:description\" content=\"Circuito gastron\u00f3mico en Normand\u00eda con salida desde Par\u00eds: degustaci\u00f3n de productos locales y gu\u00eda privado inolvidable!\" \/>\n<meta property=\"og:url\" content=\"https:\/\/laroutedesgourmets.fr\/excursions-gourmandes-autour-de-paris\/excursion-gourmande-en-normandie\/\" \/>\n<meta property=\"og:site_name\" content=\"La Route des Gourmets\" \/>\n<meta property=\"article:publisher\" content=\"http:\/\/www.facebook.com\/laroutedesgourmets\" \/>\n<meta property=\"article:modified_time\" content=\"2024-07-08T16:04:59+00:00\" \/>\n<meta property=\"og:image\" content=\"https:\/\/laroutedesgourmets.fr\/wp-content\/uploads\/2013\/07\/p_6_9_8_698-Excursion-gourmande-en-Normandie-1024x683.jpg\" \/>\n\t<meta property=\"og:image:width\" content=\"1024\" \/>\n\t<meta property=\"og:image:height\" content=\"683\" \/>\n\t<meta property=\"og:image:type\" content=\"image\/jpeg\" \/>\n<meta name=\"twitter:card\" content=\"summary_large_image\" \/>\n<meta name=\"twitter:site\" content=\"@Routedesgourmet\" \/>\n<meta name=\"twitter:label1\" content=\"Tiempo de lectura\" \/>\n\t<meta name=\"twitter:data1\" content=\"5 minutos\" \/>\n<script type=\"application\/ld+json\" class=\"yoast-schema-graph\">{\"@context\":\"https:\\\/\\\/schema.org\",\"@graph\":[{\"@type\":\"WebPage\",\"@id\":\"https:\\\/\\\/laroutedesgourmets.fr\\\/excursions-gourmandes-autour-de-paris\\\/excursion-gourmande-en-normandie\\\/\",\"url\":\"https:\\\/\\\/laroutedesgourmets.fr\\\/excursions-gourmandes-autour-de-paris\\\/excursion-gourmande-en-normandie\\\/\",\"name\":\"Circuito gourmet en Normand\u00eda con gu\u00eda y salida de Par\u00eds\",\"isPartOf\":{\"@id\":\"https:\\\/\\\/laroutedesgourmets.fr\\\/#website\"},\"primaryImageOfPage\":{\"@id\":\"https:\\\/\\\/laroutedesgourmets.fr\\\/excursions-gourmandes-autour-de-paris\\\/excursion-gourmande-en-normandie\\\/#primaryimage\"},\"image\":{\"@id\":\"https:\\\/\\\/laroutedesgourmets.fr\\\/excursions-gourmandes-autour-de-paris\\\/excursion-gourmande-en-normandie\\\/#primaryimage\"},\"thumbnailUrl\":\"https:\\\/\\\/laroutedesgourmets.fr\\\/wp-content\\\/uploads\\\/2013\\\/07\\\/p_6_9_8_698-Excursion-gourmande-en-Normandie.jpg\",\"datePublished\":\"2022-05-03T15:04:19+00:00\",\"dateModified\":\"2024-07-08T16:04:59+00:00\",\"description\":\"Circuito gastron\u00f3mico en Normand\u00eda con salida desde Par\u00eds: degustaci\u00f3n de productos locales y gu\u00eda privado inolvidable!\",\"breadcrumb\":{\"@id\":\"https:\\\/\\\/laroutedesgourmets.fr\\\/excursions-gourmandes-autour-de-paris\\\/excursion-gourmande-en-normandie\\\/#breadcrumb\"},\"inLanguage\":\"es\",\"potentialAction\":[{\"@type\":\"ReadAction\",\"target\":[\"https:\\\/\\\/laroutedesgourmets.fr\\\/excursions-gourmandes-autour-de-paris\\\/excursion-gourmande-en-normandie\\\/\"]}]},{\"@type\":\"ImageObject\",\"inLanguage\":\"es\",\"@id\":\"https:\\\/\\\/laroutedesgourmets.fr\\\/excursions-gourmandes-autour-de-paris\\\/excursion-gourmande-en-normandie\\\/#primaryimage\",\"url\":\"https:\\\/\\\/laroutedesgourmets.fr\\\/wp-content\\\/uploads\\\/2013\\\/07\\\/p_6_9_8_698-Excursion-gourmande-en-Normandie.jpg\",\"contentUrl\":\"https:\\\/\\\/laroutedesgourmets.fr\\\/wp-content\\\/uploads\\\/2013\\\/07\\\/p_6_9_8_698-Excursion-gourmande-en-Normandie.jpg\",\"width\":1800,\"height\":1200},{\"@type\":\"BreadcrumbList\",\"@id\":\"https:\\\/\\\/laroutedesgourmets.fr\\\/excursions-gourmandes-autour-de-paris\\\/excursion-gourmande-en-normandie\\\/#breadcrumb\",\"itemListElement\":[{\"@type\":\"ListItem\",\"position\":1,\"name\":\"Visites gourmandes \u00e0 Paris\",\"item\":\"https:\\\/\\\/laroutedesgourmets.fr\\\/visites-guidees\\\/\"},{\"@type\":\"ListItem\",\"position\":2,\"name\":\"Excursi\u00f3n gastron\u00f3mica en Normand\u00eda\"}]},{\"@type\":\"WebSite\",\"@id\":\"https:\\\/\\\/laroutedesgourmets.fr\\\/#website\",\"url\":\"https:\\\/\\\/laroutedesgourmets.fr\\\/\",\"name\":\"La Route des Gourmets\",\"description\":\"Agence de tourisme gastronomique\",\"publisher\":{\"@id\":\"https:\\\/\\\/laroutedesgourmets.fr\\\/#organization\"},\"potentialAction\":[{\"@type\":\"SearchAction\",\"target\":{\"@type\":\"EntryPoint\",\"urlTemplate\":\"https:\\\/\\\/laroutedesgourmets.fr\\\/?s={search_term_string}\"},\"query-input\":{\"@type\":\"PropertyValueSpecification\",\"valueRequired\":true,\"valueName\":\"search_term_string\"}}],\"inLanguage\":\"es\"},{\"@type\":\"Organization\",\"@id\":\"https:\\\/\\\/laroutedesgourmets.fr\\\/#organization\",\"name\":\"La Route des Gourmets\",\"url\":\"https:\\\/\\\/laroutedesgourmets.fr\\\/\",\"logo\":{\"@type\":\"ImageObject\",\"inLanguage\":\"es\",\"@id\":\"https:\\\/\\\/laroutedesgourmets.fr\\\/#\\\/schema\\\/logo\\\/image\\\/\",\"url\":\"https:\\\/\\\/laroutedesgourmets.fr\\\/wp-content\\\/uploads\\\/2023\\\/12\\\/laroutedesgourmets-sigle-cadre-S-b.png\",\"contentUrl\":\"https:\\\/\\\/laroutedesgourmets.fr\\\/wp-content\\\/uploads\\\/2023\\\/12\\\/laroutedesgourmets-sigle-cadre-S-b.png\",\"width\":445,\"height\":445,\"caption\":\"La Route des Gourmets\"},\"image\":{\"@id\":\"https:\\\/\\\/laroutedesgourmets.fr\\\/#\\\/schema\\\/logo\\\/image\\\/\"},\"sameAs\":[\"http:\\\/\\\/www.facebook.com\\\/laroutedesgourmets\",\"https:\\\/\\\/x.com\\\/Routedesgourmet\",\"https:\\\/\\\/www.instagram.com\\\/laroutedesgourmets\"],\"email\":\"infos@laroutedesgourmets.fr\",\"telephone\":\"+33139473279\"}]}<\/script>\n<!-- \/ Yoast SEO Premium plugin. -->","yoast_head_json":{"title":"Circuito gourmet en Normand\u00eda con gu\u00eda y salida de Par\u00eds","description":"Circuito gastron\u00f3mico en Normand\u00eda con salida desde Par\u00eds: degustaci\u00f3n de productos locales y gu\u00eda privado inolvidable!","robots":{"index":"index","follow":"follow","max-snippet":"max-snippet:-1","max-image-preview":"max-image-preview:large","max-video-preview":"max-video-preview:-1"},"canonical":"https:\/\/laroutedesgourmets.fr\/excursions-gourmandes-autour-de-paris\/excursion-gourmande-en-normandie\/","og_locale":"es_ES","og_type":"article","og_title":"Circuito gourmet en Normand\u00eda con gu\u00eda y salida de Par\u00eds","og_description":"Circuito gastron\u00f3mico en Normand\u00eda con salida desde Par\u00eds: degustaci\u00f3n de productos locales y gu\u00eda privado inolvidable!","og_url":"https:\/\/laroutedesgourmets.fr\/excursions-gourmandes-autour-de-paris\/excursion-gourmande-en-normandie\/","og_site_name":"La Route des Gourmets","article_publisher":"http:\/\/www.facebook.com\/laroutedesgourmets","article_modified_time":"2024-07-08T16:04:59+00:00","og_image":[{"width":1024,"height":683,"url":"https:\/\/laroutedesgourmets.fr\/wp-content\/uploads\/2013\/07\/p_6_9_8_698-Excursion-gourmande-en-Normandie-1024x683.jpg","type":"image\/jpeg"}],"twitter_card":"summary_large_image","twitter_site":"@Routedesgourmet","twitter_misc":{"Tiempo de lectura":"5 minutos"},"schema":{"@context":"https:\/\/schema.org","@graph":[{"@type":"WebPage","@id":"https:\/\/laroutedesgourmets.fr\/excursions-gourmandes-autour-de-paris\/excursion-gourmande-en-normandie\/","url":"https:\/\/laroutedesgourmets.fr\/excursions-gourmandes-autour-de-paris\/excursion-gourmande-en-normandie\/","name":"Circuito gourmet en Normand\u00eda con gu\u00eda y salida de Par\u00eds","isPartOf":{"@id":"https:\/\/laroutedesgourmets.fr\/#website"},"primaryImageOfPage":{"@id":"https:\/\/laroutedesgourmets.fr\/excursions-gourmandes-autour-de-paris\/excursion-gourmande-en-normandie\/#primaryimage"},"image":{"@id":"https:\/\/laroutedesgourmets.fr\/excursions-gourmandes-autour-de-paris\/excursion-gourmande-en-normandie\/#primaryimage"},"thumbnailUrl":"https:\/\/laroutedesgourmets.fr\/wp-content\/uploads\/2013\/07\/p_6_9_8_698-Excursion-gourmande-en-Normandie.jpg","datePublished":"2022-05-03T15:04:19+00:00","dateModified":"2024-07-08T16:04:59+00:00","description":"Circuito gastron\u00f3mico en Normand\u00eda con salida desde Par\u00eds: degustaci\u00f3n de productos locales y gu\u00eda privado inolvidable!","breadcrumb":{"@id":"https:\/\/laroutedesgourmets.fr\/excursions-gourmandes-autour-de-paris\/excursion-gourmande-en-normandie\/#breadcrumb"},"inLanguage":"es","potentialAction":[{"@type":"ReadAction","target":["https:\/\/laroutedesgourmets.fr\/excursions-gourmandes-autour-de-paris\/excursion-gourmande-en-normandie\/"]}]},{"@type":"ImageObject","inLanguage":"es","@id":"https:\/\/laroutedesgourmets.fr\/excursions-gourmandes-autour-de-paris\/excursion-gourmande-en-normandie\/#primaryimage","url":"https:\/\/laroutedesgourmets.fr\/wp-content\/uploads\/2013\/07\/p_6_9_8_698-Excursion-gourmande-en-Normandie.jpg","contentUrl":"https:\/\/laroutedesgourmets.fr\/wp-content\/uploads\/2013\/07\/p_6_9_8_698-Excursion-gourmande-en-Normandie.jpg","width":1800,"height":1200},{"@type":"BreadcrumbList","@id":"https:\/\/laroutedesgourmets.fr\/excursions-gourmandes-autour-de-paris\/excursion-gourmande-en-normandie\/#breadcrumb","itemListElement":[{"@type":"ListItem","position":1,"name":"Visites gourmandes \u00e0 Paris","item":"https:\/\/laroutedesgourmets.fr\/visites-guidees\/"},{"@type":"ListItem","position":2,"name":"Excursi\u00f3n gastron\u00f3mica en Normand\u00eda"}]},{"@type":"WebSite","@id":"https:\/\/laroutedesgourmets.fr\/#website","url":"https:\/\/laroutedesgourmets.fr\/","name":"La Route des Gourmets","description":"Agence de tourisme gastronomique","publisher":{"@id":"https:\/\/laroutedesgourmets.fr\/#organization"},"potentialAction":[{"@type":"SearchAction","target":{"@type":"EntryPoint","urlTemplate":"https:\/\/laroutedesgourmets.fr\/?s={search_term_string}"},"query-input":{"@type":"PropertyValueSpecification","valueRequired":true,"valueName":"search_term_string"}}],"inLanguage":"es"},{"@type":"Organization","@id":"https:\/\/laroutedesgourmets.fr\/#organization","name":"La Route des Gourmets","url":"https:\/\/laroutedesgourmets.fr\/","logo":{"@type":"ImageObject","inLanguage":"es","@id":"https:\/\/laroutedesgourmets.fr\/#\/schema\/logo\/image\/","url":"https:\/\/laroutedesgourmets.fr\/wp-content\/uploads\/2023\/12\/laroutedesgourmets-sigle-cadre-S-b.png","contentUrl":"https:\/\/laroutedesgourmets.fr\/wp-content\/uploads\/2023\/12\/laroutedesgourmets-sigle-cadre-S-b.png","width":445,"height":445,"caption":"La Route des Gourmets"},"image":{"@id":"https:\/\/laroutedesgourmets.fr\/#\/schema\/logo\/image\/"},"sameAs":["http:\/\/www.facebook.com\/laroutedesgourmets","https:\/\/x.com\/Routedesgourmet","https:\/\/www.instagram.com\/laroutedesgourmets"],"email":"infos@laroutedesgourmets.fr","telephone":"+33139473279"}]}},"_links":{"self":[{"href":"https:\/\/laroutedesgourmets.fr\/es\/wp-json\/wp\/v2\/product\/1170","targetHints":{"allow":["GET"]}}],"collection":[{"href":"https:\/\/laroutedesgourmets.fr\/es\/wp-json\/wp\/v2\/product"}],"about":[{"href":"https:\/\/laroutedesgourmets.fr\/es\/wp-json\/wp\/v2\/types\/product"}],"wp:featuredmedia":[{"embeddable":true,"href":"https:\/\/laroutedesgourmets.fr\/es\/wp-json\/wp\/v2\/media\/1137"}],"wp:attachment":[{"href":"https:\/\/laroutedesgourmets.fr\/es\/wp-json\/wp\/v2\/media?parent=1170"}],"wp:term":[{"taxonomy":"product_brand","embeddable":true,"href":"https:\/\/laroutedesgourmets.fr\/es\/wp-json\/wp\/v2\/product_brand?post=1170"},{"taxonomy":"product_cat","embeddable":true,"href":"https:\/\/laroutedesgourmets.fr\/es\/wp-json\/wp\/v2\/product_cat?post=1170"},{"taxonomy":"product_tag","embeddable":true,"href":"https:\/\/laroutedesgourmets.fr\/es\/wp-json\/wp\/v2\/product_tag?post=1170"}],"curies":[{"name":"wp","href":"https:\/\/api.w.org\/{rel}","templated":true}]}}