{"id":1197,"date":"2013-08-01T11:26:14","date_gmt":"2013-08-01T09:26:14","guid":{"rendered":"https:\/\/v3.laroutedesgourmets.fr\/produit\/degustacion-de-champagne-paris\/"},"modified":"2025-04-21T19:08:35","modified_gmt":"2025-04-21T17:08:35","slug":"degustacion-de-champagne-paris","status":"publish","type":"product","link":"https:\/\/laroutedesgourmets.fr\/es\/actividades-gastronomicas-en-paris-es\/talleres-de-degustacion-en-paris-es\/degustacion-de-champagne-paris\/","title":{"rendered":"Degustaci\u00f3n de Champagne en Paris"},"content":{"rendered":"<h2 style=\"text-align: center;\">Degustaci\u00f3n de Champagne en Paris<\/h2>\n<p style=\"text-align: justify;\">La degustaci\u00f3n de Champagne en Paris se desarrollar\u00e1 en el coraz\u00f3n del barrio Latino,\u00a0en la Casa del Champagne, que es un magn\u00edfico espacio dedicado a esta bebida excepcional.<\/p>\n<p style=\"text-align: justify;\">La propietaria del lugar, heredera de esta tradici\u00f3n vitivin\u00edcola desde varias generaciones, le acoge en una bodega abovedada para catar una selecci\u00f3n de 4 Champagnes. Su objetivo es hacerle descubrir diversos champagnes raros y aut\u00e9nticos producidos por explotaciones independientes manejadas por verdaderos artesanos de los vi\u00f1edos.<\/p>\n<p style=\"text-align: justify;\">Durante esta degustaci\u00f3n de Champagnes en Paris usted disfrutar\u00e1 de las sutilidades de esta bebida, descubrir\u00e1 el terru\u00f1o, sus cepas y los m\u00e9todos de vinificaci\u00f3n\u2026 Usted descubrir\u00e1 las 4 regiones a las que se extiende la denominaci\u00f3n geogr\u00e1fica del \u201cChampagne\u201d, lugares de predilecci\u00f3n de las cepas Pinot noir (38%), Meunier (34%) y Chardonnay (28%).<\/p>\n<p style=\"text-align: justify;\">Una experta en Champagne le presentar\u00e1 diferentes maridajes de platillos y Champagne, porque este vino espumoso puede perfectamente acompa\u00f1ar los diferentes momentos de la comida.<\/p>\n<h3 style=\"text-align: justify;\">Este taller de degustaci\u00f3n incluye :<\/h3>\n<ul style=\"text-align: justify;\">\n<li>Una cata que incluye 4 copas de champagne de diferentes terru\u00f1os por persona<\/li>\n<li>Las explicaciones de la experta de la Casa del Champagne.<\/li>\n<\/ul>\n<h3 style=\"text-align: justify;\">Opci\u00f3n complementaria \u00abcomida\u00bb :<\/h3>\n<p style=\"text-align: justify;\">Puede agregar la opci\u00f3n \u00abdesayuno completo\u00bb (+29\u20ac) si desea una degustaci\u00f3n a la hora de la comida. Este paquete incluye 1 entrada ( canap\u00e9s de pescado), un plato de carnes fr\u00edas y quesos franceses y 1 postre.<\/p>\n<h3 style=\"text-align: justify;\">Informaciones pr\u00e1cticas :<\/h3>\n<ul>\n<li style=\"text-align: justify;\"><strong>Duraci\u00f3n<\/strong>: 1h30<\/li>\n<li style=\"text-align: justify;\"><strong>M\u00ednimo<\/strong>: 2 personas<\/li>\n<li style=\"text-align: justify;\"><strong>P\u00fablicos<\/strong>: actividad enol\u00f3gica adaptada a individuales o grupos hasta 20 personas.<\/li>\n<li style=\"text-align: justify;\"><strong>La direcci\u00f3n de la degustaci\u00f3n:<\/strong> ser\u00e1 comunicada \u00fanicamente despu\u00e9s de la confirmaci\u00f3n del pedido.<\/li>\n<li style=\"text-align: justify;\"><strong>Horarios<\/strong>: la degustaci\u00f3n tendr\u00e1 lugar a la hora de su preferencia dentro de los d\u00edas y horarios \u00a0siguientes:\n<ul>\n<li style=\"text-align: justify;\">de los mi\u00e9rcoles a s\u00e1bados a 12h (por la option con comida unicamente), 15h o 17h<\/li>\n<\/ul>\n<\/li>\n<li style=\"text-align: justify;\"><b>Idioma<\/b>: taller en franc\u00e9s o ingl\u00e9s.<\/li>\n<li style=\"text-align: justify;\"><strong>Bono de Regalo<\/strong>: Es posible ofrecer esta visita en forma de un bono de regalo: Haga clic sobre el bot\u00f3n \u201cCOMPRAR SIN FECHA\u201d. Le enviaremos el bono de regalo por mail. Este bono de regalo es v\u00e1lido por una duraci\u00f3n de 1 ano a partir de la fecha de su compra y no es reembolsable.<\/li>\n<li style=\"text-align: justify;\"><strong>Validez y condiciones de anulaci\u00f3n<\/strong>: Las ordenes no son consideradas como confirmadas que despu\u00e9s recepci\u00f3n del pago. Por los ordenes con fecha: el reembolso de la prestaci\u00f3n en caso de anulaci\u00f3n es total si la anulaci\u00f3n se realiza 3 semanas antes de la fecha reservada, de la mitad si la anulaci\u00f3n se realiza en el periodo de 2 semanas antes la fecha reservada, ning\u00fan reembolso se realiza a una semana de la fecha reservada.<\/li>\n<\/ul>\n","protected":false},"excerpt":{"rendered":"<p>La Route des Gourmets le propone una degustaci\u00f3n excepcional en\u00a0Par\u00eds. En la Casa del Champagne usted descubrir\u00e1 diversos terru\u00f1os a trav\u00e9s de la cata de Champagnes y disfrutar\u00e1 de los m\u00e1s adecuados maridajes de platillos con esta prestigiosa bebida.<\/p>\n","protected":false},"featured_media":9145,"template":"","meta":{"inline_featured_image":false,"neve_meta_sidebar":"","neve_meta_container":"","neve_meta_enable_content_width":"off","neve_meta_content_width":100,"neve_meta_title_alignment":"","neve_meta_author_avatar":"","neve_post_elements_order":"","neve_meta_disable_header":"","neve_meta_disable_footer":"","neve_meta_disable_title":""},"product_brand":[],"product_cat":[190,208],"product_tag":[],"class_list":{"0":"post-1197","1":"product","2":"type-product","3":"status-publish","4":"has-post-thumbnail","6":"product_cat-actividades-gastronomicas-en-paris-es","7":"product_cat-talleres-de-degustacion-en-paris-es","9":"first","10":"instock","11":"taxable","12":"shipping-taxable","13":"purchasable","14":"product-type-simple"},"yoast_head":"<!-- This site is optimized with the Yoast SEO Premium plugin v27.4 (Yoast SEO v27.4) - https:\/\/yoast.com\/product\/yoast-seo-premium-wordpress\/ -->\n<title>Taller de degustaci\u00f3n de Champagne en Par\u00eds<\/title>\n<meta name=\"description\" content=\"Saborea esta degustaci\u00f3n de Champagne excepcional en una bodega abovedada en Par\u00eds incluyendo 4 copas por persona y la possibilidad de comer\" \/>\n<meta name=\"robots\" content=\"index, follow, max-snippet:-1, max-image-preview:large, max-video-preview:-1\" \/>\n<link rel=\"canonical\" href=\"https:\/\/laroutedesgourmets.fr\/es\/actividades-gastronomicas-en-paris-es\/degustacion-de-champagne-paris\/\" \/>\n<meta property=\"og:locale\" content=\"es_ES\" \/>\n<meta property=\"og:type\" content=\"article\" \/>\n<meta property=\"og:title\" content=\"Taller de degustaci\u00f3n de Champagne en Par\u00eds\" \/>\n<meta property=\"og:description\" content=\"Saborea esta degustaci\u00f3n de Champagne excepcional en una bodega abovedada en Par\u00eds incluyendo 4 copas por persona y la possibilidad de comer\" \/>\n<meta property=\"og:url\" content=\"https:\/\/laroutedesgourmets.fr\/es\/actividades-gastronomicas-en-paris-es\/degustacion-de-champagne-paris\/\" \/>\n<meta property=\"og:site_name\" content=\"La Route des Gourmets\" \/>\n<meta property=\"article:publisher\" content=\"http:\/\/www.facebook.com\/laroutedesgourmets\" \/>\n<meta property=\"article:modified_time\" content=\"2025-04-21T17:08:35+00:00\" \/>\n<meta property=\"og:image\" content=\"https:\/\/laroutedesgourmets.fr\/wp-content\/uploads\/2013\/08\/iStock-545346326-scaled.jpg\" \/>\n\t<meta property=\"og:image:width\" content=\"2560\" \/>\n\t<meta property=\"og:image:height\" content=\"1706\" \/>\n\t<meta property=\"og:image:type\" content=\"image\/jpeg\" \/>\n<meta name=\"twitter:card\" content=\"summary_large_image\" \/>\n<meta name=\"twitter:site\" content=\"@Routedesgourmet\" \/>\n<meta name=\"twitter:label1\" content=\"Tiempo de lectura\" \/>\n\t<meta name=\"twitter:data1\" content=\"4 minutos\" \/>\n<script type=\"application\/ld+json\" class=\"yoast-schema-graph\">{\"@context\":\"https:\\\/\\\/schema.org\",\"@graph\":[{\"@type\":\"WebPage\",\"@id\":\"https:\\\/\\\/laroutedesgourmets.fr\\\/es\\\/actividades-gastronomicas-en-paris-es\\\/degustacion-de-champagne-paris\\\/\",\"url\":\"https:\\\/\\\/laroutedesgourmets.fr\\\/es\\\/actividades-gastronomicas-en-paris-es\\\/degustacion-de-champagne-paris\\\/\",\"name\":\"Taller de degustaci\u00f3n de Champagne en Par\u00eds\",\"isPartOf\":{\"@id\":\"https:\\\/\\\/laroutedesgourmets.fr\\\/#website\"},\"primaryImageOfPage\":{\"@id\":\"https:\\\/\\\/laroutedesgourmets.fr\\\/es\\\/actividades-gastronomicas-en-paris-es\\\/degustacion-de-champagne-paris\\\/#primaryimage\"},\"image\":{\"@id\":\"https:\\\/\\\/laroutedesgourmets.fr\\\/es\\\/actividades-gastronomicas-en-paris-es\\\/degustacion-de-champagne-paris\\\/#primaryimage\"},\"thumbnailUrl\":\"https:\\\/\\\/laroutedesgourmets.fr\\\/wp-content\\\/uploads\\\/2013\\\/08\\\/iStock-545346326-scaled.jpg\",\"datePublished\":\"2013-08-01T09:26:14+00:00\",\"dateModified\":\"2025-04-21T17:08:35+00:00\",\"description\":\"Saborea esta degustaci\u00f3n de Champagne excepcional en una bodega abovedada en Par\u00eds incluyendo 4 copas por persona y la possibilidad de comer\",\"breadcrumb\":{\"@id\":\"https:\\\/\\\/laroutedesgourmets.fr\\\/es\\\/actividades-gastronomicas-en-paris-es\\\/degustacion-de-champagne-paris\\\/#breadcrumb\"},\"inLanguage\":\"es\",\"potentialAction\":[{\"@type\":\"ReadAction\",\"target\":[\"https:\\\/\\\/laroutedesgourmets.fr\\\/es\\\/actividades-gastronomicas-en-paris-es\\\/degustacion-de-champagne-paris\\\/\"]}]},{\"@type\":\"ImageObject\",\"inLanguage\":\"es\",\"@id\":\"https:\\\/\\\/laroutedesgourmets.fr\\\/es\\\/actividades-gastronomicas-en-paris-es\\\/degustacion-de-champagne-paris\\\/#primaryimage\",\"url\":\"https:\\\/\\\/laroutedesgourmets.fr\\\/wp-content\\\/uploads\\\/2013\\\/08\\\/iStock-545346326-scaled.jpg\",\"contentUrl\":\"https:\\\/\\\/laroutedesgourmets.fr\\\/wp-content\\\/uploads\\\/2013\\\/08\\\/iStock-545346326-scaled.jpg\",\"width\":2560,\"height\":1706,\"caption\":\"Professional male waiter in uniform serving champagne. DOF. Natural light. Photo in motion\"},{\"@type\":\"BreadcrumbList\",\"@id\":\"https:\\\/\\\/laroutedesgourmets.fr\\\/es\\\/actividades-gastronomicas-en-paris-es\\\/degustacion-de-champagne-paris\\\/#breadcrumb\",\"itemListElement\":[{\"@type\":\"ListItem\",\"position\":1,\"name\":\"Visites gourmandes \u00e0 Paris\",\"item\":\"https:\\\/\\\/laroutedesgourmets.fr\\\/visites-guidees\\\/\"},{\"@type\":\"ListItem\",\"position\":2,\"name\":\"Degustaci\u00f3n de Champagne en Paris\"}]},{\"@type\":\"WebSite\",\"@id\":\"https:\\\/\\\/laroutedesgourmets.fr\\\/#website\",\"url\":\"https:\\\/\\\/laroutedesgourmets.fr\\\/\",\"name\":\"La Route des Gourmets\",\"description\":\"Agence de tourisme gastronomique\",\"publisher\":{\"@id\":\"https:\\\/\\\/laroutedesgourmets.fr\\\/#organization\"},\"potentialAction\":[{\"@type\":\"SearchAction\",\"target\":{\"@type\":\"EntryPoint\",\"urlTemplate\":\"https:\\\/\\\/laroutedesgourmets.fr\\\/?s={search_term_string}\"},\"query-input\":{\"@type\":\"PropertyValueSpecification\",\"valueRequired\":true,\"valueName\":\"search_term_string\"}}],\"inLanguage\":\"es\"},{\"@type\":\"Organization\",\"@id\":\"https:\\\/\\\/laroutedesgourmets.fr\\\/#organization\",\"name\":\"La Route des Gourmets\",\"url\":\"https:\\\/\\\/laroutedesgourmets.fr\\\/\",\"logo\":{\"@type\":\"ImageObject\",\"inLanguage\":\"es\",\"@id\":\"https:\\\/\\\/laroutedesgourmets.fr\\\/#\\\/schema\\\/logo\\\/image\\\/\",\"url\":\"https:\\\/\\\/laroutedesgourmets.fr\\\/wp-content\\\/uploads\\\/2023\\\/12\\\/laroutedesgourmets-sigle-cadre-S-b.png\",\"contentUrl\":\"https:\\\/\\\/laroutedesgourmets.fr\\\/wp-content\\\/uploads\\\/2023\\\/12\\\/laroutedesgourmets-sigle-cadre-S-b.png\",\"width\":445,\"height\":445,\"caption\":\"La Route des Gourmets\"},\"image\":{\"@id\":\"https:\\\/\\\/laroutedesgourmets.fr\\\/#\\\/schema\\\/logo\\\/image\\\/\"},\"sameAs\":[\"http:\\\/\\\/www.facebook.com\\\/laroutedesgourmets\",\"https:\\\/\\\/x.com\\\/Routedesgourmet\",\"https:\\\/\\\/www.instagram.com\\\/laroutedesgourmets\"],\"email\":\"infos@laroutedesgourmets.fr\",\"telephone\":\"+33139473279\"}]}<\/script>\n<!-- \/ Yoast SEO Premium plugin. -->","yoast_head_json":{"title":"Taller de degustaci\u00f3n de Champagne en Par\u00eds","description":"Saborea esta degustaci\u00f3n de Champagne excepcional en una bodega abovedada en Par\u00eds incluyendo 4 copas por persona y la possibilidad de comer","robots":{"index":"index","follow":"follow","max-snippet":"max-snippet:-1","max-image-preview":"max-image-preview:large","max-video-preview":"max-video-preview:-1"},"canonical":"https:\/\/laroutedesgourmets.fr\/es\/actividades-gastronomicas-en-paris-es\/degustacion-de-champagne-paris\/","og_locale":"es_ES","og_type":"article","og_title":"Taller de degustaci\u00f3n de Champagne en Par\u00eds","og_description":"Saborea esta degustaci\u00f3n de Champagne excepcional en una bodega abovedada en Par\u00eds incluyendo 4 copas por persona y la possibilidad de comer","og_url":"https:\/\/laroutedesgourmets.fr\/es\/actividades-gastronomicas-en-paris-es\/degustacion-de-champagne-paris\/","og_site_name":"La Route des Gourmets","article_publisher":"http:\/\/www.facebook.com\/laroutedesgourmets","article_modified_time":"2025-04-21T17:08:35+00:00","og_image":[{"width":2560,"height":1706,"url":"https:\/\/laroutedesgourmets.fr\/wp-content\/uploads\/2013\/08\/iStock-545346326-scaled.jpg","type":"image\/jpeg"}],"twitter_card":"summary_large_image","twitter_site":"@Routedesgourmet","twitter_misc":{"Tiempo de lectura":"4 minutos"},"schema":{"@context":"https:\/\/schema.org","@graph":[{"@type":"WebPage","@id":"https:\/\/laroutedesgourmets.fr\/es\/actividades-gastronomicas-en-paris-es\/degustacion-de-champagne-paris\/","url":"https:\/\/laroutedesgourmets.fr\/es\/actividades-gastronomicas-en-paris-es\/degustacion-de-champagne-paris\/","name":"Taller de degustaci\u00f3n de Champagne en Par\u00eds","isPartOf":{"@id":"https:\/\/laroutedesgourmets.fr\/#website"},"primaryImageOfPage":{"@id":"https:\/\/laroutedesgourmets.fr\/es\/actividades-gastronomicas-en-paris-es\/degustacion-de-champagne-paris\/#primaryimage"},"image":{"@id":"https:\/\/laroutedesgourmets.fr\/es\/actividades-gastronomicas-en-paris-es\/degustacion-de-champagne-paris\/#primaryimage"},"thumbnailUrl":"https:\/\/laroutedesgourmets.fr\/wp-content\/uploads\/2013\/08\/iStock-545346326-scaled.jpg","datePublished":"2013-08-01T09:26:14+00:00","dateModified":"2025-04-21T17:08:35+00:00","description":"Saborea esta degustaci\u00f3n de Champagne excepcional en una bodega abovedada en Par\u00eds incluyendo 4 copas por persona y la possibilidad de comer","breadcrumb":{"@id":"https:\/\/laroutedesgourmets.fr\/es\/actividades-gastronomicas-en-paris-es\/degustacion-de-champagne-paris\/#breadcrumb"},"inLanguage":"es","potentialAction":[{"@type":"ReadAction","target":["https:\/\/laroutedesgourmets.fr\/es\/actividades-gastronomicas-en-paris-es\/degustacion-de-champagne-paris\/"]}]},{"@type":"ImageObject","inLanguage":"es","@id":"https:\/\/laroutedesgourmets.fr\/es\/actividades-gastronomicas-en-paris-es\/degustacion-de-champagne-paris\/#primaryimage","url":"https:\/\/laroutedesgourmets.fr\/wp-content\/uploads\/2013\/08\/iStock-545346326-scaled.jpg","contentUrl":"https:\/\/laroutedesgourmets.fr\/wp-content\/uploads\/2013\/08\/iStock-545346326-scaled.jpg","width":2560,"height":1706,"caption":"Professional male waiter in uniform serving champagne. DOF. Natural light. Photo in motion"},{"@type":"BreadcrumbList","@id":"https:\/\/laroutedesgourmets.fr\/es\/actividades-gastronomicas-en-paris-es\/degustacion-de-champagne-paris\/#breadcrumb","itemListElement":[{"@type":"ListItem","position":1,"name":"Visites gourmandes \u00e0 Paris","item":"https:\/\/laroutedesgourmets.fr\/visites-guidees\/"},{"@type":"ListItem","position":2,"name":"Degustaci\u00f3n de Champagne en Paris"}]},{"@type":"WebSite","@id":"https:\/\/laroutedesgourmets.fr\/#website","url":"https:\/\/laroutedesgourmets.fr\/","name":"La Route des Gourmets","description":"Agence de tourisme gastronomique","publisher":{"@id":"https:\/\/laroutedesgourmets.fr\/#organization"},"potentialAction":[{"@type":"SearchAction","target":{"@type":"EntryPoint","urlTemplate":"https:\/\/laroutedesgourmets.fr\/?s={search_term_string}"},"query-input":{"@type":"PropertyValueSpecification","valueRequired":true,"valueName":"search_term_string"}}],"inLanguage":"es"},{"@type":"Organization","@id":"https:\/\/laroutedesgourmets.fr\/#organization","name":"La Route des Gourmets","url":"https:\/\/laroutedesgourmets.fr\/","logo":{"@type":"ImageObject","inLanguage":"es","@id":"https:\/\/laroutedesgourmets.fr\/#\/schema\/logo\/image\/","url":"https:\/\/laroutedesgourmets.fr\/wp-content\/uploads\/2023\/12\/laroutedesgourmets-sigle-cadre-S-b.png","contentUrl":"https:\/\/laroutedesgourmets.fr\/wp-content\/uploads\/2023\/12\/laroutedesgourmets-sigle-cadre-S-b.png","width":445,"height":445,"caption":"La Route des Gourmets"},"image":{"@id":"https:\/\/laroutedesgourmets.fr\/#\/schema\/logo\/image\/"},"sameAs":["http:\/\/www.facebook.com\/laroutedesgourmets","https:\/\/x.com\/Routedesgourmet","https:\/\/www.instagram.com\/laroutedesgourmets"],"email":"infos@laroutedesgourmets.fr","telephone":"+33139473279"}]}},"_links":{"self":[{"href":"https:\/\/laroutedesgourmets.fr\/es\/wp-json\/wp\/v2\/product\/1197","targetHints":{"allow":["GET"]}}],"collection":[{"href":"https:\/\/laroutedesgourmets.fr\/es\/wp-json\/wp\/v2\/product"}],"about":[{"href":"https:\/\/laroutedesgourmets.fr\/es\/wp-json\/wp\/v2\/types\/product"}],"wp:featuredmedia":[{"embeddable":true,"href":"https:\/\/laroutedesgourmets.fr\/es\/wp-json\/wp\/v2\/media\/9145"}],"wp:attachment":[{"href":"https:\/\/laroutedesgourmets.fr\/es\/wp-json\/wp\/v2\/media?parent=1197"}],"wp:term":[{"taxonomy":"product_brand","embeddable":true,"href":"https:\/\/laroutedesgourmets.fr\/es\/wp-json\/wp\/v2\/product_brand?post=1197"},{"taxonomy":"product_cat","embeddable":true,"href":"https:\/\/laroutedesgourmets.fr\/es\/wp-json\/wp\/v2\/product_cat?post=1197"},{"taxonomy":"product_tag","embeddable":true,"href":"https:\/\/laroutedesgourmets.fr\/es\/wp-json\/wp\/v2\/product_tag?post=1197"}],"curies":[{"name":"wp","href":"https:\/\/api.w.org\/{rel}","templated":true}]}}