{"id":1227,"date":"2013-11-04T17:29:19","date_gmt":"2013-11-04T16:29:19","guid":{"rendered":"https:\/\/v3.laroutedesgourmets.fr\/produit\/visita-mercados-de-navidad-paris\/"},"modified":"2024-07-07T10:45:57","modified_gmt":"2024-07-07T08:45:57","slug":"visita-mercados-de-navidad-paris","status":"publish","type":"product","link":"https:\/\/laroutedesgourmets.fr\/es\/actividades-gastronomicas-en-paris-es\/paseos-gourmet-a-pie-en-paris-es\/visita-mercados-de-navidad-paris\/","title":{"rendered":"Visita de mercados de Navidad en Paris"},"content":{"rendered":"<h2>Visita guiada gourmet de los mercados de Navidad en Par\u00eds<\/h2>\n<p>En esta \u00e9poca de fin de a\u00f1o, el mercado de Navidad de Paris es un evento que le permitir\u00e1 conocer los productos tradicionales de la temporada navide\u00f1a.<\/p>\n<p>Nuestros gu\u00edas expertos en alimentaci\u00f3n lo invitan a descubrir la historia de las especialidades gastronom\u00edas preparadas para la ocasi\u00f3n de las fiestas de fin de a\u00f1o durante una caminata guiada a trav\u00e9s de los m\u00e1s mercados de Navidad en Par\u00eds como\u00a0el mercado de Saint-Germain de Pr\u00e8s.<\/p>\n<p>Hoy en d\u00eda la Navidad tiene tintes comerciales, pero antes que nada es una fiesta religiosa y familiar: A trav\u00e9s de la historia,\u00a0 cada regi\u00f3n de Francia, ha tenido diversas influencias y desarrollado sus propias costumbres y tradiciones para festejar la Navidad.<\/p>\n<p>Por medio de an\u00e9cdotas de mitos e historias fant\u00e1sticas, nuestro gu\u00eda le explicar\u00e1 el significado de los panes de Navidad, del pavo, de la tradici\u00f3n de los 13 postres en la mesa entre muchas otras, todo mientras degusta los mismos productos.<\/p>\n<p>Ideal durante un fin de semana en pareja o una salida familiar en Par\u00eds, esta visita guiada de los mercados de navidad de Par\u00eds es la ocasi\u00f3n ideal para mezclar el placer del gusto con la historia de las especialidades navide\u00f1as.<\/p>\n<h3>Esta prestaci\u00f3n comprende<\/h3>\n<ul>\n<li>El gu\u00eda privado especialista en cultura alimentaria<\/li>\n<li>La degustaci\u00f3n de productos regionales de temporada (vino caliente, te de navidad, chocolate, casta\u00f1as confitadas, etc.,)<\/li>\n<\/ul>\n<h3>Informaciones practicas<\/h3>\n<ul>\n<li><strong>Disponibilidad de la visita<\/strong>: Hivierno 2024-2025 ( ver calendario)<\/li>\n<li><strong>Horarios:\u00a0<\/strong>tour privado todo los dias de martes a viernes, a las 10h30 o 14h30<\/li>\n<li><strong>Duraci\u00f3n<\/strong>: 2h30<\/li>\n<li><strong>Idioma<\/strong>: visitas en franc\u00e9s, ingl\u00e9s, espa\u00f1ol (cons\u00faltenos por otros idiomas)<\/li>\n<li><strong>Punto de encuentro<\/strong>: a la puerta de la iglesia St Germain des pr\u00e9s, Place St Germain 75006 PARIS ( St Germain des pr\u00e9s metro estaci\u00f3n, linea 4)<\/li>\n<li><strong>Publico<\/strong>: visita adaptada a particulares, asociaciones, estudiantes y familias<\/li>\n<li><strong>Idiomas<\/strong>: franc\u00e9s, ingl\u00e9s y espa\u00f1ol (cons\u00faltenos por otros idiomas)<\/li>\n<li><strong>Recomendaciones<\/strong>: Prever zapatos c\u00f3modos para caminar y ropa caliente!<\/li>\n<li><strong>Tarifa de grupo<\/strong>: sobre solicitud previa a partir de 10 personas.<\/li>\n<li>Informaciones: <a href=\"mailto:infos@laroutedesgourmets.fr\">infos@laroutedesgourmets.fr<\/a><\/li>\n<li><strong>Validez y condiciones de anulaci\u00f3n<\/strong>: las \u00f3rdenes se consideran confirmadas una vez que el pago a sido recibido. El reembolso de la prestaci\u00f3n en caso de anulaci\u00f3n es total si la anulaci\u00f3n se realiza tres semanas antes de la fecha del circuito, de la mitad si la anulaci\u00f3n se realiza dentro de las 2 semanas previas a la fecha de la prestaci\u00f3n, ning\u00fan reembolso ser\u00e1 realizado si la anulaci\u00f3n se realiza a menos de una semana de la visita.<\/li>\n<\/ul>\n","protected":false},"excerpt":{"rendered":"<p>Durante las fiestas de fin de a\u00f1o, nuestros gu\u00edas expertos en alimentaci\u00f3n le proponen una vista gourmet guiada en los\u00a0mas bellos mercados de Navidad de Par\u00eds. Descubra la historia de las especialidades culinarias de Navidad y deg\u00fastelas.<\/p>\n","protected":false},"featured_media":8700,"template":"","meta":{"inline_featured_image":false,"neve_meta_sidebar":"","neve_meta_container":"","neve_meta_enable_content_width":"off","neve_meta_content_width":100,"neve_meta_title_alignment":"","neve_meta_author_avatar":"","neve_post_elements_order":"","neve_meta_disable_header":"","neve_meta_disable_footer":"","neve_meta_disable_title":""},"product_brand":[],"product_cat":[190,205,217],"product_tag":[],"class_list":{"0":"post-1227","1":"product","2":"type-product","3":"status-publish","4":"has-post-thumbnail","6":"product_cat-actividades-gastronomicas-en-paris-es","7":"product_cat-paseos-gourmet-a-pie-en-paris-es","8":"product_cat-visita-de-mercados-en-paris-es","10":"first","11":"instock","12":"taxable","13":"shipping-taxable","14":"purchasable","15":"product-type-simple"},"yoast_head":"<!-- This site is optimized with the Yoast SEO Premium plugin v27.4 (Yoast SEO v27.4) - https:\/\/yoast.com\/product\/yoast-seo-premium-wordpress\/ -->\n<title>Visita guiada gourmet de los mercados de Navidad en Par\u00eds<\/title>\n<meta name=\"description\" content=\"Visite los mercados de Navidad de Par\u00eds, deguste las especialidades culinarias de invierno y descubra la historia de costumbres y recetas ancestrales\" \/>\n<meta name=\"robots\" content=\"index, follow, max-snippet:-1, max-image-preview:large, max-video-preview:-1\" \/>\n<link rel=\"canonical\" href=\"https:\/\/laroutedesgourmets.fr\/es\/actividades-gastronomicas-en-paris-es\/visita-mercados-de-navidad-paris\/\" \/>\n<meta property=\"og:locale\" content=\"es_ES\" \/>\n<meta property=\"og:type\" content=\"article\" \/>\n<meta property=\"og:title\" content=\"Visita guiada gourmet de los mercados de Navidad en Par\u00eds\" \/>\n<meta property=\"og:description\" content=\"Visite los mercados de Navidad de Par\u00eds, deguste las especialidades culinarias de invierno y descubra la historia de costumbres y recetas ancestrales\" \/>\n<meta property=\"og:url\" content=\"https:\/\/laroutedesgourmets.fr\/es\/actividades-gastronomicas-en-paris-es\/visita-mercados-de-navidad-paris\/\" \/>\n<meta property=\"og:site_name\" content=\"La Route des Gourmets\" \/>\n<meta property=\"article:publisher\" content=\"http:\/\/www.facebook.com\/laroutedesgourmets\" \/>\n<meta property=\"article:modified_time\" content=\"2024-07-07T08:45:57+00:00\" \/>\n<meta property=\"og:image\" content=\"https:\/\/laroutedesgourmets.fr\/wp-content\/uploads\/2013\/11\/iStock-594037586.jpg\" \/>\n\t<meta property=\"og:image:width\" content=\"1254\" \/>\n\t<meta property=\"og:image:height\" content=\"836\" \/>\n\t<meta property=\"og:image:type\" content=\"image\/jpeg\" \/>\n<meta name=\"twitter:card\" content=\"summary_large_image\" \/>\n<meta name=\"twitter:site\" content=\"@Routedesgourmet\" \/>\n<meta name=\"twitter:label1\" content=\"Tiempo de lectura\" \/>\n\t<meta name=\"twitter:data1\" content=\"5 minutos\" \/>\n<script type=\"application\/ld+json\" class=\"yoast-schema-graph\">{\"@context\":\"https:\\\/\\\/schema.org\",\"@graph\":[{\"@type\":\"WebPage\",\"@id\":\"https:\\\/\\\/laroutedesgourmets.fr\\\/es\\\/actividades-gastronomicas-en-paris-es\\\/visita-mercados-de-navidad-paris\\\/\",\"url\":\"https:\\\/\\\/laroutedesgourmets.fr\\\/es\\\/actividades-gastronomicas-en-paris-es\\\/visita-mercados-de-navidad-paris\\\/\",\"name\":\"Visita guiada gourmet de los mercados de Navidad en Par\u00eds\",\"isPartOf\":{\"@id\":\"https:\\\/\\\/laroutedesgourmets.fr\\\/#website\"},\"primaryImageOfPage\":{\"@id\":\"https:\\\/\\\/laroutedesgourmets.fr\\\/es\\\/actividades-gastronomicas-en-paris-es\\\/visita-mercados-de-navidad-paris\\\/#primaryimage\"},\"image\":{\"@id\":\"https:\\\/\\\/laroutedesgourmets.fr\\\/es\\\/actividades-gastronomicas-en-paris-es\\\/visita-mercados-de-navidad-paris\\\/#primaryimage\"},\"thumbnailUrl\":\"https:\\\/\\\/laroutedesgourmets.fr\\\/wp-content\\\/uploads\\\/2013\\\/11\\\/iStock-594037586.jpg\",\"datePublished\":\"2013-11-04T16:29:19+00:00\",\"dateModified\":\"2024-07-07T08:45:57+00:00\",\"description\":\"Visite los mercados de Navidad de Par\u00eds, deguste las especialidades culinarias de invierno y descubra la historia de costumbres y recetas ancestrales\",\"breadcrumb\":{\"@id\":\"https:\\\/\\\/laroutedesgourmets.fr\\\/es\\\/actividades-gastronomicas-en-paris-es\\\/visita-mercados-de-navidad-paris\\\/#breadcrumb\"},\"inLanguage\":\"es\",\"potentialAction\":[{\"@type\":\"ReadAction\",\"target\":[\"https:\\\/\\\/laroutedesgourmets.fr\\\/es\\\/actividades-gastronomicas-en-paris-es\\\/visita-mercados-de-navidad-paris\\\/\"]}]},{\"@type\":\"ImageObject\",\"inLanguage\":\"es\",\"@id\":\"https:\\\/\\\/laroutedesgourmets.fr\\\/es\\\/actividades-gastronomicas-en-paris-es\\\/visita-mercados-de-navidad-paris\\\/#primaryimage\",\"url\":\"https:\\\/\\\/laroutedesgourmets.fr\\\/wp-content\\\/uploads\\\/2013\\\/11\\\/iStock-594037586.jpg\",\"contentUrl\":\"https:\\\/\\\/laroutedesgourmets.fr\\\/wp-content\\\/uploads\\\/2013\\\/11\\\/iStock-594037586.jpg\",\"width\":1254,\"height\":836,\"caption\":\"Happy young girl with caramel apple on a Parisian Christmas market with the Eiffel tower in the background during snowfall\"},{\"@type\":\"BreadcrumbList\",\"@id\":\"https:\\\/\\\/laroutedesgourmets.fr\\\/es\\\/actividades-gastronomicas-en-paris-es\\\/visita-mercados-de-navidad-paris\\\/#breadcrumb\",\"itemListElement\":[{\"@type\":\"ListItem\",\"position\":1,\"name\":\"Visites gourmandes \u00e0 Paris\",\"item\":\"https:\\\/\\\/laroutedesgourmets.fr\\\/visites-guidees\\\/\"},{\"@type\":\"ListItem\",\"position\":2,\"name\":\"Visita de mercados de Navidad en Paris\"}]},{\"@type\":\"WebSite\",\"@id\":\"https:\\\/\\\/laroutedesgourmets.fr\\\/#website\",\"url\":\"https:\\\/\\\/laroutedesgourmets.fr\\\/\",\"name\":\"La Route des Gourmets\",\"description\":\"Agence de tourisme gastronomique\",\"publisher\":{\"@id\":\"https:\\\/\\\/laroutedesgourmets.fr\\\/#organization\"},\"potentialAction\":[{\"@type\":\"SearchAction\",\"target\":{\"@type\":\"EntryPoint\",\"urlTemplate\":\"https:\\\/\\\/laroutedesgourmets.fr\\\/?s={search_term_string}\"},\"query-input\":{\"@type\":\"PropertyValueSpecification\",\"valueRequired\":true,\"valueName\":\"search_term_string\"}}],\"inLanguage\":\"es\"},{\"@type\":\"Organization\",\"@id\":\"https:\\\/\\\/laroutedesgourmets.fr\\\/#organization\",\"name\":\"La Route des Gourmets\",\"url\":\"https:\\\/\\\/laroutedesgourmets.fr\\\/\",\"logo\":{\"@type\":\"ImageObject\",\"inLanguage\":\"es\",\"@id\":\"https:\\\/\\\/laroutedesgourmets.fr\\\/#\\\/schema\\\/logo\\\/image\\\/\",\"url\":\"https:\\\/\\\/laroutedesgourmets.fr\\\/wp-content\\\/uploads\\\/2023\\\/12\\\/laroutedesgourmets-sigle-cadre-S-b.png\",\"contentUrl\":\"https:\\\/\\\/laroutedesgourmets.fr\\\/wp-content\\\/uploads\\\/2023\\\/12\\\/laroutedesgourmets-sigle-cadre-S-b.png\",\"width\":445,\"height\":445,\"caption\":\"La Route des Gourmets\"},\"image\":{\"@id\":\"https:\\\/\\\/laroutedesgourmets.fr\\\/#\\\/schema\\\/logo\\\/image\\\/\"},\"sameAs\":[\"http:\\\/\\\/www.facebook.com\\\/laroutedesgourmets\",\"https:\\\/\\\/x.com\\\/Routedesgourmet\",\"https:\\\/\\\/www.instagram.com\\\/laroutedesgourmets\"],\"email\":\"infos@laroutedesgourmets.fr\",\"telephone\":\"+33139473279\"}]}<\/script>\n<!-- \/ Yoast SEO Premium plugin. -->","yoast_head_json":{"title":"Visita guiada gourmet de los mercados de Navidad en Par\u00eds","description":"Visite los mercados de Navidad de Par\u00eds, deguste las especialidades culinarias de invierno y descubra la historia de costumbres y recetas ancestrales","robots":{"index":"index","follow":"follow","max-snippet":"max-snippet:-1","max-image-preview":"max-image-preview:large","max-video-preview":"max-video-preview:-1"},"canonical":"https:\/\/laroutedesgourmets.fr\/es\/actividades-gastronomicas-en-paris-es\/visita-mercados-de-navidad-paris\/","og_locale":"es_ES","og_type":"article","og_title":"Visita guiada gourmet de los mercados de Navidad en Par\u00eds","og_description":"Visite los mercados de Navidad de Par\u00eds, deguste las especialidades culinarias de invierno y descubra la historia de costumbres y recetas ancestrales","og_url":"https:\/\/laroutedesgourmets.fr\/es\/actividades-gastronomicas-en-paris-es\/visita-mercados-de-navidad-paris\/","og_site_name":"La Route des Gourmets","article_publisher":"http:\/\/www.facebook.com\/laroutedesgourmets","article_modified_time":"2024-07-07T08:45:57+00:00","og_image":[{"width":1254,"height":836,"url":"https:\/\/laroutedesgourmets.fr\/wp-content\/uploads\/2013\/11\/iStock-594037586.jpg","type":"image\/jpeg"}],"twitter_card":"summary_large_image","twitter_site":"@Routedesgourmet","twitter_misc":{"Tiempo de lectura":"5 minutos"},"schema":{"@context":"https:\/\/schema.org","@graph":[{"@type":"WebPage","@id":"https:\/\/laroutedesgourmets.fr\/es\/actividades-gastronomicas-en-paris-es\/visita-mercados-de-navidad-paris\/","url":"https:\/\/laroutedesgourmets.fr\/es\/actividades-gastronomicas-en-paris-es\/visita-mercados-de-navidad-paris\/","name":"Visita guiada gourmet de los mercados de Navidad en Par\u00eds","isPartOf":{"@id":"https:\/\/laroutedesgourmets.fr\/#website"},"primaryImageOfPage":{"@id":"https:\/\/laroutedesgourmets.fr\/es\/actividades-gastronomicas-en-paris-es\/visita-mercados-de-navidad-paris\/#primaryimage"},"image":{"@id":"https:\/\/laroutedesgourmets.fr\/es\/actividades-gastronomicas-en-paris-es\/visita-mercados-de-navidad-paris\/#primaryimage"},"thumbnailUrl":"https:\/\/laroutedesgourmets.fr\/wp-content\/uploads\/2013\/11\/iStock-594037586.jpg","datePublished":"2013-11-04T16:29:19+00:00","dateModified":"2024-07-07T08:45:57+00:00","description":"Visite los mercados de Navidad de Par\u00eds, deguste las especialidades culinarias de invierno y descubra la historia de costumbres y recetas ancestrales","breadcrumb":{"@id":"https:\/\/laroutedesgourmets.fr\/es\/actividades-gastronomicas-en-paris-es\/visita-mercados-de-navidad-paris\/#breadcrumb"},"inLanguage":"es","potentialAction":[{"@type":"ReadAction","target":["https:\/\/laroutedesgourmets.fr\/es\/actividades-gastronomicas-en-paris-es\/visita-mercados-de-navidad-paris\/"]}]},{"@type":"ImageObject","inLanguage":"es","@id":"https:\/\/laroutedesgourmets.fr\/es\/actividades-gastronomicas-en-paris-es\/visita-mercados-de-navidad-paris\/#primaryimage","url":"https:\/\/laroutedesgourmets.fr\/wp-content\/uploads\/2013\/11\/iStock-594037586.jpg","contentUrl":"https:\/\/laroutedesgourmets.fr\/wp-content\/uploads\/2013\/11\/iStock-594037586.jpg","width":1254,"height":836,"caption":"Happy young girl with caramel apple on a Parisian Christmas market with the Eiffel tower in the background during snowfall"},{"@type":"BreadcrumbList","@id":"https:\/\/laroutedesgourmets.fr\/es\/actividades-gastronomicas-en-paris-es\/visita-mercados-de-navidad-paris\/#breadcrumb","itemListElement":[{"@type":"ListItem","position":1,"name":"Visites gourmandes \u00e0 Paris","item":"https:\/\/laroutedesgourmets.fr\/visites-guidees\/"},{"@type":"ListItem","position":2,"name":"Visita de mercados de Navidad en Paris"}]},{"@type":"WebSite","@id":"https:\/\/laroutedesgourmets.fr\/#website","url":"https:\/\/laroutedesgourmets.fr\/","name":"La Route des Gourmets","description":"Agence de tourisme gastronomique","publisher":{"@id":"https:\/\/laroutedesgourmets.fr\/#organization"},"potentialAction":[{"@type":"SearchAction","target":{"@type":"EntryPoint","urlTemplate":"https:\/\/laroutedesgourmets.fr\/?s={search_term_string}"},"query-input":{"@type":"PropertyValueSpecification","valueRequired":true,"valueName":"search_term_string"}}],"inLanguage":"es"},{"@type":"Organization","@id":"https:\/\/laroutedesgourmets.fr\/#organization","name":"La Route des Gourmets","url":"https:\/\/laroutedesgourmets.fr\/","logo":{"@type":"ImageObject","inLanguage":"es","@id":"https:\/\/laroutedesgourmets.fr\/#\/schema\/logo\/image\/","url":"https:\/\/laroutedesgourmets.fr\/wp-content\/uploads\/2023\/12\/laroutedesgourmets-sigle-cadre-S-b.png","contentUrl":"https:\/\/laroutedesgourmets.fr\/wp-content\/uploads\/2023\/12\/laroutedesgourmets-sigle-cadre-S-b.png","width":445,"height":445,"caption":"La Route des Gourmets"},"image":{"@id":"https:\/\/laroutedesgourmets.fr\/#\/schema\/logo\/image\/"},"sameAs":["http:\/\/www.facebook.com\/laroutedesgourmets","https:\/\/x.com\/Routedesgourmet","https:\/\/www.instagram.com\/laroutedesgourmets"],"email":"infos@laroutedesgourmets.fr","telephone":"+33139473279"}]}},"_links":{"self":[{"href":"https:\/\/laroutedesgourmets.fr\/es\/wp-json\/wp\/v2\/product\/1227","targetHints":{"allow":["GET"]}}],"collection":[{"href":"https:\/\/laroutedesgourmets.fr\/es\/wp-json\/wp\/v2\/product"}],"about":[{"href":"https:\/\/laroutedesgourmets.fr\/es\/wp-json\/wp\/v2\/types\/product"}],"wp:featuredmedia":[{"embeddable":true,"href":"https:\/\/laroutedesgourmets.fr\/es\/wp-json\/wp\/v2\/media\/8700"}],"wp:attachment":[{"href":"https:\/\/laroutedesgourmets.fr\/es\/wp-json\/wp\/v2\/media?parent=1227"}],"wp:term":[{"taxonomy":"product_brand","embeddable":true,"href":"https:\/\/laroutedesgourmets.fr\/es\/wp-json\/wp\/v2\/product_brand?post=1227"},{"taxonomy":"product_cat","embeddable":true,"href":"https:\/\/laroutedesgourmets.fr\/es\/wp-json\/wp\/v2\/product_cat?post=1227"},{"taxonomy":"product_tag","embeddable":true,"href":"https:\/\/laroutedesgourmets.fr\/es\/wp-json\/wp\/v2\/product_tag?post=1227"}],"curies":[{"name":"wp","href":"https:\/\/api.w.org\/{rel}","templated":true}]}}