{"id":1257,"date":"2014-04-10T15:07:43","date_gmt":"2014-04-10T13:07:43","guid":{"rendered":"https:\/\/v3.laroutedesgourmets.fr\/produit\/visita-guiada-mercado-de-rungis\/"},"modified":"2024-07-08T13:59:19","modified_gmt":"2024-07-08T11:59:19","slug":"visita-guiada-mercado-de-rungis","status":"publish","type":"product","link":"https:\/\/laroutedesgourmets.fr\/es\/actividades-gastronomicas-en-paris-es\/visita-guiada-mercado-de-rungis\/","title":{"rendered":"Visita guiada Mercado de Rungis"},"content":{"rendered":"<h2 style=\"text-align: center;\">Visita guiada privada del Mercado de Rungis en Francia<\/h2>\n<p style=\"text-align: justify;\">Situado a 7 km al Sur de Par\u00eds, <strong>el Mercado de Inter\u00e9s Nacional (MIN) de Rungis abri\u00f3 oficialmente sus puertas en 1969<\/strong> a unos pasos del aeropuerto de Orly. Este mercado es una gran vitrina de la gastronom\u00eda francesa pues recibe a los mejores profesionales de Francia.<\/p>\n<p style=\"text-align: justify;\">Durante esta visita nocturna\u00a0guiada al mercado de Rungis, Carole Metayer le presentar\u00e1 el funcionamiento y la formidable historia de la distribuci\u00f3n de alimentos desde hace m\u00e1s de 8 siglos.<\/p>\n<p style=\"text-align: justify;\">Camine por los pasillos del mercado y sus salones que se extienden a perdida de vista sobre <strong>223 hect\u00e1reas<\/strong>. Visite los principales \u201cpabellones\u201d presentados en la vista cl\u00e1sica del mercado: el Mar, la Carne, las frutas y verduras, los productos l\u00e1cteos y las flores.<\/p>\n<h3 style=\"text-align: justify;\">El valor agregado de esta visita VIP \u00fanica:<\/h3>\n<p style=\"text-align: justify;\">&#8211; <strong>Descubrir el mercado de alimentos frescos m\u00e1s grande del mundo<\/strong>: entre los pabellones de frutas y verduras, usted visitar\u00e1 el \u201cCuadro de productores\u201d reservado a los productores de la regi\u00f3n parisina, asistir\u00e1 a los cortes de \u201ccabezas de vaca\u201d en el pabell\u00f3n de la triper\u00eda, visitar\u00e1 los talleres de corte de pescado y una cava de almacenaje de quesos. Usted ser\u00e1 testigo de\u00a0la formidable cadena log\u00edstica del mercado, su estaci\u00f3n ferroviaria que recibe 2 trenes de alimentos cada noche y del funcionamiento y tratamiento de desechos incluyendo\u00a0la f\u00e1brica de incineraci\u00f3n.<\/p>\n<p style=\"text-align: justify;\">&#8211;<strong>\u00a0La visita de \u00abmayoristas\u00bb y \u00aborganizadores de eventos\u00bb y \u00abespecer\u00eda fina\u00bb<\/strong>: para los amantes de los productos gourmets, es posible visitar las ultimas infraestructuras de mercado, como la nueva \u201cAvenida de la Gastronom\u00eda\u201d tambi\u00e9n conocida como \u201cles Champs Elys\u00e9es de Rungis\u201d donde encontrar\u00e1 a los mayoristas especializados en productos gourmets y equipos profesionales.<\/p>\n<p style=\"text-align: justify;\">&#8211; <strong>El desayuno \u00aba la Rungis\u00bb<\/strong>: esta visita ser\u00e1 concluida con un abundante desayuno en uno de los famosos restaurantes del mercado.<\/p>\n<p style=\"text-align: justify;\">\u00a0&#8211; <strong>Una visita a la medida<\/strong>: en funci\u00f3n de su sector de actividad y deseos particulares o profesionales nuestro gu\u00eda adaptara el contenido de su discurso y el sentido de la visita.<\/p>\n<p style=\"text-align: justify;\">&#8211; <strong>Un tarifa de una vista exclusiva<\/strong>: \u00danica agencia de turismo dedicada a la gastronom\u00eda francesa, La Route des Gourmets trabaja directamente con los profesionales de Rungis, permitiendo de proponer una tarifa \u00fanica de visita todo incluido.<\/p>\n<h3 style=\"text-align: justify;\">El precio incluye\u00a0:<\/h3>\n<ul style=\"text-align: justify;\">\n<li><strong>El transporte ida-vuelta en coche o autobus<\/strong> saliendo del punto de reuni\u00f3n fijado al interior de Par\u00eds<\/li>\n<li><strong>Las transferencias<\/strong> entre les diferentes pabellones dentro del marcado<\/li>\n<li><strong>El derecho de acceso al mercado<\/strong><\/li>\n<li><strong>La visita VIP efectuada por un gu\u00eda oficial del mercado<\/strong> (El mercado es un espacio profesional no accesible al p\u00fablico. Para visitar el mercado debe estar obligatoriamente acompa\u00f1ado de un gu\u00eda oficial del mercado de Rungis)<\/li>\n<li><strong>Equipo higi\u00e9nico<\/strong><\/li>\n<li><strong>El desayuno \u201cRungis\u201d<\/strong> que incluye viennoiseries, plato de quesos y carnes fr\u00edas, pan, mantequilla, mermeladas, frutas de la temporada y diversas bebidas (jugo de naranja, chocolate, t\u00e9 y caf\u00e9)<\/li>\n<\/ul>\n<h3 style=\"text-align: justify;\">Informaciones practicas:<\/h3>\n<ul>\n<li style=\"text-align: justify;\"><strong>Horarios<\/strong>\u00a0: Cita a 4.00 am de la ma\u00f1ana en Par\u00eds.<\/li>\n<li style=\"text-align: justify;\"><strong>Punto de reuni\u00f3n<\/strong>: definido al momento de la reservaci\u00f3n, seg\u00fan acuerdo<\/li>\n<li style=\"text-align: justify;\"><strong>Duraci\u00f3n<\/strong>: prever aproximadamente 4 horas de visita + una hora de desayuno (regreso a Par\u00eds a las 9.00 am)<\/li>\n<li style=\"text-align: justify;\"><strong>M\u00ednimo<\/strong>: 15 personas\u00a0(en caso de un n\u00famero inferior, se aplicar\u00e1 la tarifa del presupuesto que corresponde a 15 personas)<\/li>\n<li style=\"text-align: justify;\"><strong>Publico<\/strong>: visita adaptada a particulares, asociaciones, estudiantes y empresas de todo sector<\/li>\n<li style=\"text-align: justify;\"><strong>Idiomas del gu\u00eda<\/strong>: franc\u00e9s, ingl\u00e9s, espa\u00f1ol ( cons\u00faltenos por otras lenguas)<\/li>\n<li style=\"text-align: justify;\"><strong>Recomendaciones<\/strong>\u00a0: prever zapatos confortables para caminar y ropa abrigadora pues los pabellones est\u00e1n refrigerados<\/li>\n<li style=\"text-align: justify;\"><strong>Informes complementarios<\/strong> : <a href=\"mailto:carole.metayer@laroutedesgourmets.fr\">infos@laroutedesgourmets.fr<\/a> Tel: +33 6 62 41 24 63<\/li>\n<li style=\"text-align: justify;\"><strong>Prestaciones complementarias<\/strong> : sobre demanda ( prospecci\u00f3n, contacto, degustaciones, eventos..)<\/li>\n<li style=\"text-align: justify;\"><strong>Validez y condiciones de anulaci\u00f3n<\/strong>: Las ordenes no son consideradas como confirmadas que despu\u00e9s recepci\u00f3n del pago. Por los ordenes con fecha: el reembolso de la prestaci\u00f3n en caso de anulaci\u00f3n es total si la anulaci\u00f3n se realiza 30 d\u00edas antes de la fecha reservada, de la mitad si la anulaci\u00f3n se realiza en el periodo de 10 hacia 29 d\u00edas\u00a0antes la fecha reservada, ning\u00fan reembolso se realiza a menos de 10 d\u00edas\u00a0de la fecha reservada.<\/li>\n<\/ul>\n","protected":false},"excerpt":{"rendered":"<p>Nuestra agencia le propone realizar una visita VIP a la medida en el MIN de Rungis, el mercado de productos frescos m\u00e1s grande del mundo, descubra su historia, su funcionamiento, sus Pabellones y pasillos.<\/p>\n","protected":false},"featured_media":1230,"template":"","meta":{"inline_featured_image":false,"neve_meta_sidebar":"","neve_meta_container":"","neve_meta_enable_content_width":"off","neve_meta_content_width":100,"neve_meta_title_alignment":"","neve_meta_author_avatar":"","neve_post_elements_order":"","neve_meta_disable_header":"","neve_meta_disable_footer":"","neve_meta_disable_title":""},"product_brand":[],"product_cat":[190,217],"product_tag":[],"class_list":{"0":"post-1257","1":"product","2":"type-product","3":"status-publish","4":"has-post-thumbnail","6":"product_cat-actividades-gastronomicas-en-paris-es","7":"product_cat-visita-de-mercados-en-paris-es","9":"first","10":"instock","11":"taxable","12":"shipping-taxable","13":"purchasable","14":"product-type-simple"},"yoast_head":"<!-- This site is optimized with the Yoast SEO Premium plugin v27.4 (Yoast SEO v27.4) - https:\/\/yoast.com\/product\/yoast-seo-premium-wordpress\/ -->\n<title>Visita guiada privada del Mercado de Rungis<\/title>\n<meta name=\"description\" content=\"Un gu\u00eda oficial del Mercado de Rungis le propone una visita privada VIP a la Medida del Min de Rungis, para particulares y profesionale\" \/>\n<meta name=\"robots\" content=\"index, follow, max-snippet:-1, max-image-preview:large, max-video-preview:-1\" \/>\n<link rel=\"canonical\" href=\"https:\/\/laroutedesgourmets.fr\/es\/actividades-gastronomicas-en-paris-es\/visita-guiada-mercado-de-rungis\/\" \/>\n<meta property=\"og:locale\" content=\"es_ES\" \/>\n<meta property=\"og:type\" content=\"article\" \/>\n<meta property=\"og:title\" content=\"Visita guiada privada del Mercado de Rungis\" \/>\n<meta property=\"og:description\" content=\"Un gu\u00eda oficial del Mercado de Rungis le propone una visita privada VIP a la Medida del Min de Rungis, para particulares y profesionale\" \/>\n<meta property=\"og:url\" content=\"https:\/\/laroutedesgourmets.fr\/es\/actividades-gastronomicas-en-paris-es\/visita-guiada-mercado-de-rungis\/\" \/>\n<meta property=\"og:site_name\" content=\"La Route des Gourmets\" \/>\n<meta property=\"article:publisher\" content=\"http:\/\/www.facebook.com\/laroutedesgourmets\" \/>\n<meta property=\"article:modified_time\" content=\"2024-07-08T11:59:19+00:00\" \/>\n<meta property=\"og:image\" content=\"https:\/\/laroutedesgourmets.fr\/wp-content\/uploads\/2014\/04\/p_6_3_0_630-Visite-private-du-marche-de-Rungis.jpg\" \/>\n\t<meta property=\"og:image:width\" content=\"1800\" \/>\n\t<meta property=\"og:image:height\" content=\"1200\" \/>\n\t<meta property=\"og:image:type\" content=\"image\/jpeg\" \/>\n<meta name=\"twitter:card\" content=\"summary_large_image\" \/>\n<meta name=\"twitter:site\" content=\"@Routedesgourmet\" \/>\n<meta name=\"twitter:label1\" content=\"Precio\" \/>\n\t<meta name=\"twitter:data1\" content=\"&euro;3,480.00\" \/>\n\t<meta name=\"twitter:label2\" content=\"Disponibilidad\" \/>\n\t<meta name=\"twitter:data2\" content=\"Disponible\" \/>\n<script type=\"application\/ld+json\" class=\"yoast-schema-graph\">{\"@context\":\"https:\\\/\\\/schema.org\",\"@graph\":[{\"@type\":\"WebPage\",\"@id\":\"https:\\\/\\\/laroutedesgourmets.fr\\\/es\\\/actividades-gastronomicas-en-paris-es\\\/visita-guiada-mercado-de-rungis\\\/\",\"url\":\"https:\\\/\\\/laroutedesgourmets.fr\\\/es\\\/actividades-gastronomicas-en-paris-es\\\/visita-guiada-mercado-de-rungis\\\/\",\"name\":\"Visita guiada privada del Mercado de Rungis\",\"isPartOf\":{\"@id\":\"https:\\\/\\\/laroutedesgourmets.fr\\\/#website\"},\"primaryImageOfPage\":{\"@id\":\"https:\\\/\\\/laroutedesgourmets.fr\\\/es\\\/actividades-gastronomicas-en-paris-es\\\/visita-guiada-mercado-de-rungis\\\/#primaryimage\"},\"image\":{\"@id\":\"https:\\\/\\\/laroutedesgourmets.fr\\\/es\\\/actividades-gastronomicas-en-paris-es\\\/visita-guiada-mercado-de-rungis\\\/#primaryimage\"},\"thumbnailUrl\":\"https:\\\/\\\/laroutedesgourmets.fr\\\/wp-content\\\/uploads\\\/2014\\\/04\\\/p_6_3_0_630-Visite-private-du-marche-de-Rungis.jpg\",\"datePublished\":\"2014-04-10T13:07:43+00:00\",\"dateModified\":\"2024-07-08T11:59:19+00:00\",\"description\":\"Un gu\u00eda oficial del Mercado de Rungis le propone una visita privada VIP a la Medida del Min de Rungis, para particulares y profesionale\",\"breadcrumb\":{\"@id\":\"https:\\\/\\\/laroutedesgourmets.fr\\\/es\\\/actividades-gastronomicas-en-paris-es\\\/visita-guiada-mercado-de-rungis\\\/#breadcrumb\"},\"inLanguage\":\"es\",\"potentialAction\":[{\"@type\":\"ReadAction\",\"target\":[\"https:\\\/\\\/laroutedesgourmets.fr\\\/es\\\/actividades-gastronomicas-en-paris-es\\\/visita-guiada-mercado-de-rungis\\\/\"]}]},{\"@type\":\"ImageObject\",\"inLanguage\":\"es\",\"@id\":\"https:\\\/\\\/laroutedesgourmets.fr\\\/es\\\/actividades-gastronomicas-en-paris-es\\\/visita-guiada-mercado-de-rungis\\\/#primaryimage\",\"url\":\"https:\\\/\\\/laroutedesgourmets.fr\\\/wp-content\\\/uploads\\\/2014\\\/04\\\/p_6_3_0_630-Visite-private-du-marche-de-Rungis.jpg\",\"contentUrl\":\"https:\\\/\\\/laroutedesgourmets.fr\\\/wp-content\\\/uploads\\\/2014\\\/04\\\/p_6_3_0_630-Visite-private-du-marche-de-Rungis.jpg\",\"width\":1800,\"height\":1200},{\"@type\":\"BreadcrumbList\",\"@id\":\"https:\\\/\\\/laroutedesgourmets.fr\\\/es\\\/actividades-gastronomicas-en-paris-es\\\/visita-guiada-mercado-de-rungis\\\/#breadcrumb\",\"itemListElement\":[{\"@type\":\"ListItem\",\"position\":1,\"name\":\"Visites gourmandes \u00e0 Paris\",\"item\":\"https:\\\/\\\/laroutedesgourmets.fr\\\/visites-guidees\\\/\"},{\"@type\":\"ListItem\",\"position\":2,\"name\":\"Visita guiada Mercado de Rungis\"}]},{\"@type\":\"WebSite\",\"@id\":\"https:\\\/\\\/laroutedesgourmets.fr\\\/#website\",\"url\":\"https:\\\/\\\/laroutedesgourmets.fr\\\/\",\"name\":\"La Route des Gourmets\",\"description\":\"Agence de tourisme gastronomique\",\"publisher\":{\"@id\":\"https:\\\/\\\/laroutedesgourmets.fr\\\/#organization\"},\"potentialAction\":[{\"@type\":\"SearchAction\",\"target\":{\"@type\":\"EntryPoint\",\"urlTemplate\":\"https:\\\/\\\/laroutedesgourmets.fr\\\/?s={search_term_string}\"},\"query-input\":{\"@type\":\"PropertyValueSpecification\",\"valueRequired\":true,\"valueName\":\"search_term_string\"}}],\"inLanguage\":\"es\"},{\"@type\":\"Organization\",\"@id\":\"https:\\\/\\\/laroutedesgourmets.fr\\\/#organization\",\"name\":\"La Route des Gourmets\",\"url\":\"https:\\\/\\\/laroutedesgourmets.fr\\\/\",\"logo\":{\"@type\":\"ImageObject\",\"inLanguage\":\"es\",\"@id\":\"https:\\\/\\\/laroutedesgourmets.fr\\\/#\\\/schema\\\/logo\\\/image\\\/\",\"url\":\"https:\\\/\\\/laroutedesgourmets.fr\\\/wp-content\\\/uploads\\\/2023\\\/12\\\/laroutedesgourmets-sigle-cadre-S-b.png\",\"contentUrl\":\"https:\\\/\\\/laroutedesgourmets.fr\\\/wp-content\\\/uploads\\\/2023\\\/12\\\/laroutedesgourmets-sigle-cadre-S-b.png\",\"width\":445,\"height\":445,\"caption\":\"La Route des Gourmets\"},\"image\":{\"@id\":\"https:\\\/\\\/laroutedesgourmets.fr\\\/#\\\/schema\\\/logo\\\/image\\\/\"},\"sameAs\":[\"http:\\\/\\\/www.facebook.com\\\/laroutedesgourmets\",\"https:\\\/\\\/x.com\\\/Routedesgourmet\",\"https:\\\/\\\/www.instagram.com\\\/laroutedesgourmets\"],\"email\":\"infos@laroutedesgourmets.fr\",\"telephone\":\"+33139473279\"}]}<\/script>\n<meta property=\"product:price:amount\" content=\"3480.00\" \/>\n<meta property=\"product:price:currency\" content=\"EUR\" \/>\n<meta property=\"og:availability\" content=\"instock\" \/>\n<meta property=\"product:availability\" content=\"instock\" \/>\n<meta property=\"product:condition\" content=\"new\" \/>\n<!-- \/ Yoast SEO Premium plugin. -->","yoast_head_json":{"title":"Visita guiada privada del Mercado de Rungis","description":"Un gu\u00eda oficial del Mercado de Rungis le propone una visita privada VIP a la Medida del Min de Rungis, para particulares y profesionale","robots":{"index":"index","follow":"follow","max-snippet":"max-snippet:-1","max-image-preview":"max-image-preview:large","max-video-preview":"max-video-preview:-1"},"canonical":"https:\/\/laroutedesgourmets.fr\/es\/actividades-gastronomicas-en-paris-es\/visita-guiada-mercado-de-rungis\/","og_locale":"es_ES","og_type":"article","og_title":"Visita guiada privada del Mercado de Rungis","og_description":"Un gu\u00eda oficial del Mercado de Rungis le propone una visita privada VIP a la Medida del Min de Rungis, para particulares y profesionale","og_url":"https:\/\/laroutedesgourmets.fr\/es\/actividades-gastronomicas-en-paris-es\/visita-guiada-mercado-de-rungis\/","og_site_name":"La Route des Gourmets","article_publisher":"http:\/\/www.facebook.com\/laroutedesgourmets","article_modified_time":"2024-07-08T11:59:19+00:00","og_image":[{"width":1800,"height":1200,"url":"https:\/\/laroutedesgourmets.fr\/wp-content\/uploads\/2014\/04\/p_6_3_0_630-Visite-private-du-marche-de-Rungis.jpg","type":"image\/jpeg"}],"twitter_card":"summary_large_image","twitter_site":"@Routedesgourmet","twitter_misc":{"Precio":"&euro;3,480.00","Disponibilidad":"Disponible"},"schema":{"@context":"https:\/\/schema.org","@graph":[{"@type":"WebPage","@id":"https:\/\/laroutedesgourmets.fr\/es\/actividades-gastronomicas-en-paris-es\/visita-guiada-mercado-de-rungis\/","url":"https:\/\/laroutedesgourmets.fr\/es\/actividades-gastronomicas-en-paris-es\/visita-guiada-mercado-de-rungis\/","name":"Visita guiada privada del Mercado de Rungis","isPartOf":{"@id":"https:\/\/laroutedesgourmets.fr\/#website"},"primaryImageOfPage":{"@id":"https:\/\/laroutedesgourmets.fr\/es\/actividades-gastronomicas-en-paris-es\/visita-guiada-mercado-de-rungis\/#primaryimage"},"image":{"@id":"https:\/\/laroutedesgourmets.fr\/es\/actividades-gastronomicas-en-paris-es\/visita-guiada-mercado-de-rungis\/#primaryimage"},"thumbnailUrl":"https:\/\/laroutedesgourmets.fr\/wp-content\/uploads\/2014\/04\/p_6_3_0_630-Visite-private-du-marche-de-Rungis.jpg","datePublished":"2014-04-10T13:07:43+00:00","dateModified":"2024-07-08T11:59:19+00:00","description":"Un gu\u00eda oficial del Mercado de Rungis le propone una visita privada VIP a la Medida del Min de Rungis, para particulares y profesionale","breadcrumb":{"@id":"https:\/\/laroutedesgourmets.fr\/es\/actividades-gastronomicas-en-paris-es\/visita-guiada-mercado-de-rungis\/#breadcrumb"},"inLanguage":"es","potentialAction":[{"@type":"ReadAction","target":["https:\/\/laroutedesgourmets.fr\/es\/actividades-gastronomicas-en-paris-es\/visita-guiada-mercado-de-rungis\/"]}]},{"@type":"ImageObject","inLanguage":"es","@id":"https:\/\/laroutedesgourmets.fr\/es\/actividades-gastronomicas-en-paris-es\/visita-guiada-mercado-de-rungis\/#primaryimage","url":"https:\/\/laroutedesgourmets.fr\/wp-content\/uploads\/2014\/04\/p_6_3_0_630-Visite-private-du-marche-de-Rungis.jpg","contentUrl":"https:\/\/laroutedesgourmets.fr\/wp-content\/uploads\/2014\/04\/p_6_3_0_630-Visite-private-du-marche-de-Rungis.jpg","width":1800,"height":1200},{"@type":"BreadcrumbList","@id":"https:\/\/laroutedesgourmets.fr\/es\/actividades-gastronomicas-en-paris-es\/visita-guiada-mercado-de-rungis\/#breadcrumb","itemListElement":[{"@type":"ListItem","position":1,"name":"Visites gourmandes \u00e0 Paris","item":"https:\/\/laroutedesgourmets.fr\/visites-guidees\/"},{"@type":"ListItem","position":2,"name":"Visita guiada Mercado de Rungis"}]},{"@type":"WebSite","@id":"https:\/\/laroutedesgourmets.fr\/#website","url":"https:\/\/laroutedesgourmets.fr\/","name":"La Route des Gourmets","description":"Agence de tourisme gastronomique","publisher":{"@id":"https:\/\/laroutedesgourmets.fr\/#organization"},"potentialAction":[{"@type":"SearchAction","target":{"@type":"EntryPoint","urlTemplate":"https:\/\/laroutedesgourmets.fr\/?s={search_term_string}"},"query-input":{"@type":"PropertyValueSpecification","valueRequired":true,"valueName":"search_term_string"}}],"inLanguage":"es"},{"@type":"Organization","@id":"https:\/\/laroutedesgourmets.fr\/#organization","name":"La Route des Gourmets","url":"https:\/\/laroutedesgourmets.fr\/","logo":{"@type":"ImageObject","inLanguage":"es","@id":"https:\/\/laroutedesgourmets.fr\/#\/schema\/logo\/image\/","url":"https:\/\/laroutedesgourmets.fr\/wp-content\/uploads\/2023\/12\/laroutedesgourmets-sigle-cadre-S-b.png","contentUrl":"https:\/\/laroutedesgourmets.fr\/wp-content\/uploads\/2023\/12\/laroutedesgourmets-sigle-cadre-S-b.png","width":445,"height":445,"caption":"La Route des Gourmets"},"image":{"@id":"https:\/\/laroutedesgourmets.fr\/#\/schema\/logo\/image\/"},"sameAs":["http:\/\/www.facebook.com\/laroutedesgourmets","https:\/\/x.com\/Routedesgourmet","https:\/\/www.instagram.com\/laroutedesgourmets"],"email":"infos@laroutedesgourmets.fr","telephone":"+33139473279"}]},"product_price_amount":"3480.00","product_price_currency":"EUR","og_availability":"instock","product_availability":"instock","product_condition":"new"},"_links":{"self":[{"href":"https:\/\/laroutedesgourmets.fr\/es\/wp-json\/wp\/v2\/product\/1257","targetHints":{"allow":["GET"]}}],"collection":[{"href":"https:\/\/laroutedesgourmets.fr\/es\/wp-json\/wp\/v2\/product"}],"about":[{"href":"https:\/\/laroutedesgourmets.fr\/es\/wp-json\/wp\/v2\/types\/product"}],"wp:featuredmedia":[{"embeddable":true,"href":"https:\/\/laroutedesgourmets.fr\/es\/wp-json\/wp\/v2\/media\/1230"}],"wp:attachment":[{"href":"https:\/\/laroutedesgourmets.fr\/es\/wp-json\/wp\/v2\/media?parent=1257"}],"wp:term":[{"taxonomy":"product_brand","embeddable":true,"href":"https:\/\/laroutedesgourmets.fr\/es\/wp-json\/wp\/v2\/product_brand?post=1257"},{"taxonomy":"product_cat","embeddable":true,"href":"https:\/\/laroutedesgourmets.fr\/es\/wp-json\/wp\/v2\/product_cat?post=1257"},{"taxonomy":"product_tag","embeddable":true,"href":"https:\/\/laroutedesgourmets.fr\/es\/wp-json\/wp\/v2\/product_tag?post=1257"}],"curies":[{"name":"wp","href":"https:\/\/api.w.org\/{rel}","templated":true}]}}