{"id":1287,"date":"2022-05-03T17:06:49","date_gmt":"2022-05-03T15:06:49","guid":{"rendered":"https:\/\/v3.laroutedesgourmets.fr\/?post_type=product&#038;p=1287"},"modified":"2024-01-11T17:23:02","modified_gmt":"2024-01-11T16:23:02","slug":"circuito-enologico-en-francia","status":"publish","type":"product","link":"https:\/\/laroutedesgourmets.fr\/es\/viajes-gastronomicos-en-francia\/circuito-enologico-en-francia\/","title":{"rendered":"Circuito enol\u00f3gico en Francia"},"content":{"rendered":"<p>\u00ab\u00a0La ruta de los vinos franceses\u00a0\u00bb es un circuito enol\u00f3gico todo incluido de 9 d\u00edas en Francia que refleja la excelencia y la diversidad de los vi\u00f1edos y de la cultura vitivin\u00edcola francesa. Saliendo de Paris, este tour eno-gastron\u00f3mico cruza 5 de nuestras m\u00e1s preciosas regiones vitivin\u00edcolas: Champ\u00e1n, Alsacia, Borgo\u00f1a, Co\u00f1ac y Burdeos.<\/p>\n<p>Aficionados de los Grands Crus o apasionado por los vinos franceses, este tour gourmet es perfecto para ustedes si desean descubrir toda la riqueza de la cultura vitivin\u00edcola francesa en un solo viaje. Esta prestaci\u00f3n se dirige a las familias, grupos, profesionales del sector y\/o a estudiantes.<\/p>\n<p>El circuito enol\u00f3gico VIP empieza en Paris y contin\u00faa en toda Francia, siguiendo nuestra \u201cruta de los vinos franceses\u201d. Con un gu\u00eda acompa\u00f1ador especialista en geograf\u00eda de la alimentaci\u00f3n visitaremos durante todo el viaje a talentosos viticultores y descubriremos los aromas y sabores de los Grands Crus de Francia, visitando sus vi\u00f1edos.<\/p>\n<p style=\"text-align: center;\">\n<p>En las bodegas nuestros anfitriones, el tour eno-gastron\u00f3mico se enriquecer\u00e1 con diversas degustaciones de productos regionales gourmet.<\/p>\n<p>Adem\u00e1s este tour es ideal para conocer el patrimonio hist\u00f3rico franc\u00e9s con visitas culturales de monumentos y edificios de gran relevancia hist\u00f3rica.<\/p>\n<h3>El valor integrado de este circuito VIP<\/h3>\n<ul>\n<li>Un amplio tour cultural y tem\u00e1tico, que promueve el patrimonio culinario, gastron\u00f3mico y enol\u00f3gico de Francia<\/li>\n<li>Un circuito todo incluido, que comprende las actividades eno gastron\u00f3micas, las entradas a los museos y sitios hist\u00f3ricos, las explicaciones del gu\u00eda acompa\u00f1ador, las degustaciones el transporte y el alojamiento.<\/li>\n<li>Una organizaci\u00f3n completa y simplificada que nuestra agencia gestiona del principio al final (excepto por el vuelo ida y vuelta en Francia)<\/li>\n<li>Un servicio VIP y actividades a su medida para satisfacer todas sus expectativas<\/li>\n<li>Un equipo de gu\u00edas expertos del patrimonio eno-gastron\u00f3mico franc\u00e9s para que su viaje sea inolvidable<\/li>\n<\/ul>\n<h3>El precio incluye<\/h3>\n<ul>\n<li>Todas las visitas culturales y enol\u00f3gicas<\/li>\n<li>Las degustaciones de vinos y productos regionales<\/li>\n<li>El gu\u00eda acompa\u00f1ador<\/li>\n<li>El alojamiento<\/li>\n<li>El transporte con chofer en todas las etapas del circuito<\/li>\n<li>Las reservaciones opcionales de restaurantes<\/li>\n<\/ul>\n<h3>Informaciones practicas<\/h3>\n<ul>\n<li>Duraci\u00f3n: 9 d\u00edas \/ 8 noches<\/li>\n<li>Salida\/Llegada: Paris<\/li>\n<li>M\u00ednimo: 10 personas (cons\u00faltenos para grupos inferiores a 10 personas)<\/li>\n<li>Publico: circuito adaptado a particulares, estudiantes, profesionales,&#8230;<\/li>\n<li>Idiomas del gu\u00eda: franc\u00e9s, espa\u00f1ol, ingl\u00e9s (cons\u00faltenos para otras lenguas)<\/li>\n<\/ul>\n<p>Itinerario detallado y tarifas bajo solicitud\u00a0<a href=\"mailto:infos@laroutedesgourmets.fr\">infos@laroutedesgourmets.fr<\/a><\/p>\n","protected":false},"excerpt":{"rendered":"<p>Este viaje eno-gastron\u00f3mico todo incluido cruza Francia en 9 d\u00edas. De Paris a Reims-Champ\u00e1n, Alsacia, Borgo\u00f1a, Co\u00f1ac y Burdeos visitar\u00e1 emblem\u00e1ticos vi\u00f1edos y bodegas, descubriendo sitios culturales y disfrutando degustaciones de vinos y productos locales<\/p>\n","protected":false},"featured_media":8438,"template":"","meta":{"inline_featured_image":false,"neve_meta_sidebar":"","neve_meta_container":"","neve_meta_enable_content_width":"off","neve_meta_content_width":100,"neve_meta_title_alignment":"","neve_meta_author_avatar":"","neve_post_elements_order":"","neve_meta_disable_header":"","neve_meta_disable_footer":"","neve_meta_disable_title":""},"product_brand":[],"product_cat":[1582],"product_tag":[],"class_list":{"0":"post-1287","1":"product","2":"type-product","3":"status-publish","4":"has-post-thumbnail","6":"product_cat-viajes-gastronomicos-en-francia","8":"first","9":"instock","10":"virtual","11":"taxable","12":"product-type-simple"},"yoast_head":"<!-- This site is optimized with the Yoast SEO Premium plugin v27.4 (Yoast SEO v27.4) - https:\/\/yoast.com\/product\/yoast-seo-premium-wordpress\/ -->\n<title>Circuito enol\u00f3gico todo incluido de 9 d\u00edas en Francia<\/title>\n<meta name=\"description\" content=\"Tour Gourmet de lujo y ecoturismo en la ruta de los vinos de Francia con gu\u00eda y transporte privado para visitar vi\u00f1edos f\u00f3rmula todo incluido y a su medida\" \/>\n<meta name=\"robots\" content=\"index, follow, max-snippet:-1, max-image-preview:large, max-video-preview:-1\" \/>\n<link rel=\"canonical\" href=\"https:\/\/laroutedesgourmets.fr\/es\/viajes-gastronomicos-en-francia\/circuito-enologico-en-francia\/\" \/>\n<meta property=\"og:locale\" content=\"es_ES\" \/>\n<meta property=\"og:type\" content=\"article\" \/>\n<meta property=\"og:title\" content=\"Circuito enol\u00f3gico todo incluido de 9 d\u00edas en Francia\" \/>\n<meta property=\"og:description\" content=\"Tour Gourmet de lujo y ecoturismo en la ruta de los vinos de Francia con gu\u00eda y transporte privado para visitar vi\u00f1edos f\u00f3rmula todo incluido y a su medida\" \/>\n<meta property=\"og:url\" content=\"https:\/\/laroutedesgourmets.fr\/es\/viajes-gastronomicos-en-francia\/circuito-enologico-en-francia\/\" \/>\n<meta property=\"og:site_name\" content=\"La Route des Gourmets\" \/>\n<meta property=\"article:publisher\" content=\"http:\/\/www.facebook.com\/laroutedesgourmets\" \/>\n<meta property=\"article:modified_time\" content=\"2024-01-11T16:23:02+00:00\" \/>\n<meta property=\"og:image\" content=\"https:\/\/laroutedesgourmets.fr\/wp-content\/uploads\/2022\/05\/Vineyard-and-Chateau-dYquem-Sauternes-Region-Aquitaine-Franc-494478763_4256x1772-scaled.jpeg\" \/>\n\t<meta property=\"og:image:width\" content=\"2560\" \/>\n\t<meta property=\"og:image:height\" content=\"1066\" \/>\n\t<meta property=\"og:image:type\" content=\"image\/jpeg\" \/>\n<meta name=\"twitter:card\" content=\"summary_large_image\" \/>\n<meta name=\"twitter:site\" content=\"@Routedesgourmet\" \/>\n<meta name=\"twitter:label1\" content=\"Tiempo de lectura\" \/>\n\t<meta name=\"twitter:data1\" content=\"3 minutos\" \/>\n<script type=\"application\/ld+json\" class=\"yoast-schema-graph\">{\"@context\":\"https:\\\/\\\/schema.org\",\"@graph\":[{\"@type\":\"WebPage\",\"@id\":\"https:\\\/\\\/laroutedesgourmets.fr\\\/es\\\/viajes-gastronomicos-en-francia\\\/circuito-enologico-en-francia\\\/\",\"url\":\"https:\\\/\\\/laroutedesgourmets.fr\\\/es\\\/viajes-gastronomicos-en-francia\\\/circuito-enologico-en-francia\\\/\",\"name\":\"Circuito enol\u00f3gico todo incluido de 9 d\u00edas en Francia\",\"isPartOf\":{\"@id\":\"https:\\\/\\\/laroutedesgourmets.fr\\\/#website\"},\"primaryImageOfPage\":{\"@id\":\"https:\\\/\\\/laroutedesgourmets.fr\\\/es\\\/viajes-gastronomicos-en-francia\\\/circuito-enologico-en-francia\\\/#primaryimage\"},\"image\":{\"@id\":\"https:\\\/\\\/laroutedesgourmets.fr\\\/es\\\/viajes-gastronomicos-en-francia\\\/circuito-enologico-en-francia\\\/#primaryimage\"},\"thumbnailUrl\":\"https:\\\/\\\/laroutedesgourmets.fr\\\/wp-content\\\/uploads\\\/2022\\\/05\\\/Vineyard-and-Chateau-dYquem-Sauternes-Region-Aquitaine-Franc-494478763_4256x1772-scaled.jpeg\",\"datePublished\":\"2022-05-03T15:06:49+00:00\",\"dateModified\":\"2024-01-11T16:23:02+00:00\",\"description\":\"Tour Gourmet de lujo y ecoturismo en la ruta de los vinos de Francia con gu\u00eda y transporte privado para visitar vi\u00f1edos f\u00f3rmula todo incluido y a su medida\",\"breadcrumb\":{\"@id\":\"https:\\\/\\\/laroutedesgourmets.fr\\\/es\\\/viajes-gastronomicos-en-francia\\\/circuito-enologico-en-francia\\\/#breadcrumb\"},\"inLanguage\":\"es\",\"potentialAction\":[{\"@type\":\"ReadAction\",\"target\":[\"https:\\\/\\\/laroutedesgourmets.fr\\\/es\\\/viajes-gastronomicos-en-francia\\\/circuito-enologico-en-francia\\\/\"]}]},{\"@type\":\"ImageObject\",\"inLanguage\":\"es\",\"@id\":\"https:\\\/\\\/laroutedesgourmets.fr\\\/es\\\/viajes-gastronomicos-en-francia\\\/circuito-enologico-en-francia\\\/#primaryimage\",\"url\":\"https:\\\/\\\/laroutedesgourmets.fr\\\/wp-content\\\/uploads\\\/2022\\\/05\\\/Vineyard-and-Chateau-dYquem-Sauternes-Region-Aquitaine-Franc-494478763_4256x1772-scaled.jpeg\",\"contentUrl\":\"https:\\\/\\\/laroutedesgourmets.fr\\\/wp-content\\\/uploads\\\/2022\\\/05\\\/Vineyard-and-Chateau-dYquem-Sauternes-Region-Aquitaine-Franc-494478763_4256x1772-scaled.jpeg\",\"width\":2560,\"height\":1066,\"caption\":\"Vineyard and Chateau d'Yquem, Sauternes Region, Aquitaine, France\"},{\"@type\":\"BreadcrumbList\",\"@id\":\"https:\\\/\\\/laroutedesgourmets.fr\\\/es\\\/viajes-gastronomicos-en-francia\\\/circuito-enologico-en-francia\\\/#breadcrumb\",\"itemListElement\":[{\"@type\":\"ListItem\",\"position\":1,\"name\":\"Visites gourmandes \u00e0 Paris\",\"item\":\"https:\\\/\\\/laroutedesgourmets.fr\\\/visites-guidees\\\/\"},{\"@type\":\"ListItem\",\"position\":2,\"name\":\"Circuito enol\u00f3gico en Francia\"}]},{\"@type\":\"WebSite\",\"@id\":\"https:\\\/\\\/laroutedesgourmets.fr\\\/#website\",\"url\":\"https:\\\/\\\/laroutedesgourmets.fr\\\/\",\"name\":\"La Route des Gourmets\",\"description\":\"Agence de tourisme gastronomique\",\"publisher\":{\"@id\":\"https:\\\/\\\/laroutedesgourmets.fr\\\/#organization\"},\"potentialAction\":[{\"@type\":\"SearchAction\",\"target\":{\"@type\":\"EntryPoint\",\"urlTemplate\":\"https:\\\/\\\/laroutedesgourmets.fr\\\/?s={search_term_string}\"},\"query-input\":{\"@type\":\"PropertyValueSpecification\",\"valueRequired\":true,\"valueName\":\"search_term_string\"}}],\"inLanguage\":\"es\"},{\"@type\":\"Organization\",\"@id\":\"https:\\\/\\\/laroutedesgourmets.fr\\\/#organization\",\"name\":\"La Route des Gourmets\",\"url\":\"https:\\\/\\\/laroutedesgourmets.fr\\\/\",\"logo\":{\"@type\":\"ImageObject\",\"inLanguage\":\"es\",\"@id\":\"https:\\\/\\\/laroutedesgourmets.fr\\\/#\\\/schema\\\/logo\\\/image\\\/\",\"url\":\"https:\\\/\\\/laroutedesgourmets.fr\\\/wp-content\\\/uploads\\\/2023\\\/12\\\/laroutedesgourmets-sigle-cadre-S-b.png\",\"contentUrl\":\"https:\\\/\\\/laroutedesgourmets.fr\\\/wp-content\\\/uploads\\\/2023\\\/12\\\/laroutedesgourmets-sigle-cadre-S-b.png\",\"width\":445,\"height\":445,\"caption\":\"La Route des Gourmets\"},\"image\":{\"@id\":\"https:\\\/\\\/laroutedesgourmets.fr\\\/#\\\/schema\\\/logo\\\/image\\\/\"},\"sameAs\":[\"http:\\\/\\\/www.facebook.com\\\/laroutedesgourmets\",\"https:\\\/\\\/x.com\\\/Routedesgourmet\",\"https:\\\/\\\/www.instagram.com\\\/laroutedesgourmets\"],\"email\":\"infos@laroutedesgourmets.fr\",\"telephone\":\"+33139473279\"}]}<\/script>\n<!-- \/ Yoast SEO Premium plugin. -->","yoast_head_json":{"title":"Circuito enol\u00f3gico todo incluido de 9 d\u00edas en Francia","description":"Tour Gourmet de lujo y ecoturismo en la ruta de los vinos de Francia con gu\u00eda y transporte privado para visitar vi\u00f1edos f\u00f3rmula todo incluido y a su medida","robots":{"index":"index","follow":"follow","max-snippet":"max-snippet:-1","max-image-preview":"max-image-preview:large","max-video-preview":"max-video-preview:-1"},"canonical":"https:\/\/laroutedesgourmets.fr\/es\/viajes-gastronomicos-en-francia\/circuito-enologico-en-francia\/","og_locale":"es_ES","og_type":"article","og_title":"Circuito enol\u00f3gico todo incluido de 9 d\u00edas en Francia","og_description":"Tour Gourmet de lujo y ecoturismo en la ruta de los vinos de Francia con gu\u00eda y transporte privado para visitar vi\u00f1edos f\u00f3rmula todo incluido y a su medida","og_url":"https:\/\/laroutedesgourmets.fr\/es\/viajes-gastronomicos-en-francia\/circuito-enologico-en-francia\/","og_site_name":"La Route des Gourmets","article_publisher":"http:\/\/www.facebook.com\/laroutedesgourmets","article_modified_time":"2024-01-11T16:23:02+00:00","og_image":[{"width":2560,"height":1066,"url":"https:\/\/laroutedesgourmets.fr\/wp-content\/uploads\/2022\/05\/Vineyard-and-Chateau-dYquem-Sauternes-Region-Aquitaine-Franc-494478763_4256x1772-scaled.jpeg","type":"image\/jpeg"}],"twitter_card":"summary_large_image","twitter_site":"@Routedesgourmet","twitter_misc":{"Tiempo de lectura":"3 minutos"},"schema":{"@context":"https:\/\/schema.org","@graph":[{"@type":"WebPage","@id":"https:\/\/laroutedesgourmets.fr\/es\/viajes-gastronomicos-en-francia\/circuito-enologico-en-francia\/","url":"https:\/\/laroutedesgourmets.fr\/es\/viajes-gastronomicos-en-francia\/circuito-enologico-en-francia\/","name":"Circuito enol\u00f3gico todo incluido de 9 d\u00edas en Francia","isPartOf":{"@id":"https:\/\/laroutedesgourmets.fr\/#website"},"primaryImageOfPage":{"@id":"https:\/\/laroutedesgourmets.fr\/es\/viajes-gastronomicos-en-francia\/circuito-enologico-en-francia\/#primaryimage"},"image":{"@id":"https:\/\/laroutedesgourmets.fr\/es\/viajes-gastronomicos-en-francia\/circuito-enologico-en-francia\/#primaryimage"},"thumbnailUrl":"https:\/\/laroutedesgourmets.fr\/wp-content\/uploads\/2022\/05\/Vineyard-and-Chateau-dYquem-Sauternes-Region-Aquitaine-Franc-494478763_4256x1772-scaled.jpeg","datePublished":"2022-05-03T15:06:49+00:00","dateModified":"2024-01-11T16:23:02+00:00","description":"Tour Gourmet de lujo y ecoturismo en la ruta de los vinos de Francia con gu\u00eda y transporte privado para visitar vi\u00f1edos f\u00f3rmula todo incluido y a su medida","breadcrumb":{"@id":"https:\/\/laroutedesgourmets.fr\/es\/viajes-gastronomicos-en-francia\/circuito-enologico-en-francia\/#breadcrumb"},"inLanguage":"es","potentialAction":[{"@type":"ReadAction","target":["https:\/\/laroutedesgourmets.fr\/es\/viajes-gastronomicos-en-francia\/circuito-enologico-en-francia\/"]}]},{"@type":"ImageObject","inLanguage":"es","@id":"https:\/\/laroutedesgourmets.fr\/es\/viajes-gastronomicos-en-francia\/circuito-enologico-en-francia\/#primaryimage","url":"https:\/\/laroutedesgourmets.fr\/wp-content\/uploads\/2022\/05\/Vineyard-and-Chateau-dYquem-Sauternes-Region-Aquitaine-Franc-494478763_4256x1772-scaled.jpeg","contentUrl":"https:\/\/laroutedesgourmets.fr\/wp-content\/uploads\/2022\/05\/Vineyard-and-Chateau-dYquem-Sauternes-Region-Aquitaine-Franc-494478763_4256x1772-scaled.jpeg","width":2560,"height":1066,"caption":"Vineyard and Chateau d'Yquem, Sauternes Region, Aquitaine, France"},{"@type":"BreadcrumbList","@id":"https:\/\/laroutedesgourmets.fr\/es\/viajes-gastronomicos-en-francia\/circuito-enologico-en-francia\/#breadcrumb","itemListElement":[{"@type":"ListItem","position":1,"name":"Visites gourmandes \u00e0 Paris","item":"https:\/\/laroutedesgourmets.fr\/visites-guidees\/"},{"@type":"ListItem","position":2,"name":"Circuito enol\u00f3gico en Francia"}]},{"@type":"WebSite","@id":"https:\/\/laroutedesgourmets.fr\/#website","url":"https:\/\/laroutedesgourmets.fr\/","name":"La Route des Gourmets","description":"Agence de tourisme gastronomique","publisher":{"@id":"https:\/\/laroutedesgourmets.fr\/#organization"},"potentialAction":[{"@type":"SearchAction","target":{"@type":"EntryPoint","urlTemplate":"https:\/\/laroutedesgourmets.fr\/?s={search_term_string}"},"query-input":{"@type":"PropertyValueSpecification","valueRequired":true,"valueName":"search_term_string"}}],"inLanguage":"es"},{"@type":"Organization","@id":"https:\/\/laroutedesgourmets.fr\/#organization","name":"La Route des Gourmets","url":"https:\/\/laroutedesgourmets.fr\/","logo":{"@type":"ImageObject","inLanguage":"es","@id":"https:\/\/laroutedesgourmets.fr\/#\/schema\/logo\/image\/","url":"https:\/\/laroutedesgourmets.fr\/wp-content\/uploads\/2023\/12\/laroutedesgourmets-sigle-cadre-S-b.png","contentUrl":"https:\/\/laroutedesgourmets.fr\/wp-content\/uploads\/2023\/12\/laroutedesgourmets-sigle-cadre-S-b.png","width":445,"height":445,"caption":"La Route des Gourmets"},"image":{"@id":"https:\/\/laroutedesgourmets.fr\/#\/schema\/logo\/image\/"},"sameAs":["http:\/\/www.facebook.com\/laroutedesgourmets","https:\/\/x.com\/Routedesgourmet","https:\/\/www.instagram.com\/laroutedesgourmets"],"email":"infos@laroutedesgourmets.fr","telephone":"+33139473279"}]}},"_links":{"self":[{"href":"https:\/\/laroutedesgourmets.fr\/es\/wp-json\/wp\/v2\/product\/1287","targetHints":{"allow":["GET"]}}],"collection":[{"href":"https:\/\/laroutedesgourmets.fr\/es\/wp-json\/wp\/v2\/product"}],"about":[{"href":"https:\/\/laroutedesgourmets.fr\/es\/wp-json\/wp\/v2\/types\/product"}],"wp:featuredmedia":[{"embeddable":true,"href":"https:\/\/laroutedesgourmets.fr\/es\/wp-json\/wp\/v2\/media\/8438"}],"wp:attachment":[{"href":"https:\/\/laroutedesgourmets.fr\/es\/wp-json\/wp\/v2\/media?parent=1287"}],"wp:term":[{"taxonomy":"product_brand","embeddable":true,"href":"https:\/\/laroutedesgourmets.fr\/es\/wp-json\/wp\/v2\/product_brand?post=1287"},{"taxonomy":"product_cat","embeddable":true,"href":"https:\/\/laroutedesgourmets.fr\/es\/wp-json\/wp\/v2\/product_cat?post=1287"},{"taxonomy":"product_tag","embeddable":true,"href":"https:\/\/laroutedesgourmets.fr\/es\/wp-json\/wp\/v2\/product_tag?post=1287"}],"curies":[{"name":"wp","href":"https:\/\/api.w.org\/{rel}","templated":true}]}}