{"id":1311,"date":"2014-07-01T15:59:36","date_gmt":"2014-07-01T13:59:36","guid":{"rendered":"https:\/\/v3.laroutedesgourmets.fr\/produit\/cata-de-vinos-en-paris\/"},"modified":"2014-07-01T15:59:36","modified_gmt":"2014-07-01T13:59:36","slug":"cata-de-vinos-en-paris","status":"publish","type":"product","link":"https:\/\/laroutedesgourmets.fr\/es\/actividades-gastronomicas-en-paris-es\/talleres-de-degustacion-en-paris-es\/cata-de-vinos-en-paris\/","title":{"rendered":"Cata de Vinos en Paris"},"content":{"rendered":"<p style=\"text-align: justify;\">En el coraz\u00f3n de Par\u00eds, en el barrio de Ch\u00e2telet Les Halles, venga a catar y descubrir algunos de los mejores vinos franceses y vinos de peque\u00f1os productores independientes de todas las regiones vitivin\u00edcolas de Francia que cada a\u00f1o enriquecen la gama de la enolog\u00eda francesa.<\/p>\n<p style=\"text-align: justify;\">Escoja entre una selecci\u00f3n de vinos blancos rosados, tintos, espumosos, cuidadosamente seleccionados por el propietario de la cava. Durante esta cata de vinos en Par\u00eds, el experto de cava le propondr\u00e1 una selecci\u00f3n de vinos a\u00f1ejados y j\u00f3venes recomend\u00e1ndole los mejores maridajes con diversos platillos y alimentos.<\/p>\n<p style=\"text-align: justify;\">Consienta a su paladar mientras disfruta de las apasionantes an\u00e9cdotas e historia de la enolog\u00eda francesa.<\/p>\n<p style=\"text-align: justify;\">Esta degustaci\u00f3n de vinos en Par\u00eds esta acompa\u00f1ada con una selecci\u00f3n de quesos y embutidos.<\/p>\n<h3 style=\"text-align: justify;\">Este taller de degustaci\u00f3n incluye :<\/h3>\n<ul style=\"text-align: justify;\">\n<li>La visita de la cava<\/li>\n<li>Una degustacion de\u00a06 a 8 vinos ( 4cl por dosis)<\/li>\n<li>Una asociaci\u00f3n de\u00a0quesos franceses y carnes frias<\/li>\n<li>Consejos de degustaci\u00f3n propuestos por el jefe de cava \u00a0<\/li>\n<\/ul>\n<p style=\"text-align: justify;\">\u00a0<\/p>\n<h3 style=\"text-align: justify;\">\u00a0Informaciones pr\u00e1cticas :<\/h3>\n<ul>\n<li style=\"text-align: justify;\"><strong>Fecha: 2\u00a0s\u00e1bados al mes, a las 6:30pm (verificar el calendario)<\/strong><\/li>\n<li style=\"text-align: justify;\"><strong>Duraci\u00f3n del taller<\/strong>:\u00a01h30<\/li>\n<li style=\"text-align: justify;\"><strong>M\u00ednimo de participantes<\/strong>:\u00a0session de 10 participantes m\u00e1ximo<\/li>\n<li style=\"text-align: justify;\"><strong>Idiomas<\/strong>: franc\u00e9s, espa\u00f1ol o\u00a0ingl\u00e9s.\u00a0<\/li>\n<li style=\"text-align: justify;\"><strong>Direcci\u00f3n<\/strong>: lugar a visita ser\u00e1 comunicado despu\u00e9s de la confirmaci\u00f3n de la orden.<\/li>\n<li style=\"text-align: justify;\"><strong>Cata privada<\/strong> : a partir de 8 personas<\/li>\n<li style=\"text-align: justify;\"><strong>Bono de Regalo<\/strong>: Es posible ofrecer esta degustaci\u00f3n en forma de un bono de regalo: Haga clic sobre el bot\u00f3n \u201cCOMPRAR SIN FECHA\u201d. Le enviaremos el bono de regalo por mail. Este bono de regalo es v\u00e1lido por una duraci\u00f3n de 6 meses a partir de la fecha de su compra y no es reembolsable.<\/li>\n<li style=\"text-align: justify;\"><strong>Condiciones de annulacion<\/strong>: las ordenes son consideradas confirmadas una vez que el pago a sido recibido. En caso de cancelaci\u00f3n por el cliente el reembolso de la prestaci\u00f3n es del 100% si la anulaci\u00f3n se realiza antes de tres semanas a la fecha de la prestaci\u00f3n; el rembolso es del 50% si la cancelaci\u00f3n se realiza antes de dos semanas a la fecha de la prestaci\u00f3n. Ning\u00fan reembolso se realizar\u00e1 despu\u00e9s a menos de dos semanas de la fecha de la prestaci\u00f3n.<\/li>\n<\/ul>\n","protected":false},"excerpt":{"rendered":"<p>Realice un tour gustativo de los vi\u00f1edos franceses a trav\u00e9s de una extraordinaria cata de vinos en Par\u00eds. La cava a visitar pone a su disposici\u00f3n 80 vinos franceses de excepci\u00f3n gracias a un sistema inteligente de bodega y conservaci\u00f3n<\/p>\n","protected":false},"featured_media":1290,"template":"","meta":{"inline_featured_image":false,"neve_meta_sidebar":"","neve_meta_container":"","neve_meta_enable_content_width":"","neve_meta_content_width":0,"neve_meta_title_alignment":"","neve_meta_author_avatar":"","neve_post_elements_order":"","neve_meta_disable_header":"","neve_meta_disable_footer":"","neve_meta_disable_title":""},"product_brand":[],"product_cat":[190,208],"product_tag":[],"class_list":{"0":"post-1311","1":"product","2":"type-product","3":"status-publish","4":"has-post-thumbnail","6":"product_cat-actividades-gastronomicas-en-paris-es","7":"product_cat-talleres-de-degustacion-en-paris-es","9":"first","10":"instock","11":"taxable","12":"shipping-taxable","13":"purchasable","14":"product-type-simple"},"yoast_head":"<!-- This site is optimized with the Yoast SEO Premium plugin v27.4 (Yoast SEO v27.4) - https:\/\/yoast.com\/product\/yoast-seo-premium-wordpress\/ -->\n<title>Cata de vinos franceses en Par\u00eds<\/title>\n<meta name=\"description\" content=\"Cata de vinos franceses excepcionales en Paris en una cava hist\u00f3rica\" \/>\n<meta name=\"robots\" content=\"index, follow, max-snippet:-1, max-image-preview:large, max-video-preview:-1\" \/>\n<link rel=\"canonical\" href=\"https:\/\/laroutedesgourmets.fr\/activites-gourmandes-a-paris\/ateliers-de-degustation-a-paris\/degustation-de-vins-a-paris\/\" \/>\n<meta property=\"og:locale\" content=\"es_ES\" \/>\n<meta property=\"og:type\" content=\"article\" \/>\n<meta property=\"og:title\" content=\"Cata de vinos franceses en Par\u00eds\" \/>\n<meta property=\"og:description\" content=\"Cata de vinos franceses excepcionales en Paris en una cava hist\u00f3rica\" \/>\n<meta property=\"og:url\" content=\"https:\/\/laroutedesgourmets.fr\/activites-gourmandes-a-paris\/ateliers-de-degustation-a-paris\/degustation-de-vins-a-paris\/\" \/>\n<meta property=\"og:site_name\" content=\"La Route des Gourmets\" \/>\n<meta property=\"article:publisher\" content=\"http:\/\/www.facebook.com\/laroutedesgourmets\" \/>\n<meta property=\"og:image\" content=\"https:\/\/laroutedesgourmets.fr\/wp-content\/uploads\/2014\/07\/p_9_6_4_964-Degustation-de-vins-a-Paris.jpg\" \/>\n\t<meta property=\"og:image:width\" content=\"1800\" \/>\n\t<meta property=\"og:image:height\" content=\"1200\" \/>\n\t<meta property=\"og:image:type\" content=\"image\/jpeg\" \/>\n<meta name=\"twitter:card\" content=\"summary_large_image\" \/>\n<meta name=\"twitter:site\" content=\"@Routedesgourmet\" \/>\n<meta name=\"twitter:label1\" content=\"Tiempo de lectura\" \/>\n\t<meta name=\"twitter:data1\" content=\"2 minutos\" \/>\n<script type=\"application\/ld+json\" class=\"yoast-schema-graph\">{\"@context\":\"https:\\\/\\\/schema.org\",\"@graph\":[{\"@type\":\"WebPage\",\"@id\":\"https:\\\/\\\/laroutedesgourmets.fr\\\/activites-gourmandes-a-paris\\\/ateliers-de-degustation-a-paris\\\/degustation-de-vins-a-paris\\\/\",\"url\":\"https:\\\/\\\/laroutedesgourmets.fr\\\/activites-gourmandes-a-paris\\\/ateliers-de-degustation-a-paris\\\/degustation-de-vins-a-paris\\\/\",\"name\":\"Cata de vinos franceses en Par\u00eds\",\"isPartOf\":{\"@id\":\"https:\\\/\\\/laroutedesgourmets.fr\\\/#website\"},\"primaryImageOfPage\":{\"@id\":\"https:\\\/\\\/laroutedesgourmets.fr\\\/activites-gourmandes-a-paris\\\/ateliers-de-degustation-a-paris\\\/degustation-de-vins-a-paris\\\/#primaryimage\"},\"image\":{\"@id\":\"https:\\\/\\\/laroutedesgourmets.fr\\\/activites-gourmandes-a-paris\\\/ateliers-de-degustation-a-paris\\\/degustation-de-vins-a-paris\\\/#primaryimage\"},\"thumbnailUrl\":\"https:\\\/\\\/laroutedesgourmets.fr\\\/wp-content\\\/uploads\\\/2014\\\/07\\\/p_9_6_4_964-Degustation-de-vins-a-Paris.jpg\",\"datePublished\":\"2014-07-01T13:59:36+00:00\",\"description\":\"Cata de vinos franceses excepcionales en Paris en una cava hist\u00f3rica\",\"breadcrumb\":{\"@id\":\"https:\\\/\\\/laroutedesgourmets.fr\\\/activites-gourmandes-a-paris\\\/ateliers-de-degustation-a-paris\\\/degustation-de-vins-a-paris\\\/#breadcrumb\"},\"inLanguage\":\"es\",\"potentialAction\":[{\"@type\":\"ReadAction\",\"target\":[\"https:\\\/\\\/laroutedesgourmets.fr\\\/activites-gourmandes-a-paris\\\/ateliers-de-degustation-a-paris\\\/degustation-de-vins-a-paris\\\/\"]}]},{\"@type\":\"ImageObject\",\"inLanguage\":\"es\",\"@id\":\"https:\\\/\\\/laroutedesgourmets.fr\\\/activites-gourmandes-a-paris\\\/ateliers-de-degustation-a-paris\\\/degustation-de-vins-a-paris\\\/#primaryimage\",\"url\":\"https:\\\/\\\/laroutedesgourmets.fr\\\/wp-content\\\/uploads\\\/2014\\\/07\\\/p_9_6_4_964-Degustation-de-vins-a-Paris.jpg\",\"contentUrl\":\"https:\\\/\\\/laroutedesgourmets.fr\\\/wp-content\\\/uploads\\\/2014\\\/07\\\/p_9_6_4_964-Degustation-de-vins-a-Paris.jpg\",\"width\":1800,\"height\":1200},{\"@type\":\"BreadcrumbList\",\"@id\":\"https:\\\/\\\/laroutedesgourmets.fr\\\/activites-gourmandes-a-paris\\\/ateliers-de-degustation-a-paris\\\/degustation-de-vins-a-paris\\\/#breadcrumb\",\"itemListElement\":[{\"@type\":\"ListItem\",\"position\":1,\"name\":\"Visites gourmandes \u00e0 Paris\",\"item\":\"https:\\\/\\\/laroutedesgourmets.fr\\\/visites-guidees\\\/\"},{\"@type\":\"ListItem\",\"position\":2,\"name\":\"Cata de Vinos en Paris\"}]},{\"@type\":\"WebSite\",\"@id\":\"https:\\\/\\\/laroutedesgourmets.fr\\\/#website\",\"url\":\"https:\\\/\\\/laroutedesgourmets.fr\\\/\",\"name\":\"La Route des Gourmets\",\"description\":\"Agence de tourisme gastronomique\",\"publisher\":{\"@id\":\"https:\\\/\\\/laroutedesgourmets.fr\\\/#organization\"},\"potentialAction\":[{\"@type\":\"SearchAction\",\"target\":{\"@type\":\"EntryPoint\",\"urlTemplate\":\"https:\\\/\\\/laroutedesgourmets.fr\\\/?s={search_term_string}\"},\"query-input\":{\"@type\":\"PropertyValueSpecification\",\"valueRequired\":true,\"valueName\":\"search_term_string\"}}],\"inLanguage\":\"es\"},{\"@type\":\"Organization\",\"@id\":\"https:\\\/\\\/laroutedesgourmets.fr\\\/#organization\",\"name\":\"La Route des Gourmets\",\"url\":\"https:\\\/\\\/laroutedesgourmets.fr\\\/\",\"logo\":{\"@type\":\"ImageObject\",\"inLanguage\":\"es\",\"@id\":\"https:\\\/\\\/laroutedesgourmets.fr\\\/#\\\/schema\\\/logo\\\/image\\\/\",\"url\":\"https:\\\/\\\/laroutedesgourmets.fr\\\/wp-content\\\/uploads\\\/2023\\\/12\\\/laroutedesgourmets-sigle-cadre-S-b.png\",\"contentUrl\":\"https:\\\/\\\/laroutedesgourmets.fr\\\/wp-content\\\/uploads\\\/2023\\\/12\\\/laroutedesgourmets-sigle-cadre-S-b.png\",\"width\":445,\"height\":445,\"caption\":\"La Route des Gourmets\"},\"image\":{\"@id\":\"https:\\\/\\\/laroutedesgourmets.fr\\\/#\\\/schema\\\/logo\\\/image\\\/\"},\"sameAs\":[\"http:\\\/\\\/www.facebook.com\\\/laroutedesgourmets\",\"https:\\\/\\\/x.com\\\/Routedesgourmet\",\"https:\\\/\\\/www.instagram.com\\\/laroutedesgourmets\"],\"email\":\"infos@laroutedesgourmets.fr\",\"telephone\":\"+33139473279\"}]}<\/script>\n<!-- \/ Yoast SEO Premium plugin. -->","yoast_head_json":{"title":"Cata de vinos franceses en Par\u00eds","description":"Cata de vinos franceses excepcionales en Paris en una cava hist\u00f3rica","robots":{"index":"index","follow":"follow","max-snippet":"max-snippet:-1","max-image-preview":"max-image-preview:large","max-video-preview":"max-video-preview:-1"},"canonical":"https:\/\/laroutedesgourmets.fr\/activites-gourmandes-a-paris\/ateliers-de-degustation-a-paris\/degustation-de-vins-a-paris\/","og_locale":"es_ES","og_type":"article","og_title":"Cata de vinos franceses en Par\u00eds","og_description":"Cata de vinos franceses excepcionales en Paris en una cava hist\u00f3rica","og_url":"https:\/\/laroutedesgourmets.fr\/activites-gourmandes-a-paris\/ateliers-de-degustation-a-paris\/degustation-de-vins-a-paris\/","og_site_name":"La Route des Gourmets","article_publisher":"http:\/\/www.facebook.com\/laroutedesgourmets","og_image":[{"width":1800,"height":1200,"url":"https:\/\/laroutedesgourmets.fr\/wp-content\/uploads\/2014\/07\/p_9_6_4_964-Degustation-de-vins-a-Paris.jpg","type":"image\/jpeg"}],"twitter_card":"summary_large_image","twitter_site":"@Routedesgourmet","twitter_misc":{"Tiempo de lectura":"2 minutos"},"schema":{"@context":"https:\/\/schema.org","@graph":[{"@type":"WebPage","@id":"https:\/\/laroutedesgourmets.fr\/activites-gourmandes-a-paris\/ateliers-de-degustation-a-paris\/degustation-de-vins-a-paris\/","url":"https:\/\/laroutedesgourmets.fr\/activites-gourmandes-a-paris\/ateliers-de-degustation-a-paris\/degustation-de-vins-a-paris\/","name":"Cata de vinos franceses en Par\u00eds","isPartOf":{"@id":"https:\/\/laroutedesgourmets.fr\/#website"},"primaryImageOfPage":{"@id":"https:\/\/laroutedesgourmets.fr\/activites-gourmandes-a-paris\/ateliers-de-degustation-a-paris\/degustation-de-vins-a-paris\/#primaryimage"},"image":{"@id":"https:\/\/laroutedesgourmets.fr\/activites-gourmandes-a-paris\/ateliers-de-degustation-a-paris\/degustation-de-vins-a-paris\/#primaryimage"},"thumbnailUrl":"https:\/\/laroutedesgourmets.fr\/wp-content\/uploads\/2014\/07\/p_9_6_4_964-Degustation-de-vins-a-Paris.jpg","datePublished":"2014-07-01T13:59:36+00:00","description":"Cata de vinos franceses excepcionales en Paris en una cava hist\u00f3rica","breadcrumb":{"@id":"https:\/\/laroutedesgourmets.fr\/activites-gourmandes-a-paris\/ateliers-de-degustation-a-paris\/degustation-de-vins-a-paris\/#breadcrumb"},"inLanguage":"es","potentialAction":[{"@type":"ReadAction","target":["https:\/\/laroutedesgourmets.fr\/activites-gourmandes-a-paris\/ateliers-de-degustation-a-paris\/degustation-de-vins-a-paris\/"]}]},{"@type":"ImageObject","inLanguage":"es","@id":"https:\/\/laroutedesgourmets.fr\/activites-gourmandes-a-paris\/ateliers-de-degustation-a-paris\/degustation-de-vins-a-paris\/#primaryimage","url":"https:\/\/laroutedesgourmets.fr\/wp-content\/uploads\/2014\/07\/p_9_6_4_964-Degustation-de-vins-a-Paris.jpg","contentUrl":"https:\/\/laroutedesgourmets.fr\/wp-content\/uploads\/2014\/07\/p_9_6_4_964-Degustation-de-vins-a-Paris.jpg","width":1800,"height":1200},{"@type":"BreadcrumbList","@id":"https:\/\/laroutedesgourmets.fr\/activites-gourmandes-a-paris\/ateliers-de-degustation-a-paris\/degustation-de-vins-a-paris\/#breadcrumb","itemListElement":[{"@type":"ListItem","position":1,"name":"Visites gourmandes \u00e0 Paris","item":"https:\/\/laroutedesgourmets.fr\/visites-guidees\/"},{"@type":"ListItem","position":2,"name":"Cata de Vinos en Paris"}]},{"@type":"WebSite","@id":"https:\/\/laroutedesgourmets.fr\/#website","url":"https:\/\/laroutedesgourmets.fr\/","name":"La Route des Gourmets","description":"Agence de tourisme gastronomique","publisher":{"@id":"https:\/\/laroutedesgourmets.fr\/#organization"},"potentialAction":[{"@type":"SearchAction","target":{"@type":"EntryPoint","urlTemplate":"https:\/\/laroutedesgourmets.fr\/?s={search_term_string}"},"query-input":{"@type":"PropertyValueSpecification","valueRequired":true,"valueName":"search_term_string"}}],"inLanguage":"es"},{"@type":"Organization","@id":"https:\/\/laroutedesgourmets.fr\/#organization","name":"La Route des Gourmets","url":"https:\/\/laroutedesgourmets.fr\/","logo":{"@type":"ImageObject","inLanguage":"es","@id":"https:\/\/laroutedesgourmets.fr\/#\/schema\/logo\/image\/","url":"https:\/\/laroutedesgourmets.fr\/wp-content\/uploads\/2023\/12\/laroutedesgourmets-sigle-cadre-S-b.png","contentUrl":"https:\/\/laroutedesgourmets.fr\/wp-content\/uploads\/2023\/12\/laroutedesgourmets-sigle-cadre-S-b.png","width":445,"height":445,"caption":"La Route des Gourmets"},"image":{"@id":"https:\/\/laroutedesgourmets.fr\/#\/schema\/logo\/image\/"},"sameAs":["http:\/\/www.facebook.com\/laroutedesgourmets","https:\/\/x.com\/Routedesgourmet","https:\/\/www.instagram.com\/laroutedesgourmets"],"email":"infos@laroutedesgourmets.fr","telephone":"+33139473279"}]}},"_links":{"self":[{"href":"https:\/\/laroutedesgourmets.fr\/es\/wp-json\/wp\/v2\/product\/1311","targetHints":{"allow":["GET"]}}],"collection":[{"href":"https:\/\/laroutedesgourmets.fr\/es\/wp-json\/wp\/v2\/product"}],"about":[{"href":"https:\/\/laroutedesgourmets.fr\/es\/wp-json\/wp\/v2\/types\/product"}],"wp:featuredmedia":[{"embeddable":true,"href":"https:\/\/laroutedesgourmets.fr\/es\/wp-json\/wp\/v2\/media\/1290"}],"wp:attachment":[{"href":"https:\/\/laroutedesgourmets.fr\/es\/wp-json\/wp\/v2\/media?parent=1311"}],"wp:term":[{"taxonomy":"product_brand","embeddable":true,"href":"https:\/\/laroutedesgourmets.fr\/es\/wp-json\/wp\/v2\/product_brand?post=1311"},{"taxonomy":"product_cat","embeddable":true,"href":"https:\/\/laroutedesgourmets.fr\/es\/wp-json\/wp\/v2\/product_cat?post=1311"},{"taxonomy":"product_tag","embeddable":true,"href":"https:\/\/laroutedesgourmets.fr\/es\/wp-json\/wp\/v2\/product_tag?post=1311"}],"curies":[{"name":"wp","href":"https:\/\/api.w.org\/{rel}","templated":true}]}}