{"id":1353,"date":"2022-05-03T17:06:47","date_gmt":"2022-05-03T15:06:47","guid":{"rendered":"https:\/\/v3.laroutedesgourmets.fr\/?post_type=product&#038;p=1353"},"modified":"2024-01-11T18:30:05","modified_gmt":"2024-01-11T17:30:05","slug":"circuito-la-gastronomia-francesa","status":"publish","type":"product","link":"https:\/\/laroutedesgourmets.fr\/es\/viajes-gastronomicos-en-francia\/circuito-la-gastronomia-francesa\/","title":{"rendered":"Circuito gastron\u00f3mico en Francia"},"content":{"rendered":"<h2>Circuito eno-gastron\u00f3mico en Francia, todo incluido de 10\u00a0d\u00edas<\/h2>\n<p>La Route des Gourmets, la primera agencia de viajes francesa especializada en turismo gastron\u00f3mico, concibe y organiza circuitos gourmet especialmente creados para aficionados del turismo culinario.<br \/>\nNuestro circuito eno-gastron\u00f3mico \u00abla route de la gastronomie fran\u00e7aise\u00bb de 9 d\u00edas lo llevar\u00e1 a visitar algunas de las m\u00e1s renombradas regiones gastron\u00f3micas de Francia.<\/p>\n<h3>El viaje incluye<\/h3>\n<ul>\n<li><strong>La visita de ciudades de gran importancia en el desarrollo de la cultura alimentaria francesa:<\/strong><br \/>\n&#8211; Par\u00eds, centro principal de distribuci\u00f3n<br \/>\n&#8211; Provins, origen de la alimentaci\u00f3n de la Edad Media<br \/>\n&#8211; Beaunes, capital de Borgo\u00f1a<\/li>\n<\/ul>\n<ul>\n<li><strong>Una selecci\u00f3n de regiones conocidas por la variedad y la calidad de sus productos locales:<\/strong><br \/>\n&#8211; Normand\u00eda y las rutas del Camembert,\u00a0 la sidra y el Calvados<br \/>\n&#8211; El campo en los alrededores de Par\u00eds <span style=\"text-align: center; color: var(--g-gray);\">\u00a0<\/span><\/li>\n<\/ul>\n<ul>\n<li><strong>Una selecci\u00f3n de regiones vitivin\u00edcolas famosas:<\/strong><br \/>\n&#8211; El Champagne en Reims y Epernay<br \/>\n&#8211; Los Grands Crus de Borgo\u00f1a<\/li>\n<\/ul>\n<p>Este circuito gastron\u00f3mico es perfecto para los profesionales del turismo que quieren proponer un circuito tem\u00e1tico original pero tambi\u00e9n para las asociaciones, estudiantes y extranjeros, familias o grupos, para todos los aficionados del turismo culinario o los curiosos que quieren descubrir un pa\u00eds o una regi\u00f3n a trav\u00e9s de su gastronom\u00eda y de sus costumbres!<\/p>\n<h3>El valor agregado de este circuito VIP<\/h3>\n<ul>\n<li>Un tour cultural y tem\u00e1tico amplio que promueve el patrimonio culinario, gastron\u00f3mico y enol\u00f3gico de Francia<\/li>\n<li>Un circuito todo incluido: actividades eno-gastron\u00f3micas, entradas a los museos y sitios culturales,\u00a0 animaciones, y degustaciones, el gu\u00eda acompa\u00f1ador, el transporte y el alojamiento<\/li>\n<li>Una selecci\u00f3n rigurosa de los mejores productores y sitios regionales para ofrecerle multiples degustaciones de alta calidad (vinos y productos locales gourmet)<\/li>\n<li>Una organizaci\u00f3n completa y simplificada que nuestro \u00a0equipo gestiona del principio del tour al final (excepto por el vuelo ida y vuelta a Francia)<\/li>\n<li>Un servicio VIP\u00a0y un gu\u00eda biling\u00fce dedicado y experto del patrimonio eno-gastron\u00f3mico franc\u00e9s<\/li>\n<li>Seg\u00fan sus expectativas e intereses, la duraci\u00f3n del circuito puede adaptarse a su medida para que su viaje gastron\u00f3mico en Francia sea inolvidable.<\/li>\n<\/ul>\n<h3>El precio incluye<\/h3>\n<ul>\n<li>Todas las visitas culturales y gastron\u00f3micas<\/li>\n<li>Las entradas a los museos<\/li>\n<li>Las degustaciones de vinos y productos regionales<\/li>\n<li>El gu\u00eda acompa\u00f1ador<\/li>\n<li>El alojamiento<\/li>\n<li>El transporte con chofer en todas las etapas del circuito<\/li>\n<li>Las reservaciones opcionales de restaurantes<\/li>\n<\/ul>\n<h3>Informaciones practicas:<\/h3>\n<ul>\n<li>Duraci\u00f3n: 10\u00a0d\u00edas \/ 10\u00a0noches<\/li>\n<li>Salida\/Llegada: Par\u00eds<\/li>\n<li>M\u00ednimo: 8\u00a0personas (cons\u00faltenos para grupos inferiores a 8\u00a0personas)<\/li>\n<li>Publico: circuito adaptado a particulares, estudiantes, profesionales,&#8230;<\/li>\n<li>Idiomas del gu\u00eda: franc\u00e9s, espa\u00f1ol, ingl\u00e9s (cons\u00faltenos para otras lenguas)<\/li>\n<\/ul>\n<p>Itinerario detallado y tarifas en <a href=\"mailto:infos@laroutedesgourmets.fr\">infos@laroutedesgourmets.fr<\/a><\/p>\n","protected":false},"excerpt":{"rendered":"<p>Nuestro circuito eno-gastron\u00f3mico y cultural todo incluido le propone descubrir el extraordinario patrimonio gastron\u00f3mico franc\u00e9s en 10\u00a0d\u00edas: saliendo desde Par\u00eds, nuestra ruta gourmet lo llevar\u00e1 a visitar: Paris, Ile de France, Normand\u00eda, Champagne y Borgo\u00f1a<\/p>\n","protected":false},"featured_media":8444,"template":"","meta":{"inline_featured_image":false,"neve_meta_sidebar":"","neve_meta_container":"","neve_meta_enable_content_width":"off","neve_meta_content_width":100,"neve_meta_title_alignment":"","neve_meta_author_avatar":"","neve_post_elements_order":"","neve_meta_disable_header":"","neve_meta_disable_footer":"","neve_meta_disable_title":""},"product_brand":[],"product_cat":[1582],"product_tag":[],"class_list":{"0":"post-1353","1":"product","2":"type-product","3":"status-publish","4":"has-post-thumbnail","6":"product_cat-viajes-gastronomicos-en-francia","8":"first","9":"instock","10":"taxable","11":"shipping-taxable","12":"product-type-simple"},"yoast_head":"<!-- This site is optimized with the Yoast SEO Premium plugin v27.4 (Yoast SEO v27.4) - https:\/\/yoast.com\/product\/yoast-seo-premium-wordpress\/ -->\n<title>Circuito gastron\u00f3mico en Francia con gu\u00eda y transporte<\/title>\n<meta name=\"description\" content=\"Circuito gastron\u00f3mico de lujo todo incluido para descubrir la gastronom\u00eda francesa con gu\u00eda y transporte privado: una ruta gastron\u00f3mica y gourmet a su medida\" \/>\n<meta name=\"robots\" content=\"index, follow, max-snippet:-1, max-image-preview:large, max-video-preview:-1\" \/>\n<link rel=\"canonical\" href=\"https:\/\/laroutedesgourmets.fr\/es\/viajes-gastronomicos-en-francia\/circuito-la-gastronomia-francesa\/\" \/>\n<meta property=\"og:locale\" content=\"es_ES\" \/>\n<meta property=\"og:type\" content=\"article\" \/>\n<meta property=\"og:title\" content=\"Circuito gastron\u00f3mico en Francia con gu\u00eda y transporte\" \/>\n<meta property=\"og:description\" content=\"Circuito gastron\u00f3mico de lujo todo incluido para descubrir la gastronom\u00eda francesa con gu\u00eda y transporte privado: una ruta gastron\u00f3mica y gourmet a su medida\" \/>\n<meta property=\"og:url\" content=\"https:\/\/laroutedesgourmets.fr\/es\/viajes-gastronomicos-en-francia\/circuito-la-gastronomia-francesa\/\" \/>\n<meta property=\"og:site_name\" content=\"La Route des Gourmets\" \/>\n<meta property=\"article:publisher\" content=\"http:\/\/www.facebook.com\/laroutedesgourmets\" \/>\n<meta property=\"article:modified_time\" content=\"2024-01-11T17:30:05+00:00\" \/>\n<meta property=\"og:image\" content=\"https:\/\/laroutedesgourmets.fr\/wp-content\/uploads\/2022\/05\/iStock-600063520-scaled.jpg\" \/>\n\t<meta property=\"og:image:width\" content=\"2560\" \/>\n\t<meta property=\"og:image:height\" content=\"1325\" \/>\n\t<meta property=\"og:image:type\" content=\"image\/jpeg\" \/>\n<meta name=\"twitter:card\" content=\"summary_large_image\" \/>\n<meta name=\"twitter:site\" content=\"@Routedesgourmet\" \/>\n<meta name=\"twitter:label1\" content=\"Tiempo de lectura\" \/>\n\t<meta name=\"twitter:data1\" content=\"3 minutos\" \/>\n<script type=\"application\/ld+json\" class=\"yoast-schema-graph\">{\"@context\":\"https:\\\/\\\/schema.org\",\"@graph\":[{\"@type\":\"WebPage\",\"@id\":\"https:\\\/\\\/laroutedesgourmets.fr\\\/es\\\/viajes-gastronomicos-en-francia\\\/circuito-la-gastronomia-francesa\\\/\",\"url\":\"https:\\\/\\\/laroutedesgourmets.fr\\\/es\\\/viajes-gastronomicos-en-francia\\\/circuito-la-gastronomia-francesa\\\/\",\"name\":\"Circuito gastron\u00f3mico en Francia con gu\u00eda y transporte\",\"isPartOf\":{\"@id\":\"https:\\\/\\\/laroutedesgourmets.fr\\\/#website\"},\"primaryImageOfPage\":{\"@id\":\"https:\\\/\\\/laroutedesgourmets.fr\\\/es\\\/viajes-gastronomicos-en-francia\\\/circuito-la-gastronomia-francesa\\\/#primaryimage\"},\"image\":{\"@id\":\"https:\\\/\\\/laroutedesgourmets.fr\\\/es\\\/viajes-gastronomicos-en-francia\\\/circuito-la-gastronomia-francesa\\\/#primaryimage\"},\"thumbnailUrl\":\"https:\\\/\\\/laroutedesgourmets.fr\\\/wp-content\\\/uploads\\\/2022\\\/05\\\/iStock-600063520-scaled.jpg\",\"datePublished\":\"2022-05-03T15:06:47+00:00\",\"dateModified\":\"2024-01-11T17:30:05+00:00\",\"description\":\"Circuito gastron\u00f3mico de lujo todo incluido para descubrir la gastronom\u00eda francesa con gu\u00eda y transporte privado: una ruta gastron\u00f3mica y gourmet a su medida\",\"breadcrumb\":{\"@id\":\"https:\\\/\\\/laroutedesgourmets.fr\\\/es\\\/viajes-gastronomicos-en-francia\\\/circuito-la-gastronomia-francesa\\\/#breadcrumb\"},\"inLanguage\":\"es\",\"potentialAction\":[{\"@type\":\"ReadAction\",\"target\":[\"https:\\\/\\\/laroutedesgourmets.fr\\\/es\\\/viajes-gastronomicos-en-francia\\\/circuito-la-gastronomia-francesa\\\/\"]}]},{\"@type\":\"ImageObject\",\"inLanguage\":\"es\",\"@id\":\"https:\\\/\\\/laroutedesgourmets.fr\\\/es\\\/viajes-gastronomicos-en-francia\\\/circuito-la-gastronomia-francesa\\\/#primaryimage\",\"url\":\"https:\\\/\\\/laroutedesgourmets.fr\\\/wp-content\\\/uploads\\\/2022\\\/05\\\/iStock-600063520-scaled.jpg\",\"contentUrl\":\"https:\\\/\\\/laroutedesgourmets.fr\\\/wp-content\\\/uploads\\\/2022\\\/05\\\/iStock-600063520-scaled.jpg\",\"width\":2560,\"height\":1325,\"caption\":\"Honfleur in Normandy region of France. The photo was taken during the day looking over the harbour at the historical old buildings behind.\"},{\"@type\":\"BreadcrumbList\",\"@id\":\"https:\\\/\\\/laroutedesgourmets.fr\\\/es\\\/viajes-gastronomicos-en-francia\\\/circuito-la-gastronomia-francesa\\\/#breadcrumb\",\"itemListElement\":[{\"@type\":\"ListItem\",\"position\":1,\"name\":\"Visites gourmandes \u00e0 Paris\",\"item\":\"https:\\\/\\\/laroutedesgourmets.fr\\\/visites-guidees\\\/\"},{\"@type\":\"ListItem\",\"position\":2,\"name\":\"Circuito gastron\u00f3mico en Francia\"}]},{\"@type\":\"WebSite\",\"@id\":\"https:\\\/\\\/laroutedesgourmets.fr\\\/#website\",\"url\":\"https:\\\/\\\/laroutedesgourmets.fr\\\/\",\"name\":\"La Route des Gourmets\",\"description\":\"Agence de tourisme gastronomique\",\"publisher\":{\"@id\":\"https:\\\/\\\/laroutedesgourmets.fr\\\/#organization\"},\"potentialAction\":[{\"@type\":\"SearchAction\",\"target\":{\"@type\":\"EntryPoint\",\"urlTemplate\":\"https:\\\/\\\/laroutedesgourmets.fr\\\/?s={search_term_string}\"},\"query-input\":{\"@type\":\"PropertyValueSpecification\",\"valueRequired\":true,\"valueName\":\"search_term_string\"}}],\"inLanguage\":\"es\"},{\"@type\":\"Organization\",\"@id\":\"https:\\\/\\\/laroutedesgourmets.fr\\\/#organization\",\"name\":\"La Route des Gourmets\",\"url\":\"https:\\\/\\\/laroutedesgourmets.fr\\\/\",\"logo\":{\"@type\":\"ImageObject\",\"inLanguage\":\"es\",\"@id\":\"https:\\\/\\\/laroutedesgourmets.fr\\\/#\\\/schema\\\/logo\\\/image\\\/\",\"url\":\"https:\\\/\\\/laroutedesgourmets.fr\\\/wp-content\\\/uploads\\\/2023\\\/12\\\/laroutedesgourmets-sigle-cadre-S-b.png\",\"contentUrl\":\"https:\\\/\\\/laroutedesgourmets.fr\\\/wp-content\\\/uploads\\\/2023\\\/12\\\/laroutedesgourmets-sigle-cadre-S-b.png\",\"width\":445,\"height\":445,\"caption\":\"La Route des Gourmets\"},\"image\":{\"@id\":\"https:\\\/\\\/laroutedesgourmets.fr\\\/#\\\/schema\\\/logo\\\/image\\\/\"},\"sameAs\":[\"http:\\\/\\\/www.facebook.com\\\/laroutedesgourmets\",\"https:\\\/\\\/x.com\\\/Routedesgourmet\",\"https:\\\/\\\/www.instagram.com\\\/laroutedesgourmets\"],\"email\":\"infos@laroutedesgourmets.fr\",\"telephone\":\"+33139473279\"}]}<\/script>\n<!-- \/ Yoast SEO Premium plugin. -->","yoast_head_json":{"title":"Circuito gastron\u00f3mico en Francia con gu\u00eda y transporte","description":"Circuito gastron\u00f3mico de lujo todo incluido para descubrir la gastronom\u00eda francesa con gu\u00eda y transporte privado: una ruta gastron\u00f3mica y gourmet a su medida","robots":{"index":"index","follow":"follow","max-snippet":"max-snippet:-1","max-image-preview":"max-image-preview:large","max-video-preview":"max-video-preview:-1"},"canonical":"https:\/\/laroutedesgourmets.fr\/es\/viajes-gastronomicos-en-francia\/circuito-la-gastronomia-francesa\/","og_locale":"es_ES","og_type":"article","og_title":"Circuito gastron\u00f3mico en Francia con gu\u00eda y transporte","og_description":"Circuito gastron\u00f3mico de lujo todo incluido para descubrir la gastronom\u00eda francesa con gu\u00eda y transporte privado: una ruta gastron\u00f3mica y gourmet a su medida","og_url":"https:\/\/laroutedesgourmets.fr\/es\/viajes-gastronomicos-en-francia\/circuito-la-gastronomia-francesa\/","og_site_name":"La Route des Gourmets","article_publisher":"http:\/\/www.facebook.com\/laroutedesgourmets","article_modified_time":"2024-01-11T17:30:05+00:00","og_image":[{"width":2560,"height":1325,"url":"https:\/\/laroutedesgourmets.fr\/wp-content\/uploads\/2022\/05\/iStock-600063520-scaled.jpg","type":"image\/jpeg"}],"twitter_card":"summary_large_image","twitter_site":"@Routedesgourmet","twitter_misc":{"Tiempo de lectura":"3 minutos"},"schema":{"@context":"https:\/\/schema.org","@graph":[{"@type":"WebPage","@id":"https:\/\/laroutedesgourmets.fr\/es\/viajes-gastronomicos-en-francia\/circuito-la-gastronomia-francesa\/","url":"https:\/\/laroutedesgourmets.fr\/es\/viajes-gastronomicos-en-francia\/circuito-la-gastronomia-francesa\/","name":"Circuito gastron\u00f3mico en Francia con gu\u00eda y transporte","isPartOf":{"@id":"https:\/\/laroutedesgourmets.fr\/#website"},"primaryImageOfPage":{"@id":"https:\/\/laroutedesgourmets.fr\/es\/viajes-gastronomicos-en-francia\/circuito-la-gastronomia-francesa\/#primaryimage"},"image":{"@id":"https:\/\/laroutedesgourmets.fr\/es\/viajes-gastronomicos-en-francia\/circuito-la-gastronomia-francesa\/#primaryimage"},"thumbnailUrl":"https:\/\/laroutedesgourmets.fr\/wp-content\/uploads\/2022\/05\/iStock-600063520-scaled.jpg","datePublished":"2022-05-03T15:06:47+00:00","dateModified":"2024-01-11T17:30:05+00:00","description":"Circuito gastron\u00f3mico de lujo todo incluido para descubrir la gastronom\u00eda francesa con gu\u00eda y transporte privado: una ruta gastron\u00f3mica y gourmet a su medida","breadcrumb":{"@id":"https:\/\/laroutedesgourmets.fr\/es\/viajes-gastronomicos-en-francia\/circuito-la-gastronomia-francesa\/#breadcrumb"},"inLanguage":"es","potentialAction":[{"@type":"ReadAction","target":["https:\/\/laroutedesgourmets.fr\/es\/viajes-gastronomicos-en-francia\/circuito-la-gastronomia-francesa\/"]}]},{"@type":"ImageObject","inLanguage":"es","@id":"https:\/\/laroutedesgourmets.fr\/es\/viajes-gastronomicos-en-francia\/circuito-la-gastronomia-francesa\/#primaryimage","url":"https:\/\/laroutedesgourmets.fr\/wp-content\/uploads\/2022\/05\/iStock-600063520-scaled.jpg","contentUrl":"https:\/\/laroutedesgourmets.fr\/wp-content\/uploads\/2022\/05\/iStock-600063520-scaled.jpg","width":2560,"height":1325,"caption":"Honfleur in Normandy region of France. The photo was taken during the day looking over the harbour at the historical old buildings behind."},{"@type":"BreadcrumbList","@id":"https:\/\/laroutedesgourmets.fr\/es\/viajes-gastronomicos-en-francia\/circuito-la-gastronomia-francesa\/#breadcrumb","itemListElement":[{"@type":"ListItem","position":1,"name":"Visites gourmandes \u00e0 Paris","item":"https:\/\/laroutedesgourmets.fr\/visites-guidees\/"},{"@type":"ListItem","position":2,"name":"Circuito gastron\u00f3mico en Francia"}]},{"@type":"WebSite","@id":"https:\/\/laroutedesgourmets.fr\/#website","url":"https:\/\/laroutedesgourmets.fr\/","name":"La Route des Gourmets","description":"Agence de tourisme gastronomique","publisher":{"@id":"https:\/\/laroutedesgourmets.fr\/#organization"},"potentialAction":[{"@type":"SearchAction","target":{"@type":"EntryPoint","urlTemplate":"https:\/\/laroutedesgourmets.fr\/?s={search_term_string}"},"query-input":{"@type":"PropertyValueSpecification","valueRequired":true,"valueName":"search_term_string"}}],"inLanguage":"es"},{"@type":"Organization","@id":"https:\/\/laroutedesgourmets.fr\/#organization","name":"La Route des Gourmets","url":"https:\/\/laroutedesgourmets.fr\/","logo":{"@type":"ImageObject","inLanguage":"es","@id":"https:\/\/laroutedesgourmets.fr\/#\/schema\/logo\/image\/","url":"https:\/\/laroutedesgourmets.fr\/wp-content\/uploads\/2023\/12\/laroutedesgourmets-sigle-cadre-S-b.png","contentUrl":"https:\/\/laroutedesgourmets.fr\/wp-content\/uploads\/2023\/12\/laroutedesgourmets-sigle-cadre-S-b.png","width":445,"height":445,"caption":"La Route des Gourmets"},"image":{"@id":"https:\/\/laroutedesgourmets.fr\/#\/schema\/logo\/image\/"},"sameAs":["http:\/\/www.facebook.com\/laroutedesgourmets","https:\/\/x.com\/Routedesgourmet","https:\/\/www.instagram.com\/laroutedesgourmets"],"email":"infos@laroutedesgourmets.fr","telephone":"+33139473279"}]}},"_links":{"self":[{"href":"https:\/\/laroutedesgourmets.fr\/es\/wp-json\/wp\/v2\/product\/1353","targetHints":{"allow":["GET"]}}],"collection":[{"href":"https:\/\/laroutedesgourmets.fr\/es\/wp-json\/wp\/v2\/product"}],"about":[{"href":"https:\/\/laroutedesgourmets.fr\/es\/wp-json\/wp\/v2\/types\/product"}],"wp:featuredmedia":[{"embeddable":true,"href":"https:\/\/laroutedesgourmets.fr\/es\/wp-json\/wp\/v2\/media\/8444"}],"wp:attachment":[{"href":"https:\/\/laroutedesgourmets.fr\/es\/wp-json\/wp\/v2\/media?parent=1353"}],"wp:term":[{"taxonomy":"product_brand","embeddable":true,"href":"https:\/\/laroutedesgourmets.fr\/es\/wp-json\/wp\/v2\/product_brand?post=1353"},{"taxonomy":"product_cat","embeddable":true,"href":"https:\/\/laroutedesgourmets.fr\/es\/wp-json\/wp\/v2\/product_cat?post=1353"},{"taxonomy":"product_tag","embeddable":true,"href":"https:\/\/laroutedesgourmets.fr\/es\/wp-json\/wp\/v2\/product_tag?post=1353"}],"curies":[{"name":"wp","href":"https:\/\/api.w.org\/{rel}","templated":true}]}}