{"id":1386,"date":"2022-05-03T17:04:18","date_gmt":"2022-05-03T15:04:18","guid":{"rendered":"https:\/\/v3.laroutedesgourmets.fr\/?post_type=product&#038;p=1386"},"modified":"2024-04-11T21:07:55","modified_gmt":"2024-04-11T19:07:55","slug":"visita-de-los-castillos-del-loira","status":"publish","type":"product","link":"https:\/\/laroutedesgourmets.fr\/es\/excursiones-alrededor-de-paris\/visita-de-los-castillos-del-loira\/","title":{"rendered":"Visita de los Castillos del Loira"},"content":{"rendered":"<h2>Excursi\u00f3n eno-gastron\u00f3mica privada de un d\u00eda saliendo de Paris a los castillos de la Loire<\/h2>\n<p>Durante este paseo descubra los inolvidables paisajes del valle de La Loire, regi\u00f3n clasificada en el patrimonio mundial de la UNESCO como \u201cpaisaje cultural\u201d.<\/p>\n<p>Nuestro d\u00eda comienza por una visita hist\u00f3rica guiada de un c\u00e9lebre castillo de la Loire a escoger seg\u00fan sus intereses incluyendo: el castillo\u00a0de Chenonceau, el castillo de Amboise o el castillo de Chambord.<\/p>\n<p>Despu\u00e9s de esta visita nos trasladaremos al encantador pueblo de Amboise donde visitaremos el Clos-Luce, ultima residencia de Leonardo da Vinci.<\/p>\n<p>Finalmente iniciaremos una verdadera aventura enol\u00f3gica que nos llevar\u00e1 a descubrir los magn\u00edficos vinos espumosos y blancos de la regi\u00f3n, especialmente el Vouvray. Durante este recorrido visitaremos una cava y degustaremos diferentes Vouvray en un dominio vitivin\u00edcola de renombre.<\/p>\n<p>Durante toda nuestra visita usted ser\u00e1 acompa\u00f1ado por un gu\u00eda especialista en gastronom\u00eda que le propondr\u00e1 la degustaci\u00f3n de diferentes productos\u00a0locales como el queso Saint Maure de Tourraine, las Carnes fr\u00edas y pat\u00e9s de Ardouin, el nougat de Tours o las peras de Rivarenne.<\/p>\n<h3>El valor agregado de nuestra excursi\u00f3n<\/h3>\n<ul>\n<li>Una excursi\u00f3n cultural completa que lo llevar\u00e1 a descubrir en patrimonio hist\u00f3rico enol\u00f3gico y gastron\u00f3mico de Francia.<\/li>\n<li>Nuestro gu\u00eda especialista en cultura alimentaria, es una garant\u00eda de calidad de las informaciones.<\/li>\n<li>Una recepci\u00f3n VIP nuestros gu\u00edas se adaptan a una clientela exigente y se encargan de la totalidad del recorrido hasta su regreso.<\/li>\n<li>Una visita a su medida, en funci\u00f3n de sus intereses, nuestro gu\u00eda puede adaptarse en el detalle de las actividades enol\u00f3gicas seg\u00fan su inter\u00e9s.<\/li>\n<\/ul>\n<h3>Este circuito incluye<\/h3>\n<ul>\n<li>El transporte ida y vuelta en coche o autob\u00fas con gu\u00eda-chofer, desde el punto de reuni\u00f3n fijado dentro de Par\u00eds seg\u00fan su hospedaje<\/li>\n<li>La visita comentada de un Castillo de la Loire por ejemplo el Castillo de Chambord, de Chenonceau, o de Amboise<\/li>\n<li>La visita de un vi\u00f1edo y de una cava de vino<\/li>\n<li>Las degustaciones de vinos y productos locales del valle de la Loire<\/li>\n<li>La tarifa no incluye la comida<\/li>\n<\/ul>\n<h3>Informaciones pr\u00e1cticas<\/h3>\n<ul>\n<li><strong>Duraci\u00f3n<\/strong>: 1 d\u00eda de 7:30 am a 8:00 pm<\/li>\n<li><strong>Disponibilidad<\/strong>: circuito disponible todos los d\u00edas del a\u00f1o<\/li>\n<li><strong>M\u00ednimo de Participantes<\/strong>: 4 participantes (en caso de menos participantes se aplicar\u00e1 la tarifa de 4 participantes)<\/li>\n<li><strong>P\u00fablico<\/strong>: Circuito adaptado a familias, adultos mayores, grupos y visitas privadas<\/li>\n<li><strong>Lengua<\/strong>: visitas en franc\u00e9s, ingl\u00e9s y espa\u00f1ol (cons\u00faltenos por otras lenguas)<\/li>\n<li><strong>Punto de encuentro<\/strong>: definido al momento de la reservaci\u00f3n, seg\u00fan su hospedaje dentro de Par\u00eds.<\/li>\n<li><strong>Tarifa de grupo<\/strong>: a partir de 10 personas Cont\u00e1ctenos <a href=\"mailto:infos@laroutedesgourmets.fr\">infos@laroutedesgourmets.fr<\/a><\/li>\n<li><strong>Cup\u00f3n de Regalo<\/strong>: posibilidad de ofrecer esta visita en la forma de cupo de regalo: haga clic en el bot\u00f3n \u201cCOMPRAR SIN FECHA\u201d. Le enviaremos el cup\u00f3n de regalo por email. Este cup\u00f3n de regalo es v\u00e1lido por una duraci\u00f3n de 6 meses a partir de la fecha de compra y no es reembolsable.<\/li>\n<li><strong>Validez y condiciones de anulaci\u00f3n<\/strong>: Las \u00f3rdenes no se confirman hasta recepci\u00f3n del pago. El reembolso de la prestaci\u00f3n en caso de anulaci\u00f3n es total si la anulaci\u00f3n se realiza con 3 semanas de anticipaci\u00f3n a la fecha de la visita, de la mitad si la anulaci\u00f3n se realiza 2 semanas antes de la visita, ning\u00fan rembolso se realizar\u00e1 a una semana de la visita.<\/li>\n<\/ul>\n","protected":false},"excerpt":{"rendered":"<p>Excursi\u00f3n gourmet de un d\u00eda en los Castillos del Loira: descubra los Castillos de la Loire y sus pueblos pintorescos como Amboise, visite sus vi\u00f1edos, deguste sus vinos como el Vouvray\u00a0y otras especialidades de esta magn\u00edfica regi\u00f3n<\/p>\n","protected":false},"featured_media":1356,"template":"","meta":{"inline_featured_image":false,"neve_meta_sidebar":"","neve_meta_container":"","neve_meta_enable_content_width":"off","neve_meta_content_width":100,"neve_meta_title_alignment":"","neve_meta_author_avatar":"","neve_post_elements_order":"","neve_meta_disable_header":"","neve_meta_disable_footer":"","neve_meta_disable_title":""},"product_brand":[],"product_cat":[1586],"product_tag":[],"class_list":{"0":"post-1386","1":"product","2":"type-product","3":"status-publish","4":"has-post-thumbnail","6":"product_cat-excursiones-alrededor-de-paris","8":"first","9":"instock","10":"taxable","11":"shipping-taxable","12":"purchasable","13":"product-type-simple"},"yoast_head":"<!-- This site is optimized with the Yoast SEO Premium plugin v27.4 (Yoast SEO v27.4) - https:\/\/yoast.com\/product\/yoast-seo-premium-wordpress\/ -->\n<title>Excursi\u00f3n guiada enol\u00f3gica en el valle de la Loire<\/title>\n<meta name=\"description\" content=\"Descubra la regi\u00f3n de la Loire en un tour de 1 d\u00eda saliendo desde Par\u00eds: Visit\u00e9 los Castillos de la Loire, una cava de vino y deguste los productos locales\" \/>\n<meta name=\"robots\" content=\"index, follow, max-snippet:-1, max-image-preview:large, max-video-preview:-1\" \/>\n<link rel=\"canonical\" href=\"https:\/\/laroutedesgourmets.fr\/es\/excursiones-alrededor-de-paris\/visita-de-los-castillos-del-loira\/\" \/>\n<meta property=\"og:locale\" content=\"es_ES\" \/>\n<meta property=\"og:type\" content=\"article\" \/>\n<meta property=\"og:title\" content=\"Excursi\u00f3n guiada enol\u00f3gica en el valle de la Loire\" \/>\n<meta property=\"og:description\" content=\"Descubra la regi\u00f3n de la Loire en un tour de 1 d\u00eda saliendo desde Par\u00eds: Visit\u00e9 los Castillos de la Loire, una cava de vino y deguste los productos locales\" \/>\n<meta property=\"og:url\" content=\"https:\/\/laroutedesgourmets.fr\/es\/excursiones-alrededor-de-paris\/visita-de-los-castillos-del-loira\/\" \/>\n<meta property=\"og:site_name\" content=\"La Route des Gourmets\" \/>\n<meta property=\"article:publisher\" content=\"http:\/\/www.facebook.com\/laroutedesgourmets\" \/>\n<meta property=\"article:modified_time\" content=\"2024-04-11T19:07:55+00:00\" \/>\n<meta property=\"og:image\" content=\"https:\/\/laroutedesgourmets.fr\/wp-content\/uploads\/2014\/08\/p_7_7_9_779-Excursion-gastronomique-Chateaux-de-la-Loire.jpg\" \/>\n\t<meta property=\"og:image:width\" content=\"1800\" \/>\n\t<meta property=\"og:image:height\" content=\"1200\" \/>\n\t<meta property=\"og:image:type\" content=\"image\/jpeg\" \/>\n<meta name=\"twitter:card\" content=\"summary_large_image\" \/>\n<meta name=\"twitter:site\" content=\"@Routedesgourmet\" \/>\n<meta name=\"twitter:label1\" content=\"Tiempo de lectura\" \/>\n\t<meta name=\"twitter:data1\" content=\"5 minutos\" \/>\n<script type=\"application\/ld+json\" class=\"yoast-schema-graph\">{\"@context\":\"https:\\\/\\\/schema.org\",\"@graph\":[{\"@type\":\"WebPage\",\"@id\":\"https:\\\/\\\/laroutedesgourmets.fr\\\/es\\\/excursiones-alrededor-de-paris\\\/visita-de-los-castillos-del-loira\\\/\",\"url\":\"https:\\\/\\\/laroutedesgourmets.fr\\\/es\\\/excursiones-alrededor-de-paris\\\/visita-de-los-castillos-del-loira\\\/\",\"name\":\"Excursi\u00f3n guiada enol\u00f3gica en el valle de la Loire\",\"isPartOf\":{\"@id\":\"https:\\\/\\\/laroutedesgourmets.fr\\\/#website\"},\"primaryImageOfPage\":{\"@id\":\"https:\\\/\\\/laroutedesgourmets.fr\\\/es\\\/excursiones-alrededor-de-paris\\\/visita-de-los-castillos-del-loira\\\/#primaryimage\"},\"image\":{\"@id\":\"https:\\\/\\\/laroutedesgourmets.fr\\\/es\\\/excursiones-alrededor-de-paris\\\/visita-de-los-castillos-del-loira\\\/#primaryimage\"},\"thumbnailUrl\":\"https:\\\/\\\/laroutedesgourmets.fr\\\/wp-content\\\/uploads\\\/2014\\\/08\\\/p_7_7_9_779-Excursion-gastronomique-Chateaux-de-la-Loire.jpg\",\"datePublished\":\"2022-05-03T15:04:18+00:00\",\"dateModified\":\"2024-04-11T19:07:55+00:00\",\"description\":\"Descubra la regi\u00f3n de la Loire en un tour de 1 d\u00eda saliendo desde Par\u00eds: Visit\u00e9 los Castillos de la Loire, una cava de vino y deguste los productos locales\",\"breadcrumb\":{\"@id\":\"https:\\\/\\\/laroutedesgourmets.fr\\\/es\\\/excursiones-alrededor-de-paris\\\/visita-de-los-castillos-del-loira\\\/#breadcrumb\"},\"inLanguage\":\"es\",\"potentialAction\":[{\"@type\":\"ReadAction\",\"target\":[\"https:\\\/\\\/laroutedesgourmets.fr\\\/es\\\/excursiones-alrededor-de-paris\\\/visita-de-los-castillos-del-loira\\\/\"]}]},{\"@type\":\"ImageObject\",\"inLanguage\":\"es\",\"@id\":\"https:\\\/\\\/laroutedesgourmets.fr\\\/es\\\/excursiones-alrededor-de-paris\\\/visita-de-los-castillos-del-loira\\\/#primaryimage\",\"url\":\"https:\\\/\\\/laroutedesgourmets.fr\\\/wp-content\\\/uploads\\\/2014\\\/08\\\/p_7_7_9_779-Excursion-gastronomique-Chateaux-de-la-Loire.jpg\",\"contentUrl\":\"https:\\\/\\\/laroutedesgourmets.fr\\\/wp-content\\\/uploads\\\/2014\\\/08\\\/p_7_7_9_779-Excursion-gastronomique-Chateaux-de-la-Loire.jpg\",\"width\":1800,\"height\":1200},{\"@type\":\"BreadcrumbList\",\"@id\":\"https:\\\/\\\/laroutedesgourmets.fr\\\/es\\\/excursiones-alrededor-de-paris\\\/visita-de-los-castillos-del-loira\\\/#breadcrumb\",\"itemListElement\":[{\"@type\":\"ListItem\",\"position\":1,\"name\":\"Visites gourmandes \u00e0 Paris\",\"item\":\"https:\\\/\\\/laroutedesgourmets.fr\\\/visites-guidees\\\/\"},{\"@type\":\"ListItem\",\"position\":2,\"name\":\"Visita de los Castillos del Loira\"}]},{\"@type\":\"WebSite\",\"@id\":\"https:\\\/\\\/laroutedesgourmets.fr\\\/#website\",\"url\":\"https:\\\/\\\/laroutedesgourmets.fr\\\/\",\"name\":\"La Route des Gourmets\",\"description\":\"Agence de tourisme gastronomique\",\"publisher\":{\"@id\":\"https:\\\/\\\/laroutedesgourmets.fr\\\/#organization\"},\"potentialAction\":[{\"@type\":\"SearchAction\",\"target\":{\"@type\":\"EntryPoint\",\"urlTemplate\":\"https:\\\/\\\/laroutedesgourmets.fr\\\/?s={search_term_string}\"},\"query-input\":{\"@type\":\"PropertyValueSpecification\",\"valueRequired\":true,\"valueName\":\"search_term_string\"}}],\"inLanguage\":\"es\"},{\"@type\":\"Organization\",\"@id\":\"https:\\\/\\\/laroutedesgourmets.fr\\\/#organization\",\"name\":\"La Route des Gourmets\",\"url\":\"https:\\\/\\\/laroutedesgourmets.fr\\\/\",\"logo\":{\"@type\":\"ImageObject\",\"inLanguage\":\"es\",\"@id\":\"https:\\\/\\\/laroutedesgourmets.fr\\\/#\\\/schema\\\/logo\\\/image\\\/\",\"url\":\"https:\\\/\\\/laroutedesgourmets.fr\\\/wp-content\\\/uploads\\\/2023\\\/12\\\/laroutedesgourmets-sigle-cadre-S-b.png\",\"contentUrl\":\"https:\\\/\\\/laroutedesgourmets.fr\\\/wp-content\\\/uploads\\\/2023\\\/12\\\/laroutedesgourmets-sigle-cadre-S-b.png\",\"width\":445,\"height\":445,\"caption\":\"La Route des Gourmets\"},\"image\":{\"@id\":\"https:\\\/\\\/laroutedesgourmets.fr\\\/#\\\/schema\\\/logo\\\/image\\\/\"},\"sameAs\":[\"http:\\\/\\\/www.facebook.com\\\/laroutedesgourmets\",\"https:\\\/\\\/x.com\\\/Routedesgourmet\",\"https:\\\/\\\/www.instagram.com\\\/laroutedesgourmets\"],\"email\":\"infos@laroutedesgourmets.fr\",\"telephone\":\"+33139473279\"}]}<\/script>\n<!-- \/ Yoast SEO Premium plugin. -->","yoast_head_json":{"title":"Excursi\u00f3n guiada enol\u00f3gica en el valle de la Loire","description":"Descubra la regi\u00f3n de la Loire en un tour de 1 d\u00eda saliendo desde Par\u00eds: Visit\u00e9 los Castillos de la Loire, una cava de vino y deguste los productos locales","robots":{"index":"index","follow":"follow","max-snippet":"max-snippet:-1","max-image-preview":"max-image-preview:large","max-video-preview":"max-video-preview:-1"},"canonical":"https:\/\/laroutedesgourmets.fr\/es\/excursiones-alrededor-de-paris\/visita-de-los-castillos-del-loira\/","og_locale":"es_ES","og_type":"article","og_title":"Excursi\u00f3n guiada enol\u00f3gica en el valle de la Loire","og_description":"Descubra la regi\u00f3n de la Loire en un tour de 1 d\u00eda saliendo desde Par\u00eds: Visit\u00e9 los Castillos de la Loire, una cava de vino y deguste los productos locales","og_url":"https:\/\/laroutedesgourmets.fr\/es\/excursiones-alrededor-de-paris\/visita-de-los-castillos-del-loira\/","og_site_name":"La Route des Gourmets","article_publisher":"http:\/\/www.facebook.com\/laroutedesgourmets","article_modified_time":"2024-04-11T19:07:55+00:00","og_image":[{"width":1800,"height":1200,"url":"https:\/\/laroutedesgourmets.fr\/wp-content\/uploads\/2014\/08\/p_7_7_9_779-Excursion-gastronomique-Chateaux-de-la-Loire.jpg","type":"image\/jpeg"}],"twitter_card":"summary_large_image","twitter_site":"@Routedesgourmet","twitter_misc":{"Tiempo de lectura":"5 minutos"},"schema":{"@context":"https:\/\/schema.org","@graph":[{"@type":"WebPage","@id":"https:\/\/laroutedesgourmets.fr\/es\/excursiones-alrededor-de-paris\/visita-de-los-castillos-del-loira\/","url":"https:\/\/laroutedesgourmets.fr\/es\/excursiones-alrededor-de-paris\/visita-de-los-castillos-del-loira\/","name":"Excursi\u00f3n guiada enol\u00f3gica en el valle de la Loire","isPartOf":{"@id":"https:\/\/laroutedesgourmets.fr\/#website"},"primaryImageOfPage":{"@id":"https:\/\/laroutedesgourmets.fr\/es\/excursiones-alrededor-de-paris\/visita-de-los-castillos-del-loira\/#primaryimage"},"image":{"@id":"https:\/\/laroutedesgourmets.fr\/es\/excursiones-alrededor-de-paris\/visita-de-los-castillos-del-loira\/#primaryimage"},"thumbnailUrl":"https:\/\/laroutedesgourmets.fr\/wp-content\/uploads\/2014\/08\/p_7_7_9_779-Excursion-gastronomique-Chateaux-de-la-Loire.jpg","datePublished":"2022-05-03T15:04:18+00:00","dateModified":"2024-04-11T19:07:55+00:00","description":"Descubra la regi\u00f3n de la Loire en un tour de 1 d\u00eda saliendo desde Par\u00eds: Visit\u00e9 los Castillos de la Loire, una cava de vino y deguste los productos locales","breadcrumb":{"@id":"https:\/\/laroutedesgourmets.fr\/es\/excursiones-alrededor-de-paris\/visita-de-los-castillos-del-loira\/#breadcrumb"},"inLanguage":"es","potentialAction":[{"@type":"ReadAction","target":["https:\/\/laroutedesgourmets.fr\/es\/excursiones-alrededor-de-paris\/visita-de-los-castillos-del-loira\/"]}]},{"@type":"ImageObject","inLanguage":"es","@id":"https:\/\/laroutedesgourmets.fr\/es\/excursiones-alrededor-de-paris\/visita-de-los-castillos-del-loira\/#primaryimage","url":"https:\/\/laroutedesgourmets.fr\/wp-content\/uploads\/2014\/08\/p_7_7_9_779-Excursion-gastronomique-Chateaux-de-la-Loire.jpg","contentUrl":"https:\/\/laroutedesgourmets.fr\/wp-content\/uploads\/2014\/08\/p_7_7_9_779-Excursion-gastronomique-Chateaux-de-la-Loire.jpg","width":1800,"height":1200},{"@type":"BreadcrumbList","@id":"https:\/\/laroutedesgourmets.fr\/es\/excursiones-alrededor-de-paris\/visita-de-los-castillos-del-loira\/#breadcrumb","itemListElement":[{"@type":"ListItem","position":1,"name":"Visites gourmandes \u00e0 Paris","item":"https:\/\/laroutedesgourmets.fr\/visites-guidees\/"},{"@type":"ListItem","position":2,"name":"Visita de los Castillos del Loira"}]},{"@type":"WebSite","@id":"https:\/\/laroutedesgourmets.fr\/#website","url":"https:\/\/laroutedesgourmets.fr\/","name":"La Route des Gourmets","description":"Agence de tourisme gastronomique","publisher":{"@id":"https:\/\/laroutedesgourmets.fr\/#organization"},"potentialAction":[{"@type":"SearchAction","target":{"@type":"EntryPoint","urlTemplate":"https:\/\/laroutedesgourmets.fr\/?s={search_term_string}"},"query-input":{"@type":"PropertyValueSpecification","valueRequired":true,"valueName":"search_term_string"}}],"inLanguage":"es"},{"@type":"Organization","@id":"https:\/\/laroutedesgourmets.fr\/#organization","name":"La Route des Gourmets","url":"https:\/\/laroutedesgourmets.fr\/","logo":{"@type":"ImageObject","inLanguage":"es","@id":"https:\/\/laroutedesgourmets.fr\/#\/schema\/logo\/image\/","url":"https:\/\/laroutedesgourmets.fr\/wp-content\/uploads\/2023\/12\/laroutedesgourmets-sigle-cadre-S-b.png","contentUrl":"https:\/\/laroutedesgourmets.fr\/wp-content\/uploads\/2023\/12\/laroutedesgourmets-sigle-cadre-S-b.png","width":445,"height":445,"caption":"La Route des Gourmets"},"image":{"@id":"https:\/\/laroutedesgourmets.fr\/#\/schema\/logo\/image\/"},"sameAs":["http:\/\/www.facebook.com\/laroutedesgourmets","https:\/\/x.com\/Routedesgourmet","https:\/\/www.instagram.com\/laroutedesgourmets"],"email":"infos@laroutedesgourmets.fr","telephone":"+33139473279"}]}},"_links":{"self":[{"href":"https:\/\/laroutedesgourmets.fr\/es\/wp-json\/wp\/v2\/product\/1386","targetHints":{"allow":["GET"]}}],"collection":[{"href":"https:\/\/laroutedesgourmets.fr\/es\/wp-json\/wp\/v2\/product"}],"about":[{"href":"https:\/\/laroutedesgourmets.fr\/es\/wp-json\/wp\/v2\/types\/product"}],"wp:featuredmedia":[{"embeddable":true,"href":"https:\/\/laroutedesgourmets.fr\/es\/wp-json\/wp\/v2\/media\/1356"}],"wp:attachment":[{"href":"https:\/\/laroutedesgourmets.fr\/es\/wp-json\/wp\/v2\/media?parent=1386"}],"wp:term":[{"taxonomy":"product_brand","embeddable":true,"href":"https:\/\/laroutedesgourmets.fr\/es\/wp-json\/wp\/v2\/product_brand?post=1386"},{"taxonomy":"product_cat","embeddable":true,"href":"https:\/\/laroutedesgourmets.fr\/es\/wp-json\/wp\/v2\/product_cat?post=1386"},{"taxonomy":"product_tag","embeddable":true,"href":"https:\/\/laroutedesgourmets.fr\/es\/wp-json\/wp\/v2\/product_tag?post=1386"}],"curies":[{"name":"wp","href":"https:\/\/api.w.org\/{rel}","templated":true}]}}