{"id":14276,"date":"2026-01-15T21:11:48","date_gmt":"2026-01-15T20:11:48","guid":{"rendered":"https:\/\/laroutedesgourmets.fr\/sin%20categor\u00eda\/balade-guidee-gourmande-quartier-notre-dame-de-paris-et-ile-st-louis\/"},"modified":"2026-01-22T19:32:33","modified_gmt":"2026-01-22T18:32:33","slug":"tour-gastronomico-guiado-notre-dame-ile-de-la-cite-ile-saint-louis","status":"publish","type":"product","link":"https:\/\/laroutedesgourmets.fr\/es\/actividades-gastronomicas-en-paris-es\/paseos-gourmet-a-pie-en-paris-es\/tour-gastronomico-guiado-notre-dame-ile-de-la-cite-ile-saint-louis\/","title":{"rendered":"Tour gastron\u00f3mico Notre-Dame, Ile de la Cit\u00e9 y Ile Saint-Louis"},"content":{"rendered":"<h2><b>Tour gastron\u00f3mico guiado \u2013 Barrio de Notre-Dame, \u00cele de la Cit\u00e9 e \u00cele Saint-Louis<\/b><\/h2>\n<p class=\"p3\">Descubra el coraz\u00f3n hist\u00f3rico de Par\u00eds con un <span class=\"s2\"><b>tour gastron\u00f3mico guiado en el barrio de Notre-Dame<\/b><\/span>, recorriendo la <span class=\"s2\"><b>\u00cele de la Cit\u00e9<\/b><\/span> y la elegante <span class=\"s2\"><b>\u00cele Saint-Louis<\/b><\/span>. Este paseo a pie combina de forma \u00fanica <span class=\"s2\"><b>historia, arquitectura y gastronom\u00eda francesa<\/b><\/span>, para vivir Par\u00eds a trav\u00e9s de su patrimonio y sus sabores.<\/p>\n<h3><b>Los or\u00edgenes de Par\u00eds en la \u00cele de la Cit\u00e9<\/b><\/h3>\n<p class=\"p3\">El recorrido comienza en la <span class=\"s2\"><b>\u00cele de la Cit\u00e9<\/b><\/span>, cuna hist\u00f3rica de Par\u00eds. Su gu\u00eda experto le har\u00e1 viajar desde la Lutecia romana hasta el Par\u00eds medieval y real, explicando las grandes etapas que marcaron la historia de la capital francesa.<\/p>\n<p class=\"p3\">Durante el paseo, descubrir\u00e1 (desde el exterior) algunos de los monumentos m\u00e1s emblem\u00e1ticos de Par\u00eds:<\/p>\n<ul>\n<li class=\"p1\"><span class=\"s1\"><b>La Catedral de Notre-Dame<\/b><\/span>, obra maestra de la arquitectura g\u00f3tica<\/li>\n<li class=\"p1\"><span class=\"s1\"><b>La Sainte-Chapelle<\/b><\/span>, famosa por sus vitrales del siglo XIII<\/li>\n<li class=\"p1\"><span class=\"s1\"><b>El Palacio de Justicia<\/b><\/span> y <span class=\"s1\"><b>La Conciergerie<\/b><\/span>, antiguo palacio real y prisi\u00f3n revolucionaria<\/li>\n<li class=\"p1\"><strong>El Reloj de la Conciergerie<\/strong>, el reloj p\u00fablico m\u00e1s antiguo de Par\u00eds.<\/li>\n<li class=\"p1\"><strong>El mercado de flores<\/strong> y sus pabellones de hierro forjado, construidos en el siglo XIX.<\/li>\n<\/ul>\n<p class=\"p3\">Estos lugares emblem\u00e1ticos permiten comprender la evoluci\u00f3n hist\u00f3rica, pol\u00edtica y arquitect\u00f3nica de la ciudad.<\/p>\n<h3><b>\u00cele Saint-Louis: elegancia y arte de vivir parisino<\/b><\/h3>\n<p class=\"p3\">Al cruzar el Sena, el ambiente se vuelve m\u00e1s tranquilo y refinado en la <span class=\"s2\"><b>\u00cele Saint-Louis<\/b><\/span>. Urbanizada en el siglo XVII, la isla es conocida por sus <span class=\"s2\"><b>elegantes h\u00f4tels particuliers<\/b><\/span>, sus fachadas cl\u00e1sicas y sus apacibles orillas, reflejo del Par\u00eds m\u00e1s aut\u00e9ntico y elegante.<\/p>\n<p class=\"p3\">Este entorno privilegiado es ideal para continuar el tour con una dimensi\u00f3n m\u00e1s gastron\u00f3mica.<\/p>\n<h3><b>Paradas gastron\u00f3micas y degustaciones con artesanos locales<\/b><\/h3>\n<p class=\"p3\">A lo largo de este <span class=\"s2\"><b>tour a pie de 2,5 a 3 horas<\/b><\/span>, el gu\u00eda realiza <span class=\"s2\"><b>paradas en tiendas gastron\u00f3micas cuidadosamente seleccionadas<\/b><\/span>, combinando casas hist\u00f3ricas y direcciones m\u00e1s confidenciales. En cada parada descubrir\u00e1 el saber hacer de los artesanos, la historia de los productos y las tradiciones culinarias francesas.<\/p>\n<p class=\"p3\">El tour incluye <span class=\"s2\"><b>degustaciones dulces y\/o saladas<\/b><\/span>, seg\u00fan la temporada y los establecimientos visitados, para una experiencia sensorial completa.<\/p>\n<h3><b>Una experiencia cultural y gastron\u00f3mica \u00fanica en Par\u00eds<\/b><\/h3>\n<p class=\"p4\"><span class=\"s3\">Este <\/span><b>tour gastron\u00f3mico guiado por Notre-Dame, la \u00cele de la Cit\u00e9 y la \u00cele Saint-Louis<\/b><span class=\"s3\"> es ideal para:<\/span><\/p>\n<ul>\n<li class=\"p1\">amantes de la gastronom\u00eda<\/li>\n<li class=\"p1\">viajeros curiosos que buscan una experiencia aut\u00e9ntica<\/li>\n<li class=\"p1\">apasionados por la historia y la arquitectura<\/li>\n<\/ul>\n<h3><b>\u00bfPor qu\u00e9 elegir este tour gastron\u00f3mico en Par\u00eds?<\/b><\/h3>\n<ul>\n<li class=\"p1\"><span class=\"s1\">Descubra el <\/span><b>centro hist\u00f3rico de Par\u00eds<\/b><span class=\"s1\"> a pie<\/span><\/li>\n<li class=\"p1\"><span class=\"s1\">Combine <\/span><b>cultura, historia y degustaciones<\/b><b><\/b><\/li>\n<li class=\"p1\">Conozca artesanos locales y productos de calidad<\/li>\n<li class=\"p1\">Disfrute de un tour en grupo reducido, m\u00e1s cercano y personalizado<\/li>\n<\/ul>\n<p class=\"p3\">Viva Par\u00eds de una forma diferente con este <span class=\"s2\"><b>tour gastron\u00f3mico guiado por Notre-Dame, la \u00cele de la Cit\u00e9 y la \u00cele Saint-Louis<\/b><\/span>, una experiencia aut\u00e9ntica entre historia y sabores.<\/p>\n<h3>Este recorrido gourmet incluye:<\/h3>\n<ul>\n<li>La presencia de un gu\u00eda experto en gastronom\u00eda francesa<\/li>\n<li>La visita a pie comentada del barrio y el encuentro con comerciantes y fabricantes de prestigio<\/li>\n<li>Un m\u00ednimo de 7\u00a0degustaciones de productos dulces y salados<\/li>\n<\/ul>\n<h3>Informaciones Pr\u00e1cticas:<\/h3>\n<ul>\n<li><strong>Horarios:\u00a0<\/strong>tour privado todo los dias de martes a sabado, a las 10h30 o 14h30<\/li>\n<li><strong>Duraci\u00f3n<\/strong>: 3h<\/li>\n<li><strong>Idioma<\/strong>: visitas en franc\u00e9s, ingl\u00e9s, espa\u00f1ol (cons\u00faltenos por otros idiomas)<\/li>\n<li><strong>Punto de encuentro<\/strong>: en frente de la tienda \u201cLa Dame de Paris\u201d, 9 rue d\u2019Arcole 75004 PARIS<\/li>\n<li><strong>Tarifa de grupo (&gt;15 pers)<\/strong>: a la demanda \u00a0<a href=\"mailto:infos@laroutedesgourmets.fr\">infos@laroutedesgourmets.fr<\/a><\/li>\n<li><strong>Bono de Regalo<\/strong>: Es posible ofrecer esta visita en forma de un bono de regalo: Haga clic sobre el bot\u00f3n \u201cCOMPRAR SIN FECHA\u201d. Le enviaremos el bono de regalo por mail. Este bono de regalo es v\u00e1lido por una duraci\u00f3n de 6 meses a partir de la fecha de su compra y no es reembolsable.<\/li>\n<li><strong>Validez y condiciones de anulaci\u00f3n<\/strong>: Las ordenes no son consideradas como confirmadas que despu\u00e9s recepci\u00f3n del pago. Por los ordenes con fecha: el reembolso de la prestaci\u00f3n en caso de anulaci\u00f3n es total si la anulaci\u00f3n se realiza 3 semanas antes de la fecha reservada, de la mitad si la anulaci\u00f3n se realiza en el periodo de 2 semanas antes la fecha reservada, ning\u00fan reembolso se realiza a una semana de la fecha reservada.<\/li>\n<\/ul>\n","protected":false},"excerpt":{"rendered":"<p class=\"p1\">Descubra el coraz\u00f3n hist\u00f3rico de Par\u00eds con un <span class=\"s1\"><b>tour gastron\u00f3mico guiado en el barrio de Notre-Dame<\/b><\/span>, recorriendo la <span class=\"s1\"><b>\u00cele de la Cit\u00e9 y la \u00cele Saint-Louis<\/b><\/span>. Este paseo a pie de <span class=\"s1\"><b>2,5 a 3 horas<\/b><\/span> combina <span class=\"s1\"><b>historia, arquitectura y gastronom\u00eda<\/b><\/span>, con paradas en tiendas locales y <span class=\"s1\"><b>degustaciones de especialidades francesas<\/b><\/span>. Una forma aut\u00e9ntica de descubrir Par\u00eds a trav\u00e9s de su patrimonio y sus sabores.<\/p>\n","protected":false},"featured_media":14260,"template":"","meta":{"inline_featured_image":false,"neve_meta_sidebar":"","neve_meta_container":"","neve_meta_enable_content_width":"off","neve_meta_content_width":100,"neve_meta_title_alignment":"","neve_meta_author_avatar":"","neve_post_elements_order":"","neve_meta_disable_header":"","neve_meta_disable_footer":"","neve_meta_disable_title":""},"product_brand":[],"product_cat":[190,205],"product_tag":[],"class_list":{"0":"post-14276","1":"product","2":"type-product","3":"status-publish","4":"has-post-thumbnail","6":"product_cat-actividades-gastronomicas-en-paris-es","7":"product_cat-paseos-gourmet-a-pie-en-paris-es","9":"first","10":"instock","11":"taxable","12":"shipping-taxable","13":"purchasable","14":"product-type-simple"},"yoast_head":"<!-- This site is optimized with the Yoast SEO Premium plugin v27.4 (Yoast SEO v27.4) - https:\/\/yoast.com\/product\/yoast-seo-premium-wordpress\/ -->\n<title>Tour gastron\u00f3mico Notre-Dame, Ile de la Cit\u00e9 y Ile Saint-Louis<\/title>\n<meta name=\"description\" content=\"Descubra Par\u00eds con un tour gastron\u00f3mico guiado en Notre-Dame, la \u00cele de la Cit\u00e9 y la \u00cele Saint-Louis, combinando historia, cultura y degustaciones.\" \/>\n<meta name=\"robots\" content=\"index, follow, max-snippet:-1, max-image-preview:large, max-video-preview:-1\" \/>\n<link rel=\"canonical\" href=\"https:\/\/laroutedesgourmets.fr\/es\/actividades-gastronomicas-en-paris-es\/tour-gastronomico-guiado-notre-dame-ile-de-la-cite-ile-saint-louis\/\" \/>\n<meta property=\"og:locale\" content=\"es_ES\" \/>\n<meta property=\"og:type\" content=\"article\" \/>\n<meta property=\"og:title\" content=\"Tour gastron\u00f3mico Notre-Dame, Ile de la Cit\u00e9 y Ile Saint-Louis\" \/>\n<meta property=\"og:description\" content=\"Descubra Par\u00eds con un tour gastron\u00f3mico guiado en Notre-Dame, la \u00cele de la Cit\u00e9 y la \u00cele Saint-Louis, combinando historia, cultura y degustaciones.\" \/>\n<meta property=\"og:url\" content=\"https:\/\/laroutedesgourmets.fr\/es\/actividades-gastronomicas-en-paris-es\/tour-gastronomico-guiado-notre-dame-ile-de-la-cite-ile-saint-louis\/\" \/>\n<meta property=\"og:site_name\" content=\"La Route des Gourmets\" \/>\n<meta property=\"article:publisher\" content=\"http:\/\/www.facebook.com\/laroutedesgourmets\" \/>\n<meta property=\"article:modified_time\" content=\"2026-01-22T18:32:33+00:00\" \/>\n<meta property=\"og:image\" content=\"https:\/\/laroutedesgourmets.fr\/wp-content\/uploads\/2026\/01\/Food-Tour-Notre-Dame-district_6c-scaled.jpg\" \/>\n\t<meta property=\"og:image:width\" content=\"2560\" \/>\n\t<meta property=\"og:image:height\" content=\"1706\" \/>\n\t<meta property=\"og:image:type\" content=\"image\/jpeg\" \/>\n<meta name=\"twitter:card\" content=\"summary_large_image\" \/>\n<meta name=\"twitter:site\" content=\"@Routedesgourmet\" \/>\n<meta name=\"twitter:label1\" content=\"Tiempo de lectura\" \/>\n\t<meta name=\"twitter:data1\" content=\"7 minutos\" \/>\n<script type=\"application\/ld+json\" class=\"yoast-schema-graph\">{\"@context\":\"https:\\\/\\\/schema.org\",\"@graph\":[{\"@type\":\"WebPage\",\"@id\":\"https:\\\/\\\/laroutedesgourmets.fr\\\/es\\\/actividades-gastronomicas-en-paris-es\\\/tour-gastronomico-guiado-notre-dame-ile-de-la-cite-ile-saint-louis\\\/\",\"url\":\"https:\\\/\\\/laroutedesgourmets.fr\\\/es\\\/actividades-gastronomicas-en-paris-es\\\/tour-gastronomico-guiado-notre-dame-ile-de-la-cite-ile-saint-louis\\\/\",\"name\":\"Tour gastron\u00f3mico Notre-Dame, Ile de la Cit\u00e9 y Ile Saint-Louis\",\"isPartOf\":{\"@id\":\"https:\\\/\\\/laroutedesgourmets.fr\\\/#website\"},\"primaryImageOfPage\":{\"@id\":\"https:\\\/\\\/laroutedesgourmets.fr\\\/es\\\/actividades-gastronomicas-en-paris-es\\\/tour-gastronomico-guiado-notre-dame-ile-de-la-cite-ile-saint-louis\\\/#primaryimage\"},\"image\":{\"@id\":\"https:\\\/\\\/laroutedesgourmets.fr\\\/es\\\/actividades-gastronomicas-en-paris-es\\\/tour-gastronomico-guiado-notre-dame-ile-de-la-cite-ile-saint-louis\\\/#primaryimage\"},\"thumbnailUrl\":\"https:\\\/\\\/laroutedesgourmets.fr\\\/wp-content\\\/uploads\\\/2026\\\/01\\\/Food-Tour-Notre-Dame-district_6c-scaled.jpg\",\"datePublished\":\"2026-01-15T20:11:48+00:00\",\"dateModified\":\"2026-01-22T18:32:33+00:00\",\"description\":\"Descubra Par\u00eds con un tour gastron\u00f3mico guiado en Notre-Dame, la \u00cele de la Cit\u00e9 y la \u00cele Saint-Louis, combinando historia, cultura y degustaciones.\",\"breadcrumb\":{\"@id\":\"https:\\\/\\\/laroutedesgourmets.fr\\\/es\\\/actividades-gastronomicas-en-paris-es\\\/tour-gastronomico-guiado-notre-dame-ile-de-la-cite-ile-saint-louis\\\/#breadcrumb\"},\"inLanguage\":\"es\",\"potentialAction\":[{\"@type\":\"ReadAction\",\"target\":[\"https:\\\/\\\/laroutedesgourmets.fr\\\/es\\\/actividades-gastronomicas-en-paris-es\\\/tour-gastronomico-guiado-notre-dame-ile-de-la-cite-ile-saint-louis\\\/\"]}]},{\"@type\":\"ImageObject\",\"inLanguage\":\"es\",\"@id\":\"https:\\\/\\\/laroutedesgourmets.fr\\\/es\\\/actividades-gastronomicas-en-paris-es\\\/tour-gastronomico-guiado-notre-dame-ile-de-la-cite-ile-saint-louis\\\/#primaryimage\",\"url\":\"https:\\\/\\\/laroutedesgourmets.fr\\\/wp-content\\\/uploads\\\/2026\\\/01\\\/Food-Tour-Notre-Dame-district_6c-scaled.jpg\",\"contentUrl\":\"https:\\\/\\\/laroutedesgourmets.fr\\\/wp-content\\\/uploads\\\/2026\\\/01\\\/Food-Tour-Notre-Dame-district_6c-scaled.jpg\",\"width\":2560,\"height\":1706,\"caption\":\"Notre Dame de Paris\"},{\"@type\":\"BreadcrumbList\",\"@id\":\"https:\\\/\\\/laroutedesgourmets.fr\\\/es\\\/actividades-gastronomicas-en-paris-es\\\/tour-gastronomico-guiado-notre-dame-ile-de-la-cite-ile-saint-louis\\\/#breadcrumb\",\"itemListElement\":[{\"@type\":\"ListItem\",\"position\":1,\"name\":\"Visites gourmandes \u00e0 Paris\",\"item\":\"https:\\\/\\\/laroutedesgourmets.fr\\\/visites-guidees\\\/\"},{\"@type\":\"ListItem\",\"position\":2,\"name\":\"Tour gastron\u00f3mico Notre-Dame, Ile de la Cit\u00e9 y Ile Saint-Louis\"}]},{\"@type\":\"WebSite\",\"@id\":\"https:\\\/\\\/laroutedesgourmets.fr\\\/#website\",\"url\":\"https:\\\/\\\/laroutedesgourmets.fr\\\/\",\"name\":\"La Route des Gourmets\",\"description\":\"Agence de tourisme gastronomique\",\"publisher\":{\"@id\":\"https:\\\/\\\/laroutedesgourmets.fr\\\/#organization\"},\"potentialAction\":[{\"@type\":\"SearchAction\",\"target\":{\"@type\":\"EntryPoint\",\"urlTemplate\":\"https:\\\/\\\/laroutedesgourmets.fr\\\/?s={search_term_string}\"},\"query-input\":{\"@type\":\"PropertyValueSpecification\",\"valueRequired\":true,\"valueName\":\"search_term_string\"}}],\"inLanguage\":\"es\"},{\"@type\":\"Organization\",\"@id\":\"https:\\\/\\\/laroutedesgourmets.fr\\\/#organization\",\"name\":\"La Route des Gourmets\",\"url\":\"https:\\\/\\\/laroutedesgourmets.fr\\\/\",\"logo\":{\"@type\":\"ImageObject\",\"inLanguage\":\"es\",\"@id\":\"https:\\\/\\\/laroutedesgourmets.fr\\\/#\\\/schema\\\/logo\\\/image\\\/\",\"url\":\"https:\\\/\\\/laroutedesgourmets.fr\\\/wp-content\\\/uploads\\\/2023\\\/12\\\/laroutedesgourmets-sigle-cadre-S-b.png\",\"contentUrl\":\"https:\\\/\\\/laroutedesgourmets.fr\\\/wp-content\\\/uploads\\\/2023\\\/12\\\/laroutedesgourmets-sigle-cadre-S-b.png\",\"width\":445,\"height\":445,\"caption\":\"La Route des Gourmets\"},\"image\":{\"@id\":\"https:\\\/\\\/laroutedesgourmets.fr\\\/#\\\/schema\\\/logo\\\/image\\\/\"},\"sameAs\":[\"http:\\\/\\\/www.facebook.com\\\/laroutedesgourmets\",\"https:\\\/\\\/x.com\\\/Routedesgourmet\",\"https:\\\/\\\/www.instagram.com\\\/laroutedesgourmets\"],\"email\":\"infos@laroutedesgourmets.fr\",\"telephone\":\"+33139473279\"}]}<\/script>\n<!-- \/ Yoast SEO Premium plugin. -->","yoast_head_json":{"title":"Tour gastron\u00f3mico Notre-Dame, Ile de la Cit\u00e9 y Ile Saint-Louis","description":"Descubra Par\u00eds con un tour gastron\u00f3mico guiado en Notre-Dame, la \u00cele de la Cit\u00e9 y la \u00cele Saint-Louis, combinando historia, cultura y degustaciones.","robots":{"index":"index","follow":"follow","max-snippet":"max-snippet:-1","max-image-preview":"max-image-preview:large","max-video-preview":"max-video-preview:-1"},"canonical":"https:\/\/laroutedesgourmets.fr\/es\/actividades-gastronomicas-en-paris-es\/tour-gastronomico-guiado-notre-dame-ile-de-la-cite-ile-saint-louis\/","og_locale":"es_ES","og_type":"article","og_title":"Tour gastron\u00f3mico Notre-Dame, Ile de la Cit\u00e9 y Ile Saint-Louis","og_description":"Descubra Par\u00eds con un tour gastron\u00f3mico guiado en Notre-Dame, la \u00cele de la Cit\u00e9 y la \u00cele Saint-Louis, combinando historia, cultura y degustaciones.","og_url":"https:\/\/laroutedesgourmets.fr\/es\/actividades-gastronomicas-en-paris-es\/tour-gastronomico-guiado-notre-dame-ile-de-la-cite-ile-saint-louis\/","og_site_name":"La Route des Gourmets","article_publisher":"http:\/\/www.facebook.com\/laroutedesgourmets","article_modified_time":"2026-01-22T18:32:33+00:00","og_image":[{"width":2560,"height":1706,"url":"https:\/\/laroutedesgourmets.fr\/wp-content\/uploads\/2026\/01\/Food-Tour-Notre-Dame-district_6c-scaled.jpg","type":"image\/jpeg"}],"twitter_card":"summary_large_image","twitter_site":"@Routedesgourmet","twitter_misc":{"Tiempo de lectura":"7 minutos"},"schema":{"@context":"https:\/\/schema.org","@graph":[{"@type":"WebPage","@id":"https:\/\/laroutedesgourmets.fr\/es\/actividades-gastronomicas-en-paris-es\/tour-gastronomico-guiado-notre-dame-ile-de-la-cite-ile-saint-louis\/","url":"https:\/\/laroutedesgourmets.fr\/es\/actividades-gastronomicas-en-paris-es\/tour-gastronomico-guiado-notre-dame-ile-de-la-cite-ile-saint-louis\/","name":"Tour gastron\u00f3mico Notre-Dame, Ile de la Cit\u00e9 y Ile Saint-Louis","isPartOf":{"@id":"https:\/\/laroutedesgourmets.fr\/#website"},"primaryImageOfPage":{"@id":"https:\/\/laroutedesgourmets.fr\/es\/actividades-gastronomicas-en-paris-es\/tour-gastronomico-guiado-notre-dame-ile-de-la-cite-ile-saint-louis\/#primaryimage"},"image":{"@id":"https:\/\/laroutedesgourmets.fr\/es\/actividades-gastronomicas-en-paris-es\/tour-gastronomico-guiado-notre-dame-ile-de-la-cite-ile-saint-louis\/#primaryimage"},"thumbnailUrl":"https:\/\/laroutedesgourmets.fr\/wp-content\/uploads\/2026\/01\/Food-Tour-Notre-Dame-district_6c-scaled.jpg","datePublished":"2026-01-15T20:11:48+00:00","dateModified":"2026-01-22T18:32:33+00:00","description":"Descubra Par\u00eds con un tour gastron\u00f3mico guiado en Notre-Dame, la \u00cele de la Cit\u00e9 y la \u00cele Saint-Louis, combinando historia, cultura y degustaciones.","breadcrumb":{"@id":"https:\/\/laroutedesgourmets.fr\/es\/actividades-gastronomicas-en-paris-es\/tour-gastronomico-guiado-notre-dame-ile-de-la-cite-ile-saint-louis\/#breadcrumb"},"inLanguage":"es","potentialAction":[{"@type":"ReadAction","target":["https:\/\/laroutedesgourmets.fr\/es\/actividades-gastronomicas-en-paris-es\/tour-gastronomico-guiado-notre-dame-ile-de-la-cite-ile-saint-louis\/"]}]},{"@type":"ImageObject","inLanguage":"es","@id":"https:\/\/laroutedesgourmets.fr\/es\/actividades-gastronomicas-en-paris-es\/tour-gastronomico-guiado-notre-dame-ile-de-la-cite-ile-saint-louis\/#primaryimage","url":"https:\/\/laroutedesgourmets.fr\/wp-content\/uploads\/2026\/01\/Food-Tour-Notre-Dame-district_6c-scaled.jpg","contentUrl":"https:\/\/laroutedesgourmets.fr\/wp-content\/uploads\/2026\/01\/Food-Tour-Notre-Dame-district_6c-scaled.jpg","width":2560,"height":1706,"caption":"Notre Dame de Paris"},{"@type":"BreadcrumbList","@id":"https:\/\/laroutedesgourmets.fr\/es\/actividades-gastronomicas-en-paris-es\/tour-gastronomico-guiado-notre-dame-ile-de-la-cite-ile-saint-louis\/#breadcrumb","itemListElement":[{"@type":"ListItem","position":1,"name":"Visites gourmandes \u00e0 Paris","item":"https:\/\/laroutedesgourmets.fr\/visites-guidees\/"},{"@type":"ListItem","position":2,"name":"Tour gastron\u00f3mico Notre-Dame, Ile de la Cit\u00e9 y Ile Saint-Louis"}]},{"@type":"WebSite","@id":"https:\/\/laroutedesgourmets.fr\/#website","url":"https:\/\/laroutedesgourmets.fr\/","name":"La Route des Gourmets","description":"Agence de tourisme gastronomique","publisher":{"@id":"https:\/\/laroutedesgourmets.fr\/#organization"},"potentialAction":[{"@type":"SearchAction","target":{"@type":"EntryPoint","urlTemplate":"https:\/\/laroutedesgourmets.fr\/?s={search_term_string}"},"query-input":{"@type":"PropertyValueSpecification","valueRequired":true,"valueName":"search_term_string"}}],"inLanguage":"es"},{"@type":"Organization","@id":"https:\/\/laroutedesgourmets.fr\/#organization","name":"La Route des Gourmets","url":"https:\/\/laroutedesgourmets.fr\/","logo":{"@type":"ImageObject","inLanguage":"es","@id":"https:\/\/laroutedesgourmets.fr\/#\/schema\/logo\/image\/","url":"https:\/\/laroutedesgourmets.fr\/wp-content\/uploads\/2023\/12\/laroutedesgourmets-sigle-cadre-S-b.png","contentUrl":"https:\/\/laroutedesgourmets.fr\/wp-content\/uploads\/2023\/12\/laroutedesgourmets-sigle-cadre-S-b.png","width":445,"height":445,"caption":"La Route des Gourmets"},"image":{"@id":"https:\/\/laroutedesgourmets.fr\/#\/schema\/logo\/image\/"},"sameAs":["http:\/\/www.facebook.com\/laroutedesgourmets","https:\/\/x.com\/Routedesgourmet","https:\/\/www.instagram.com\/laroutedesgourmets"],"email":"infos@laroutedesgourmets.fr","telephone":"+33139473279"}]}},"_links":{"self":[{"href":"https:\/\/laroutedesgourmets.fr\/es\/wp-json\/wp\/v2\/product\/14276","targetHints":{"allow":["GET"]}}],"collection":[{"href":"https:\/\/laroutedesgourmets.fr\/es\/wp-json\/wp\/v2\/product"}],"about":[{"href":"https:\/\/laroutedesgourmets.fr\/es\/wp-json\/wp\/v2\/types\/product"}],"wp:featuredmedia":[{"embeddable":true,"href":"https:\/\/laroutedesgourmets.fr\/es\/wp-json\/wp\/v2\/media\/14260"}],"wp:attachment":[{"href":"https:\/\/laroutedesgourmets.fr\/es\/wp-json\/wp\/v2\/media?parent=14276"}],"wp:term":[{"taxonomy":"product_brand","embeddable":true,"href":"https:\/\/laroutedesgourmets.fr\/es\/wp-json\/wp\/v2\/product_brand?post=14276"},{"taxonomy":"product_cat","embeddable":true,"href":"https:\/\/laroutedesgourmets.fr\/es\/wp-json\/wp\/v2\/product_cat?post=14276"},{"taxonomy":"product_tag","embeddable":true,"href":"https:\/\/laroutedesgourmets.fr\/es\/wp-json\/wp\/v2\/product_tag?post=14276"}],"curies":[{"name":"wp","href":"https:\/\/api.w.org\/{rel}","templated":true}]}}