{"id":14340,"date":"2026-01-22T16:47:06","date_gmt":"2026-01-22T15:47:06","guid":{"rendered":"https:\/\/laroutedesgourmets.fr\/?post_type=product&#038;p=14340"},"modified":"2026-01-22T23:16:34","modified_gmt":"2026-01-22T22:16:34","slug":"tour-gastronomico-en-paris-los-pasajes-cubiertos-de-paris","status":"publish","type":"product","link":"https:\/\/laroutedesgourmets.fr\/es\/actividades-gastronomicas-en-paris-es\/tour-gastronomico-en-paris-los-pasajes-cubiertos-de-paris\/","title":{"rendered":"Tour gastron\u00f3mico en Par\u00eds: los pasajes cubiertos de Par\u00eds"},"content":{"rendered":"<h2><b>Un paseo gastron\u00f3mico por los pasajes cubiertos m\u00e1s secretos de Par\u00eds<\/b><\/h2>\n<p class=\"p3\">Al\u00e9jese de las rutas tur\u00edsticas habituales y <strong>explore los pasajes cubiertos de Par\u00eds<\/strong>, aut\u00e9nticas joyas escondidas entre las grandes avenidas haussmannianas. Estas elegantes galer\u00edas del siglo XIX ofrecen un ambiente tranquilo y refinado donde se encuentran la historia parisina, la cultura y la gastronom\u00eda.<\/p>\n<p class=\"p3\">Durante el recorrido, visitar\u00e1 algunos de los pasajes m\u00e1s emblem\u00e1ticos y bellos de la ciudad, como la <span class=\"s2\"><b>Galerie Vivienne<\/b><\/span>, el <span class=\"s2\"><b>Passage des Panoramas<\/b><\/span>, el <span class=\"s2\"><b>Passage Jouffroy<\/b><\/span> y el <span class=\"s2\"><b>Passage Verdeau<\/b><\/span>. Techos de cristal, suelos de mosaico, estructuras de hierro y antiguas fachadas comerciales crean una atm\u00f3sfera atemporal, muy diferente del Par\u00eds moderno.<\/p>\n<p class=\"p3\">Acompa\u00f1ado por un gu\u00eda profesional de habla espa\u00f1ola, el recorrido combina el descubrimiento cultural con degustaciones gastron\u00f3micas en tiendas artesanales cuidadosamente seleccionadas. Chocolates, dulces y otras especialidades francesas permiten descubrir el saber hacer local y los sabores aut\u00e9nticos de Par\u00eds.<\/p>\n<h3><b>\u00bfPor qu\u00e9 se crearon los pasajes cubiertos?<\/b><\/h3>\n<p class=\"p3\">Los pasajes cubiertos fueron creados en Par\u00eds a finales del siglo XVIII y principios del XIX para ofrecer espacios peatonales protegidos, resguardados de la lluvia, el barro y el intenso tr\u00e1fico urbano. Gracias a sus techos de cristal, permit\u00edan a los parisinos pasear, hacer compras y socializar c\u00f3modamente durante todo el a\u00f1o.<\/p>\n<p class=\"p3\">En su \u00e9poca, representaban la modernidad urbana y una nueva forma de vida en la ciudad. A menudo se consideran los precursores de los centros comerciales actuales y fueron lugares donde ver y dejarse ver, s\u00edmbolos del refinamiento, el ocio y el arte de vivir parisino.<\/p>\n<h3><b>Puntos destacados del recorrido<\/b><\/h3>\n<ul>\n<li class=\"p3\">Combinaci\u00f3n perfecta de gastronom\u00eda francesa y patrimonio cultural<\/li>\n<li class=\"p3\">Descubrimiento de lugares hist\u00f3ricos poco conocidos por los turistas<\/li>\n<li class=\"p3\">Recorrido en grupos reducidos para una experiencia m\u00e1s cercana y relajada<\/li>\n<li class=\"p3\">Relatos amenos y explicaciones claras de un gu\u00eda experto<\/li>\n<li class=\"p3\">Degustaciones gastron\u00f3micas en comercios artesanales parisinos<\/li>\n<li class=\"p3\">Itinerario mayoritariamente cubierto, ideal en cualquier \u00e9poca del a\u00f1o<\/li>\n<\/ul>\n<h3><b>Este recorrido incluye:<\/b><\/h3>\n<ul>\n<li class=\"p3\">Visita guiada por los pasajes cubiertos de Par\u00eds<\/li>\n<li class=\"p3\">Explicaciones hist\u00f3ricas y arquitect\u00f3nicas en espa\u00f1ol<\/li>\n<li class=\"p3\">Varias degustaciones gastron\u00f3micas<\/li>\n<li class=\"p3\">Gu\u00eda profesional y cercano<\/li>\n<li class=\"p3\">Experiencia aut\u00e9ntica e inmersiva en el coraz\u00f3n de Par\u00eds<\/li>\n<\/ul>\n<h3>Informaciones Pr\u00e1cticas:<\/h3>\n<ul>\n<li><strong>Horarios:\u00a0<\/strong>tour privado todo los dias de martes a sabado, a las 10h30 o 14h30<\/li>\n<li><strong>Duraci\u00f3n<\/strong>: 2h30<\/li>\n<li><strong>Idioma<\/strong>: visitas en franc\u00e9s, ingl\u00e9s, espa\u00f1ol (cons\u00faltenos por otros idiomas)<\/li>\n<li><strong>Punto de encuentro<\/strong>: en frente de la tienda<\/li>\n<li><strong>Tarifa de grupo (&gt;15 pers)<\/strong>: a la demanda \u00a0<a href=\"mailto:infos@laroutedesgourmets.fr\">infos@laroutedesgourmets.fr<\/a><\/li>\n<li><strong>Bono de Regalo<\/strong>: Es posible ofrecer esta visita en forma de un bono de regalo: Haga clic sobre el bot\u00f3n \u201cCOMPRAR SIN FECHA\u201d. Le enviaremos el bono de regalo por mail. Este bono de regalo es v\u00e1lido por una duraci\u00f3n de 6 meses a partir de la fecha de su compra y no es reembolsable.<\/li>\n<li><strong>Validez y condiciones de anulaci\u00f3n<\/strong>: Las ordenes no son consideradas como confirmadas que despu\u00e9s recepci\u00f3n del pago. Por los ordenes con fecha: el reembolso de la prestaci\u00f3n en caso de anulaci\u00f3n es total si la anulaci\u00f3n se realiza 3 semanas antes de la fecha reservada, de la mitad si la anulaci\u00f3n se realiza en el periodo de 2 semanas antes la fecha reservada, ning\u00fan reembolso se realiza a una semana de la fecha reservada.<\/li>\n<\/ul>\n","protected":false},"excerpt":{"rendered":"<p class=\"p1\">Descubra <span class=\"s1\"><b>una cara menos conocida de Par\u00eds <\/b><\/span>con un recorrido gastron\u00f3mico guiado por <span class=\"s1\"><b>los pasajes cubiertos<\/b><\/span>, que combina <span class=\"s1\"><b>historia, arquitectura elegante y degustaciones de productos artesanales franceses<\/b><\/span>. <span class=\"s1\"><b>Una experiencia aut\u00e9ntica, lejos de las multitudes,<\/b><\/span> ideal para quienes visitan Par\u00eds por primera vez y para amantes de la gastronom\u00eda.<\/p>\n","protected":false},"featured_media":14383,"template":"","meta":{"inline_featured_image":false,"neve_meta_sidebar":"","neve_meta_container":"","neve_meta_enable_content_width":"off","neve_meta_content_width":100,"neve_meta_title_alignment":"","neve_meta_author_avatar":"","neve_post_elements_order":"","neve_meta_disable_header":"","neve_meta_disable_footer":"","neve_meta_disable_title":""},"product_brand":[],"product_cat":[190,205],"product_tag":[],"class_list":{"0":"post-14340","1":"product","2":"type-product","3":"status-publish","4":"has-post-thumbnail","6":"product_cat-actividades-gastronomicas-en-paris-es","7":"product_cat-paseos-gourmet-a-pie-en-paris-es","9":"first","10":"instock","11":"taxable","12":"shipping-taxable","13":"purchasable","14":"product-type-simple"},"yoast_head":"<!-- This site is optimized with the Yoast SEO Premium plugin v27.3 (Yoast SEO v27.3) - https:\/\/yoast.com\/product\/yoast-seo-premium-wordpress\/ -->\n<title>Tour gastron\u00f3mico en Par\u00eds: los pasajes cubiertos de Par\u00eds - La Route des Gourmets<\/title>\n<meta name=\"description\" content=\"Descubra los pasajes cubiertos de Par\u00eds en un recorrido gastron\u00f3mico con historia, arquitectura elegante y degustaciones artesanales francesas.\" \/>\n<meta name=\"robots\" content=\"index, follow, max-snippet:-1, max-image-preview:large, max-video-preview:-1\" \/>\n<link rel=\"canonical\" href=\"https:\/\/laroutedesgourmets.fr\/es\/actividades-gastronomicas-en-paris-es\/tour-gastronomico-en-paris-los-pasajes-cubiertos-de-paris\/\" \/>\n<meta property=\"og:locale\" content=\"es_ES\" \/>\n<meta property=\"og:type\" content=\"article\" \/>\n<meta property=\"og:title\" content=\"Tour gastron\u00f3mico en Par\u00eds: los pasajes cubiertos de Par\u00eds - La Route des Gourmets\" \/>\n<meta property=\"og:description\" content=\"Descubra los pasajes cubiertos de Par\u00eds en un recorrido gastron\u00f3mico con historia, arquitectura elegante y degustaciones artesanales francesas.\" \/>\n<meta property=\"og:url\" content=\"https:\/\/laroutedesgourmets.fr\/es\/actividades-gastronomicas-en-paris-es\/tour-gastronomico-en-paris-los-pasajes-cubiertos-de-paris\/\" \/>\n<meta property=\"og:site_name\" content=\"La Route des Gourmets\" \/>\n<meta property=\"article:publisher\" content=\"http:\/\/www.facebook.com\/laroutedesgourmets\" \/>\n<meta property=\"article:modified_time\" content=\"2026-01-22T22:16:34+00:00\" \/>\n<meta property=\"og:image\" content=\"https:\/\/laroutedesgourmets.fr\/wp-content\/uploads\/2026\/01\/Food_Tour_Covered-passages-of-Paris_18b-1024x682.jpg\" \/>\n\t<meta property=\"og:image:width\" content=\"1024\" \/>\n\t<meta property=\"og:image:height\" content=\"682\" \/>\n\t<meta property=\"og:image:type\" content=\"image\/jpeg\" \/>\n<meta name=\"twitter:card\" content=\"summary_large_image\" \/>\n<meta name=\"twitter:site\" content=\"@Routedesgourmet\" \/>\n<meta name=\"twitter:label1\" content=\"Precio\" \/>\n\t<meta name=\"twitter:data1\" content=\"&euro;134.00\" \/>\n\t<meta name=\"twitter:label2\" content=\"Disponibilidad\" \/>\n\t<meta name=\"twitter:data2\" content=\"Disponible\" \/>\n<script type=\"application\/ld+json\" class=\"yoast-schema-graph\">{\"@context\":\"https:\\\/\\\/schema.org\",\"@graph\":[{\"@type\":\"WebPage\",\"@id\":\"https:\\\/\\\/laroutedesgourmets.fr\\\/es\\\/actividades-gastronomicas-en-paris-es\\\/tour-gastronomico-en-paris-los-pasajes-cubiertos-de-paris\\\/\",\"url\":\"https:\\\/\\\/laroutedesgourmets.fr\\\/es\\\/actividades-gastronomicas-en-paris-es\\\/tour-gastronomico-en-paris-los-pasajes-cubiertos-de-paris\\\/\",\"name\":\"Tour gastron\u00f3mico en Par\u00eds: los pasajes cubiertos de Par\u00eds - La Route des Gourmets\",\"isPartOf\":{\"@id\":\"https:\\\/\\\/laroutedesgourmets.fr\\\/#website\"},\"primaryImageOfPage\":{\"@id\":\"https:\\\/\\\/laroutedesgourmets.fr\\\/es\\\/actividades-gastronomicas-en-paris-es\\\/tour-gastronomico-en-paris-los-pasajes-cubiertos-de-paris\\\/#primaryimage\"},\"image\":{\"@id\":\"https:\\\/\\\/laroutedesgourmets.fr\\\/es\\\/actividades-gastronomicas-en-paris-es\\\/tour-gastronomico-en-paris-los-pasajes-cubiertos-de-paris\\\/#primaryimage\"},\"thumbnailUrl\":\"https:\\\/\\\/laroutedesgourmets.fr\\\/wp-content\\\/uploads\\\/2026\\\/01\\\/Food_Tour_Covered-passages-of-Paris_18b.jpg\",\"datePublished\":\"2026-01-22T15:47:06+00:00\",\"dateModified\":\"2026-01-22T22:16:34+00:00\",\"description\":\"Descubra los pasajes cubiertos de Par\u00eds en un recorrido gastron\u00f3mico con historia, arquitectura elegante y degustaciones artesanales francesas.\",\"breadcrumb\":{\"@id\":\"https:\\\/\\\/laroutedesgourmets.fr\\\/es\\\/actividades-gastronomicas-en-paris-es\\\/tour-gastronomico-en-paris-los-pasajes-cubiertos-de-paris\\\/#breadcrumb\"},\"inLanguage\":\"es\",\"potentialAction\":[{\"@type\":\"ReadAction\",\"target\":[\"https:\\\/\\\/laroutedesgourmets.fr\\\/es\\\/actividades-gastronomicas-en-paris-es\\\/tour-gastronomico-en-paris-los-pasajes-cubiertos-de-paris\\\/\"]}]},{\"@type\":\"ImageObject\",\"inLanguage\":\"es\",\"@id\":\"https:\\\/\\\/laroutedesgourmets.fr\\\/es\\\/actividades-gastronomicas-en-paris-es\\\/tour-gastronomico-en-paris-los-pasajes-cubiertos-de-paris\\\/#primaryimage\",\"url\":\"https:\\\/\\\/laroutedesgourmets.fr\\\/wp-content\\\/uploads\\\/2026\\\/01\\\/Food_Tour_Covered-passages-of-Paris_18b.jpg\",\"contentUrl\":\"https:\\\/\\\/laroutedesgourmets.fr\\\/wp-content\\\/uploads\\\/2026\\\/01\\\/Food_Tour_Covered-passages-of-Paris_18b.jpg\",\"width\":2000,\"height\":1333,\"caption\":\"\\\"Covered shopping arcade (Paris, France).\\\"\"},{\"@type\":\"BreadcrumbList\",\"@id\":\"https:\\\/\\\/laroutedesgourmets.fr\\\/es\\\/actividades-gastronomicas-en-paris-es\\\/tour-gastronomico-en-paris-los-pasajes-cubiertos-de-paris\\\/#breadcrumb\",\"itemListElement\":[{\"@type\":\"ListItem\",\"position\":1,\"name\":\"Visites gourmandes \u00e0 Paris\",\"item\":\"https:\\\/\\\/laroutedesgourmets.fr\\\/visites-guidees\\\/\"},{\"@type\":\"ListItem\",\"position\":2,\"name\":\"Tour gastron\u00f3mico en Par\u00eds: los pasajes cubiertos de Par\u00eds\"}]},{\"@type\":\"WebSite\",\"@id\":\"https:\\\/\\\/laroutedesgourmets.fr\\\/#website\",\"url\":\"https:\\\/\\\/laroutedesgourmets.fr\\\/\",\"name\":\"La Route des Gourmets\",\"description\":\"Agence de tourisme gastronomique\",\"publisher\":{\"@id\":\"https:\\\/\\\/laroutedesgourmets.fr\\\/#organization\"},\"potentialAction\":[{\"@type\":\"SearchAction\",\"target\":{\"@type\":\"EntryPoint\",\"urlTemplate\":\"https:\\\/\\\/laroutedesgourmets.fr\\\/?s={search_term_string}\"},\"query-input\":{\"@type\":\"PropertyValueSpecification\",\"valueRequired\":true,\"valueName\":\"search_term_string\"}}],\"inLanguage\":\"es\"},{\"@type\":\"Organization\",\"@id\":\"https:\\\/\\\/laroutedesgourmets.fr\\\/#organization\",\"name\":\"La Route des Gourmets\",\"url\":\"https:\\\/\\\/laroutedesgourmets.fr\\\/\",\"logo\":{\"@type\":\"ImageObject\",\"inLanguage\":\"es\",\"@id\":\"https:\\\/\\\/laroutedesgourmets.fr\\\/#\\\/schema\\\/logo\\\/image\\\/\",\"url\":\"https:\\\/\\\/laroutedesgourmets.fr\\\/wp-content\\\/uploads\\\/2023\\\/12\\\/laroutedesgourmets-sigle-cadre-S-b.png\",\"contentUrl\":\"https:\\\/\\\/laroutedesgourmets.fr\\\/wp-content\\\/uploads\\\/2023\\\/12\\\/laroutedesgourmets-sigle-cadre-S-b.png\",\"width\":445,\"height\":445,\"caption\":\"La Route des Gourmets\"},\"image\":{\"@id\":\"https:\\\/\\\/laroutedesgourmets.fr\\\/#\\\/schema\\\/logo\\\/image\\\/\"},\"sameAs\":[\"http:\\\/\\\/www.facebook.com\\\/laroutedesgourmets\",\"https:\\\/\\\/x.com\\\/Routedesgourmet\",\"https:\\\/\\\/www.instagram.com\\\/laroutedesgourmets\"],\"email\":\"infos@laroutedesgourmets.fr\",\"telephone\":\"+33139473279\"}]}<\/script>\n<meta property=\"product:price:amount\" content=\"134.00\" \/>\n<meta property=\"product:price:currency\" content=\"EUR\" \/>\n<meta property=\"og:availability\" content=\"instock\" \/>\n<meta property=\"product:availability\" content=\"instock\" \/>\n<meta property=\"product:condition\" content=\"new\" \/>\n<!-- \/ Yoast SEO Premium plugin. -->","yoast_head_json":{"title":"Tour gastron\u00f3mico en Par\u00eds: los pasajes cubiertos de Par\u00eds - La Route des Gourmets","description":"Descubra los pasajes cubiertos de Par\u00eds en un recorrido gastron\u00f3mico con historia, arquitectura elegante y degustaciones artesanales francesas.","robots":{"index":"index","follow":"follow","max-snippet":"max-snippet:-1","max-image-preview":"max-image-preview:large","max-video-preview":"max-video-preview:-1"},"canonical":"https:\/\/laroutedesgourmets.fr\/es\/actividades-gastronomicas-en-paris-es\/tour-gastronomico-en-paris-los-pasajes-cubiertos-de-paris\/","og_locale":"es_ES","og_type":"article","og_title":"Tour gastron\u00f3mico en Par\u00eds: los pasajes cubiertos de Par\u00eds - La Route des Gourmets","og_description":"Descubra los pasajes cubiertos de Par\u00eds en un recorrido gastron\u00f3mico con historia, arquitectura elegante y degustaciones artesanales francesas.","og_url":"https:\/\/laroutedesgourmets.fr\/es\/actividades-gastronomicas-en-paris-es\/tour-gastronomico-en-paris-los-pasajes-cubiertos-de-paris\/","og_site_name":"La Route des Gourmets","article_publisher":"http:\/\/www.facebook.com\/laroutedesgourmets","article_modified_time":"2026-01-22T22:16:34+00:00","og_image":[{"width":1024,"height":682,"url":"https:\/\/laroutedesgourmets.fr\/wp-content\/uploads\/2026\/01\/Food_Tour_Covered-passages-of-Paris_18b-1024x682.jpg","type":"image\/jpeg"}],"twitter_card":"summary_large_image","twitter_site":"@Routedesgourmet","twitter_misc":{"Precio":"&euro;134.00","Disponibilidad":"Disponible"},"schema":{"@context":"https:\/\/schema.org","@graph":[{"@type":"WebPage","@id":"https:\/\/laroutedesgourmets.fr\/es\/actividades-gastronomicas-en-paris-es\/tour-gastronomico-en-paris-los-pasajes-cubiertos-de-paris\/","url":"https:\/\/laroutedesgourmets.fr\/es\/actividades-gastronomicas-en-paris-es\/tour-gastronomico-en-paris-los-pasajes-cubiertos-de-paris\/","name":"Tour gastron\u00f3mico en Par\u00eds: los pasajes cubiertos de Par\u00eds - La Route des Gourmets","isPartOf":{"@id":"https:\/\/laroutedesgourmets.fr\/#website"},"primaryImageOfPage":{"@id":"https:\/\/laroutedesgourmets.fr\/es\/actividades-gastronomicas-en-paris-es\/tour-gastronomico-en-paris-los-pasajes-cubiertos-de-paris\/#primaryimage"},"image":{"@id":"https:\/\/laroutedesgourmets.fr\/es\/actividades-gastronomicas-en-paris-es\/tour-gastronomico-en-paris-los-pasajes-cubiertos-de-paris\/#primaryimage"},"thumbnailUrl":"https:\/\/laroutedesgourmets.fr\/wp-content\/uploads\/2026\/01\/Food_Tour_Covered-passages-of-Paris_18b.jpg","datePublished":"2026-01-22T15:47:06+00:00","dateModified":"2026-01-22T22:16:34+00:00","description":"Descubra los pasajes cubiertos de Par\u00eds en un recorrido gastron\u00f3mico con historia, arquitectura elegante y degustaciones artesanales francesas.","breadcrumb":{"@id":"https:\/\/laroutedesgourmets.fr\/es\/actividades-gastronomicas-en-paris-es\/tour-gastronomico-en-paris-los-pasajes-cubiertos-de-paris\/#breadcrumb"},"inLanguage":"es","potentialAction":[{"@type":"ReadAction","target":["https:\/\/laroutedesgourmets.fr\/es\/actividades-gastronomicas-en-paris-es\/tour-gastronomico-en-paris-los-pasajes-cubiertos-de-paris\/"]}]},{"@type":"ImageObject","inLanguage":"es","@id":"https:\/\/laroutedesgourmets.fr\/es\/actividades-gastronomicas-en-paris-es\/tour-gastronomico-en-paris-los-pasajes-cubiertos-de-paris\/#primaryimage","url":"https:\/\/laroutedesgourmets.fr\/wp-content\/uploads\/2026\/01\/Food_Tour_Covered-passages-of-Paris_18b.jpg","contentUrl":"https:\/\/laroutedesgourmets.fr\/wp-content\/uploads\/2026\/01\/Food_Tour_Covered-passages-of-Paris_18b.jpg","width":2000,"height":1333,"caption":"\"Covered shopping arcade (Paris, France).\""},{"@type":"BreadcrumbList","@id":"https:\/\/laroutedesgourmets.fr\/es\/actividades-gastronomicas-en-paris-es\/tour-gastronomico-en-paris-los-pasajes-cubiertos-de-paris\/#breadcrumb","itemListElement":[{"@type":"ListItem","position":1,"name":"Visites gourmandes \u00e0 Paris","item":"https:\/\/laroutedesgourmets.fr\/visites-guidees\/"},{"@type":"ListItem","position":2,"name":"Tour gastron\u00f3mico en Par\u00eds: los pasajes cubiertos de Par\u00eds"}]},{"@type":"WebSite","@id":"https:\/\/laroutedesgourmets.fr\/#website","url":"https:\/\/laroutedesgourmets.fr\/","name":"La Route des Gourmets","description":"Agence de tourisme gastronomique","publisher":{"@id":"https:\/\/laroutedesgourmets.fr\/#organization"},"potentialAction":[{"@type":"SearchAction","target":{"@type":"EntryPoint","urlTemplate":"https:\/\/laroutedesgourmets.fr\/?s={search_term_string}"},"query-input":{"@type":"PropertyValueSpecification","valueRequired":true,"valueName":"search_term_string"}}],"inLanguage":"es"},{"@type":"Organization","@id":"https:\/\/laroutedesgourmets.fr\/#organization","name":"La Route des Gourmets","url":"https:\/\/laroutedesgourmets.fr\/","logo":{"@type":"ImageObject","inLanguage":"es","@id":"https:\/\/laroutedesgourmets.fr\/#\/schema\/logo\/image\/","url":"https:\/\/laroutedesgourmets.fr\/wp-content\/uploads\/2023\/12\/laroutedesgourmets-sigle-cadre-S-b.png","contentUrl":"https:\/\/laroutedesgourmets.fr\/wp-content\/uploads\/2023\/12\/laroutedesgourmets-sigle-cadre-S-b.png","width":445,"height":445,"caption":"La Route des Gourmets"},"image":{"@id":"https:\/\/laroutedesgourmets.fr\/#\/schema\/logo\/image\/"},"sameAs":["http:\/\/www.facebook.com\/laroutedesgourmets","https:\/\/x.com\/Routedesgourmet","https:\/\/www.instagram.com\/laroutedesgourmets"],"email":"infos@laroutedesgourmets.fr","telephone":"+33139473279"}]},"product_price_amount":"134.00","product_price_currency":"EUR","og_availability":"instock","product_availability":"instock","product_condition":"new"},"_links":{"self":[{"href":"https:\/\/laroutedesgourmets.fr\/es\/wp-json\/wp\/v2\/product\/14340","targetHints":{"allow":["GET"]}}],"collection":[{"href":"https:\/\/laroutedesgourmets.fr\/es\/wp-json\/wp\/v2\/product"}],"about":[{"href":"https:\/\/laroutedesgourmets.fr\/es\/wp-json\/wp\/v2\/types\/product"}],"wp:featuredmedia":[{"embeddable":true,"href":"https:\/\/laroutedesgourmets.fr\/es\/wp-json\/wp\/v2\/media\/14383"}],"wp:attachment":[{"href":"https:\/\/laroutedesgourmets.fr\/es\/wp-json\/wp\/v2\/media?parent=14340"}],"wp:term":[{"taxonomy":"product_brand","embeddable":true,"href":"https:\/\/laroutedesgourmets.fr\/es\/wp-json\/wp\/v2\/product_brand?post=14340"},{"taxonomy":"product_cat","embeddable":true,"href":"https:\/\/laroutedesgourmets.fr\/es\/wp-json\/wp\/v2\/product_cat?post=14340"},{"taxonomy":"product_tag","embeddable":true,"href":"https:\/\/laroutedesgourmets.fr\/es\/wp-json\/wp\/v2\/product_tag?post=14340"}],"curies":[{"name":"wp","href":"https:\/\/api.w.org\/{rel}","templated":true}]}}