{"id":1482,"date":"2015-02-27T18:05:38","date_gmt":"2015-02-27T17:05:38","guid":{"rendered":"https:\/\/v3.laroutedesgourmets.fr\/produit\/paseo-gourmet-en-montmartre-paris\/"},"modified":"2024-07-08T18:07:08","modified_gmt":"2024-07-08T16:07:08","slug":"tour-gastronomico-paris-barrio-montmartre","status":"publish","type":"product","link":"https:\/\/laroutedesgourmets.fr\/es\/actividades-gastronomicas-en-paris-es\/tour-gastronomico-paris-barrio-montmartre\/","title":{"rendered":"Tour gastron\u00f3mico en Par\u00eds: Barrio de Montmartre"},"content":{"rendered":"<h2>Visita guiada gourmet en Montmartre Par\u00eds<\/h2>\n<p>Montmartre, en un nombre que nos cautiva! Montmartre es el romanticismo, un escenario de cine ilustrado en la famosa pel\u00edcula de Am\u00e9lie Poulain pero no solo eso! Es tambi\u00e9n la calle de los m\u00fasicos, un barrio pintoresco con sus artistas y pintores pero sobre todo es un barrio donde se ubican numerosos restaurantes y comercios tradicionales carnicer\u00edas, queser\u00edas, pescader\u00edas y verduler\u00edas que le dan ese ambiente tan particular!<\/p>\n<p>Disfrute de una visita ins\u00f3lita guiada en Montmartre para descubrir un recorrido original combinando el patrimonio hist\u00f3rico- cultural con la gastronom\u00eda del barrio!<\/p>\n<p>De la famosa Place du Tertre, pasando por el vi\u00f1edo de Clos Montmartre y la calle Lepic, recorra las t\u00edpicas calles del barrio en compa\u00f1\u00eda de un gu\u00eda experto de la gastronom\u00eda francesa para descubrir la gastronom\u00eda artesanal de Montmartre.<\/p>\n<p>Este paseo gastron\u00f3mico en Montmartre ser\u00e1 en acompa\u00f1ada de numerosas degustaciones de productos locales: carnes frias, quesos, panes artesanales, aceite de Olivo del Sur y adem\u00e1s los mejores reposteros de la Capital!<\/p>\n<p>Al termino de esta visita gourmet en Montmartre, usted podr\u00e1 visitar tranquilamente la Iglesia del Sacr\u00e9 c\u0153ur, pasear por las calles y disfrutar de los peque\u00f1os comercios abiertos a toda hora.\u00a0<span lang=\"es-trad\" xml:lang=\"es-trad\">Tambi\u00e9n n<\/span>uestro gu\u00eda especialista del barrio y de la gastronom\u00eda francesa podr\u00e1 recomendarle algunos de los mejores restaurantes tradicionales.<\/p>\n<h3>Este paseo gourmet en Montmartre incluye:<\/h3>\n<ul>\n<li>La visita guiada realizada por un experto en gastronom\u00eda francesa<\/li>\n<li>La visita a pie comentada del barrio y de sus comercios de comida tradicional<\/li>\n<li>Un m\u00ednimo de 7\u00a0degustaciones de productos dulces y salados<\/li>\n<\/ul>\n<h3>El \u201cvalor agregado\u201d de nuestro paseo gastron\u00f3mico en Montmartre:<\/h3>\n<ul>\n<li>Nuestro paseo gourmet es una prestaci\u00f3n creada por nuestra agencia LA ROUTE DES GOURMETS, por un equipo de profesionales del sector alimentario. Todos nuestros gu\u00edas son biling\u00fces y est\u00e1n especializados en culturas alimentarias.<\/li>\n<li>Lejos del turismo en masa, hemos desarrollado asociaciones con diversas tiendas y comercios de comida que nos permiten proponer degustaciones \u00fanicas de productos de calidad, todos probados y seleccionados seg\u00fan nuestros rigurosos criterios.<\/li>\n<li>Una visita a la medida: en funci\u00f3n con su perfil, sus gustos y sus conocimiento, nuestros gu\u00edas personalizaran las degustaciones y sus explicaciones<\/li>\n<\/ul>\n<h3>Informaciones Pr\u00e1cticas:<\/h3>\n<ul>\n<li><strong>Horarios: tour privado possible de miercoles a domingo, a las 10h30 o 15h00<\/strong><\/li>\n<li><strong>Duraci\u00f3n<\/strong>: 2h30<\/li>\n<li><strong>Idioma<\/strong>: visitas en franc\u00e9s, ingl\u00e9s, espa\u00f1ol (cons\u00faltenos por otros idiomas)<\/li>\n<li><strong>Punto de encuentro<\/strong>:\u00a0en la entrada del cabaret \u00bb Moulin Rouge\u00bb 82 Bd Clichy 75018 PARIS (Metro Blanche\u00bb)<\/li>\n<li><strong>Tarifa de grupo (&gt;15 pers)<\/strong>: a la demanda \u00a0<a href=\"mailto:infos@laroutedesgourmets.fr\">infos@laroutedesgourmets.fr<\/a><\/li>\n<li><strong>Bono de Regalo<\/strong>: Es posible ofrecer esta visita en forma de un bono de regalo: Haga clic sobre el bot\u00f3n \u201cCOMPRAR SIN FECHA\u201d. Le enviaremos el bono de regalo por mail. Este bono de regalo es v\u00e1lido por una duraci\u00f3n de 6 meses a partir de la fecha de su compra y no es reembolsable.<\/li>\n<li><strong>Validez y condiciones de anulaci\u00f3n<\/strong>: Las ordenes no son consideradas como confirmadas que despu\u00e9s recepci\u00f3n del pago. Por los ordenes con fecha: el reembolso de la prestaci\u00f3n en caso de anulaci\u00f3n es total si la anulaci\u00f3n se realiza 3 semanas antes de la fecha reservada, de la mitad si la anulaci\u00f3n se realiza en el periodo de 2 semanas antes la fecha reservada, ning\u00fan reembolso se realiza a una semana de la fecha reservada.<\/li>\n<\/ul>\n","protected":false},"excerpt":{"rendered":"<p>\u00bfDesea realizar un paseo ins\u00f3lito guiado en Montmartre? camine por este t\u00edpico barrio parisino. Este paseo gourmet en Montmartre le permite realizar una visita cultura et hist\u00f3rica mientras disfruta de exquisitas degustaciones que despertaran sus sentidos!<\/p>\n","protected":false},"featured_media":1443,"template":"","meta":{"inline_featured_image":false,"neve_meta_sidebar":"","neve_meta_container":"","neve_meta_enable_content_width":"off","neve_meta_content_width":100,"neve_meta_title_alignment":"","neve_meta_author_avatar":"","neve_post_elements_order":"","neve_meta_disable_header":"","neve_meta_disable_footer":"","neve_meta_disable_title":""},"product_brand":[],"product_cat":[190,205],"product_tag":[],"class_list":{"0":"post-1482","1":"product","2":"type-product","3":"status-publish","4":"has-post-thumbnail","6":"product_cat-actividades-gastronomicas-en-paris-es","7":"product_cat-paseos-gourmet-a-pie-en-paris-es","9":"first","10":"instock","11":"taxable","12":"shipping-taxable","13":"purchasable","14":"product-type-simple"},"yoast_head":"<!-- This site is optimized with the Yoast SEO Premium plugin v27.3 (Yoast SEO v27.3) - https:\/\/yoast.com\/product\/yoast-seo-premium-wordpress\/ -->\n<title>Visita guiada gourmet en Montmartre en Par\u00eds<\/title>\n<meta name=\"description\" content=\"Disfrute de un paseo gastron\u00f3mico en Montmartre para descubrir los comercios tradicionales de comida y realizar degustaciones de productos artesanales\" \/>\n<meta name=\"robots\" content=\"index, follow, max-snippet:-1, max-image-preview:large, max-video-preview:-1\" \/>\n<link rel=\"canonical\" href=\"https:\/\/laroutedesgourmets.fr\/es\/actividades-gastronomicas-en-paris-es\/tour-gastronomico-paris-barrio-montmartre\/\" \/>\n<meta property=\"og:locale\" content=\"es_ES\" \/>\n<meta property=\"og:type\" content=\"article\" \/>\n<meta property=\"og:title\" content=\"Visita guiada gourmet en Montmartre en Par\u00eds\" \/>\n<meta property=\"og:description\" content=\"Disfrute de un paseo gastron\u00f3mico en Montmartre para descubrir los comercios tradicionales de comida y realizar degustaciones de productos artesanales\" \/>\n<meta property=\"og:url\" content=\"https:\/\/laroutedesgourmets.fr\/es\/actividades-gastronomicas-en-paris-es\/tour-gastronomico-paris-barrio-montmartre\/\" \/>\n<meta property=\"og:site_name\" content=\"La Route des Gourmets\" \/>\n<meta property=\"article:publisher\" content=\"http:\/\/www.facebook.com\/laroutedesgourmets\" \/>\n<meta property=\"article:modified_time\" content=\"2024-07-08T16:07:08+00:00\" \/>\n<meta property=\"og:image\" content=\"https:\/\/laroutedesgourmets.fr\/wp-content\/uploads\/2015\/02\/p_7_6_7_767-Balade-gourmande-a-Montmartre.jpg\" \/>\n\t<meta property=\"og:image:width\" content=\"1800\" \/>\n\t<meta property=\"og:image:height\" content=\"1200\" \/>\n\t<meta property=\"og:image:type\" content=\"image\/jpeg\" \/>\n<meta name=\"twitter:card\" content=\"summary_large_image\" \/>\n<meta name=\"twitter:site\" content=\"@Routedesgourmet\" \/>\n<meta name=\"twitter:label1\" content=\"Precio\" \/>\n\t<meta name=\"twitter:data1\" content=\"&euro;134.00\" \/>\n\t<meta name=\"twitter:label2\" content=\"Disponibilidad\" \/>\n\t<meta name=\"twitter:data2\" content=\"Disponible\" \/>\n<script type=\"application\/ld+json\" class=\"yoast-schema-graph\">{\"@context\":\"https:\\\/\\\/schema.org\",\"@graph\":[{\"@type\":\"WebPage\",\"@id\":\"https:\\\/\\\/laroutedesgourmets.fr\\\/es\\\/actividades-gastronomicas-en-paris-es\\\/tour-gastronomico-paris-barrio-montmartre\\\/\",\"url\":\"https:\\\/\\\/laroutedesgourmets.fr\\\/es\\\/actividades-gastronomicas-en-paris-es\\\/tour-gastronomico-paris-barrio-montmartre\\\/\",\"name\":\"Visita guiada gourmet en Montmartre en Par\u00eds\",\"isPartOf\":{\"@id\":\"https:\\\/\\\/laroutedesgourmets.fr\\\/#website\"},\"primaryImageOfPage\":{\"@id\":\"https:\\\/\\\/laroutedesgourmets.fr\\\/es\\\/actividades-gastronomicas-en-paris-es\\\/tour-gastronomico-paris-barrio-montmartre\\\/#primaryimage\"},\"image\":{\"@id\":\"https:\\\/\\\/laroutedesgourmets.fr\\\/es\\\/actividades-gastronomicas-en-paris-es\\\/tour-gastronomico-paris-barrio-montmartre\\\/#primaryimage\"},\"thumbnailUrl\":\"https:\\\/\\\/laroutedesgourmets.fr\\\/wp-content\\\/uploads\\\/2015\\\/02\\\/p_7_6_7_767-Balade-gourmande-a-Montmartre.jpg\",\"datePublished\":\"2015-02-27T17:05:38+00:00\",\"dateModified\":\"2024-07-08T16:07:08+00:00\",\"description\":\"Disfrute de un paseo gastron\u00f3mico en Montmartre para descubrir los comercios tradicionales de comida y realizar degustaciones de productos artesanales\",\"breadcrumb\":{\"@id\":\"https:\\\/\\\/laroutedesgourmets.fr\\\/es\\\/actividades-gastronomicas-en-paris-es\\\/tour-gastronomico-paris-barrio-montmartre\\\/#breadcrumb\"},\"inLanguage\":\"es\",\"potentialAction\":[{\"@type\":\"ReadAction\",\"target\":[\"https:\\\/\\\/laroutedesgourmets.fr\\\/es\\\/actividades-gastronomicas-en-paris-es\\\/tour-gastronomico-paris-barrio-montmartre\\\/\"]}]},{\"@type\":\"ImageObject\",\"inLanguage\":\"es\",\"@id\":\"https:\\\/\\\/laroutedesgourmets.fr\\\/es\\\/actividades-gastronomicas-en-paris-es\\\/tour-gastronomico-paris-barrio-montmartre\\\/#primaryimage\",\"url\":\"https:\\\/\\\/laroutedesgourmets.fr\\\/wp-content\\\/uploads\\\/2015\\\/02\\\/p_7_6_7_767-Balade-gourmande-a-Montmartre.jpg\",\"contentUrl\":\"https:\\\/\\\/laroutedesgourmets.fr\\\/wp-content\\\/uploads\\\/2015\\\/02\\\/p_7_6_7_767-Balade-gourmande-a-Montmartre.jpg\",\"width\":1800,\"height\":1200},{\"@type\":\"BreadcrumbList\",\"@id\":\"https:\\\/\\\/laroutedesgourmets.fr\\\/es\\\/actividades-gastronomicas-en-paris-es\\\/tour-gastronomico-paris-barrio-montmartre\\\/#breadcrumb\",\"itemListElement\":[{\"@type\":\"ListItem\",\"position\":1,\"name\":\"Visites gourmandes \u00e0 Paris\",\"item\":\"https:\\\/\\\/laroutedesgourmets.fr\\\/visites-guidees\\\/\"},{\"@type\":\"ListItem\",\"position\":2,\"name\":\"Tour gastron\u00f3mico en Par\u00eds: Barrio de Montmartre\"}]},{\"@type\":\"WebSite\",\"@id\":\"https:\\\/\\\/laroutedesgourmets.fr\\\/#website\",\"url\":\"https:\\\/\\\/laroutedesgourmets.fr\\\/\",\"name\":\"La Route des Gourmets\",\"description\":\"Agence de tourisme gastronomique\",\"publisher\":{\"@id\":\"https:\\\/\\\/laroutedesgourmets.fr\\\/#organization\"},\"potentialAction\":[{\"@type\":\"SearchAction\",\"target\":{\"@type\":\"EntryPoint\",\"urlTemplate\":\"https:\\\/\\\/laroutedesgourmets.fr\\\/?s={search_term_string}\"},\"query-input\":{\"@type\":\"PropertyValueSpecification\",\"valueRequired\":true,\"valueName\":\"search_term_string\"}}],\"inLanguage\":\"es\"},{\"@type\":\"Organization\",\"@id\":\"https:\\\/\\\/laroutedesgourmets.fr\\\/#organization\",\"name\":\"La Route des Gourmets\",\"url\":\"https:\\\/\\\/laroutedesgourmets.fr\\\/\",\"logo\":{\"@type\":\"ImageObject\",\"inLanguage\":\"es\",\"@id\":\"https:\\\/\\\/laroutedesgourmets.fr\\\/#\\\/schema\\\/logo\\\/image\\\/\",\"url\":\"https:\\\/\\\/laroutedesgourmets.fr\\\/wp-content\\\/uploads\\\/2023\\\/12\\\/laroutedesgourmets-sigle-cadre-S-b.png\",\"contentUrl\":\"https:\\\/\\\/laroutedesgourmets.fr\\\/wp-content\\\/uploads\\\/2023\\\/12\\\/laroutedesgourmets-sigle-cadre-S-b.png\",\"width\":445,\"height\":445,\"caption\":\"La Route des Gourmets\"},\"image\":{\"@id\":\"https:\\\/\\\/laroutedesgourmets.fr\\\/#\\\/schema\\\/logo\\\/image\\\/\"},\"sameAs\":[\"http:\\\/\\\/www.facebook.com\\\/laroutedesgourmets\",\"https:\\\/\\\/x.com\\\/Routedesgourmet\",\"https:\\\/\\\/www.instagram.com\\\/laroutedesgourmets\"],\"email\":\"infos@laroutedesgourmets.fr\",\"telephone\":\"+33139473279\"}]}<\/script>\n<meta property=\"product:price:amount\" content=\"134.00\" \/>\n<meta property=\"product:price:currency\" content=\"EUR\" \/>\n<meta property=\"og:availability\" content=\"instock\" \/>\n<meta property=\"product:availability\" content=\"instock\" \/>\n<meta property=\"product:condition\" content=\"new\" \/>\n<!-- \/ Yoast SEO Premium plugin. -->","yoast_head_json":{"title":"Visita guiada gourmet en Montmartre en Par\u00eds","description":"Disfrute de un paseo gastron\u00f3mico en Montmartre para descubrir los comercios tradicionales de comida y realizar degustaciones de productos artesanales","robots":{"index":"index","follow":"follow","max-snippet":"max-snippet:-1","max-image-preview":"max-image-preview:large","max-video-preview":"max-video-preview:-1"},"canonical":"https:\/\/laroutedesgourmets.fr\/es\/actividades-gastronomicas-en-paris-es\/tour-gastronomico-paris-barrio-montmartre\/","og_locale":"es_ES","og_type":"article","og_title":"Visita guiada gourmet en Montmartre en Par\u00eds","og_description":"Disfrute de un paseo gastron\u00f3mico en Montmartre para descubrir los comercios tradicionales de comida y realizar degustaciones de productos artesanales","og_url":"https:\/\/laroutedesgourmets.fr\/es\/actividades-gastronomicas-en-paris-es\/tour-gastronomico-paris-barrio-montmartre\/","og_site_name":"La Route des Gourmets","article_publisher":"http:\/\/www.facebook.com\/laroutedesgourmets","article_modified_time":"2024-07-08T16:07:08+00:00","og_image":[{"width":1800,"height":1200,"url":"https:\/\/laroutedesgourmets.fr\/wp-content\/uploads\/2015\/02\/p_7_6_7_767-Balade-gourmande-a-Montmartre.jpg","type":"image\/jpeg"}],"twitter_card":"summary_large_image","twitter_site":"@Routedesgourmet","twitter_misc":{"Precio":"&euro;134.00","Disponibilidad":"Disponible"},"schema":{"@context":"https:\/\/schema.org","@graph":[{"@type":"WebPage","@id":"https:\/\/laroutedesgourmets.fr\/es\/actividades-gastronomicas-en-paris-es\/tour-gastronomico-paris-barrio-montmartre\/","url":"https:\/\/laroutedesgourmets.fr\/es\/actividades-gastronomicas-en-paris-es\/tour-gastronomico-paris-barrio-montmartre\/","name":"Visita guiada gourmet en Montmartre en Par\u00eds","isPartOf":{"@id":"https:\/\/laroutedesgourmets.fr\/#website"},"primaryImageOfPage":{"@id":"https:\/\/laroutedesgourmets.fr\/es\/actividades-gastronomicas-en-paris-es\/tour-gastronomico-paris-barrio-montmartre\/#primaryimage"},"image":{"@id":"https:\/\/laroutedesgourmets.fr\/es\/actividades-gastronomicas-en-paris-es\/tour-gastronomico-paris-barrio-montmartre\/#primaryimage"},"thumbnailUrl":"https:\/\/laroutedesgourmets.fr\/wp-content\/uploads\/2015\/02\/p_7_6_7_767-Balade-gourmande-a-Montmartre.jpg","datePublished":"2015-02-27T17:05:38+00:00","dateModified":"2024-07-08T16:07:08+00:00","description":"Disfrute de un paseo gastron\u00f3mico en Montmartre para descubrir los comercios tradicionales de comida y realizar degustaciones de productos artesanales","breadcrumb":{"@id":"https:\/\/laroutedesgourmets.fr\/es\/actividades-gastronomicas-en-paris-es\/tour-gastronomico-paris-barrio-montmartre\/#breadcrumb"},"inLanguage":"es","potentialAction":[{"@type":"ReadAction","target":["https:\/\/laroutedesgourmets.fr\/es\/actividades-gastronomicas-en-paris-es\/tour-gastronomico-paris-barrio-montmartre\/"]}]},{"@type":"ImageObject","inLanguage":"es","@id":"https:\/\/laroutedesgourmets.fr\/es\/actividades-gastronomicas-en-paris-es\/tour-gastronomico-paris-barrio-montmartre\/#primaryimage","url":"https:\/\/laroutedesgourmets.fr\/wp-content\/uploads\/2015\/02\/p_7_6_7_767-Balade-gourmande-a-Montmartre.jpg","contentUrl":"https:\/\/laroutedesgourmets.fr\/wp-content\/uploads\/2015\/02\/p_7_6_7_767-Balade-gourmande-a-Montmartre.jpg","width":1800,"height":1200},{"@type":"BreadcrumbList","@id":"https:\/\/laroutedesgourmets.fr\/es\/actividades-gastronomicas-en-paris-es\/tour-gastronomico-paris-barrio-montmartre\/#breadcrumb","itemListElement":[{"@type":"ListItem","position":1,"name":"Visites gourmandes \u00e0 Paris","item":"https:\/\/laroutedesgourmets.fr\/visites-guidees\/"},{"@type":"ListItem","position":2,"name":"Tour gastron\u00f3mico en Par\u00eds: Barrio de Montmartre"}]},{"@type":"WebSite","@id":"https:\/\/laroutedesgourmets.fr\/#website","url":"https:\/\/laroutedesgourmets.fr\/","name":"La Route des Gourmets","description":"Agence de tourisme gastronomique","publisher":{"@id":"https:\/\/laroutedesgourmets.fr\/#organization"},"potentialAction":[{"@type":"SearchAction","target":{"@type":"EntryPoint","urlTemplate":"https:\/\/laroutedesgourmets.fr\/?s={search_term_string}"},"query-input":{"@type":"PropertyValueSpecification","valueRequired":true,"valueName":"search_term_string"}}],"inLanguage":"es"},{"@type":"Organization","@id":"https:\/\/laroutedesgourmets.fr\/#organization","name":"La Route des Gourmets","url":"https:\/\/laroutedesgourmets.fr\/","logo":{"@type":"ImageObject","inLanguage":"es","@id":"https:\/\/laroutedesgourmets.fr\/#\/schema\/logo\/image\/","url":"https:\/\/laroutedesgourmets.fr\/wp-content\/uploads\/2023\/12\/laroutedesgourmets-sigle-cadre-S-b.png","contentUrl":"https:\/\/laroutedesgourmets.fr\/wp-content\/uploads\/2023\/12\/laroutedesgourmets-sigle-cadre-S-b.png","width":445,"height":445,"caption":"La Route des Gourmets"},"image":{"@id":"https:\/\/laroutedesgourmets.fr\/#\/schema\/logo\/image\/"},"sameAs":["http:\/\/www.facebook.com\/laroutedesgourmets","https:\/\/x.com\/Routedesgourmet","https:\/\/www.instagram.com\/laroutedesgourmets"],"email":"infos@laroutedesgourmets.fr","telephone":"+33139473279"}]},"product_price_amount":"134.00","product_price_currency":"EUR","og_availability":"instock","product_availability":"instock","product_condition":"new"},"_links":{"self":[{"href":"https:\/\/laroutedesgourmets.fr\/es\/wp-json\/wp\/v2\/product\/1482","targetHints":{"allow":["GET"]}}],"collection":[{"href":"https:\/\/laroutedesgourmets.fr\/es\/wp-json\/wp\/v2\/product"}],"about":[{"href":"https:\/\/laroutedesgourmets.fr\/es\/wp-json\/wp\/v2\/types\/product"}],"wp:featuredmedia":[{"embeddable":true,"href":"https:\/\/laroutedesgourmets.fr\/es\/wp-json\/wp\/v2\/media\/1443"}],"wp:attachment":[{"href":"https:\/\/laroutedesgourmets.fr\/es\/wp-json\/wp\/v2\/media?parent=1482"}],"wp:term":[{"taxonomy":"product_brand","embeddable":true,"href":"https:\/\/laroutedesgourmets.fr\/es\/wp-json\/wp\/v2\/product_brand?post=1482"},{"taxonomy":"product_cat","embeddable":true,"href":"https:\/\/laroutedesgourmets.fr\/es\/wp-json\/wp\/v2\/product_cat?post=1482"},{"taxonomy":"product_tag","embeddable":true,"href":"https:\/\/laroutedesgourmets.fr\/es\/wp-json\/wp\/v2\/product_tag?post=1482"}],"curies":[{"name":"wp","href":"https:\/\/api.w.org\/{rel}","templated":true}]}}