{"id":1542,"date":"2015-04-22T12:07:03","date_gmt":"2015-04-22T10:07:03","guid":{"rendered":"https:\/\/v3.laroutedesgourmets.fr\/produit\/paseo-gourmet-en-st-germain-de-pres\/"},"modified":"2024-07-08T18:03:41","modified_gmt":"2024-07-08T16:03:41","slug":"tour-gastronomico-paris-st-germain-des-pres","status":"publish","type":"product","link":"https:\/\/laroutedesgourmets.fr\/es\/actividades-gastronomicas-en-paris-es\/tour-gastronomico-paris-st-germain-des-pres\/","title":{"rendered":"Tour gastron\u00f3mico en Par\u00eds: Barrio St Germain des pr\u00e9s"},"content":{"rendered":"<h2>Visita guiada gastron\u00f3mica en St Germain de Pr\u00e9s en Par\u00eds<\/h2>\n<p>La Route des Gourmets lo lleva al centro de Par\u00eds, para realizar un paseo gastron\u00f3mico de 2h30 por Saint Germain de Pr\u00e9s. Esta visita culinaria en Par\u00eds despertar\u00e1 sus sentidos. Entre tradici\u00f3n y tendencias, esta visita guiada en Saint Germain de Pr\u00e8s encantar\u00e1 a sobre todos las los enamorados de Par\u00eds.<\/p>\n<p>D\u00e9jese guiar al ritmo de las degustaciones y descubra el esplendor que forma el patrimonio cultural, hist\u00f3rico y gastron\u00f3mico franc\u00e9s. Durante este recorrido usted har\u00e1 el encuentro de artesanos apasionados\u00a0 como chocolateros en busca de la mejor semilla de cacao, carniceros comprometidos a vender solo buenos productos y propietarios de cavas apasionados del terroir. Camine por las calles parisinas como lo hicieron Guillaume Apollinaire, Jean-Paul Sartre o Simone de Beauvoir. Saint Germain des pr\u00e9s contin\u00faa siendo el barrio de fil\u00f3sofos, autores y m\u00fasicos quienes perpet\u00faan su atmosfera literaria y creativa.<\/p>\n<p>Durante este paseo gourmet guiado en Saint Germain de Pr\u00e8s, usted visitar\u00e1 las boutiques m\u00e1s reconocidas al igual que las boutiques secretas de tendencias quienes estar\u00e1n encantadas de abrirle sus puertas.<\/p>\n<p>Durante este recorrido lo invitaremos a apreciar los monumentos del barrio y a escuchar sus an\u00e9cdotas.<\/p>\n<p>Entre verduleros, carniceros, bistrots, cavas, reposteros, chocolateros y palacios gourmet usted podr\u00e1 consentir su antojo.<\/p>\n<p>D\u00e9jese seducir por esta experiencia culinaria en Par\u00eds fuera de norma la cual le dejar\u00e1 un recuerdo inolvidable de su recorrido en el barrio de Saint Germain de Pr\u00e8s en Par\u00eds.<\/p>\n<h3>El valor agregado de este paseo gastron\u00f3mico en Par\u00eds:<\/h3>\n<ul>\n<li>Una manera at\u00edpica de descubrir Par\u00eds y de impregnarse de su cultura<\/li>\n<li>La presencia de un gu\u00eda especializado en culturas alimentarias que le presentar\u00e1 el barrio y su gastronom\u00eda emblem\u00e1tica<\/li>\n<li>Una oferta a la medida que se adapta a sus necesidades y gustos<\/li>\n<\/ul>\n<h3>Este recorrido gourmet incluye:<\/h3>\n<ul>\n<li>La presencia de un gu\u00eda experto en gastronom\u00eda francesa<\/li>\n<li>La visita a pie comentada del barrio y el encuentro con comerciantes y fabricantes de prestigio<\/li>\n<li>Un m\u00ednimo de 7\u00a0degustaciones de productos dulces y salados<\/li>\n<\/ul>\n<h3><\/h3>\n<h3>Informaciones Pr\u00e1cticas:<\/h3>\n<ul>\n<li><strong>Horarios: <\/strong>tour privado todo los dias de martes a domingo, a las 10h30 o 14h30<\/li>\n<li><strong>Duraci\u00f3n<\/strong>: 2h30<\/li>\n<li><strong>Idioma<\/strong>: visitas en franc\u00e9s, ingl\u00e9s, espa\u00f1ol (cons\u00faltenos por otros idiomas)<\/li>\n<li><strong>Punto de encuentro<\/strong>: en frente de la tienda George Larnicol, 132 Boulevard St Germain 75006 PARIS ( Od\u00e9on metro\u00a0estaci\u00f3n)<\/li>\n<li><strong>Tarifa de grupo (&gt;15 pers)<\/strong>: a la demanda \u00a0<a href=\"mailto:infos@laroutedesgourmets.fr\">infos@laroutedesgourmets.fr<\/a><\/li>\n<li><strong>Bono de Regalo<\/strong>: Es posible ofrecer esta visita en forma de un bono de regalo: Haga clic sobre el bot\u00f3n \u201cCOMPRAR SIN FECHA\u201d. Le enviaremos el bono de regalo por mail. Este bono de regalo es v\u00e1lido por una duraci\u00f3n de 6 meses a partir de la fecha de su compra y no es reembolsable.<\/li>\n<li><strong>Validez y condiciones de anulaci\u00f3n<\/strong>: Las ordenes no son consideradas como confirmadas que despu\u00e9s recepci\u00f3n del pago. Por los ordenes con fecha: el reembolso de la prestaci\u00f3n en caso de anulaci\u00f3n es total si la anulaci\u00f3n se realiza 3 semanas antes de la fecha reservada, de la mitad si la anulaci\u00f3n se realiza en el periodo de 2 semanas antes la fecha reservada, ning\u00fan reembolso se realiza a una semana de la fecha reservada.<\/li>\n<\/ul>\n","protected":false},"excerpt":{"rendered":"<p>Este paseo gourmet guiado en Saint Germain des Pr\u00e9s invita a los gourmets y antojadizos a descubrir Par\u00eds realizando una visita ins\u00f3lita que les permitir\u00e1 combinar un paseo cultural e hist\u00f3rico y disfrutar de la gastronom\u00eda de una manera at\u00edpica y divertida<\/p>\n","protected":false},"featured_media":8388,"template":"","meta":{"inline_featured_image":false,"neve_meta_sidebar":"","neve_meta_container":"","neve_meta_enable_content_width":"off","neve_meta_content_width":100,"neve_meta_title_alignment":"","neve_meta_author_avatar":"","neve_post_elements_order":"","neve_meta_disable_header":"","neve_meta_disable_footer":"","neve_meta_disable_title":""},"product_brand":[],"product_cat":[190,205],"product_tag":[],"class_list":{"0":"post-1542","1":"product","2":"type-product","3":"status-publish","4":"has-post-thumbnail","6":"product_cat-actividades-gastronomicas-en-paris-es","7":"product_cat-paseos-gourmet-a-pie-en-paris-es","9":"first","10":"instock","11":"taxable","12":"shipping-taxable","13":"purchasable","14":"product-type-simple"},"yoast_head":"<!-- This site is optimized with the Yoast SEO Premium plugin v27.3 (Yoast SEO v27.4) - https:\/\/yoast.com\/product\/yoast-seo-premium-wordpress\/ -->\n<title>Visita guiada gastron\u00f3mica en St Germain de Pr\u00e9s en Par\u00eds<\/title>\n<meta name=\"description\" content=\"Disfrute de una visita culinaria en Par\u00eds mientras descubre el barrio de Saint Germain de Pres durante un paseo cultural gourmet\" \/>\n<meta name=\"robots\" content=\"index, follow, max-snippet:-1, max-image-preview:large, max-video-preview:-1\" \/>\n<link rel=\"canonical\" href=\"https:\/\/laroutedesgourmets.fr\/es\/actividades-gastronomicas-en-paris-es\/tour-gastronomico-paris-st-germain-des-pres\/\" \/>\n<meta property=\"og:locale\" content=\"es_ES\" \/>\n<meta property=\"og:type\" content=\"article\" \/>\n<meta property=\"og:title\" content=\"Visita guiada gastron\u00f3mica en St Germain de Pr\u00e9s en Par\u00eds\" \/>\n<meta property=\"og:description\" content=\"Disfrute de una visita culinaria en Par\u00eds mientras descubre el barrio de Saint Germain de Pres durante un paseo cultural gourmet\" \/>\n<meta property=\"og:url\" content=\"https:\/\/laroutedesgourmets.fr\/es\/actividades-gastronomicas-en-paris-es\/tour-gastronomico-paris-st-germain-des-pres\/\" \/>\n<meta property=\"og:site_name\" content=\"La Route des Gourmets\" \/>\n<meta property=\"article:publisher\" content=\"http:\/\/www.facebook.com\/laroutedesgourmets\" \/>\n<meta property=\"article:modified_time\" content=\"2024-07-08T16:03:41+00:00\" \/>\n<meta property=\"og:image\" content=\"https:\/\/laroutedesgourmets.fr\/wp-content\/uploads\/2015\/04\/cafe-535713.jpg\" \/>\n\t<meta property=\"og:image:width\" content=\"2250\" \/>\n\t<meta property=\"og:image:height\" content=\"1500\" \/>\n\t<meta property=\"og:image:type\" content=\"image\/jpeg\" \/>\n<meta name=\"twitter:card\" content=\"summary_large_image\" \/>\n<meta name=\"twitter:site\" content=\"@Routedesgourmet\" \/>\n<meta name=\"twitter:label1\" content=\"Precio\" \/>\n\t<meta name=\"twitter:data1\" content=\"&euro;134.00\" \/>\n\t<meta name=\"twitter:label2\" content=\"Disponibilidad\" \/>\n\t<meta name=\"twitter:data2\" content=\"Disponible\" \/>\n<script type=\"application\/ld+json\" class=\"yoast-schema-graph\">{\"@context\":\"https:\\\/\\\/schema.org\",\"@graph\":[{\"@type\":\"WebPage\",\"@id\":\"https:\\\/\\\/laroutedesgourmets.fr\\\/es\\\/actividades-gastronomicas-en-paris-es\\\/tour-gastronomico-paris-st-germain-des-pres\\\/\",\"url\":\"https:\\\/\\\/laroutedesgourmets.fr\\\/es\\\/actividades-gastronomicas-en-paris-es\\\/tour-gastronomico-paris-st-germain-des-pres\\\/\",\"name\":\"Visita guiada gastron\u00f3mica en St Germain de Pr\u00e9s en Par\u00eds\",\"isPartOf\":{\"@id\":\"https:\\\/\\\/laroutedesgourmets.fr\\\/#website\"},\"primaryImageOfPage\":{\"@id\":\"https:\\\/\\\/laroutedesgourmets.fr\\\/es\\\/actividades-gastronomicas-en-paris-es\\\/tour-gastronomico-paris-st-germain-des-pres\\\/#primaryimage\"},\"image\":{\"@id\":\"https:\\\/\\\/laroutedesgourmets.fr\\\/es\\\/actividades-gastronomicas-en-paris-es\\\/tour-gastronomico-paris-st-germain-des-pres\\\/#primaryimage\"},\"thumbnailUrl\":\"https:\\\/\\\/laroutedesgourmets.fr\\\/wp-content\\\/uploads\\\/2015\\\/04\\\/cafe-535713.jpg\",\"datePublished\":\"2015-04-22T10:07:03+00:00\",\"dateModified\":\"2024-07-08T16:03:41+00:00\",\"description\":\"Disfrute de una visita culinaria en Par\u00eds mientras descubre el barrio de Saint Germain de Pres durante un paseo cultural gourmet\",\"breadcrumb\":{\"@id\":\"https:\\\/\\\/laroutedesgourmets.fr\\\/es\\\/actividades-gastronomicas-en-paris-es\\\/tour-gastronomico-paris-st-germain-des-pres\\\/#breadcrumb\"},\"inLanguage\":\"es\",\"potentialAction\":[{\"@type\":\"ReadAction\",\"target\":[\"https:\\\/\\\/laroutedesgourmets.fr\\\/es\\\/actividades-gastronomicas-en-paris-es\\\/tour-gastronomico-paris-st-germain-des-pres\\\/\"]}]},{\"@type\":\"ImageObject\",\"inLanguage\":\"es\",\"@id\":\"https:\\\/\\\/laroutedesgourmets.fr\\\/es\\\/actividades-gastronomicas-en-paris-es\\\/tour-gastronomico-paris-st-germain-des-pres\\\/#primaryimage\",\"url\":\"https:\\\/\\\/laroutedesgourmets.fr\\\/wp-content\\\/uploads\\\/2015\\\/04\\\/cafe-535713.jpg\",\"contentUrl\":\"https:\\\/\\\/laroutedesgourmets.fr\\\/wp-content\\\/uploads\\\/2015\\\/04\\\/cafe-535713.jpg\",\"width\":2250,\"height\":1500},{\"@type\":\"BreadcrumbList\",\"@id\":\"https:\\\/\\\/laroutedesgourmets.fr\\\/es\\\/actividades-gastronomicas-en-paris-es\\\/tour-gastronomico-paris-st-germain-des-pres\\\/#breadcrumb\",\"itemListElement\":[{\"@type\":\"ListItem\",\"position\":1,\"name\":\"Visites gourmandes \u00e0 Paris\",\"item\":\"https:\\\/\\\/laroutedesgourmets.fr\\\/visites-guidees\\\/\"},{\"@type\":\"ListItem\",\"position\":2,\"name\":\"Tour gastron\u00f3mico en Par\u00eds: Barrio St Germain des pr\u00e9s\"}]},{\"@type\":\"WebSite\",\"@id\":\"https:\\\/\\\/laroutedesgourmets.fr\\\/#website\",\"url\":\"https:\\\/\\\/laroutedesgourmets.fr\\\/\",\"name\":\"La Route des Gourmets\",\"description\":\"Agence de tourisme gastronomique\",\"publisher\":{\"@id\":\"https:\\\/\\\/laroutedesgourmets.fr\\\/#organization\"},\"potentialAction\":[{\"@type\":\"SearchAction\",\"target\":{\"@type\":\"EntryPoint\",\"urlTemplate\":\"https:\\\/\\\/laroutedesgourmets.fr\\\/?s={search_term_string}\"},\"query-input\":{\"@type\":\"PropertyValueSpecification\",\"valueRequired\":true,\"valueName\":\"search_term_string\"}}],\"inLanguage\":\"es\"},{\"@type\":\"Organization\",\"@id\":\"https:\\\/\\\/laroutedesgourmets.fr\\\/#organization\",\"name\":\"La Route des Gourmets\",\"url\":\"https:\\\/\\\/laroutedesgourmets.fr\\\/\",\"logo\":{\"@type\":\"ImageObject\",\"inLanguage\":\"es\",\"@id\":\"https:\\\/\\\/laroutedesgourmets.fr\\\/#\\\/schema\\\/logo\\\/image\\\/\",\"url\":\"https:\\\/\\\/laroutedesgourmets.fr\\\/wp-content\\\/uploads\\\/2023\\\/12\\\/laroutedesgourmets-sigle-cadre-S-b.png\",\"contentUrl\":\"https:\\\/\\\/laroutedesgourmets.fr\\\/wp-content\\\/uploads\\\/2023\\\/12\\\/laroutedesgourmets-sigle-cadre-S-b.png\",\"width\":445,\"height\":445,\"caption\":\"La Route des Gourmets\"},\"image\":{\"@id\":\"https:\\\/\\\/laroutedesgourmets.fr\\\/#\\\/schema\\\/logo\\\/image\\\/\"},\"sameAs\":[\"http:\\\/\\\/www.facebook.com\\\/laroutedesgourmets\",\"https:\\\/\\\/x.com\\\/Routedesgourmet\",\"https:\\\/\\\/www.instagram.com\\\/laroutedesgourmets\"],\"email\":\"infos@laroutedesgourmets.fr\",\"telephone\":\"+33139473279\"}]}<\/script>\n<meta property=\"product:price:amount\" content=\"134.00\" \/>\n<meta property=\"product:price:currency\" content=\"EUR\" \/>\n<meta property=\"og:availability\" content=\"instock\" \/>\n<meta property=\"product:availability\" content=\"instock\" \/>\n<meta property=\"product:condition\" content=\"new\" \/>\n<!-- \/ Yoast SEO Premium plugin. -->","yoast_head_json":{"title":"Visita guiada gastron\u00f3mica en St Germain de Pr\u00e9s en Par\u00eds","description":"Disfrute de una visita culinaria en Par\u00eds mientras descubre el barrio de Saint Germain de Pres durante un paseo cultural gourmet","robots":{"index":"index","follow":"follow","max-snippet":"max-snippet:-1","max-image-preview":"max-image-preview:large","max-video-preview":"max-video-preview:-1"},"canonical":"https:\/\/laroutedesgourmets.fr\/es\/actividades-gastronomicas-en-paris-es\/tour-gastronomico-paris-st-germain-des-pres\/","og_locale":"es_ES","og_type":"article","og_title":"Visita guiada gastron\u00f3mica en St Germain de Pr\u00e9s en Par\u00eds","og_description":"Disfrute de una visita culinaria en Par\u00eds mientras descubre el barrio de Saint Germain de Pres durante un paseo cultural gourmet","og_url":"https:\/\/laroutedesgourmets.fr\/es\/actividades-gastronomicas-en-paris-es\/tour-gastronomico-paris-st-germain-des-pres\/","og_site_name":"La Route des Gourmets","article_publisher":"http:\/\/www.facebook.com\/laroutedesgourmets","article_modified_time":"2024-07-08T16:03:41+00:00","og_image":[{"width":2250,"height":1500,"url":"https:\/\/laroutedesgourmets.fr\/wp-content\/uploads\/2015\/04\/cafe-535713.jpg","type":"image\/jpeg"}],"twitter_card":"summary_large_image","twitter_site":"@Routedesgourmet","twitter_misc":{"Precio":"&euro;134.00","Disponibilidad":"Disponible"},"schema":{"@context":"https:\/\/schema.org","@graph":[{"@type":"WebPage","@id":"https:\/\/laroutedesgourmets.fr\/es\/actividades-gastronomicas-en-paris-es\/tour-gastronomico-paris-st-germain-des-pres\/","url":"https:\/\/laroutedesgourmets.fr\/es\/actividades-gastronomicas-en-paris-es\/tour-gastronomico-paris-st-germain-des-pres\/","name":"Visita guiada gastron\u00f3mica en St Germain de Pr\u00e9s en Par\u00eds","isPartOf":{"@id":"https:\/\/laroutedesgourmets.fr\/#website"},"primaryImageOfPage":{"@id":"https:\/\/laroutedesgourmets.fr\/es\/actividades-gastronomicas-en-paris-es\/tour-gastronomico-paris-st-germain-des-pres\/#primaryimage"},"image":{"@id":"https:\/\/laroutedesgourmets.fr\/es\/actividades-gastronomicas-en-paris-es\/tour-gastronomico-paris-st-germain-des-pres\/#primaryimage"},"thumbnailUrl":"https:\/\/laroutedesgourmets.fr\/wp-content\/uploads\/2015\/04\/cafe-535713.jpg","datePublished":"2015-04-22T10:07:03+00:00","dateModified":"2024-07-08T16:03:41+00:00","description":"Disfrute de una visita culinaria en Par\u00eds mientras descubre el barrio de Saint Germain de Pres durante un paseo cultural gourmet","breadcrumb":{"@id":"https:\/\/laroutedesgourmets.fr\/es\/actividades-gastronomicas-en-paris-es\/tour-gastronomico-paris-st-germain-des-pres\/#breadcrumb"},"inLanguage":"es","potentialAction":[{"@type":"ReadAction","target":["https:\/\/laroutedesgourmets.fr\/es\/actividades-gastronomicas-en-paris-es\/tour-gastronomico-paris-st-germain-des-pres\/"]}]},{"@type":"ImageObject","inLanguage":"es","@id":"https:\/\/laroutedesgourmets.fr\/es\/actividades-gastronomicas-en-paris-es\/tour-gastronomico-paris-st-germain-des-pres\/#primaryimage","url":"https:\/\/laroutedesgourmets.fr\/wp-content\/uploads\/2015\/04\/cafe-535713.jpg","contentUrl":"https:\/\/laroutedesgourmets.fr\/wp-content\/uploads\/2015\/04\/cafe-535713.jpg","width":2250,"height":1500},{"@type":"BreadcrumbList","@id":"https:\/\/laroutedesgourmets.fr\/es\/actividades-gastronomicas-en-paris-es\/tour-gastronomico-paris-st-germain-des-pres\/#breadcrumb","itemListElement":[{"@type":"ListItem","position":1,"name":"Visites gourmandes \u00e0 Paris","item":"https:\/\/laroutedesgourmets.fr\/visites-guidees\/"},{"@type":"ListItem","position":2,"name":"Tour gastron\u00f3mico en Par\u00eds: Barrio St Germain des pr\u00e9s"}]},{"@type":"WebSite","@id":"https:\/\/laroutedesgourmets.fr\/#website","url":"https:\/\/laroutedesgourmets.fr\/","name":"La Route des Gourmets","description":"Agence de tourisme gastronomique","publisher":{"@id":"https:\/\/laroutedesgourmets.fr\/#organization"},"potentialAction":[{"@type":"SearchAction","target":{"@type":"EntryPoint","urlTemplate":"https:\/\/laroutedesgourmets.fr\/?s={search_term_string}"},"query-input":{"@type":"PropertyValueSpecification","valueRequired":true,"valueName":"search_term_string"}}],"inLanguage":"es"},{"@type":"Organization","@id":"https:\/\/laroutedesgourmets.fr\/#organization","name":"La Route des Gourmets","url":"https:\/\/laroutedesgourmets.fr\/","logo":{"@type":"ImageObject","inLanguage":"es","@id":"https:\/\/laroutedesgourmets.fr\/#\/schema\/logo\/image\/","url":"https:\/\/laroutedesgourmets.fr\/wp-content\/uploads\/2023\/12\/laroutedesgourmets-sigle-cadre-S-b.png","contentUrl":"https:\/\/laroutedesgourmets.fr\/wp-content\/uploads\/2023\/12\/laroutedesgourmets-sigle-cadre-S-b.png","width":445,"height":445,"caption":"La Route des Gourmets"},"image":{"@id":"https:\/\/laroutedesgourmets.fr\/#\/schema\/logo\/image\/"},"sameAs":["http:\/\/www.facebook.com\/laroutedesgourmets","https:\/\/x.com\/Routedesgourmet","https:\/\/www.instagram.com\/laroutedesgourmets"],"email":"infos@laroutedesgourmets.fr","telephone":"+33139473279"}]},"product_price_amount":"134.00","product_price_currency":"EUR","og_availability":"instock","product_availability":"instock","product_condition":"new"},"_links":{"self":[{"href":"https:\/\/laroutedesgourmets.fr\/es\/wp-json\/wp\/v2\/product\/1542","targetHints":{"allow":["GET"]}}],"collection":[{"href":"https:\/\/laroutedesgourmets.fr\/es\/wp-json\/wp\/v2\/product"}],"about":[{"href":"https:\/\/laroutedesgourmets.fr\/es\/wp-json\/wp\/v2\/types\/product"}],"wp:featuredmedia":[{"embeddable":true,"href":"https:\/\/laroutedesgourmets.fr\/es\/wp-json\/wp\/v2\/media\/8388"}],"wp:attachment":[{"href":"https:\/\/laroutedesgourmets.fr\/es\/wp-json\/wp\/v2\/media?parent=1542"}],"wp:term":[{"taxonomy":"product_brand","embeddable":true,"href":"https:\/\/laroutedesgourmets.fr\/es\/wp-json\/wp\/v2\/product_brand?post=1542"},{"taxonomy":"product_cat","embeddable":true,"href":"https:\/\/laroutedesgourmets.fr\/es\/wp-json\/wp\/v2\/product_cat?post=1542"},{"taxonomy":"product_tag","embeddable":true,"href":"https:\/\/laroutedesgourmets.fr\/es\/wp-json\/wp\/v2\/product_tag?post=1542"}],"curies":[{"name":"wp","href":"https:\/\/api.w.org\/{rel}","templated":true}]}}