{"id":1581,"date":"2015-04-27T16:33:29","date_gmt":"2015-04-27T14:33:29","guid":{"rendered":"https:\/\/v3.laroutedesgourmets.fr\/produit\/visita-gourmet-barrio-de-halles-paris\/"},"modified":"2024-07-08T18:02:01","modified_gmt":"2024-07-08T16:02:01","slug":"tour-gastronomico-paris-barrio-chatelet-les-halles","status":"publish","type":"product","link":"https:\/\/laroutedesgourmets.fr\/es\/actividades-gastronomicas-en-paris-es\/tour-gastronomico-paris-barrio-chatelet-les-halles\/","title":{"rendered":"Tour gastron\u00f3mico en Par\u00eds: Barrio Ch\u00e2telet les Halles"},"content":{"rendered":"<h2>Visita guiada gastron\u00f3mica del barrio de Halles en Par\u00eds<\/h2>\n<p>La Route des Gourmets, le propone una visita culinaria ins\u00f3lita en Par\u00eds en el coraz\u00f3n de uno de los barrios mas emblem\u00e1ticos de la capital: El barrio de las antiguas Halles de Par\u00eds, llamado com\u00fanmente el \u201cvientre de Par\u00eds\u201d<\/p>\n<p>Durante esta visita gourmet alrededor de la calle Montorgueil, nuestro gu\u00eda especializado en culturas alimentarias tendr\u00e1 el gusto de hacerle descubrir el rico pasado del barrio de Halles donde durante\u00a0 siglos se estableci\u00f3 el principal lugar de aprovisionamiento de todo Par\u00eds hasta la creaci\u00f3n del mercado de Rungis en 1969.<\/p>\n<p>Durante este paso guiado gourmet a trav\u00e9s de la calle Montorgueil, usted descubrir\u00e1 algunos de los restaurantes mas celebres como \u201cL\u2019Escargot Montorgueil\u201d y algunos comercios de alimentos tradicionales de excepci\u00f3n incluidas carnicer\u00edas, pescader\u00edas, verduler\u00edas, panaderos o reposteros como Stohrer\u2026 Conozcas las historias centenarias, de las m\u00e1s antiguas tiendas\u00a0 que hoy contribuyen al esplendor de la gastronom\u00eda francesa tradicional.<\/p>\n<p>Si el tiempo lo permite, le proponemos hacer una degustaci\u00f3n de productos t\u00edpicos de la gastronom\u00eda francesa en forma de pique-nique al final de este paseo gourmet en Par\u00eds. En caso de mal tiempo o lluvia, las degustaciones saladas y dulces se realizaron a lo largo de todo el recorrido en las instalaciones de nuestros socios.<\/p>\n<h3>Los \u00ab\u00a0extras\u00a0\u00bb de este paseo culinario en el barrio de Halles en Par\u00eds<\/h3>\n<ul>\n<li>Una manera original de descubrir e impregnarse de la rica historia de este barrio<\/li>\n<li>La presencia de un gu\u00eda especializado en culturas alimentarias<\/li>\n<li>Una oferta a la medida que se adapta a sus necesidades y gustos<\/li>\n<li>Esta visita puede ser completada con la <a title=\"Visita guiada privada del Mercado de Rungis\" href=\"https:\/\/laroutedesgourmets.fr\/es\/43-visita-guiada-mercado-de-rungis.html\" target=\"_blank\" rel=\"noopener\">visita del mercado de Rungis<\/a> para un mejor conocimiento del aprovisionamiento alimentario de Paris a trav\u00e9s del tiempo<\/li>\n<\/ul>\n<h3>Este paseo gourmet en Par\u00eds incluye<\/h3>\n<ul>\n<li>La presencia de un gu\u00eda franc\u00e9s experto de la gastronom\u00eda francesa<\/li>\n<li>La visita a pie comentada en el barrio de Par\u00eds<\/li>\n<li>El encuentro con comerciantes\/artesanos<\/li>\n<li>Numerosas degustaciones de productos salados, dulces y bebidas emblem\u00e1ticos de la gastronom\u00eda francesa.<\/li>\n<\/ul>\n<h3>Informaciones Pr\u00e1cticas<\/h3>\n<ul>\n<li><strong>Horarios: visita privada possible de martes a viernes, a las 10h30 o 14h30<\/strong><\/li>\n<li><strong>Duraci\u00f3n<\/strong>: 2h30<\/li>\n<li><strong>Idioma<\/strong>: visitas en franc\u00e9s, ingl\u00e9s, espa\u00f1ol (cons\u00faltenos por otros idiomas)<\/li>\n<li><strong>Punto de encuentro<\/strong>:\u00a016 Rue des Petits Carreaux, 75002 Paris ( Sentier metro estaci\u00f3n)<\/li>\n<li><strong>Tarifa de grupo (&gt;15 pers) y visita privada<\/strong>: a la demanda \u00a0<a href=\"mailto:infos@laroutedesgourmets.fr\">infos@laroutedesgourmets.fr<\/a><\/li>\n<li><strong>Bono de Regalo<\/strong>: Es posible ofrecer esta visita en forma de un bono de regalo: Haga clic sobre el bot\u00f3n \u201cCOMPRAR SIN FECHA\u201d. Le enviaremos el bono de regalo por mail. Este bono de regalo es v\u00e1lido por una duraci\u00f3n de 6 meses a partir de la fecha de su compra y no es reembolsable.<\/li>\n<li><strong>Validez y condiciones de anulaci\u00f3n<\/strong>: Las ordenes no son consideradas como confirmadas que despu\u00e9s recepci\u00f3n del pago. Por los ordenes con fecha: el reembolso de la prestaci\u00f3n en caso de anulaci\u00f3n es total si la anulaci\u00f3n se realiza 3 semanas antes de la fecha reservada, de la mitad si la anulaci\u00f3n se realiza en el periodo de 2 semanas antes la fecha reservada, ning\u00fan reembolso se realiza a una semana de la fecha reservada.<\/li>\n<\/ul>\n","protected":false},"excerpt":{"rendered":"<p>Durante este paseo gastron\u00f3mico guiado en el barrio de Halles, venga a impregnarse de la atmosfera popular y autentica que prevalece en los alrededores de los comercio de comida tradicional de este barrio que fue durante siglos el \u201cvientre de Par\u00eds\u201d<\/p>\n","protected":false},"featured_media":1545,"template":"","meta":{"inline_featured_image":false,"neve_meta_sidebar":"","neve_meta_container":"","neve_meta_enable_content_width":"off","neve_meta_content_width":100,"neve_meta_title_alignment":"","neve_meta_author_avatar":"","neve_post_elements_order":"","neve_meta_disable_header":"","neve_meta_disable_footer":"","neve_meta_disable_title":""},"product_brand":[],"product_cat":[190,205],"product_tag":[],"class_list":{"0":"post-1581","1":"product","2":"type-product","3":"status-publish","4":"has-post-thumbnail","6":"product_cat-actividades-gastronomicas-en-paris-es","7":"product_cat-paseos-gourmet-a-pie-en-paris-es","9":"first","10":"instock","11":"taxable","12":"shipping-taxable","13":"purchasable","14":"product-type-simple"},"yoast_head":"<!-- This site is optimized with the Yoast SEO Premium plugin v27.4 (Yoast SEO v27.4) - https:\/\/yoast.com\/product\/yoast-seo-premium-wordpress\/ -->\n<title>Paseo gastron\u00f3mico guiado en el barrio des Halles en Par\u00eds<\/title>\n<meta name=\"description\" content=\"Descubra la historia del barrio de Halles y de la calle Montorgueil en Par\u00eds durante nuestra visita guiada gourmet que integra cultura y degustaciones\" \/>\n<meta name=\"robots\" content=\"index, follow, max-snippet:-1, max-image-preview:large, max-video-preview:-1\" \/>\n<link rel=\"canonical\" href=\"https:\/\/laroutedesgourmets.fr\/activites-gourmandes-a-paris\/balades\/visite-gourmet-quartier-des-halles\/\" \/>\n<meta property=\"og:locale\" content=\"es_ES\" \/>\n<meta property=\"og:type\" content=\"article\" \/>\n<meta property=\"og:title\" content=\"Paseo gastron\u00f3mico guiado en el barrio des Halles en Par\u00eds\" \/>\n<meta property=\"og:description\" content=\"Descubra la historia del barrio de Halles y de la calle Montorgueil en Par\u00eds durante nuestra visita guiada gourmet que integra cultura y degustaciones\" \/>\n<meta property=\"og:url\" content=\"https:\/\/laroutedesgourmets.fr\/activites-gourmandes-a-paris\/balades\/visite-gourmet-quartier-des-halles\/\" \/>\n<meta property=\"og:site_name\" content=\"La Route des Gourmets\" \/>\n<meta property=\"article:publisher\" content=\"http:\/\/www.facebook.com\/laroutedesgourmets\" \/>\n<meta property=\"article:modified_time\" content=\"2024-07-08T16:02:01+00:00\" \/>\n<meta property=\"og:image\" content=\"https:\/\/laroutedesgourmets.fr\/wp-content\/uploads\/2015\/04\/p_7_4_2_742-Visite-gourmet-quartier-des-Halles.jpg\" \/>\n\t<meta property=\"og:image:width\" content=\"1800\" \/>\n\t<meta property=\"og:image:height\" content=\"1200\" \/>\n\t<meta property=\"og:image:type\" content=\"image\/jpeg\" \/>\n<meta name=\"twitter:card\" content=\"summary_large_image\" \/>\n<meta name=\"twitter:site\" content=\"@Routedesgourmet\" \/>\n<meta name=\"twitter:label1\" content=\"Precio\" \/>\n\t<meta name=\"twitter:data1\" content=\"&euro;134.00\" \/>\n\t<meta name=\"twitter:label2\" content=\"Disponibilidad\" \/>\n\t<meta name=\"twitter:data2\" content=\"Disponible\" \/>\n<script type=\"application\/ld+json\" class=\"yoast-schema-graph\">{\"@context\":\"https:\\\/\\\/schema.org\",\"@graph\":[{\"@type\":\"WebPage\",\"@id\":\"https:\\\/\\\/laroutedesgourmets.fr\\\/activites-gourmandes-a-paris\\\/balades\\\/visite-gourmet-quartier-des-halles\\\/\",\"url\":\"https:\\\/\\\/laroutedesgourmets.fr\\\/activites-gourmandes-a-paris\\\/balades\\\/visite-gourmet-quartier-des-halles\\\/\",\"name\":\"Paseo gastron\u00f3mico guiado en el barrio des Halles en Par\u00eds\",\"isPartOf\":{\"@id\":\"https:\\\/\\\/laroutedesgourmets.fr\\\/#website\"},\"primaryImageOfPage\":{\"@id\":\"https:\\\/\\\/laroutedesgourmets.fr\\\/activites-gourmandes-a-paris\\\/balades\\\/visite-gourmet-quartier-des-halles\\\/#primaryimage\"},\"image\":{\"@id\":\"https:\\\/\\\/laroutedesgourmets.fr\\\/activites-gourmandes-a-paris\\\/balades\\\/visite-gourmet-quartier-des-halles\\\/#primaryimage\"},\"thumbnailUrl\":\"https:\\\/\\\/laroutedesgourmets.fr\\\/wp-content\\\/uploads\\\/2015\\\/04\\\/p_7_4_2_742-Visite-gourmet-quartier-des-Halles.jpg\",\"datePublished\":\"2015-04-27T14:33:29+00:00\",\"dateModified\":\"2024-07-08T16:02:01+00:00\",\"description\":\"Descubra la historia del barrio de Halles y de la calle Montorgueil en Par\u00eds durante nuestra visita guiada gourmet que integra cultura y degustaciones\",\"breadcrumb\":{\"@id\":\"https:\\\/\\\/laroutedesgourmets.fr\\\/activites-gourmandes-a-paris\\\/balades\\\/visite-gourmet-quartier-des-halles\\\/#breadcrumb\"},\"inLanguage\":\"es\",\"potentialAction\":[{\"@type\":\"ReadAction\",\"target\":[\"https:\\\/\\\/laroutedesgourmets.fr\\\/activites-gourmandes-a-paris\\\/balades\\\/visite-gourmet-quartier-des-halles\\\/\"]}]},{\"@type\":\"ImageObject\",\"inLanguage\":\"es\",\"@id\":\"https:\\\/\\\/laroutedesgourmets.fr\\\/activites-gourmandes-a-paris\\\/balades\\\/visite-gourmet-quartier-des-halles\\\/#primaryimage\",\"url\":\"https:\\\/\\\/laroutedesgourmets.fr\\\/wp-content\\\/uploads\\\/2015\\\/04\\\/p_7_4_2_742-Visite-gourmet-quartier-des-Halles.jpg\",\"contentUrl\":\"https:\\\/\\\/laroutedesgourmets.fr\\\/wp-content\\\/uploads\\\/2015\\\/04\\\/p_7_4_2_742-Visite-gourmet-quartier-des-Halles.jpg\",\"width\":1800,\"height\":1200},{\"@type\":\"BreadcrumbList\",\"@id\":\"https:\\\/\\\/laroutedesgourmets.fr\\\/activites-gourmandes-a-paris\\\/balades\\\/visite-gourmet-quartier-des-halles\\\/#breadcrumb\",\"itemListElement\":[{\"@type\":\"ListItem\",\"position\":1,\"name\":\"Visites gourmandes \u00e0 Paris\",\"item\":\"https:\\\/\\\/laroutedesgourmets.fr\\\/visites-guidees\\\/\"},{\"@type\":\"ListItem\",\"position\":2,\"name\":\"Tour gastron\u00f3mico en Par\u00eds: Barrio Ch\u00e2telet les Halles\"}]},{\"@type\":\"WebSite\",\"@id\":\"https:\\\/\\\/laroutedesgourmets.fr\\\/#website\",\"url\":\"https:\\\/\\\/laroutedesgourmets.fr\\\/\",\"name\":\"La Route des Gourmets\",\"description\":\"Agence de tourisme gastronomique\",\"publisher\":{\"@id\":\"https:\\\/\\\/laroutedesgourmets.fr\\\/#organization\"},\"potentialAction\":[{\"@type\":\"SearchAction\",\"target\":{\"@type\":\"EntryPoint\",\"urlTemplate\":\"https:\\\/\\\/laroutedesgourmets.fr\\\/?s={search_term_string}\"},\"query-input\":{\"@type\":\"PropertyValueSpecification\",\"valueRequired\":true,\"valueName\":\"search_term_string\"}}],\"inLanguage\":\"es\"},{\"@type\":\"Organization\",\"@id\":\"https:\\\/\\\/laroutedesgourmets.fr\\\/#organization\",\"name\":\"La Route des Gourmets\",\"url\":\"https:\\\/\\\/laroutedesgourmets.fr\\\/\",\"logo\":{\"@type\":\"ImageObject\",\"inLanguage\":\"es\",\"@id\":\"https:\\\/\\\/laroutedesgourmets.fr\\\/#\\\/schema\\\/logo\\\/image\\\/\",\"url\":\"https:\\\/\\\/laroutedesgourmets.fr\\\/wp-content\\\/uploads\\\/2023\\\/12\\\/laroutedesgourmets-sigle-cadre-S-b.png\",\"contentUrl\":\"https:\\\/\\\/laroutedesgourmets.fr\\\/wp-content\\\/uploads\\\/2023\\\/12\\\/laroutedesgourmets-sigle-cadre-S-b.png\",\"width\":445,\"height\":445,\"caption\":\"La Route des Gourmets\"},\"image\":{\"@id\":\"https:\\\/\\\/laroutedesgourmets.fr\\\/#\\\/schema\\\/logo\\\/image\\\/\"},\"sameAs\":[\"http:\\\/\\\/www.facebook.com\\\/laroutedesgourmets\",\"https:\\\/\\\/x.com\\\/Routedesgourmet\",\"https:\\\/\\\/www.instagram.com\\\/laroutedesgourmets\"],\"email\":\"infos@laroutedesgourmets.fr\",\"telephone\":\"+33139473279\"}]}<\/script>\n<meta property=\"product:price:amount\" content=\"134.00\" \/>\n<meta property=\"product:price:currency\" content=\"EUR\" \/>\n<meta property=\"og:availability\" content=\"instock\" \/>\n<meta property=\"product:availability\" content=\"instock\" \/>\n<meta property=\"product:condition\" content=\"new\" \/>\n<!-- \/ Yoast SEO Premium plugin. -->","yoast_head_json":{"title":"Paseo gastron\u00f3mico guiado en el barrio des Halles en Par\u00eds","description":"Descubra la historia del barrio de Halles y de la calle Montorgueil en Par\u00eds durante nuestra visita guiada gourmet que integra cultura y degustaciones","robots":{"index":"index","follow":"follow","max-snippet":"max-snippet:-1","max-image-preview":"max-image-preview:large","max-video-preview":"max-video-preview:-1"},"canonical":"https:\/\/laroutedesgourmets.fr\/activites-gourmandes-a-paris\/balades\/visite-gourmet-quartier-des-halles\/","og_locale":"es_ES","og_type":"article","og_title":"Paseo gastron\u00f3mico guiado en el barrio des Halles en Par\u00eds","og_description":"Descubra la historia del barrio de Halles y de la calle Montorgueil en Par\u00eds durante nuestra visita guiada gourmet que integra cultura y degustaciones","og_url":"https:\/\/laroutedesgourmets.fr\/activites-gourmandes-a-paris\/balades\/visite-gourmet-quartier-des-halles\/","og_site_name":"La Route des Gourmets","article_publisher":"http:\/\/www.facebook.com\/laroutedesgourmets","article_modified_time":"2024-07-08T16:02:01+00:00","og_image":[{"width":1800,"height":1200,"url":"https:\/\/laroutedesgourmets.fr\/wp-content\/uploads\/2015\/04\/p_7_4_2_742-Visite-gourmet-quartier-des-Halles.jpg","type":"image\/jpeg"}],"twitter_card":"summary_large_image","twitter_site":"@Routedesgourmet","twitter_misc":{"Precio":"&euro;134.00","Disponibilidad":"Disponible"},"schema":{"@context":"https:\/\/schema.org","@graph":[{"@type":"WebPage","@id":"https:\/\/laroutedesgourmets.fr\/activites-gourmandes-a-paris\/balades\/visite-gourmet-quartier-des-halles\/","url":"https:\/\/laroutedesgourmets.fr\/activites-gourmandes-a-paris\/balades\/visite-gourmet-quartier-des-halles\/","name":"Paseo gastron\u00f3mico guiado en el barrio des Halles en Par\u00eds","isPartOf":{"@id":"https:\/\/laroutedesgourmets.fr\/#website"},"primaryImageOfPage":{"@id":"https:\/\/laroutedesgourmets.fr\/activites-gourmandes-a-paris\/balades\/visite-gourmet-quartier-des-halles\/#primaryimage"},"image":{"@id":"https:\/\/laroutedesgourmets.fr\/activites-gourmandes-a-paris\/balades\/visite-gourmet-quartier-des-halles\/#primaryimage"},"thumbnailUrl":"https:\/\/laroutedesgourmets.fr\/wp-content\/uploads\/2015\/04\/p_7_4_2_742-Visite-gourmet-quartier-des-Halles.jpg","datePublished":"2015-04-27T14:33:29+00:00","dateModified":"2024-07-08T16:02:01+00:00","description":"Descubra la historia del barrio de Halles y de la calle Montorgueil en Par\u00eds durante nuestra visita guiada gourmet que integra cultura y degustaciones","breadcrumb":{"@id":"https:\/\/laroutedesgourmets.fr\/activites-gourmandes-a-paris\/balades\/visite-gourmet-quartier-des-halles\/#breadcrumb"},"inLanguage":"es","potentialAction":[{"@type":"ReadAction","target":["https:\/\/laroutedesgourmets.fr\/activites-gourmandes-a-paris\/balades\/visite-gourmet-quartier-des-halles\/"]}]},{"@type":"ImageObject","inLanguage":"es","@id":"https:\/\/laroutedesgourmets.fr\/activites-gourmandes-a-paris\/balades\/visite-gourmet-quartier-des-halles\/#primaryimage","url":"https:\/\/laroutedesgourmets.fr\/wp-content\/uploads\/2015\/04\/p_7_4_2_742-Visite-gourmet-quartier-des-Halles.jpg","contentUrl":"https:\/\/laroutedesgourmets.fr\/wp-content\/uploads\/2015\/04\/p_7_4_2_742-Visite-gourmet-quartier-des-Halles.jpg","width":1800,"height":1200},{"@type":"BreadcrumbList","@id":"https:\/\/laroutedesgourmets.fr\/activites-gourmandes-a-paris\/balades\/visite-gourmet-quartier-des-halles\/#breadcrumb","itemListElement":[{"@type":"ListItem","position":1,"name":"Visites gourmandes \u00e0 Paris","item":"https:\/\/laroutedesgourmets.fr\/visites-guidees\/"},{"@type":"ListItem","position":2,"name":"Tour gastron\u00f3mico en Par\u00eds: Barrio Ch\u00e2telet les Halles"}]},{"@type":"WebSite","@id":"https:\/\/laroutedesgourmets.fr\/#website","url":"https:\/\/laroutedesgourmets.fr\/","name":"La Route des Gourmets","description":"Agence de tourisme gastronomique","publisher":{"@id":"https:\/\/laroutedesgourmets.fr\/#organization"},"potentialAction":[{"@type":"SearchAction","target":{"@type":"EntryPoint","urlTemplate":"https:\/\/laroutedesgourmets.fr\/?s={search_term_string}"},"query-input":{"@type":"PropertyValueSpecification","valueRequired":true,"valueName":"search_term_string"}}],"inLanguage":"es"},{"@type":"Organization","@id":"https:\/\/laroutedesgourmets.fr\/#organization","name":"La Route des Gourmets","url":"https:\/\/laroutedesgourmets.fr\/","logo":{"@type":"ImageObject","inLanguage":"es","@id":"https:\/\/laroutedesgourmets.fr\/#\/schema\/logo\/image\/","url":"https:\/\/laroutedesgourmets.fr\/wp-content\/uploads\/2023\/12\/laroutedesgourmets-sigle-cadre-S-b.png","contentUrl":"https:\/\/laroutedesgourmets.fr\/wp-content\/uploads\/2023\/12\/laroutedesgourmets-sigle-cadre-S-b.png","width":445,"height":445,"caption":"La Route des Gourmets"},"image":{"@id":"https:\/\/laroutedesgourmets.fr\/#\/schema\/logo\/image\/"},"sameAs":["http:\/\/www.facebook.com\/laroutedesgourmets","https:\/\/x.com\/Routedesgourmet","https:\/\/www.instagram.com\/laroutedesgourmets"],"email":"infos@laroutedesgourmets.fr","telephone":"+33139473279"}]},"product_price_amount":"134.00","product_price_currency":"EUR","og_availability":"instock","product_availability":"instock","product_condition":"new"},"_links":{"self":[{"href":"https:\/\/laroutedesgourmets.fr\/es\/wp-json\/wp\/v2\/product\/1581","targetHints":{"allow":["GET"]}}],"collection":[{"href":"https:\/\/laroutedesgourmets.fr\/es\/wp-json\/wp\/v2\/product"}],"about":[{"href":"https:\/\/laroutedesgourmets.fr\/es\/wp-json\/wp\/v2\/types\/product"}],"wp:featuredmedia":[{"embeddable":true,"href":"https:\/\/laroutedesgourmets.fr\/es\/wp-json\/wp\/v2\/media\/1545"}],"wp:attachment":[{"href":"https:\/\/laroutedesgourmets.fr\/es\/wp-json\/wp\/v2\/media?parent=1581"}],"wp:term":[{"taxonomy":"product_brand","embeddable":true,"href":"https:\/\/laroutedesgourmets.fr\/es\/wp-json\/wp\/v2\/product_brand?post=1581"},{"taxonomy":"product_cat","embeddable":true,"href":"https:\/\/laroutedesgourmets.fr\/es\/wp-json\/wp\/v2\/product_cat?post=1581"},{"taxonomy":"product_tag","embeddable":true,"href":"https:\/\/laroutedesgourmets.fr\/es\/wp-json\/wp\/v2\/product_tag?post=1581"}],"curies":[{"name":"wp","href":"https:\/\/api.w.org\/{rel}","templated":true}]}}