{"id":1623,"date":"2015-06-17T15:59:53","date_gmt":"2015-06-17T13:59:53","guid":{"rendered":"https:\/\/v3.laroutedesgourmets.fr\/produit\/paseo-gourmet-en-le-marais\/"},"modified":"2024-07-08T18:00:44","modified_gmt":"2024-07-08T16:00:44","slug":"tour-gastronomico-paris-barrio-marais","status":"publish","type":"product","link":"https:\/\/laroutedesgourmets.fr\/es\/actividades-gastronomicas-en-paris-es\/tour-gastronomico-paris-barrio-marais\/","title":{"rendered":"Tour gastron\u00f3mico en Par\u00eds: Barrio del Marais"},"content":{"rendered":"<h2>Visita guiada gastron\u00f3mica en el barrio del Marais en Par\u00eds<\/h2>\n<p>El equipo de la agencia de turismo gastron\u00f3mico La Route des Gourmets le propone realizar un paseo gourmet en el barrio hist\u00f3rico del Marais situado en el centro de Par\u00eds.<\/p>\n<p>En compa\u00f1\u00eda de nuestros gu\u00edas expertos en culturas alimentarias, usted recorrer\u00e1 las calles de este singular y multifac\u00e9tico barrio! El Marais representa el nuevo Par\u00eds \u201ca la moda\u201d con sus galer\u00edas de arte, el Museo Picasso, el centro Pompidou y sus boutiques tendencia. Este barrio hoy centro de la comunidad gay es uno de los m\u00e1s emblem\u00e1ticos de Par\u00eds tambi\u00e9n por la presencia de la comunidad jud\u00eda (la sinagoga y el museo de la Shoah).<\/p>\n<p>Esta visita culinaria ins\u00f3lita en Paris integra historia, cultura gastronom\u00eda francesa.<\/p>\n<p>Descubra los monumentos del barrio y sus an\u00e9cdotas, los vestigios de Par\u00eds en la edad media y en tiempos de la monarqu\u00eda cuando la capital estaba fortificada, visite las plazas y parques escondidos como la famosa Plaza de Vosges y la Casa de V\u00edctor Hugo, as\u00ed como las numerosas boutiques y sus tendencias!<\/p>\n<p>Como un habitante del barrio, usted tendr\u00e1 la oportunidad de encontrarse con los comerciantes del barrio durante deliciosas pausas gourmet. Usted visitera las boutiques m\u00e1s famosas y secretas especialmente abiertas para usted!<\/p>\n<p>Entre comerciantes, carniceros, bistrots, cavas, reposteros, chocolateros, su sentido del gusto ser\u00e1 consentido al m\u00e1ximo!<\/p>\n<p>Pruebe esta visita guiada gourmet en Par\u00eds que lo dejar\u00e1 con un recuerdo inolvidable de su viaje en Francia!<\/p>\n<h3>El \u00abvalor agregado\u00bb de este paseo culinario en el barrio del Marais:<\/h3>\n<ul>\n<li>Una visita at\u00edpica que integra historia, cultura y gastronom\u00eda para descubrir la vida de un barrio e impregnarse de \u00e9l.<\/li>\n<li>La presencia de un gu\u00eda especializado en culturas alimentarias<\/li>\n<li>Una oferta a la medida que se adapta a sus necesidades y gustos<\/li>\n<\/ul>\n<h3>Este paseo gourmet en Par\u00eds incluye:<\/h3>\n<ul>\n<li>Un gu\u00eda franc\u00e9s experto en gastronom\u00eda francesa<\/li>\n<li>La visita guiada a pie comentada en el Marais<\/li>\n<li>El encuentro con comerciantes y artesanos<\/li>\n<li>Numerosas degustaciones de productos dulces y salados<\/li>\n<\/ul>\n<h3>Informaciones Pr\u00e1cticas:<\/h3>\n<ul>\n<li><strong>Horarios: <\/strong>tour privado todos los dias del martes al viernes, a las 10h30 o 14h30<\/li>\n<li><strong>Duraci\u00f3n<\/strong>: 2h30<\/li>\n<li><strong>Idioma<\/strong>: visitas en franc\u00e9s, ingl\u00e9s, espa\u00f1ol (cons\u00faltenos por otros idiomas)<\/li>\n<li><strong>Punto de encuentro<\/strong>: en frente de la tienda\u00a0George Larnicol,\u00a014 Rue de Rivoli, 75004 Paris (Metro estaci\u00f3n\u00a0Saint Paul)<\/li>\n<li><strong>Tarifa de grupo (&gt;15 pers) <\/strong>: a la demanda \u00a0<a href=\"mailto:infos@laroutedesgourmets.fr\">infos@laroutedesgourmets.fr<\/a><\/li>\n<li><strong>Bono de Regalo<\/strong>: Es posible ofrecer esta visita en forma de un bono de regalo: Haga clic sobre el bot\u00f3n \u201cCOMPRAR SIN FECHA\u201d. Le enviaremos el bono de regalo por mail. Este bono de regalo es v\u00e1lido por una duraci\u00f3n de 6 meses a partir de la fecha de su compra y no es reembolsable.<\/li>\n<li><strong>Validez y condiciones de anulaci\u00f3n<\/strong>: Las ordenes no son consideradas como confirmadas que despu\u00e9s recepci\u00f3n del pago. Por los ordenes con fecha: el reembolso de la prestaci\u00f3n en caso de anulaci\u00f3n es total si la anulaci\u00f3n se realiza 3 semanas antes de la fecha reservada, de la mitad si la anulaci\u00f3n se realiza en el periodo de 2 semanas antes la fecha reservada, ning\u00fan reembolso se realiza a una semana de la fecha reservada.<\/li>\n<\/ul>\n","protected":false},"excerpt":{"rendered":"<p>Descubra el barrio del Marais en Par\u00eds durante un paseo guiado gastron\u00f3mico! Disfrute de una visita convival que integra cultura y placer gustativo! Admire sus monumentos hist\u00f3ricos y calles mientras degusta los productos del terru\u00f1o y las tendencias!<\/p>\n","protected":false},"featured_media":1584,"template":"","meta":{"inline_featured_image":false,"neve_meta_sidebar":"","neve_meta_container":"","neve_meta_enable_content_width":"off","neve_meta_content_width":100,"neve_meta_title_alignment":"","neve_meta_author_avatar":"","neve_post_elements_order":"","neve_meta_disable_header":"","neve_meta_disable_footer":"","neve_meta_disable_title":""},"product_brand":[],"product_cat":[190,205],"product_tag":[],"class_list":{"0":"post-1623","1":"product","2":"type-product","3":"status-publish","4":"has-post-thumbnail","6":"product_cat-actividades-gastronomicas-en-paris-es","7":"product_cat-paseos-gourmet-a-pie-en-paris-es","9":"first","10":"instock","11":"taxable","12":"shipping-taxable","13":"purchasable","14":"product-type-simple"},"yoast_head":"<!-- This site is optimized with the Yoast SEO Premium plugin v27.4 (Yoast SEO v27.4) - https:\/\/yoast.com\/product\/yoast-seo-premium-wordpress\/ -->\n<title>Paseo guiado gourmet en el Barrio del Marais en Par\u00eds<\/title>\n<meta name=\"description\" content=\"Gourmets y curiosos, descubran el barrio del Marais, su historia, su patrimonio, sus comercios de comida durante una visita guiada gastron\u00f3mica en Par\u00eds\" \/>\n<meta name=\"robots\" content=\"index, follow, max-snippet:-1, max-image-preview:large, max-video-preview:-1\" \/>\n<link rel=\"canonical\" href=\"https:\/\/laroutedesgourmets.fr\/es\/actividades-gastronomicas-en-paris-es\/tour-gastronomico-paris-barrio-marais\/\" \/>\n<meta property=\"og:locale\" content=\"es_ES\" \/>\n<meta property=\"og:type\" content=\"article\" \/>\n<meta property=\"og:title\" content=\"Paseo guiado gourmet en el Barrio del Marais en Par\u00eds\" \/>\n<meta property=\"og:description\" content=\"Gourmets y curiosos, descubran el barrio del Marais, su historia, su patrimonio, sus comercios de comida durante una visita guiada gastron\u00f3mica en Par\u00eds\" \/>\n<meta property=\"og:url\" content=\"https:\/\/laroutedesgourmets.fr\/es\/actividades-gastronomicas-en-paris-es\/tour-gastronomico-paris-barrio-marais\/\" \/>\n<meta property=\"og:site_name\" content=\"La Route des Gourmets\" \/>\n<meta property=\"article:publisher\" content=\"http:\/\/www.facebook.com\/laroutedesgourmets\" \/>\n<meta property=\"article:modified_time\" content=\"2024-07-08T16:00:44+00:00\" \/>\n<meta property=\"og:image\" content=\"https:\/\/laroutedesgourmets.fr\/wp-content\/uploads\/2015\/06\/p_7_4_4_744-Balade-gourmande-dans-le-Marais-1024x683.jpg\" \/>\n\t<meta property=\"og:image:width\" content=\"1024\" \/>\n\t<meta property=\"og:image:height\" content=\"683\" \/>\n\t<meta property=\"og:image:type\" content=\"image\/jpeg\" \/>\n<meta name=\"twitter:card\" content=\"summary_large_image\" \/>\n<meta name=\"twitter:site\" content=\"@Routedesgourmet\" \/>\n<meta name=\"twitter:label1\" content=\"Precio\" \/>\n\t<meta name=\"twitter:data1\" content=\"&euro;134.00\" \/>\n\t<meta name=\"twitter:label2\" content=\"Disponibilidad\" \/>\n\t<meta name=\"twitter:data2\" content=\"Disponible\" \/>\n<script type=\"application\/ld+json\" class=\"yoast-schema-graph\">{\"@context\":\"https:\\\/\\\/schema.org\",\"@graph\":[{\"@type\":\"WebPage\",\"@id\":\"https:\\\/\\\/laroutedesgourmets.fr\\\/es\\\/actividades-gastronomicas-en-paris-es\\\/tour-gastronomico-paris-barrio-marais\\\/\",\"url\":\"https:\\\/\\\/laroutedesgourmets.fr\\\/es\\\/actividades-gastronomicas-en-paris-es\\\/tour-gastronomico-paris-barrio-marais\\\/\",\"name\":\"Paseo guiado gourmet en el Barrio del Marais en Par\u00eds\",\"isPartOf\":{\"@id\":\"https:\\\/\\\/laroutedesgourmets.fr\\\/#website\"},\"primaryImageOfPage\":{\"@id\":\"https:\\\/\\\/laroutedesgourmets.fr\\\/es\\\/actividades-gastronomicas-en-paris-es\\\/tour-gastronomico-paris-barrio-marais\\\/#primaryimage\"},\"image\":{\"@id\":\"https:\\\/\\\/laroutedesgourmets.fr\\\/es\\\/actividades-gastronomicas-en-paris-es\\\/tour-gastronomico-paris-barrio-marais\\\/#primaryimage\"},\"thumbnailUrl\":\"https:\\\/\\\/laroutedesgourmets.fr\\\/wp-content\\\/uploads\\\/2015\\\/06\\\/p_7_4_4_744-Balade-gourmande-dans-le-Marais.jpg\",\"datePublished\":\"2015-06-17T13:59:53+00:00\",\"dateModified\":\"2024-07-08T16:00:44+00:00\",\"description\":\"Gourmets y curiosos, descubran el barrio del Marais, su historia, su patrimonio, sus comercios de comida durante una visita guiada gastron\u00f3mica en Par\u00eds\",\"breadcrumb\":{\"@id\":\"https:\\\/\\\/laroutedesgourmets.fr\\\/es\\\/actividades-gastronomicas-en-paris-es\\\/tour-gastronomico-paris-barrio-marais\\\/#breadcrumb\"},\"inLanguage\":\"es\",\"potentialAction\":[{\"@type\":\"ReadAction\",\"target\":[\"https:\\\/\\\/laroutedesgourmets.fr\\\/es\\\/actividades-gastronomicas-en-paris-es\\\/tour-gastronomico-paris-barrio-marais\\\/\"]}]},{\"@type\":\"ImageObject\",\"inLanguage\":\"es\",\"@id\":\"https:\\\/\\\/laroutedesgourmets.fr\\\/es\\\/actividades-gastronomicas-en-paris-es\\\/tour-gastronomico-paris-barrio-marais\\\/#primaryimage\",\"url\":\"https:\\\/\\\/laroutedesgourmets.fr\\\/wp-content\\\/uploads\\\/2015\\\/06\\\/p_7_4_4_744-Balade-gourmande-dans-le-Marais.jpg\",\"contentUrl\":\"https:\\\/\\\/laroutedesgourmets.fr\\\/wp-content\\\/uploads\\\/2015\\\/06\\\/p_7_4_4_744-Balade-gourmande-dans-le-Marais.jpg\",\"width\":1800,\"height\":1200},{\"@type\":\"BreadcrumbList\",\"@id\":\"https:\\\/\\\/laroutedesgourmets.fr\\\/es\\\/actividades-gastronomicas-en-paris-es\\\/tour-gastronomico-paris-barrio-marais\\\/#breadcrumb\",\"itemListElement\":[{\"@type\":\"ListItem\",\"position\":1,\"name\":\"Visites gourmandes \u00e0 Paris\",\"item\":\"https:\\\/\\\/laroutedesgourmets.fr\\\/visites-guidees\\\/\"},{\"@type\":\"ListItem\",\"position\":2,\"name\":\"Tour gastron\u00f3mico en Par\u00eds: Barrio del Marais\"}]},{\"@type\":\"WebSite\",\"@id\":\"https:\\\/\\\/laroutedesgourmets.fr\\\/#website\",\"url\":\"https:\\\/\\\/laroutedesgourmets.fr\\\/\",\"name\":\"La Route des Gourmets\",\"description\":\"Agence de tourisme gastronomique\",\"publisher\":{\"@id\":\"https:\\\/\\\/laroutedesgourmets.fr\\\/#organization\"},\"potentialAction\":[{\"@type\":\"SearchAction\",\"target\":{\"@type\":\"EntryPoint\",\"urlTemplate\":\"https:\\\/\\\/laroutedesgourmets.fr\\\/?s={search_term_string}\"},\"query-input\":{\"@type\":\"PropertyValueSpecification\",\"valueRequired\":true,\"valueName\":\"search_term_string\"}}],\"inLanguage\":\"es\"},{\"@type\":\"Organization\",\"@id\":\"https:\\\/\\\/laroutedesgourmets.fr\\\/#organization\",\"name\":\"La Route des Gourmets\",\"url\":\"https:\\\/\\\/laroutedesgourmets.fr\\\/\",\"logo\":{\"@type\":\"ImageObject\",\"inLanguage\":\"es\",\"@id\":\"https:\\\/\\\/laroutedesgourmets.fr\\\/#\\\/schema\\\/logo\\\/image\\\/\",\"url\":\"https:\\\/\\\/laroutedesgourmets.fr\\\/wp-content\\\/uploads\\\/2023\\\/12\\\/laroutedesgourmets-sigle-cadre-S-b.png\",\"contentUrl\":\"https:\\\/\\\/laroutedesgourmets.fr\\\/wp-content\\\/uploads\\\/2023\\\/12\\\/laroutedesgourmets-sigle-cadre-S-b.png\",\"width\":445,\"height\":445,\"caption\":\"La Route des Gourmets\"},\"image\":{\"@id\":\"https:\\\/\\\/laroutedesgourmets.fr\\\/#\\\/schema\\\/logo\\\/image\\\/\"},\"sameAs\":[\"http:\\\/\\\/www.facebook.com\\\/laroutedesgourmets\",\"https:\\\/\\\/x.com\\\/Routedesgourmet\",\"https:\\\/\\\/www.instagram.com\\\/laroutedesgourmets\"],\"email\":\"infos@laroutedesgourmets.fr\",\"telephone\":\"+33139473279\"}]}<\/script>\n<meta property=\"product:price:amount\" content=\"134.00\" \/>\n<meta property=\"product:price:currency\" content=\"EUR\" \/>\n<meta property=\"og:availability\" content=\"instock\" \/>\n<meta property=\"product:availability\" content=\"instock\" \/>\n<meta property=\"product:condition\" content=\"new\" \/>\n<!-- \/ Yoast SEO Premium plugin. -->","yoast_head_json":{"title":"Paseo guiado gourmet en el Barrio del Marais en Par\u00eds","description":"Gourmets y curiosos, descubran el barrio del Marais, su historia, su patrimonio, sus comercios de comida durante una visita guiada gastron\u00f3mica en Par\u00eds","robots":{"index":"index","follow":"follow","max-snippet":"max-snippet:-1","max-image-preview":"max-image-preview:large","max-video-preview":"max-video-preview:-1"},"canonical":"https:\/\/laroutedesgourmets.fr\/es\/actividades-gastronomicas-en-paris-es\/tour-gastronomico-paris-barrio-marais\/","og_locale":"es_ES","og_type":"article","og_title":"Paseo guiado gourmet en el Barrio del Marais en Par\u00eds","og_description":"Gourmets y curiosos, descubran el barrio del Marais, su historia, su patrimonio, sus comercios de comida durante una visita guiada gastron\u00f3mica en Par\u00eds","og_url":"https:\/\/laroutedesgourmets.fr\/es\/actividades-gastronomicas-en-paris-es\/tour-gastronomico-paris-barrio-marais\/","og_site_name":"La Route des Gourmets","article_publisher":"http:\/\/www.facebook.com\/laroutedesgourmets","article_modified_time":"2024-07-08T16:00:44+00:00","og_image":[{"width":1024,"height":683,"url":"https:\/\/laroutedesgourmets.fr\/wp-content\/uploads\/2015\/06\/p_7_4_4_744-Balade-gourmande-dans-le-Marais-1024x683.jpg","type":"image\/jpeg"}],"twitter_card":"summary_large_image","twitter_site":"@Routedesgourmet","twitter_misc":{"Precio":"&euro;134.00","Disponibilidad":"Disponible"},"schema":{"@context":"https:\/\/schema.org","@graph":[{"@type":"WebPage","@id":"https:\/\/laroutedesgourmets.fr\/es\/actividades-gastronomicas-en-paris-es\/tour-gastronomico-paris-barrio-marais\/","url":"https:\/\/laroutedesgourmets.fr\/es\/actividades-gastronomicas-en-paris-es\/tour-gastronomico-paris-barrio-marais\/","name":"Paseo guiado gourmet en el Barrio del Marais en Par\u00eds","isPartOf":{"@id":"https:\/\/laroutedesgourmets.fr\/#website"},"primaryImageOfPage":{"@id":"https:\/\/laroutedesgourmets.fr\/es\/actividades-gastronomicas-en-paris-es\/tour-gastronomico-paris-barrio-marais\/#primaryimage"},"image":{"@id":"https:\/\/laroutedesgourmets.fr\/es\/actividades-gastronomicas-en-paris-es\/tour-gastronomico-paris-barrio-marais\/#primaryimage"},"thumbnailUrl":"https:\/\/laroutedesgourmets.fr\/wp-content\/uploads\/2015\/06\/p_7_4_4_744-Balade-gourmande-dans-le-Marais.jpg","datePublished":"2015-06-17T13:59:53+00:00","dateModified":"2024-07-08T16:00:44+00:00","description":"Gourmets y curiosos, descubran el barrio del Marais, su historia, su patrimonio, sus comercios de comida durante una visita guiada gastron\u00f3mica en Par\u00eds","breadcrumb":{"@id":"https:\/\/laroutedesgourmets.fr\/es\/actividades-gastronomicas-en-paris-es\/tour-gastronomico-paris-barrio-marais\/#breadcrumb"},"inLanguage":"es","potentialAction":[{"@type":"ReadAction","target":["https:\/\/laroutedesgourmets.fr\/es\/actividades-gastronomicas-en-paris-es\/tour-gastronomico-paris-barrio-marais\/"]}]},{"@type":"ImageObject","inLanguage":"es","@id":"https:\/\/laroutedesgourmets.fr\/es\/actividades-gastronomicas-en-paris-es\/tour-gastronomico-paris-barrio-marais\/#primaryimage","url":"https:\/\/laroutedesgourmets.fr\/wp-content\/uploads\/2015\/06\/p_7_4_4_744-Balade-gourmande-dans-le-Marais.jpg","contentUrl":"https:\/\/laroutedesgourmets.fr\/wp-content\/uploads\/2015\/06\/p_7_4_4_744-Balade-gourmande-dans-le-Marais.jpg","width":1800,"height":1200},{"@type":"BreadcrumbList","@id":"https:\/\/laroutedesgourmets.fr\/es\/actividades-gastronomicas-en-paris-es\/tour-gastronomico-paris-barrio-marais\/#breadcrumb","itemListElement":[{"@type":"ListItem","position":1,"name":"Visites gourmandes \u00e0 Paris","item":"https:\/\/laroutedesgourmets.fr\/visites-guidees\/"},{"@type":"ListItem","position":2,"name":"Tour gastron\u00f3mico en Par\u00eds: Barrio del Marais"}]},{"@type":"WebSite","@id":"https:\/\/laroutedesgourmets.fr\/#website","url":"https:\/\/laroutedesgourmets.fr\/","name":"La Route des Gourmets","description":"Agence de tourisme gastronomique","publisher":{"@id":"https:\/\/laroutedesgourmets.fr\/#organization"},"potentialAction":[{"@type":"SearchAction","target":{"@type":"EntryPoint","urlTemplate":"https:\/\/laroutedesgourmets.fr\/?s={search_term_string}"},"query-input":{"@type":"PropertyValueSpecification","valueRequired":true,"valueName":"search_term_string"}}],"inLanguage":"es"},{"@type":"Organization","@id":"https:\/\/laroutedesgourmets.fr\/#organization","name":"La Route des Gourmets","url":"https:\/\/laroutedesgourmets.fr\/","logo":{"@type":"ImageObject","inLanguage":"es","@id":"https:\/\/laroutedesgourmets.fr\/#\/schema\/logo\/image\/","url":"https:\/\/laroutedesgourmets.fr\/wp-content\/uploads\/2023\/12\/laroutedesgourmets-sigle-cadre-S-b.png","contentUrl":"https:\/\/laroutedesgourmets.fr\/wp-content\/uploads\/2023\/12\/laroutedesgourmets-sigle-cadre-S-b.png","width":445,"height":445,"caption":"La Route des Gourmets"},"image":{"@id":"https:\/\/laroutedesgourmets.fr\/#\/schema\/logo\/image\/"},"sameAs":["http:\/\/www.facebook.com\/laroutedesgourmets","https:\/\/x.com\/Routedesgourmet","https:\/\/www.instagram.com\/laroutedesgourmets"],"email":"infos@laroutedesgourmets.fr","telephone":"+33139473279"}]},"product_price_amount":"134.00","product_price_currency":"EUR","og_availability":"instock","product_availability":"instock","product_condition":"new"},"_links":{"self":[{"href":"https:\/\/laroutedesgourmets.fr\/es\/wp-json\/wp\/v2\/product\/1623","targetHints":{"allow":["GET"]}}],"collection":[{"href":"https:\/\/laroutedesgourmets.fr\/es\/wp-json\/wp\/v2\/product"}],"about":[{"href":"https:\/\/laroutedesgourmets.fr\/es\/wp-json\/wp\/v2\/types\/product"}],"wp:featuredmedia":[{"embeddable":true,"href":"https:\/\/laroutedesgourmets.fr\/es\/wp-json\/wp\/v2\/media\/1584"}],"wp:attachment":[{"href":"https:\/\/laroutedesgourmets.fr\/es\/wp-json\/wp\/v2\/media?parent=1623"}],"wp:term":[{"taxonomy":"product_brand","embeddable":true,"href":"https:\/\/laroutedesgourmets.fr\/es\/wp-json\/wp\/v2\/product_brand?post=1623"},{"taxonomy":"product_cat","embeddable":true,"href":"https:\/\/laroutedesgourmets.fr\/es\/wp-json\/wp\/v2\/product_cat?post=1623"},{"taxonomy":"product_tag","embeddable":true,"href":"https:\/\/laroutedesgourmets.fr\/es\/wp-json\/wp\/v2\/product_tag?post=1623"}],"curies":[{"name":"wp","href":"https:\/\/api.w.org\/{rel}","templated":true}]}}