{"id":1743,"date":"2017-05-03T13:55:06","date_gmt":"2017-05-03T11:55:06","guid":{"rendered":"https:\/\/v3.laroutedesgourmets.fr\/produit\/visita-de-las-tiendas-de-los-mejores-chefs\/"},"modified":"2024-07-08T17:58:39","modified_gmt":"2024-07-08T15:58:39","slug":"tour-gastronomico-paris-tiendas-chefs-franceses","status":"publish","type":"product","link":"https:\/\/laroutedesgourmets.fr\/es\/actividades-gastronomicas-en-paris-es\/paseos-gourmet-a-pie-en-paris-es\/tour-gastronomico-paris-tiendas-chefs-franceses\/","title":{"rendered":"Tour gastron\u00f3mico en Par\u00eds: tiendas de Chefs franceses"},"content":{"rendered":"<h2 style=\"text-align: center;\">Visita guiada gastron\u00f3mica en Par\u00eds, para descubrir las tiendas de los grandes chefs franceses<\/h2>\n<p>Desde hace algunos a\u00f1os, los grandes chefs franceses y algunos <em>Meilleurs Ouvriers de France<\/em> se han embarcado en una nueva tendencia gastron\u00f3mica: crear sus propias boutiques para dar rienda suelta a su imaginaci\u00f3n y ofrecer sus recetas \u00abde autor\u00bb.<\/p>\n<p>En 2017, el equipo de La Route des Gourmets decidi\u00f3 seguir esta tendencia gastron\u00f3mica creando un nuevo curso gourmet original\u00a0en Par\u00eds, en el coraz\u00f3n de los barrios elegantes, para descubrir estas tiendas excepcionales.<\/p>\n<p>Esta visita gastron\u00f3mica guiada de Par\u00eds es una oportunidad para descubrir la historia de la gastronom\u00eda francesa y sus grandes nombres que se reinventan a s\u00ed mismos para disfrutar de m\u00e1s y m\u00e1s placeres gustativos. Nuestro gu\u00eda, un especialista en culturas alimentarias, compartir\u00e1 con usted los conocimientos de calidad que han hecho famoso a Francia todo el tiempo.<\/p>\n<p>Descubrir\u00e1 las mejores pastas de Par\u00eds y las \u00faltimas tendencias en dulces, como las de Pierre Herm\u00e9 o la tienda de Philippe Conticini, que presentan sus recetas de autor, una mezcla de tradiciones e innovaciones culinarias.<\/p>\n<p>Durante este viaje culinario en Par\u00eds, tambi\u00e9n tendr\u00e1s la oportunidad de empujar las puertas de las tiendas de algunos de <em>Meilleurs Ouvriers\u00a0de France<\/em> como Patrick Roger o Arnaud Larher, un t\u00edtulo que recompensa a los mejores artesanos desde 1924: carniceros, delicatessen, panaderos, helader\u00edas, chocolateros, confiteros , queseros, pescader\u00edas y verduras.<\/p>\n<h3>El \u201cvalor agregado\u201d de nuestra visita de las boutiques Grands Chefs en Par\u00eds:<\/h3>\n<ul>\n<li>Un viaje original e inusual para descubrir lo mejor de la gastronom\u00eda francesa<\/li>\n<li>Las explicaciones de una gu\u00eda experta en alimentos y culturas alimentarias<\/li>\n<li>La oportunidad de descubrir las recetas de \u00abautor\u00bb de los grandes chefs franceses<\/li>\n<\/ul>\n<h3>Este paseo gourmet incluye:<\/h3>\n<ul>\n<li>La presencia de un experto gu\u00eda franc\u00e9s de gastronom\u00eda francesa<\/li>\n<li>La visita guiada de las tiendas y el trabajo de los maestros artesanos<\/li>\n<li>La degustaci\u00f3n de 6 productos dulces y salados<\/li>\n<\/ul>\n<h3>Informaciones pr\u00e1cticas:<\/h3>\n<ul>\n<li><strong>Horarios: <\/strong>visita privada unicamente de martes a sabado a las 10h30 o 14h30<\/li>\n<li><strong>Duraci\u00f3n<\/strong>: 3h<\/li>\n<li><strong>Idioma<\/strong>: visitas en franc\u00e9s, ingl\u00e9s, espa\u00f1ol (cons\u00faltenos por otros idiomas)<\/li>\n<li><strong>Punto de encuentro<\/strong>: \u00a0a la confirmaci\u00f3n de la orden<\/li>\n<li><strong>Tarifa de grupo (&gt;15 pers)<\/strong>: a la demanda \u00a0<a href=\"mailto:infos@laroutedesgourmets.fr\">infos@laroutedesgourmets.fr<\/a><\/li>\n<li><strong>Bono de Regalo<\/strong>: Es posible ofrecer esta visita en forma de un bono de regalo. Le enviaremos el bono de regalo por mail. Este bono de regalo es v\u00e1lido por una duraci\u00f3n de 1 ano a partir de la fecha de su compra y no es reembolsable.<\/li>\n<li><strong>Validez y condiciones de anulaci\u00f3n<\/strong>: Las ordenes no son consideradas como confirmadas que despu\u00e9s recepci\u00f3n del pago. Por los ordenes con fecha: el reembolso de la prestaci\u00f3n en caso de anulaci\u00f3n es total si la anulaci\u00f3n se realiza 3 semanas antes de la fecha reservada, de la mitad si la anulaci\u00f3n se realiza en el periodo de 2 semanas antes la fecha reservada, ning\u00fan reembolso se realiza a una semana de la fecha reservada.<\/li>\n<\/ul>\n","protected":false},"excerpt":{"rendered":"<p>De Thierry Marx a Pierre Herm\u00e9, descubra las tiendas de los grandes chefs franceses con un experto gu\u00eda gastron\u00f3mico y saboree lo mejor de la gastronom\u00eda francesa para un paseo gastron\u00f3mico en Par\u00eds.<\/p>\n","protected":false},"featured_media":1704,"template":"","meta":{"inline_featured_image":false,"neve_meta_sidebar":"","neve_meta_container":"","neve_meta_enable_content_width":"off","neve_meta_content_width":100,"neve_meta_title_alignment":"","neve_meta_author_avatar":"","neve_post_elements_order":"","neve_meta_disable_header":"","neve_meta_disable_footer":"","neve_meta_disable_title":""},"product_brand":[],"product_cat":[205],"product_tag":[],"class_list":{"0":"post-1743","1":"product","2":"type-product","3":"status-publish","4":"has-post-thumbnail","6":"product_cat-paseos-gourmet-a-pie-en-paris-es","8":"first","9":"instock","10":"taxable","11":"shipping-taxable","12":"purchasable","13":"product-type-simple"},"yoast_head":"<!-- This site is optimized with the Yoast SEO Premium plugin v27.3 (Yoast SEO v27.3) - https:\/\/yoast.com\/product\/yoast-seo-premium-wordpress\/ -->\n<title>Tour gastron\u00f3mico en Par\u00eds: tiendas de Chefs franceses<\/title>\n<meta name=\"description\" content=\"Durante un tour gastron\u00f3mico en Par\u00eds, descubra las tiendas de los grandes chefs franceses con un experto gu\u00eda gastron\u00f3mico.\" \/>\n<meta name=\"robots\" content=\"index, follow, max-snippet:-1, max-image-preview:large, max-video-preview:-1\" \/>\n<link rel=\"canonical\" href=\"https:\/\/laroutedesgourmets.fr\/activites-gourmandes-a-paris\/balades\/visite-boutiques-de-grands-chefs\/\" \/>\n<meta property=\"og:locale\" content=\"es_ES\" \/>\n<meta property=\"og:type\" content=\"article\" \/>\n<meta property=\"og:title\" content=\"Tour gastron\u00f3mico en Par\u00eds: tiendas de Chefs franceses\" \/>\n<meta property=\"og:description\" content=\"Durante un tour gastron\u00f3mico en Par\u00eds, descubra las tiendas de los grandes chefs franceses con un experto gu\u00eda gastron\u00f3mico.\" \/>\n<meta property=\"og:url\" content=\"https:\/\/laroutedesgourmets.fr\/activites-gourmandes-a-paris\/balades\/visite-boutiques-de-grands-chefs\/\" \/>\n<meta property=\"og:site_name\" content=\"La Route des Gourmets\" \/>\n<meta property=\"article:publisher\" content=\"http:\/\/www.facebook.com\/laroutedesgourmets\" \/>\n<meta property=\"article:modified_time\" content=\"2024-07-08T15:58:39+00:00\" \/>\n<meta property=\"og:image\" content=\"https:\/\/laroutedesgourmets.fr\/wp-content\/uploads\/2017\/05\/p_7_0_3_703-Visite-guidee-des-boutiques-de-grands-chefs-a-Paris.jpg\" \/>\n\t<meta property=\"og:image:width\" content=\"1800\" \/>\n\t<meta property=\"og:image:height\" content=\"1200\" \/>\n\t<meta property=\"og:image:type\" content=\"image\/jpeg\" \/>\n<meta name=\"twitter:card\" content=\"summary_large_image\" \/>\n<meta name=\"twitter:site\" content=\"@Routedesgourmet\" \/>\n<meta name=\"twitter:label1\" content=\"Precio\" \/>\n\t<meta name=\"twitter:data1\" content=\"&euro;158.00\" \/>\n\t<meta name=\"twitter:label2\" content=\"Disponibilidad\" \/>\n\t<meta name=\"twitter:data2\" content=\"Disponible\" \/>\n<script type=\"application\/ld+json\" class=\"yoast-schema-graph\">{\"@context\":\"https:\\\/\\\/schema.org\",\"@graph\":[{\"@type\":\"WebPage\",\"@id\":\"https:\\\/\\\/laroutedesgourmets.fr\\\/activites-gourmandes-a-paris\\\/balades\\\/visite-boutiques-de-grands-chefs\\\/\",\"url\":\"https:\\\/\\\/laroutedesgourmets.fr\\\/activites-gourmandes-a-paris\\\/balades\\\/visite-boutiques-de-grands-chefs\\\/\",\"name\":\"Tour gastron\u00f3mico en Par\u00eds: tiendas de Chefs franceses\",\"isPartOf\":{\"@id\":\"https:\\\/\\\/laroutedesgourmets.fr\\\/#website\"},\"primaryImageOfPage\":{\"@id\":\"https:\\\/\\\/laroutedesgourmets.fr\\\/activites-gourmandes-a-paris\\\/balades\\\/visite-boutiques-de-grands-chefs\\\/#primaryimage\"},\"image\":{\"@id\":\"https:\\\/\\\/laroutedesgourmets.fr\\\/activites-gourmandes-a-paris\\\/balades\\\/visite-boutiques-de-grands-chefs\\\/#primaryimage\"},\"thumbnailUrl\":\"https:\\\/\\\/laroutedesgourmets.fr\\\/wp-content\\\/uploads\\\/2017\\\/05\\\/p_7_0_3_703-Visite-guidee-des-boutiques-de-grands-chefs-a-Paris.jpg\",\"datePublished\":\"2017-05-03T11:55:06+00:00\",\"dateModified\":\"2024-07-08T15:58:39+00:00\",\"description\":\"Durante un tour gastron\u00f3mico en Par\u00eds, descubra las tiendas de los grandes chefs franceses con un experto gu\u00eda gastron\u00f3mico.\",\"breadcrumb\":{\"@id\":\"https:\\\/\\\/laroutedesgourmets.fr\\\/activites-gourmandes-a-paris\\\/balades\\\/visite-boutiques-de-grands-chefs\\\/#breadcrumb\"},\"inLanguage\":\"es\",\"potentialAction\":[{\"@type\":\"ReadAction\",\"target\":[\"https:\\\/\\\/laroutedesgourmets.fr\\\/activites-gourmandes-a-paris\\\/balades\\\/visite-boutiques-de-grands-chefs\\\/\"]}]},{\"@type\":\"ImageObject\",\"inLanguage\":\"es\",\"@id\":\"https:\\\/\\\/laroutedesgourmets.fr\\\/activites-gourmandes-a-paris\\\/balades\\\/visite-boutiques-de-grands-chefs\\\/#primaryimage\",\"url\":\"https:\\\/\\\/laroutedesgourmets.fr\\\/wp-content\\\/uploads\\\/2017\\\/05\\\/p_7_0_3_703-Visite-guidee-des-boutiques-de-grands-chefs-a-Paris.jpg\",\"contentUrl\":\"https:\\\/\\\/laroutedesgourmets.fr\\\/wp-content\\\/uploads\\\/2017\\\/05\\\/p_7_0_3_703-Visite-guidee-des-boutiques-de-grands-chefs-a-Paris.jpg\",\"width\":1800,\"height\":1200},{\"@type\":\"BreadcrumbList\",\"@id\":\"https:\\\/\\\/laroutedesgourmets.fr\\\/activites-gourmandes-a-paris\\\/balades\\\/visite-boutiques-de-grands-chefs\\\/#breadcrumb\",\"itemListElement\":[{\"@type\":\"ListItem\",\"position\":1,\"name\":\"Visites gourmandes \u00e0 Paris\",\"item\":\"https:\\\/\\\/laroutedesgourmets.fr\\\/visites-guidees\\\/\"},{\"@type\":\"ListItem\",\"position\":2,\"name\":\"Tour gastron\u00f3mico en Par\u00eds: tiendas de Chefs franceses\"}]},{\"@type\":\"WebSite\",\"@id\":\"https:\\\/\\\/laroutedesgourmets.fr\\\/#website\",\"url\":\"https:\\\/\\\/laroutedesgourmets.fr\\\/\",\"name\":\"La Route des Gourmets\",\"description\":\"Agence de tourisme gastronomique\",\"publisher\":{\"@id\":\"https:\\\/\\\/laroutedesgourmets.fr\\\/#organization\"},\"potentialAction\":[{\"@type\":\"SearchAction\",\"target\":{\"@type\":\"EntryPoint\",\"urlTemplate\":\"https:\\\/\\\/laroutedesgourmets.fr\\\/?s={search_term_string}\"},\"query-input\":{\"@type\":\"PropertyValueSpecification\",\"valueRequired\":true,\"valueName\":\"search_term_string\"}}],\"inLanguage\":\"es\"},{\"@type\":\"Organization\",\"@id\":\"https:\\\/\\\/laroutedesgourmets.fr\\\/#organization\",\"name\":\"La Route des Gourmets\",\"url\":\"https:\\\/\\\/laroutedesgourmets.fr\\\/\",\"logo\":{\"@type\":\"ImageObject\",\"inLanguage\":\"es\",\"@id\":\"https:\\\/\\\/laroutedesgourmets.fr\\\/#\\\/schema\\\/logo\\\/image\\\/\",\"url\":\"https:\\\/\\\/laroutedesgourmets.fr\\\/wp-content\\\/uploads\\\/2023\\\/12\\\/laroutedesgourmets-sigle-cadre-S-b.png\",\"contentUrl\":\"https:\\\/\\\/laroutedesgourmets.fr\\\/wp-content\\\/uploads\\\/2023\\\/12\\\/laroutedesgourmets-sigle-cadre-S-b.png\",\"width\":445,\"height\":445,\"caption\":\"La Route des Gourmets\"},\"image\":{\"@id\":\"https:\\\/\\\/laroutedesgourmets.fr\\\/#\\\/schema\\\/logo\\\/image\\\/\"},\"sameAs\":[\"http:\\\/\\\/www.facebook.com\\\/laroutedesgourmets\",\"https:\\\/\\\/x.com\\\/Routedesgourmet\",\"https:\\\/\\\/www.instagram.com\\\/laroutedesgourmets\"],\"email\":\"infos@laroutedesgourmets.fr\",\"telephone\":\"+33139473279\"}]}<\/script>\n<meta property=\"product:price:amount\" content=\"158.00\" \/>\n<meta property=\"product:price:currency\" content=\"EUR\" \/>\n<meta property=\"og:availability\" content=\"instock\" \/>\n<meta property=\"product:availability\" content=\"instock\" \/>\n<meta property=\"product:condition\" content=\"new\" \/>\n<!-- \/ Yoast SEO Premium plugin. -->","yoast_head_json":{"title":"Tour gastron\u00f3mico en Par\u00eds: tiendas de Chefs franceses","description":"Durante un tour gastron\u00f3mico en Par\u00eds, descubra las tiendas de los grandes chefs franceses con un experto gu\u00eda gastron\u00f3mico.","robots":{"index":"index","follow":"follow","max-snippet":"max-snippet:-1","max-image-preview":"max-image-preview:large","max-video-preview":"max-video-preview:-1"},"canonical":"https:\/\/laroutedesgourmets.fr\/activites-gourmandes-a-paris\/balades\/visite-boutiques-de-grands-chefs\/","og_locale":"es_ES","og_type":"article","og_title":"Tour gastron\u00f3mico en Par\u00eds: tiendas de Chefs franceses","og_description":"Durante un tour gastron\u00f3mico en Par\u00eds, descubra las tiendas de los grandes chefs franceses con un experto gu\u00eda gastron\u00f3mico.","og_url":"https:\/\/laroutedesgourmets.fr\/activites-gourmandes-a-paris\/balades\/visite-boutiques-de-grands-chefs\/","og_site_name":"La Route des Gourmets","article_publisher":"http:\/\/www.facebook.com\/laroutedesgourmets","article_modified_time":"2024-07-08T15:58:39+00:00","og_image":[{"width":1800,"height":1200,"url":"https:\/\/laroutedesgourmets.fr\/wp-content\/uploads\/2017\/05\/p_7_0_3_703-Visite-guidee-des-boutiques-de-grands-chefs-a-Paris.jpg","type":"image\/jpeg"}],"twitter_card":"summary_large_image","twitter_site":"@Routedesgourmet","twitter_misc":{"Precio":"&euro;158.00","Disponibilidad":"Disponible"},"schema":{"@context":"https:\/\/schema.org","@graph":[{"@type":"WebPage","@id":"https:\/\/laroutedesgourmets.fr\/activites-gourmandes-a-paris\/balades\/visite-boutiques-de-grands-chefs\/","url":"https:\/\/laroutedesgourmets.fr\/activites-gourmandes-a-paris\/balades\/visite-boutiques-de-grands-chefs\/","name":"Tour gastron\u00f3mico en Par\u00eds: tiendas de Chefs franceses","isPartOf":{"@id":"https:\/\/laroutedesgourmets.fr\/#website"},"primaryImageOfPage":{"@id":"https:\/\/laroutedesgourmets.fr\/activites-gourmandes-a-paris\/balades\/visite-boutiques-de-grands-chefs\/#primaryimage"},"image":{"@id":"https:\/\/laroutedesgourmets.fr\/activites-gourmandes-a-paris\/balades\/visite-boutiques-de-grands-chefs\/#primaryimage"},"thumbnailUrl":"https:\/\/laroutedesgourmets.fr\/wp-content\/uploads\/2017\/05\/p_7_0_3_703-Visite-guidee-des-boutiques-de-grands-chefs-a-Paris.jpg","datePublished":"2017-05-03T11:55:06+00:00","dateModified":"2024-07-08T15:58:39+00:00","description":"Durante un tour gastron\u00f3mico en Par\u00eds, descubra las tiendas de los grandes chefs franceses con un experto gu\u00eda gastron\u00f3mico.","breadcrumb":{"@id":"https:\/\/laroutedesgourmets.fr\/activites-gourmandes-a-paris\/balades\/visite-boutiques-de-grands-chefs\/#breadcrumb"},"inLanguage":"es","potentialAction":[{"@type":"ReadAction","target":["https:\/\/laroutedesgourmets.fr\/activites-gourmandes-a-paris\/balades\/visite-boutiques-de-grands-chefs\/"]}]},{"@type":"ImageObject","inLanguage":"es","@id":"https:\/\/laroutedesgourmets.fr\/activites-gourmandes-a-paris\/balades\/visite-boutiques-de-grands-chefs\/#primaryimage","url":"https:\/\/laroutedesgourmets.fr\/wp-content\/uploads\/2017\/05\/p_7_0_3_703-Visite-guidee-des-boutiques-de-grands-chefs-a-Paris.jpg","contentUrl":"https:\/\/laroutedesgourmets.fr\/wp-content\/uploads\/2017\/05\/p_7_0_3_703-Visite-guidee-des-boutiques-de-grands-chefs-a-Paris.jpg","width":1800,"height":1200},{"@type":"BreadcrumbList","@id":"https:\/\/laroutedesgourmets.fr\/activites-gourmandes-a-paris\/balades\/visite-boutiques-de-grands-chefs\/#breadcrumb","itemListElement":[{"@type":"ListItem","position":1,"name":"Visites gourmandes \u00e0 Paris","item":"https:\/\/laroutedesgourmets.fr\/visites-guidees\/"},{"@type":"ListItem","position":2,"name":"Tour gastron\u00f3mico en Par\u00eds: tiendas de Chefs franceses"}]},{"@type":"WebSite","@id":"https:\/\/laroutedesgourmets.fr\/#website","url":"https:\/\/laroutedesgourmets.fr\/","name":"La Route des Gourmets","description":"Agence de tourisme gastronomique","publisher":{"@id":"https:\/\/laroutedesgourmets.fr\/#organization"},"potentialAction":[{"@type":"SearchAction","target":{"@type":"EntryPoint","urlTemplate":"https:\/\/laroutedesgourmets.fr\/?s={search_term_string}"},"query-input":{"@type":"PropertyValueSpecification","valueRequired":true,"valueName":"search_term_string"}}],"inLanguage":"es"},{"@type":"Organization","@id":"https:\/\/laroutedesgourmets.fr\/#organization","name":"La Route des Gourmets","url":"https:\/\/laroutedesgourmets.fr\/","logo":{"@type":"ImageObject","inLanguage":"es","@id":"https:\/\/laroutedesgourmets.fr\/#\/schema\/logo\/image\/","url":"https:\/\/laroutedesgourmets.fr\/wp-content\/uploads\/2023\/12\/laroutedesgourmets-sigle-cadre-S-b.png","contentUrl":"https:\/\/laroutedesgourmets.fr\/wp-content\/uploads\/2023\/12\/laroutedesgourmets-sigle-cadre-S-b.png","width":445,"height":445,"caption":"La Route des Gourmets"},"image":{"@id":"https:\/\/laroutedesgourmets.fr\/#\/schema\/logo\/image\/"},"sameAs":["http:\/\/www.facebook.com\/laroutedesgourmets","https:\/\/x.com\/Routedesgourmet","https:\/\/www.instagram.com\/laroutedesgourmets"],"email":"infos@laroutedesgourmets.fr","telephone":"+33139473279"}]},"product_price_amount":"158.00","product_price_currency":"EUR","og_availability":"instock","product_availability":"instock","product_condition":"new"},"_links":{"self":[{"href":"https:\/\/laroutedesgourmets.fr\/es\/wp-json\/wp\/v2\/product\/1743","targetHints":{"allow":["GET"]}}],"collection":[{"href":"https:\/\/laroutedesgourmets.fr\/es\/wp-json\/wp\/v2\/product"}],"about":[{"href":"https:\/\/laroutedesgourmets.fr\/es\/wp-json\/wp\/v2\/types\/product"}],"wp:featuredmedia":[{"embeddable":true,"href":"https:\/\/laroutedesgourmets.fr\/es\/wp-json\/wp\/v2\/media\/1704"}],"wp:attachment":[{"href":"https:\/\/laroutedesgourmets.fr\/es\/wp-json\/wp\/v2\/media?parent=1743"}],"wp:term":[{"taxonomy":"product_brand","embeddable":true,"href":"https:\/\/laroutedesgourmets.fr\/es\/wp-json\/wp\/v2\/product_brand?post=1743"},{"taxonomy":"product_cat","embeddable":true,"href":"https:\/\/laroutedesgourmets.fr\/es\/wp-json\/wp\/v2\/product_cat?post=1743"},{"taxonomy":"product_tag","embeddable":true,"href":"https:\/\/laroutedesgourmets.fr\/es\/wp-json\/wp\/v2\/product_tag?post=1743"}],"curies":[{"name":"wp","href":"https:\/\/api.w.org\/{rel}","templated":true}]}}