{"id":423,"date":"2012-12-12T21:04:46","date_gmt":"2012-12-12T20:04:46","guid":{"rendered":"https:\/\/v3.laroutedesgourmets.fr\/produit\/conferencia-marcas-gourmet-paris\/"},"modified":"2024-07-08T18:13:33","modified_gmt":"2024-07-08T16:13:33","slug":"tour-gastronomico-paris-barrio-opera-madeleine","status":"publish","type":"product","link":"https:\/\/laroutedesgourmets.fr\/es\/actividades-gastronomicas-en-paris-es\/paseos-gourmet-a-pie-en-paris-es\/tour-gastronomico-paris-barrio-opera-madeleine\/","title":{"rendered":"Tour gastron\u00f3mico en Par\u00eds: Barrio de Opera Madeleine"},"content":{"rendered":"<h2>Visita guiada gastron\u00f3mica en el barrio de Op\u00e9ra Madeleine en Par\u00eds<\/h2>\n<p>Fuente de inspiraci\u00f3n del lujo a la francesa, Par\u00eds posee las Marcas m\u00e1s prestigiosas de la alimentaci\u00f3n de lujo, mismas que testimonian la excelencia artesanal francesa!<\/p>\n<p>El tiempo y el conocimiento de estas Casas de excepci\u00f3n sustentan la reputaci\u00f3n del lujo alimentario franc\u00e9s en todo el mundo.<\/p>\n<p>Durante este paseo-conferencia guiado de 2h30 en el barrio de la Madeleine, usted descubrir\u00e1 la historia de grandes marcas como Ladur\u00e9e, la mostaza Maille, el chocolatero Patrick Roger, las Galerias Lafayette Gourmet\u00a0 y muchas otras. Conocer\u00e1 la manera en que estas grandes tiendas marcaron sus \u00e9pocas gracias a diversas innovaciones y como participan al renombre franc\u00e9s en el mundo, imponi\u00e9ndose al d\u00eda de hoy como actores din\u00e1micos del sector.<\/p>\n<p>El Arte de la mesa tambi\u00e9n ser\u00e1 puesta al honor durante nuestro paseo-conferencia por nuestros especialista de circuitos alimentarios en Francia.<\/p>\n<h3>Nuestro valor agregado:<\/h3>\n<ul>\n<li>una tem\u00e1tica de conferencia exclusiva, desarollada por nuestra agencia \u00abLa route des Gourmets\u00bb<\/li>\n<li>el \u00fanico gu\u00eda de Paris especializado en historia y geografia de la alimentaci\u00f3n<\/li>\n<\/ul>\n<h3>Este paseo incluye:<\/h3>\n<ul>\n<li>La visita a pie comentada de un barrio emblem\u00e1tico de Paris<\/li>\n<li>El tour incluye un m\u00ednimo de 6 degustaciones<\/li>\n<li>Este tour no es una sesi\u00f3n de compra. No existe ninguna obligaci\u00f3n de compra.<\/li>\n<\/ul>\n<h3>Informaciones Pr\u00e1cticas:<\/h3>\n<ul>\n<li><strong>Horarios: visita privada cada dia de Lunes a viernes, a las 10h30 o a las 14h30<\/strong><\/li>\n<li><strong>Duraci\u00f3n<\/strong>: 2h30<\/li>\n<li><strong>Idioma<\/strong>: visitas en franc\u00e9s, ingl\u00e9s, espa\u00f1ol (cons\u00faltenos por otros idiomas)<\/li>\n<li><strong>Punto de encuentro<\/strong>: en frente de la tienda de chocolate \u00abPatrick Roger\u00bb, 3 Place de la Madeleine, 75008 PARIS ( Madeleine estaci\u00f3n de metro)<\/li>\n<li><strong>Tarifa de grupo (&gt;15 pers)<\/strong>: a la demanda \u00a0<a href=\"mailto:infos@laroutedesgourmets.fr\">infos@laroutedesgourmets.fr<\/a><\/li>\n<li><strong>Bono de Regalo<\/strong>: Es posible ofrecer esta visita en forma de un bono de regalo: Haga clic sobre el bot\u00f3n \u201cCOMPRAR SIN FECHA\u201d. Le enviaremos el bono de regalo por mail. Este bono de regalo es v\u00e1lido por una duraci\u00f3n de 6 meses a partir de la fecha de su compra y no es reembolsable.<\/li>\n<li><strong>Validez y condiciones de anulaci\u00f3n<\/strong>: Las ordenes no son consideradas como confirmadas que despu\u00e9s recepci\u00f3n del pago. Por los ordenes con fecha: el reembolso de la prestaci\u00f3n en caso de anulaci\u00f3n es total si la anulaci\u00f3n se realiza 3 semanas antes de la fecha reservada, de la mitad si la anulaci\u00f3n se realiza en el periodo de 2 semanas antes la fecha reservada, ning\u00fan reembolso se realiza a una semana de la fecha reservada.<\/li>\n<\/ul>\n","protected":false},"excerpt":{"rendered":"<p>Durante un paseo conferencia en Par\u00eds, venga a descubrir y visitar las tiendas de productos gourmet franceses y de las Artes de la Mesa francesa. Usted recorrer\u00e1 diversas \u00e9pocas al lado de nuestro gu\u00eda especialista en cultura alimentaria.<\/p>\n","protected":false},"featured_media":8950,"template":"","meta":{"inline_featured_image":false,"neve_meta_sidebar":"","neve_meta_container":"","neve_meta_enable_content_width":"off","neve_meta_content_width":100,"neve_meta_title_alignment":"","neve_meta_author_avatar":"","neve_post_elements_order":"","neve_meta_disable_header":"","neve_meta_disable_footer":"","neve_meta_disable_title":""},"product_brand":[],"product_cat":[190,205],"product_tag":[],"class_list":{"0":"post-423","1":"product","2":"type-product","3":"status-publish","4":"has-post-thumbnail","6":"product_cat-actividades-gastronomicas-en-paris-es","7":"product_cat-paseos-gourmet-a-pie-en-paris-es","9":"first","10":"instock","11":"taxable","12":"shipping-taxable","13":"purchasable","14":"product-type-simple"},"yoast_head":"<!-- This site is optimized with the Yoast SEO Premium plugin v27.4 (Yoast SEO v27.4) - https:\/\/yoast.com\/product\/yoast-seo-premium-wordpress\/ -->\n<title>Visita guiada gastron\u00f3mica barrio Op\u00e9ra Madeleine en Par\u00eds<\/title>\n<meta name=\"description\" content=\"Paseo Conferencia ins\u00f3lita de 2 horas en el Barrio de la Madeleine\/Opera, sobre el tema de la historia de las grandes marcas de lujo alimentario de Par\u00eds\" \/>\n<meta name=\"robots\" content=\"index, follow, max-snippet:-1, max-image-preview:large, max-video-preview:-1\" \/>\n<link rel=\"canonical\" href=\"https:\/\/laroutedesgourmets.fr\/es\/actividades-gastronomicas-en-paris-es\/tour-gastronomico-paris-barrio-opera-madeleine\/\" \/>\n<meta property=\"og:locale\" content=\"es_ES\" \/>\n<meta property=\"og:type\" content=\"article\" \/>\n<meta property=\"og:title\" content=\"Visita guiada gastron\u00f3mica barrio Op\u00e9ra Madeleine en Par\u00eds\" \/>\n<meta property=\"og:description\" content=\"Paseo Conferencia ins\u00f3lita de 2 horas en el Barrio de la Madeleine\/Opera, sobre el tema de la historia de las grandes marcas de lujo alimentario de Par\u00eds\" \/>\n<meta property=\"og:url\" content=\"https:\/\/laroutedesgourmets.fr\/es\/actividades-gastronomicas-en-paris-es\/tour-gastronomico-paris-barrio-opera-madeleine\/\" \/>\n<meta property=\"og:site_name\" content=\"La Route des Gourmets\" \/>\n<meta property=\"article:publisher\" content=\"http:\/\/www.facebook.com\/laroutedesgourmets\" \/>\n<meta property=\"article:modified_time\" content=\"2024-07-08T16:13:33+00:00\" \/>\n<meta property=\"og:image\" content=\"https:\/\/laroutedesgourmets.fr\/wp-content\/uploads\/2012\/12\/Maison_Truffe-scaled.jpg\" \/>\n\t<meta property=\"og:image:width\" content=\"2560\" \/>\n\t<meta property=\"og:image:height\" content=\"1920\" \/>\n\t<meta property=\"og:image:type\" content=\"image\/jpeg\" \/>\n<meta name=\"twitter:card\" content=\"summary_large_image\" \/>\n<meta name=\"twitter:site\" content=\"@Routedesgourmet\" \/>\n<meta name=\"twitter:label1\" content=\"Tiempo de lectura\" \/>\n\t<meta name=\"twitter:data1\" content=\"5 minutos\" \/>\n<script type=\"application\/ld+json\" class=\"yoast-schema-graph\">{\"@context\":\"https:\\\/\\\/schema.org\",\"@graph\":[{\"@type\":\"WebPage\",\"@id\":\"https:\\\/\\\/laroutedesgourmets.fr\\\/es\\\/actividades-gastronomicas-en-paris-es\\\/tour-gastronomico-paris-barrio-opera-madeleine\\\/\",\"url\":\"https:\\\/\\\/laroutedesgourmets.fr\\\/es\\\/actividades-gastronomicas-en-paris-es\\\/tour-gastronomico-paris-barrio-opera-madeleine\\\/\",\"name\":\"Visita guiada gastron\u00f3mica barrio Op\u00e9ra Madeleine en Par\u00eds\",\"isPartOf\":{\"@id\":\"https:\\\/\\\/laroutedesgourmets.fr\\\/#website\"},\"primaryImageOfPage\":{\"@id\":\"https:\\\/\\\/laroutedesgourmets.fr\\\/es\\\/actividades-gastronomicas-en-paris-es\\\/tour-gastronomico-paris-barrio-opera-madeleine\\\/#primaryimage\"},\"image\":{\"@id\":\"https:\\\/\\\/laroutedesgourmets.fr\\\/es\\\/actividades-gastronomicas-en-paris-es\\\/tour-gastronomico-paris-barrio-opera-madeleine\\\/#primaryimage\"},\"thumbnailUrl\":\"https:\\\/\\\/laroutedesgourmets.fr\\\/wp-content\\\/uploads\\\/2012\\\/12\\\/Maison_Truffe-scaled.jpg\",\"datePublished\":\"2012-12-12T20:04:46+00:00\",\"dateModified\":\"2024-07-08T16:13:33+00:00\",\"description\":\"Paseo Conferencia ins\u00f3lita de 2 horas en el Barrio de la Madeleine\\\/Opera, sobre el tema de la historia de las grandes marcas de lujo alimentario de Par\u00eds\",\"breadcrumb\":{\"@id\":\"https:\\\/\\\/laroutedesgourmets.fr\\\/es\\\/actividades-gastronomicas-en-paris-es\\\/tour-gastronomico-paris-barrio-opera-madeleine\\\/#breadcrumb\"},\"inLanguage\":\"es\",\"potentialAction\":[{\"@type\":\"ReadAction\",\"target\":[\"https:\\\/\\\/laroutedesgourmets.fr\\\/es\\\/actividades-gastronomicas-en-paris-es\\\/tour-gastronomico-paris-barrio-opera-madeleine\\\/\"]}]},{\"@type\":\"ImageObject\",\"inLanguage\":\"es\",\"@id\":\"https:\\\/\\\/laroutedesgourmets.fr\\\/es\\\/actividades-gastronomicas-en-paris-es\\\/tour-gastronomico-paris-barrio-opera-madeleine\\\/#primaryimage\",\"url\":\"https:\\\/\\\/laroutedesgourmets.fr\\\/wp-content\\\/uploads\\\/2012\\\/12\\\/Maison_Truffe-scaled.jpg\",\"contentUrl\":\"https:\\\/\\\/laroutedesgourmets.fr\\\/wp-content\\\/uploads\\\/2012\\\/12\\\/Maison_Truffe-scaled.jpg\",\"width\":2560,\"height\":1920},{\"@type\":\"BreadcrumbList\",\"@id\":\"https:\\\/\\\/laroutedesgourmets.fr\\\/es\\\/actividades-gastronomicas-en-paris-es\\\/tour-gastronomico-paris-barrio-opera-madeleine\\\/#breadcrumb\",\"itemListElement\":[{\"@type\":\"ListItem\",\"position\":1,\"name\":\"Visites gourmandes \u00e0 Paris\",\"item\":\"https:\\\/\\\/laroutedesgourmets.fr\\\/visites-guidees\\\/\"},{\"@type\":\"ListItem\",\"position\":2,\"name\":\"Tour gastron\u00f3mico en Par\u00eds: Barrio de Opera Madeleine\"}]},{\"@type\":\"WebSite\",\"@id\":\"https:\\\/\\\/laroutedesgourmets.fr\\\/#website\",\"url\":\"https:\\\/\\\/laroutedesgourmets.fr\\\/\",\"name\":\"La Route des Gourmets\",\"description\":\"Agence de tourisme gastronomique\",\"publisher\":{\"@id\":\"https:\\\/\\\/laroutedesgourmets.fr\\\/#organization\"},\"potentialAction\":[{\"@type\":\"SearchAction\",\"target\":{\"@type\":\"EntryPoint\",\"urlTemplate\":\"https:\\\/\\\/laroutedesgourmets.fr\\\/?s={search_term_string}\"},\"query-input\":{\"@type\":\"PropertyValueSpecification\",\"valueRequired\":true,\"valueName\":\"search_term_string\"}}],\"inLanguage\":\"es\"},{\"@type\":\"Organization\",\"@id\":\"https:\\\/\\\/laroutedesgourmets.fr\\\/#organization\",\"name\":\"La Route des Gourmets\",\"url\":\"https:\\\/\\\/laroutedesgourmets.fr\\\/\",\"logo\":{\"@type\":\"ImageObject\",\"inLanguage\":\"es\",\"@id\":\"https:\\\/\\\/laroutedesgourmets.fr\\\/#\\\/schema\\\/logo\\\/image\\\/\",\"url\":\"https:\\\/\\\/laroutedesgourmets.fr\\\/wp-content\\\/uploads\\\/2023\\\/12\\\/laroutedesgourmets-sigle-cadre-S-b.png\",\"contentUrl\":\"https:\\\/\\\/laroutedesgourmets.fr\\\/wp-content\\\/uploads\\\/2023\\\/12\\\/laroutedesgourmets-sigle-cadre-S-b.png\",\"width\":445,\"height\":445,\"caption\":\"La Route des Gourmets\"},\"image\":{\"@id\":\"https:\\\/\\\/laroutedesgourmets.fr\\\/#\\\/schema\\\/logo\\\/image\\\/\"},\"sameAs\":[\"http:\\\/\\\/www.facebook.com\\\/laroutedesgourmets\",\"https:\\\/\\\/x.com\\\/Routedesgourmet\",\"https:\\\/\\\/www.instagram.com\\\/laroutedesgourmets\"],\"email\":\"infos@laroutedesgourmets.fr\",\"telephone\":\"+33139473279\"}]}<\/script>\n<!-- \/ Yoast SEO Premium plugin. -->","yoast_head_json":{"title":"Visita guiada gastron\u00f3mica barrio Op\u00e9ra Madeleine en Par\u00eds","description":"Paseo Conferencia ins\u00f3lita de 2 horas en el Barrio de la Madeleine\/Opera, sobre el tema de la historia de las grandes marcas de lujo alimentario de Par\u00eds","robots":{"index":"index","follow":"follow","max-snippet":"max-snippet:-1","max-image-preview":"max-image-preview:large","max-video-preview":"max-video-preview:-1"},"canonical":"https:\/\/laroutedesgourmets.fr\/es\/actividades-gastronomicas-en-paris-es\/tour-gastronomico-paris-barrio-opera-madeleine\/","og_locale":"es_ES","og_type":"article","og_title":"Visita guiada gastron\u00f3mica barrio Op\u00e9ra Madeleine en Par\u00eds","og_description":"Paseo Conferencia ins\u00f3lita de 2 horas en el Barrio de la Madeleine\/Opera, sobre el tema de la historia de las grandes marcas de lujo alimentario de Par\u00eds","og_url":"https:\/\/laroutedesgourmets.fr\/es\/actividades-gastronomicas-en-paris-es\/tour-gastronomico-paris-barrio-opera-madeleine\/","og_site_name":"La Route des Gourmets","article_publisher":"http:\/\/www.facebook.com\/laroutedesgourmets","article_modified_time":"2024-07-08T16:13:33+00:00","og_image":[{"width":2560,"height":1920,"url":"https:\/\/laroutedesgourmets.fr\/wp-content\/uploads\/2012\/12\/Maison_Truffe-scaled.jpg","type":"image\/jpeg"}],"twitter_card":"summary_large_image","twitter_site":"@Routedesgourmet","twitter_misc":{"Tiempo de lectura":"5 minutos"},"schema":{"@context":"https:\/\/schema.org","@graph":[{"@type":"WebPage","@id":"https:\/\/laroutedesgourmets.fr\/es\/actividades-gastronomicas-en-paris-es\/tour-gastronomico-paris-barrio-opera-madeleine\/","url":"https:\/\/laroutedesgourmets.fr\/es\/actividades-gastronomicas-en-paris-es\/tour-gastronomico-paris-barrio-opera-madeleine\/","name":"Visita guiada gastron\u00f3mica barrio Op\u00e9ra Madeleine en Par\u00eds","isPartOf":{"@id":"https:\/\/laroutedesgourmets.fr\/#website"},"primaryImageOfPage":{"@id":"https:\/\/laroutedesgourmets.fr\/es\/actividades-gastronomicas-en-paris-es\/tour-gastronomico-paris-barrio-opera-madeleine\/#primaryimage"},"image":{"@id":"https:\/\/laroutedesgourmets.fr\/es\/actividades-gastronomicas-en-paris-es\/tour-gastronomico-paris-barrio-opera-madeleine\/#primaryimage"},"thumbnailUrl":"https:\/\/laroutedesgourmets.fr\/wp-content\/uploads\/2012\/12\/Maison_Truffe-scaled.jpg","datePublished":"2012-12-12T20:04:46+00:00","dateModified":"2024-07-08T16:13:33+00:00","description":"Paseo Conferencia ins\u00f3lita de 2 horas en el Barrio de la Madeleine\/Opera, sobre el tema de la historia de las grandes marcas de lujo alimentario de Par\u00eds","breadcrumb":{"@id":"https:\/\/laroutedesgourmets.fr\/es\/actividades-gastronomicas-en-paris-es\/tour-gastronomico-paris-barrio-opera-madeleine\/#breadcrumb"},"inLanguage":"es","potentialAction":[{"@type":"ReadAction","target":["https:\/\/laroutedesgourmets.fr\/es\/actividades-gastronomicas-en-paris-es\/tour-gastronomico-paris-barrio-opera-madeleine\/"]}]},{"@type":"ImageObject","inLanguage":"es","@id":"https:\/\/laroutedesgourmets.fr\/es\/actividades-gastronomicas-en-paris-es\/tour-gastronomico-paris-barrio-opera-madeleine\/#primaryimage","url":"https:\/\/laroutedesgourmets.fr\/wp-content\/uploads\/2012\/12\/Maison_Truffe-scaled.jpg","contentUrl":"https:\/\/laroutedesgourmets.fr\/wp-content\/uploads\/2012\/12\/Maison_Truffe-scaled.jpg","width":2560,"height":1920},{"@type":"BreadcrumbList","@id":"https:\/\/laroutedesgourmets.fr\/es\/actividades-gastronomicas-en-paris-es\/tour-gastronomico-paris-barrio-opera-madeleine\/#breadcrumb","itemListElement":[{"@type":"ListItem","position":1,"name":"Visites gourmandes \u00e0 Paris","item":"https:\/\/laroutedesgourmets.fr\/visites-guidees\/"},{"@type":"ListItem","position":2,"name":"Tour gastron\u00f3mico en Par\u00eds: Barrio de Opera Madeleine"}]},{"@type":"WebSite","@id":"https:\/\/laroutedesgourmets.fr\/#website","url":"https:\/\/laroutedesgourmets.fr\/","name":"La Route des Gourmets","description":"Agence de tourisme gastronomique","publisher":{"@id":"https:\/\/laroutedesgourmets.fr\/#organization"},"potentialAction":[{"@type":"SearchAction","target":{"@type":"EntryPoint","urlTemplate":"https:\/\/laroutedesgourmets.fr\/?s={search_term_string}"},"query-input":{"@type":"PropertyValueSpecification","valueRequired":true,"valueName":"search_term_string"}}],"inLanguage":"es"},{"@type":"Organization","@id":"https:\/\/laroutedesgourmets.fr\/#organization","name":"La Route des Gourmets","url":"https:\/\/laroutedesgourmets.fr\/","logo":{"@type":"ImageObject","inLanguage":"es","@id":"https:\/\/laroutedesgourmets.fr\/#\/schema\/logo\/image\/","url":"https:\/\/laroutedesgourmets.fr\/wp-content\/uploads\/2023\/12\/laroutedesgourmets-sigle-cadre-S-b.png","contentUrl":"https:\/\/laroutedesgourmets.fr\/wp-content\/uploads\/2023\/12\/laroutedesgourmets-sigle-cadre-S-b.png","width":445,"height":445,"caption":"La Route des Gourmets"},"image":{"@id":"https:\/\/laroutedesgourmets.fr\/#\/schema\/logo\/image\/"},"sameAs":["http:\/\/www.facebook.com\/laroutedesgourmets","https:\/\/x.com\/Routedesgourmet","https:\/\/www.instagram.com\/laroutedesgourmets"],"email":"infos@laroutedesgourmets.fr","telephone":"+33139473279"}]}},"_links":{"self":[{"href":"https:\/\/laroutedesgourmets.fr\/es\/wp-json\/wp\/v2\/product\/423","targetHints":{"allow":["GET"]}}],"collection":[{"href":"https:\/\/laroutedesgourmets.fr\/es\/wp-json\/wp\/v2\/product"}],"about":[{"href":"https:\/\/laroutedesgourmets.fr\/es\/wp-json\/wp\/v2\/types\/product"}],"wp:featuredmedia":[{"embeddable":true,"href":"https:\/\/laroutedesgourmets.fr\/es\/wp-json\/wp\/v2\/media\/8950"}],"wp:attachment":[{"href":"https:\/\/laroutedesgourmets.fr\/es\/wp-json\/wp\/v2\/media?parent=423"}],"wp:term":[{"taxonomy":"product_brand","embeddable":true,"href":"https:\/\/laroutedesgourmets.fr\/es\/wp-json\/wp\/v2\/product_brand?post=423"},{"taxonomy":"product_cat","embeddable":true,"href":"https:\/\/laroutedesgourmets.fr\/es\/wp-json\/wp\/v2\/product_cat?post=423"},{"taxonomy":"product_tag","embeddable":true,"href":"https:\/\/laroutedesgourmets.fr\/es\/wp-json\/wp\/v2\/product_tag?post=423"}],"curies":[{"name":"wp","href":"https:\/\/api.w.org\/{rel}","templated":true}]}}