{"id":504,"date":"2022-05-03T17:04:22","date_gmt":"2022-05-03T15:04:22","guid":{"rendered":"https:\/\/v3.laroutedesgourmets.fr\/?post_type=product&#038;p=504"},"modified":"2024-04-11T18:30:11","modified_gmt":"2024-04-11T16:30:11","slug":"paseo-versalles-huerto-del-rey","status":"publish","type":"product","link":"https:\/\/laroutedesgourmets.fr\/es\/excursiones-alrededor-de-paris\/paseo-versalles-huerto-del-rey\/","title":{"rendered":"Paseo Versalles y el huerto del Rey"},"content":{"rendered":"<h2>Paseo guiado privado por Versalles, el palacio, el huerto del Rey y la ciudad<\/h2>\n<p>Descubre Versalles desde une perspectiva diferente: la gastronom\u00eda francesa y las recetas reales. Nuestro gu\u00eda especialista de la alimentaci\u00f3n francesa le acompa\u00f1ar\u00e1 durante este paseo guiado privado en el fastuoso palacio de Louis XIV, revel\u00e1ndole todos sus secretos, gracias a este tema \u00fanico y original.<\/p>\n<p style=\"text-align: center;\">\n<p>Usted visitar\u00e1 tambi\u00e9n el huerto real y la plaza del mercado y descubrir\u00e1 los h\u00e1bitos alimentarios de la Corte la m\u00e1s admirada del siglo 18. Pasear\u00e1 por estos lugares poco conocidos, los antepasados hist\u00f3ricos de nuestra cocina moderna, y disfrutar\u00e1 de algunas degustaciones de productos locales.<\/p>\n<p style=\"text-align: center;\">\n<h3>El valor extra de este circuito VIP<\/h3>\n<ul>\n<li>Un paseo ins\u00f3lito: descubrir el patrimonio hist\u00f3rico y cultural franc\u00e9s a trav\u00e9s de la historia de la gastronom\u00eda<\/li>\n<li>Una visita privada VIP con un gu\u00eda biling\u00fce<\/li>\n<li>Un circuito todo incluido organizado\u00a0por un solo equipo<\/li>\n<li>Un servicio VIP y actividades a su medida para satisfacer sus intereses y expectativas (objetivos pedag\u00f3gicos, tur\u00edsticos o profesionales)<\/li>\n<\/ul>\n<h3>El precio incluye<\/h3>\n<ul>\n<li>Las entradas y la visita privada y guiada del palacio y del huerto del Rey<\/li>\n<li>El paseo comentado en el centro de la ciudad y en la Plaza del Mercado<\/li>\n<li>Degustaciones de productos locales en el mercado<\/li>\n<li>El gu\u00eda acompa\u00f1ante especialista de la alimentaci\u00f3n a su disposici\u00f3n durante todo el d\u00eda<\/li>\n<li>Transporte privado de ida y vuelta a Versalles con salida y retorno a su alojamiento en Paris<\/li>\n<\/ul>\n<h3>Informaciones pr\u00e1cticas<\/h3>\n<ul>\n<li><strong>Duraci\u00f3n<\/strong>: 1 d\u00eda, de las 8.30 de la ma\u00f1ana a las 5 de la tarde<\/li>\n<li><strong>Disponibilidad<\/strong>: todos los Martes y viernes<\/li>\n<li><strong>M\u00ednimo de participantes<\/strong>: 4 personas (siendo menos de 4 personas, el valor correspondiente a 4 personas ser\u00e1 cobrado)<\/li>\n<li><strong>P\u00fablico<\/strong>: circuito adaptado a particulares, estudiantes, y\/o profesionales<\/li>\n<li><strong>Idiomas del gu\u00eda<\/strong>: franc\u00e9s, espa\u00f1ol, ingl\u00e9s (cons\u00faltenos para otras lenguas)<\/li>\n<li><strong>Punto de encuentro<\/strong>: definido al momento de la reservaci\u00f3n<\/li>\n<li><strong>Tarifa de grupo<\/strong>: sobre solicitud previa a partir de 10 personas (cons\u00faltenos <a>infos@laroutedesgourmets.fr<\/a>)<\/li>\n<li><strong>Opcional<\/strong>: reservaci\u00f3n de un almuerzo \u201creal\u201d en un restaurante tradicional<\/li>\n<li><strong>Cup\u00f3n de regalo<\/strong>: posibilidad de ofrecer este paseo gourmet en forma de cup\u00f3n de regalo<\/li>\n<li><strong>Validez y condiciones de anulaci\u00f3n<\/strong>: las ordenes no son confirmadas que despu\u00e9s recepci\u00f3n de pago. El reembolso de la prestaci\u00f3n en caso de anulaci\u00f3n es total si la anulaci\u00f3n se realiza antes de 3 semanas de la fecha de la prestaci\u00f3n, el reembolso ser\u00e1 de la mitad si la anulaci\u00f3n se realiza antes de 2 semanas de la fecha de la prestaci\u00f3n, ning\u00fan reembolso se realizar\u00e1 a menos de una semana de la visita.<\/li>\n<\/ul>\n","protected":false},"excerpt":{"rendered":"<p>Con este paseo privado guiado con salida de Paris, visita Versalles, el Palacio y el Huerto del Rey. Su gu\u00eda privado, especialista de la gastronom\u00eda francesa, le ayudar\u00e1 descubrir los h\u00e1bitos gastron\u00f3micos del rey Louis XIV y muchas an\u00e9cdotas culinarias!<\/p>\n","protected":false},"featured_media":477,"template":"","meta":{"inline_featured_image":false,"neve_meta_sidebar":"","neve_meta_container":"","neve_meta_enable_content_width":"off","neve_meta_content_width":100,"neve_meta_title_alignment":"","neve_meta_author_avatar":"","neve_post_elements_order":"","neve_meta_disable_header":"","neve_meta_disable_footer":"","neve_meta_disable_title":""},"product_brand":[],"product_cat":[1586],"product_tag":[],"class_list":{"0":"post-504","1":"product","2":"type-product","3":"status-publish","4":"has-post-thumbnail","6":"product_cat-excursiones-alrededor-de-paris","8":"first","9":"instock","10":"taxable","11":"shipping-taxable","12":"purchasable","13":"product-type-simple"},"yoast_head":"<!-- This site is optimized with the Yoast SEO Premium plugin v27.4 (Yoast SEO v27.4) - https:\/\/yoast.com\/product\/yoast-seo-premium-wordpress\/ -->\n<title>Visita privada Palacio de Versalles con gu\u00eda y transporte<\/title>\n<meta name=\"description\" content=\"Descubre Versalles, su palacio y sus jardines, con un gu\u00eda especialista de la alimentaci\u00f3n en esta visita ins\u00f3lita que incluye el transporte desde Paris\" \/>\n<meta name=\"robots\" content=\"index, follow, max-snippet:-1, max-image-preview:large, max-video-preview:-1\" \/>\n<link rel=\"canonical\" href=\"https:\/\/laroutedesgourmets.fr\/es\/excursiones-alrededor-de-paris\/paseo-versalles-huerto-del-rey\/\" \/>\n<meta property=\"og:locale\" content=\"es_ES\" \/>\n<meta property=\"og:type\" content=\"article\" \/>\n<meta property=\"og:title\" content=\"Visita privada Palacio de Versalles con gu\u00eda y transporte\" \/>\n<meta property=\"og:description\" content=\"Descubre Versalles, su palacio y sus jardines, con un gu\u00eda especialista de la alimentaci\u00f3n en esta visita ins\u00f3lita que incluye el transporte desde Paris\" \/>\n<meta property=\"og:url\" content=\"https:\/\/laroutedesgourmets.fr\/es\/excursiones-alrededor-de-paris\/paseo-versalles-huerto-del-rey\/\" \/>\n<meta property=\"og:site_name\" content=\"La Route des Gourmets\" \/>\n<meta property=\"article:publisher\" content=\"http:\/\/www.facebook.com\/laroutedesgourmets\" \/>\n<meta property=\"article:modified_time\" content=\"2024-04-11T16:30:11+00:00\" \/>\n<meta property=\"og:image\" content=\"https:\/\/laroutedesgourmets.fr\/wp-content\/uploads\/2012\/12\/p_8_1_5_815-Circuit-VersaillesPotager-du-roi-1024x683.jpg\" \/>\n\t<meta property=\"og:image:width\" content=\"1024\" \/>\n\t<meta property=\"og:image:height\" content=\"683\" \/>\n\t<meta property=\"og:image:type\" content=\"image\/jpeg\" \/>\n<meta name=\"twitter:card\" content=\"summary_large_image\" \/>\n<meta name=\"twitter:site\" content=\"@Routedesgourmet\" \/>\n<meta name=\"twitter:label1\" content=\"Tiempo de lectura\" \/>\n\t<meta name=\"twitter:data1\" content=\"5 minutos\" \/>\n<script type=\"application\/ld+json\" class=\"yoast-schema-graph\">{\"@context\":\"https:\\\/\\\/schema.org\",\"@graph\":[{\"@type\":\"WebPage\",\"@id\":\"https:\\\/\\\/laroutedesgourmets.fr\\\/es\\\/excursiones-alrededor-de-paris\\\/paseo-versalles-huerto-del-rey\\\/\",\"url\":\"https:\\\/\\\/laroutedesgourmets.fr\\\/es\\\/excursiones-alrededor-de-paris\\\/paseo-versalles-huerto-del-rey\\\/\",\"name\":\"Visita privada Palacio de Versalles con gu\u00eda y transporte\",\"isPartOf\":{\"@id\":\"https:\\\/\\\/laroutedesgourmets.fr\\\/#website\"},\"primaryImageOfPage\":{\"@id\":\"https:\\\/\\\/laroutedesgourmets.fr\\\/es\\\/excursiones-alrededor-de-paris\\\/paseo-versalles-huerto-del-rey\\\/#primaryimage\"},\"image\":{\"@id\":\"https:\\\/\\\/laroutedesgourmets.fr\\\/es\\\/excursiones-alrededor-de-paris\\\/paseo-versalles-huerto-del-rey\\\/#primaryimage\"},\"thumbnailUrl\":\"https:\\\/\\\/laroutedesgourmets.fr\\\/wp-content\\\/uploads\\\/2012\\\/12\\\/p_8_1_5_815-Circuit-VersaillesPotager-du-roi.jpg\",\"datePublished\":\"2022-05-03T15:04:22+00:00\",\"dateModified\":\"2024-04-11T16:30:11+00:00\",\"description\":\"Descubre Versalles, su palacio y sus jardines, con un gu\u00eda especialista de la alimentaci\u00f3n en esta visita ins\u00f3lita que incluye el transporte desde Paris\",\"breadcrumb\":{\"@id\":\"https:\\\/\\\/laroutedesgourmets.fr\\\/es\\\/excursiones-alrededor-de-paris\\\/paseo-versalles-huerto-del-rey\\\/#breadcrumb\"},\"inLanguage\":\"es\",\"potentialAction\":[{\"@type\":\"ReadAction\",\"target\":[\"https:\\\/\\\/laroutedesgourmets.fr\\\/es\\\/excursiones-alrededor-de-paris\\\/paseo-versalles-huerto-del-rey\\\/\"]}]},{\"@type\":\"ImageObject\",\"inLanguage\":\"es\",\"@id\":\"https:\\\/\\\/laroutedesgourmets.fr\\\/es\\\/excursiones-alrededor-de-paris\\\/paseo-versalles-huerto-del-rey\\\/#primaryimage\",\"url\":\"https:\\\/\\\/laroutedesgourmets.fr\\\/wp-content\\\/uploads\\\/2012\\\/12\\\/p_8_1_5_815-Circuit-VersaillesPotager-du-roi.jpg\",\"contentUrl\":\"https:\\\/\\\/laroutedesgourmets.fr\\\/wp-content\\\/uploads\\\/2012\\\/12\\\/p_8_1_5_815-Circuit-VersaillesPotager-du-roi.jpg\",\"width\":1800,\"height\":1200},{\"@type\":\"BreadcrumbList\",\"@id\":\"https:\\\/\\\/laroutedesgourmets.fr\\\/es\\\/excursiones-alrededor-de-paris\\\/paseo-versalles-huerto-del-rey\\\/#breadcrumb\",\"itemListElement\":[{\"@type\":\"ListItem\",\"position\":1,\"name\":\"Visites gourmandes \u00e0 Paris\",\"item\":\"https:\\\/\\\/laroutedesgourmets.fr\\\/visites-guidees\\\/\"},{\"@type\":\"ListItem\",\"position\":2,\"name\":\"Paseo Versalles y el huerto del Rey\"}]},{\"@type\":\"WebSite\",\"@id\":\"https:\\\/\\\/laroutedesgourmets.fr\\\/#website\",\"url\":\"https:\\\/\\\/laroutedesgourmets.fr\\\/\",\"name\":\"La Route des Gourmets\",\"description\":\"Agence de tourisme gastronomique\",\"publisher\":{\"@id\":\"https:\\\/\\\/laroutedesgourmets.fr\\\/#organization\"},\"potentialAction\":[{\"@type\":\"SearchAction\",\"target\":{\"@type\":\"EntryPoint\",\"urlTemplate\":\"https:\\\/\\\/laroutedesgourmets.fr\\\/?s={search_term_string}\"},\"query-input\":{\"@type\":\"PropertyValueSpecification\",\"valueRequired\":true,\"valueName\":\"search_term_string\"}}],\"inLanguage\":\"es\"},{\"@type\":\"Organization\",\"@id\":\"https:\\\/\\\/laroutedesgourmets.fr\\\/#organization\",\"name\":\"La Route des Gourmets\",\"url\":\"https:\\\/\\\/laroutedesgourmets.fr\\\/\",\"logo\":{\"@type\":\"ImageObject\",\"inLanguage\":\"es\",\"@id\":\"https:\\\/\\\/laroutedesgourmets.fr\\\/#\\\/schema\\\/logo\\\/image\\\/\",\"url\":\"https:\\\/\\\/laroutedesgourmets.fr\\\/wp-content\\\/uploads\\\/2023\\\/12\\\/laroutedesgourmets-sigle-cadre-S-b.png\",\"contentUrl\":\"https:\\\/\\\/laroutedesgourmets.fr\\\/wp-content\\\/uploads\\\/2023\\\/12\\\/laroutedesgourmets-sigle-cadre-S-b.png\",\"width\":445,\"height\":445,\"caption\":\"La Route des Gourmets\"},\"image\":{\"@id\":\"https:\\\/\\\/laroutedesgourmets.fr\\\/#\\\/schema\\\/logo\\\/image\\\/\"},\"sameAs\":[\"http:\\\/\\\/www.facebook.com\\\/laroutedesgourmets\",\"https:\\\/\\\/x.com\\\/Routedesgourmet\",\"https:\\\/\\\/www.instagram.com\\\/laroutedesgourmets\"],\"email\":\"infos@laroutedesgourmets.fr\",\"telephone\":\"+33139473279\"}]}<\/script>\n<!-- \/ Yoast SEO Premium plugin. -->","yoast_head_json":{"title":"Visita privada Palacio de Versalles con gu\u00eda y transporte","description":"Descubre Versalles, su palacio y sus jardines, con un gu\u00eda especialista de la alimentaci\u00f3n en esta visita ins\u00f3lita que incluye el transporte desde Paris","robots":{"index":"index","follow":"follow","max-snippet":"max-snippet:-1","max-image-preview":"max-image-preview:large","max-video-preview":"max-video-preview:-1"},"canonical":"https:\/\/laroutedesgourmets.fr\/es\/excursiones-alrededor-de-paris\/paseo-versalles-huerto-del-rey\/","og_locale":"es_ES","og_type":"article","og_title":"Visita privada Palacio de Versalles con gu\u00eda y transporte","og_description":"Descubre Versalles, su palacio y sus jardines, con un gu\u00eda especialista de la alimentaci\u00f3n en esta visita ins\u00f3lita que incluye el transporte desde Paris","og_url":"https:\/\/laroutedesgourmets.fr\/es\/excursiones-alrededor-de-paris\/paseo-versalles-huerto-del-rey\/","og_site_name":"La Route des Gourmets","article_publisher":"http:\/\/www.facebook.com\/laroutedesgourmets","article_modified_time":"2024-04-11T16:30:11+00:00","og_image":[{"width":1024,"height":683,"url":"https:\/\/laroutedesgourmets.fr\/wp-content\/uploads\/2012\/12\/p_8_1_5_815-Circuit-VersaillesPotager-du-roi-1024x683.jpg","type":"image\/jpeg"}],"twitter_card":"summary_large_image","twitter_site":"@Routedesgourmet","twitter_misc":{"Tiempo de lectura":"5 minutos"},"schema":{"@context":"https:\/\/schema.org","@graph":[{"@type":"WebPage","@id":"https:\/\/laroutedesgourmets.fr\/es\/excursiones-alrededor-de-paris\/paseo-versalles-huerto-del-rey\/","url":"https:\/\/laroutedesgourmets.fr\/es\/excursiones-alrededor-de-paris\/paseo-versalles-huerto-del-rey\/","name":"Visita privada Palacio de Versalles con gu\u00eda y transporte","isPartOf":{"@id":"https:\/\/laroutedesgourmets.fr\/#website"},"primaryImageOfPage":{"@id":"https:\/\/laroutedesgourmets.fr\/es\/excursiones-alrededor-de-paris\/paseo-versalles-huerto-del-rey\/#primaryimage"},"image":{"@id":"https:\/\/laroutedesgourmets.fr\/es\/excursiones-alrededor-de-paris\/paseo-versalles-huerto-del-rey\/#primaryimage"},"thumbnailUrl":"https:\/\/laroutedesgourmets.fr\/wp-content\/uploads\/2012\/12\/p_8_1_5_815-Circuit-VersaillesPotager-du-roi.jpg","datePublished":"2022-05-03T15:04:22+00:00","dateModified":"2024-04-11T16:30:11+00:00","description":"Descubre Versalles, su palacio y sus jardines, con un gu\u00eda especialista de la alimentaci\u00f3n en esta visita ins\u00f3lita que incluye el transporte desde Paris","breadcrumb":{"@id":"https:\/\/laroutedesgourmets.fr\/es\/excursiones-alrededor-de-paris\/paseo-versalles-huerto-del-rey\/#breadcrumb"},"inLanguage":"es","potentialAction":[{"@type":"ReadAction","target":["https:\/\/laroutedesgourmets.fr\/es\/excursiones-alrededor-de-paris\/paseo-versalles-huerto-del-rey\/"]}]},{"@type":"ImageObject","inLanguage":"es","@id":"https:\/\/laroutedesgourmets.fr\/es\/excursiones-alrededor-de-paris\/paseo-versalles-huerto-del-rey\/#primaryimage","url":"https:\/\/laroutedesgourmets.fr\/wp-content\/uploads\/2012\/12\/p_8_1_5_815-Circuit-VersaillesPotager-du-roi.jpg","contentUrl":"https:\/\/laroutedesgourmets.fr\/wp-content\/uploads\/2012\/12\/p_8_1_5_815-Circuit-VersaillesPotager-du-roi.jpg","width":1800,"height":1200},{"@type":"BreadcrumbList","@id":"https:\/\/laroutedesgourmets.fr\/es\/excursiones-alrededor-de-paris\/paseo-versalles-huerto-del-rey\/#breadcrumb","itemListElement":[{"@type":"ListItem","position":1,"name":"Visites gourmandes \u00e0 Paris","item":"https:\/\/laroutedesgourmets.fr\/visites-guidees\/"},{"@type":"ListItem","position":2,"name":"Paseo Versalles y el huerto del Rey"}]},{"@type":"WebSite","@id":"https:\/\/laroutedesgourmets.fr\/#website","url":"https:\/\/laroutedesgourmets.fr\/","name":"La Route des Gourmets","description":"Agence de tourisme gastronomique","publisher":{"@id":"https:\/\/laroutedesgourmets.fr\/#organization"},"potentialAction":[{"@type":"SearchAction","target":{"@type":"EntryPoint","urlTemplate":"https:\/\/laroutedesgourmets.fr\/?s={search_term_string}"},"query-input":{"@type":"PropertyValueSpecification","valueRequired":true,"valueName":"search_term_string"}}],"inLanguage":"es"},{"@type":"Organization","@id":"https:\/\/laroutedesgourmets.fr\/#organization","name":"La Route des Gourmets","url":"https:\/\/laroutedesgourmets.fr\/","logo":{"@type":"ImageObject","inLanguage":"es","@id":"https:\/\/laroutedesgourmets.fr\/#\/schema\/logo\/image\/","url":"https:\/\/laroutedesgourmets.fr\/wp-content\/uploads\/2023\/12\/laroutedesgourmets-sigle-cadre-S-b.png","contentUrl":"https:\/\/laroutedesgourmets.fr\/wp-content\/uploads\/2023\/12\/laroutedesgourmets-sigle-cadre-S-b.png","width":445,"height":445,"caption":"La Route des Gourmets"},"image":{"@id":"https:\/\/laroutedesgourmets.fr\/#\/schema\/logo\/image\/"},"sameAs":["http:\/\/www.facebook.com\/laroutedesgourmets","https:\/\/x.com\/Routedesgourmet","https:\/\/www.instagram.com\/laroutedesgourmets"],"email":"infos@laroutedesgourmets.fr","telephone":"+33139473279"}]}},"_links":{"self":[{"href":"https:\/\/laroutedesgourmets.fr\/es\/wp-json\/wp\/v2\/product\/504","targetHints":{"allow":["GET"]}}],"collection":[{"href":"https:\/\/laroutedesgourmets.fr\/es\/wp-json\/wp\/v2\/product"}],"about":[{"href":"https:\/\/laroutedesgourmets.fr\/es\/wp-json\/wp\/v2\/types\/product"}],"wp:featuredmedia":[{"embeddable":true,"href":"https:\/\/laroutedesgourmets.fr\/es\/wp-json\/wp\/v2\/media\/477"}],"wp:attachment":[{"href":"https:\/\/laroutedesgourmets.fr\/es\/wp-json\/wp\/v2\/media?parent=504"}],"wp:term":[{"taxonomy":"product_brand","embeddable":true,"href":"https:\/\/laroutedesgourmets.fr\/es\/wp-json\/wp\/v2\/product_brand?post=504"},{"taxonomy":"product_cat","embeddable":true,"href":"https:\/\/laroutedesgourmets.fr\/es\/wp-json\/wp\/v2\/product_cat?post=504"},{"taxonomy":"product_tag","embeddable":true,"href":"https:\/\/laroutedesgourmets.fr\/es\/wp-json\/wp\/v2\/product_tag?post=504"}],"curies":[{"name":"wp","href":"https:\/\/api.w.org\/{rel}","templated":true}]}}