{"id":561,"date":"2013-01-15T18:16:52","date_gmt":"2013-01-15T17:16:52","guid":{"rendered":"https:\/\/v3.laroutedesgourmets.fr\/produit\/circuito-chocolaterias-pastelerias-paris\/"},"modified":"2024-07-08T18:11:51","modified_gmt":"2024-07-08T16:11:51","slug":"tour-gastronomico-paris-mejores-chocolaterias-pastelerias","status":"publish","type":"product","link":"https:\/\/laroutedesgourmets.fr\/es\/actividades-gastronomicas-en-paris-es\/tour-gastronomico-paris-mejores-chocolaterias-pastelerias\/","title":{"rendered":"Tour gastron\u00f3mico en Par\u00eds: las mejores chocolater\u00edas y pasteler\u00edas"},"content":{"rendered":"<h2 style=\"text-align: center;\">Visita de las mejores chocolater\u00edas y pasteler\u00edas de Par\u00eds<\/h2>\n<p style=\"text-align: justify;\">Un circuito 100% Gourmet en el coraz\u00f3n del barrio Saint Germain-des-Pr\u00e9s.<\/p>\n<p style=\"text-align: justify;\">\u00bfDesea descubrir o consentir sus papilas gustativas con los grandes cl\u00e1sicos de la reposter\u00eda francesa? \u00bfConoce el origen del \u00ab\u00a0Mil Hojas\u00a0\u00bb o el significado de la \u00ab\u00a0Religiosa\u00a0\u00bb? \u00bfLa diferencia entre Viennoiserie y P\u00e2tisserie? \u00a1Venga a descubrir las historias de estos magn\u00edficos pasteles que nos acompa\u00f1an desde hace ya algunos siglos!<\/p>\n<h3 style=\"text-align: justify;\">Esta visita incluye :<\/h3>\n<ul style=\"text-align: justify;\">\n<li>El acompa\u00f1amiento de un gu\u00eda franc\u00e9s especializado en la gastronom\u00eda francesa.<\/li>\n<li>Una breve visita comentada -a pie- del barrio de Saint Germain de Pr\u00e9s de Par\u00eds<\/li>\n<li>La visita de 7 pasteler\u00edas y chocolater\u00edas<\/li>\n<li>Degustaci\u00f3n de pasteles y chocolates<\/li>\n<\/ul>\n<h3 style=\"text-align: justify;\">Informaciones pr\u00e1cticas :<\/h3>\n<ul>\n<li><strong>Horarios en visite privada :\u00a0<\/strong>todos los dias, a las 10:30 o 14h30, a excepcion de los lunes, en la tarde unicamente.<\/li>\n<li style=\"text-align: justify;\"><strong>Horarios en visita \u00bb Shared tour\u00bb con gu\u00eda franc\u00e8s : <\/strong>Mi\u00e9rcoles 2:00pm-4:30pm, una vez al mes<\/li>\n<li style=\"text-align: justify;\"><strong>Duraci\u00f3n\u00a0:<\/strong> 2h30<\/li>\n<li style=\"text-align: justify;\"><strong>Idiomas<\/strong>: visitas disponibles en franc\u00e9s, ingl\u00e9s y espa\u00f1ol (otros idiomas a la demanda)<\/li>\n<li style=\"text-align: justify;\"><strong>Punto de encuentro<\/strong> : en frente de la tienda\u00a0George Larnicol\u00a0132 Boulevard Saint Germain, 75006\u00a0PARIS (estacion de Metro\u00a0Od\u00e9on)<\/li>\n<li style=\"text-align: justify;\"><strong>Tarifa de grupo (&gt;15 pers) y visita privada<\/strong>: a la demanda \u00a0<a href=\"mailto:infos@laroutedesgourmets.fr\">infos@laroutedesgourmets.fr<\/a><\/li>\n<li style=\"text-align: justify;\"><strong>N\u00famero m\u00ednimo de participantes<\/strong>:\u00a0<span lang=\"es-trad\" xml:lang=\"es-trad\">Nos reservamos el derecho de cancelar o cambiar la fecha si el numero\u00a0de participantes\u00a0m\u00ednimo de 2 personas no es reunido. Si no pueden asistir a esta fecha, seria reembolsado.<\/span><\/li>\n<\/ul>\n","protected":false},"excerpt":{"rendered":"<p>La visita de las mejores chocolater\u00edas y pasteler\u00edas de Par\u00eds est\u00e1 dirigida a fans del Chocolate. Esta visita guiada con degustaciones en St Germain-des-Pr\u00e9s le permitir\u00e1 descubrir la historia del chocolate y de las m\u00e1s famosas pasteler\u00edas francesas.<\/p>\n","protected":false},"featured_media":9115,"template":"","meta":{"inline_featured_image":false,"neve_meta_sidebar":"","neve_meta_container":"","neve_meta_enable_content_width":"off","neve_meta_content_width":100,"neve_meta_title_alignment":"","neve_meta_author_avatar":"","neve_post_elements_order":"","neve_meta_disable_header":"","neve_meta_disable_footer":"","neve_meta_disable_title":""},"product_brand":[],"product_cat":[190,205],"product_tag":[],"class_list":{"0":"post-561","1":"product","2":"type-product","3":"status-publish","4":"has-post-thumbnail","6":"product_cat-actividades-gastronomicas-en-paris-es","7":"product_cat-paseos-gourmet-a-pie-en-paris-es","9":"first","10":"instock","11":"taxable","12":"shipping-taxable","13":"purchasable","14":"product-type-simple"},"yoast_head":"<!-- This site is optimized with the Yoast SEO Premium plugin v27.4 (Yoast SEO v27.4) - https:\/\/yoast.com\/product\/yoast-seo-premium-wordpress\/ -->\n<title>Visita guiada de las mejores Chocolater\u00edas y Pasteler\u00edas de Par\u00eds<\/title>\n<meta name=\"description\" content=\"Esta visita incluye acompa\u00f1amiento de un gu\u00eda experto en gastronom\u00eda para hacerle descubrir al menos 7 pasteler\u00edas, panader\u00edas y chocolater\u00edas en Paris.\" \/>\n<meta name=\"robots\" content=\"index, follow, max-snippet:-1, max-image-preview:large, max-video-preview:-1\" \/>\n<link rel=\"canonical\" href=\"https:\/\/laroutedesgourmets.fr\/es\/actividades-gastronomicas-en-paris-es\/tour-gastronomico-paris-mejores-chocolaterias-pastelerias\/\" \/>\n<meta property=\"og:locale\" content=\"es_ES\" \/>\n<meta property=\"og:type\" content=\"article\" \/>\n<meta property=\"og:title\" content=\"Visita guiada de las mejores Chocolater\u00edas y Pasteler\u00edas de Par\u00eds\" \/>\n<meta property=\"og:description\" content=\"Esta visita incluye acompa\u00f1amiento de un gu\u00eda experto en gastronom\u00eda para hacerle descubrir al menos 7 pasteler\u00edas, panader\u00edas y chocolater\u00edas en Paris.\" \/>\n<meta property=\"og:url\" content=\"https:\/\/laroutedesgourmets.fr\/es\/actividades-gastronomicas-en-paris-es\/tour-gastronomico-paris-mejores-chocolaterias-pastelerias\/\" \/>\n<meta property=\"og:site_name\" content=\"La Route des Gourmets\" \/>\n<meta property=\"article:publisher\" content=\"http:\/\/www.facebook.com\/laroutedesgourmets\" \/>\n<meta property=\"article:modified_time\" content=\"2024-07-08T16:11:51+00:00\" \/>\n<meta property=\"og:image\" content=\"https:\/\/laroutedesgourmets.fr\/wp-content\/uploads\/2013\/01\/image_00044.jpg\" \/>\n\t<meta property=\"og:image:width\" content=\"1920\" \/>\n\t<meta property=\"og:image:height\" content=\"1280\" \/>\n\t<meta property=\"og:image:type\" content=\"image\/jpeg\" \/>\n<meta name=\"twitter:card\" content=\"summary_large_image\" \/>\n<meta name=\"twitter:site\" content=\"@Routedesgourmet\" \/>\n<meta name=\"twitter:label1\" content=\"Precio\" \/>\n\t<meta name=\"twitter:data1\" content=\"&euro;134.00\" \/>\n\t<meta name=\"twitter:label2\" content=\"Disponibilidad\" \/>\n\t<meta name=\"twitter:data2\" content=\"Disponible\" \/>\n<script type=\"application\/ld+json\" class=\"yoast-schema-graph\">{\"@context\":\"https:\\\/\\\/schema.org\",\"@graph\":[{\"@type\":\"WebPage\",\"@id\":\"https:\\\/\\\/laroutedesgourmets.fr\\\/es\\\/actividades-gastronomicas-en-paris-es\\\/tour-gastronomico-paris-mejores-chocolaterias-pastelerias\\\/\",\"url\":\"https:\\\/\\\/laroutedesgourmets.fr\\\/es\\\/actividades-gastronomicas-en-paris-es\\\/tour-gastronomico-paris-mejores-chocolaterias-pastelerias\\\/\",\"name\":\"Visita guiada de las mejores Chocolater\u00edas y Pasteler\u00edas de Par\u00eds\",\"isPartOf\":{\"@id\":\"https:\\\/\\\/laroutedesgourmets.fr\\\/#website\"},\"primaryImageOfPage\":{\"@id\":\"https:\\\/\\\/laroutedesgourmets.fr\\\/es\\\/actividades-gastronomicas-en-paris-es\\\/tour-gastronomico-paris-mejores-chocolaterias-pastelerias\\\/#primaryimage\"},\"image\":{\"@id\":\"https:\\\/\\\/laroutedesgourmets.fr\\\/es\\\/actividades-gastronomicas-en-paris-es\\\/tour-gastronomico-paris-mejores-chocolaterias-pastelerias\\\/#primaryimage\"},\"thumbnailUrl\":\"https:\\\/\\\/laroutedesgourmets.fr\\\/wp-content\\\/uploads\\\/2013\\\/01\\\/image_00044.jpg\",\"datePublished\":\"2013-01-15T17:16:52+00:00\",\"dateModified\":\"2024-07-08T16:11:51+00:00\",\"description\":\"Esta visita incluye acompa\u00f1amiento de un gu\u00eda experto en gastronom\u00eda para hacerle descubrir al menos 7 pasteler\u00edas, panader\u00edas y chocolater\u00edas en Paris.\",\"breadcrumb\":{\"@id\":\"https:\\\/\\\/laroutedesgourmets.fr\\\/es\\\/actividades-gastronomicas-en-paris-es\\\/tour-gastronomico-paris-mejores-chocolaterias-pastelerias\\\/#breadcrumb\"},\"inLanguage\":\"es\",\"potentialAction\":[{\"@type\":\"ReadAction\",\"target\":[\"https:\\\/\\\/laroutedesgourmets.fr\\\/es\\\/actividades-gastronomicas-en-paris-es\\\/tour-gastronomico-paris-mejores-chocolaterias-pastelerias\\\/\"]}]},{\"@type\":\"ImageObject\",\"inLanguage\":\"es\",\"@id\":\"https:\\\/\\\/laroutedesgourmets.fr\\\/es\\\/actividades-gastronomicas-en-paris-es\\\/tour-gastronomico-paris-mejores-chocolaterias-pastelerias\\\/#primaryimage\",\"url\":\"https:\\\/\\\/laroutedesgourmets.fr\\\/wp-content\\\/uploads\\\/2013\\\/01\\\/image_00044.jpg\",\"contentUrl\":\"https:\\\/\\\/laroutedesgourmets.fr\\\/wp-content\\\/uploads\\\/2013\\\/01\\\/image_00044.jpg\",\"width\":1920,\"height\":1280},{\"@type\":\"BreadcrumbList\",\"@id\":\"https:\\\/\\\/laroutedesgourmets.fr\\\/es\\\/actividades-gastronomicas-en-paris-es\\\/tour-gastronomico-paris-mejores-chocolaterias-pastelerias\\\/#breadcrumb\",\"itemListElement\":[{\"@type\":\"ListItem\",\"position\":1,\"name\":\"Visites gourmandes \u00e0 Paris\",\"item\":\"https:\\\/\\\/laroutedesgourmets.fr\\\/visites-guidees\\\/\"},{\"@type\":\"ListItem\",\"position\":2,\"name\":\"Tour gastron\u00f3mico en Par\u00eds: las mejores chocolater\u00edas y pasteler\u00edas\"}]},{\"@type\":\"WebSite\",\"@id\":\"https:\\\/\\\/laroutedesgourmets.fr\\\/#website\",\"url\":\"https:\\\/\\\/laroutedesgourmets.fr\\\/\",\"name\":\"La Route des Gourmets\",\"description\":\"Agence de tourisme gastronomique\",\"publisher\":{\"@id\":\"https:\\\/\\\/laroutedesgourmets.fr\\\/#organization\"},\"potentialAction\":[{\"@type\":\"SearchAction\",\"target\":{\"@type\":\"EntryPoint\",\"urlTemplate\":\"https:\\\/\\\/laroutedesgourmets.fr\\\/?s={search_term_string}\"},\"query-input\":{\"@type\":\"PropertyValueSpecification\",\"valueRequired\":true,\"valueName\":\"search_term_string\"}}],\"inLanguage\":\"es\"},{\"@type\":\"Organization\",\"@id\":\"https:\\\/\\\/laroutedesgourmets.fr\\\/#organization\",\"name\":\"La Route des Gourmets\",\"url\":\"https:\\\/\\\/laroutedesgourmets.fr\\\/\",\"logo\":{\"@type\":\"ImageObject\",\"inLanguage\":\"es\",\"@id\":\"https:\\\/\\\/laroutedesgourmets.fr\\\/#\\\/schema\\\/logo\\\/image\\\/\",\"url\":\"https:\\\/\\\/laroutedesgourmets.fr\\\/wp-content\\\/uploads\\\/2023\\\/12\\\/laroutedesgourmets-sigle-cadre-S-b.png\",\"contentUrl\":\"https:\\\/\\\/laroutedesgourmets.fr\\\/wp-content\\\/uploads\\\/2023\\\/12\\\/laroutedesgourmets-sigle-cadre-S-b.png\",\"width\":445,\"height\":445,\"caption\":\"La Route des Gourmets\"},\"image\":{\"@id\":\"https:\\\/\\\/laroutedesgourmets.fr\\\/#\\\/schema\\\/logo\\\/image\\\/\"},\"sameAs\":[\"http:\\\/\\\/www.facebook.com\\\/laroutedesgourmets\",\"https:\\\/\\\/x.com\\\/Routedesgourmet\",\"https:\\\/\\\/www.instagram.com\\\/laroutedesgourmets\"],\"email\":\"infos@laroutedesgourmets.fr\",\"telephone\":\"+33139473279\"}]}<\/script>\n<meta property=\"product:price:amount\" content=\"134.00\" \/>\n<meta property=\"product:price:currency\" content=\"EUR\" \/>\n<meta property=\"og:availability\" content=\"instock\" \/>\n<meta property=\"product:availability\" content=\"instock\" \/>\n<meta property=\"product:condition\" content=\"new\" \/>\n<!-- \/ Yoast SEO Premium plugin. -->","yoast_head_json":{"title":"Visita guiada de las mejores Chocolater\u00edas y Pasteler\u00edas de Par\u00eds","description":"Esta visita incluye acompa\u00f1amiento de un gu\u00eda experto en gastronom\u00eda para hacerle descubrir al menos 7 pasteler\u00edas, panader\u00edas y chocolater\u00edas en Paris.","robots":{"index":"index","follow":"follow","max-snippet":"max-snippet:-1","max-image-preview":"max-image-preview:large","max-video-preview":"max-video-preview:-1"},"canonical":"https:\/\/laroutedesgourmets.fr\/es\/actividades-gastronomicas-en-paris-es\/tour-gastronomico-paris-mejores-chocolaterias-pastelerias\/","og_locale":"es_ES","og_type":"article","og_title":"Visita guiada de las mejores Chocolater\u00edas y Pasteler\u00edas de Par\u00eds","og_description":"Esta visita incluye acompa\u00f1amiento de un gu\u00eda experto en gastronom\u00eda para hacerle descubrir al menos 7 pasteler\u00edas, panader\u00edas y chocolater\u00edas en Paris.","og_url":"https:\/\/laroutedesgourmets.fr\/es\/actividades-gastronomicas-en-paris-es\/tour-gastronomico-paris-mejores-chocolaterias-pastelerias\/","og_site_name":"La Route des Gourmets","article_publisher":"http:\/\/www.facebook.com\/laroutedesgourmets","article_modified_time":"2024-07-08T16:11:51+00:00","og_image":[{"width":1920,"height":1280,"url":"https:\/\/laroutedesgourmets.fr\/wp-content\/uploads\/2013\/01\/image_00044.jpg","type":"image\/jpeg"}],"twitter_card":"summary_large_image","twitter_site":"@Routedesgourmet","twitter_misc":{"Precio":"&euro;134.00","Disponibilidad":"Disponible"},"schema":{"@context":"https:\/\/schema.org","@graph":[{"@type":"WebPage","@id":"https:\/\/laroutedesgourmets.fr\/es\/actividades-gastronomicas-en-paris-es\/tour-gastronomico-paris-mejores-chocolaterias-pastelerias\/","url":"https:\/\/laroutedesgourmets.fr\/es\/actividades-gastronomicas-en-paris-es\/tour-gastronomico-paris-mejores-chocolaterias-pastelerias\/","name":"Visita guiada de las mejores Chocolater\u00edas y Pasteler\u00edas de Par\u00eds","isPartOf":{"@id":"https:\/\/laroutedesgourmets.fr\/#website"},"primaryImageOfPage":{"@id":"https:\/\/laroutedesgourmets.fr\/es\/actividades-gastronomicas-en-paris-es\/tour-gastronomico-paris-mejores-chocolaterias-pastelerias\/#primaryimage"},"image":{"@id":"https:\/\/laroutedesgourmets.fr\/es\/actividades-gastronomicas-en-paris-es\/tour-gastronomico-paris-mejores-chocolaterias-pastelerias\/#primaryimage"},"thumbnailUrl":"https:\/\/laroutedesgourmets.fr\/wp-content\/uploads\/2013\/01\/image_00044.jpg","datePublished":"2013-01-15T17:16:52+00:00","dateModified":"2024-07-08T16:11:51+00:00","description":"Esta visita incluye acompa\u00f1amiento de un gu\u00eda experto en gastronom\u00eda para hacerle descubrir al menos 7 pasteler\u00edas, panader\u00edas y chocolater\u00edas en Paris.","breadcrumb":{"@id":"https:\/\/laroutedesgourmets.fr\/es\/actividades-gastronomicas-en-paris-es\/tour-gastronomico-paris-mejores-chocolaterias-pastelerias\/#breadcrumb"},"inLanguage":"es","potentialAction":[{"@type":"ReadAction","target":["https:\/\/laroutedesgourmets.fr\/es\/actividades-gastronomicas-en-paris-es\/tour-gastronomico-paris-mejores-chocolaterias-pastelerias\/"]}]},{"@type":"ImageObject","inLanguage":"es","@id":"https:\/\/laroutedesgourmets.fr\/es\/actividades-gastronomicas-en-paris-es\/tour-gastronomico-paris-mejores-chocolaterias-pastelerias\/#primaryimage","url":"https:\/\/laroutedesgourmets.fr\/wp-content\/uploads\/2013\/01\/image_00044.jpg","contentUrl":"https:\/\/laroutedesgourmets.fr\/wp-content\/uploads\/2013\/01\/image_00044.jpg","width":1920,"height":1280},{"@type":"BreadcrumbList","@id":"https:\/\/laroutedesgourmets.fr\/es\/actividades-gastronomicas-en-paris-es\/tour-gastronomico-paris-mejores-chocolaterias-pastelerias\/#breadcrumb","itemListElement":[{"@type":"ListItem","position":1,"name":"Visites gourmandes \u00e0 Paris","item":"https:\/\/laroutedesgourmets.fr\/visites-guidees\/"},{"@type":"ListItem","position":2,"name":"Tour gastron\u00f3mico en Par\u00eds: las mejores chocolater\u00edas y pasteler\u00edas"}]},{"@type":"WebSite","@id":"https:\/\/laroutedesgourmets.fr\/#website","url":"https:\/\/laroutedesgourmets.fr\/","name":"La Route des Gourmets","description":"Agence de tourisme gastronomique","publisher":{"@id":"https:\/\/laroutedesgourmets.fr\/#organization"},"potentialAction":[{"@type":"SearchAction","target":{"@type":"EntryPoint","urlTemplate":"https:\/\/laroutedesgourmets.fr\/?s={search_term_string}"},"query-input":{"@type":"PropertyValueSpecification","valueRequired":true,"valueName":"search_term_string"}}],"inLanguage":"es"},{"@type":"Organization","@id":"https:\/\/laroutedesgourmets.fr\/#organization","name":"La Route des Gourmets","url":"https:\/\/laroutedesgourmets.fr\/","logo":{"@type":"ImageObject","inLanguage":"es","@id":"https:\/\/laroutedesgourmets.fr\/#\/schema\/logo\/image\/","url":"https:\/\/laroutedesgourmets.fr\/wp-content\/uploads\/2023\/12\/laroutedesgourmets-sigle-cadre-S-b.png","contentUrl":"https:\/\/laroutedesgourmets.fr\/wp-content\/uploads\/2023\/12\/laroutedesgourmets-sigle-cadre-S-b.png","width":445,"height":445,"caption":"La Route des Gourmets"},"image":{"@id":"https:\/\/laroutedesgourmets.fr\/#\/schema\/logo\/image\/"},"sameAs":["http:\/\/www.facebook.com\/laroutedesgourmets","https:\/\/x.com\/Routedesgourmet","https:\/\/www.instagram.com\/laroutedesgourmets"],"email":"infos@laroutedesgourmets.fr","telephone":"+33139473279"}]},"product_price_amount":"134.00","product_price_currency":"EUR","og_availability":"instock","product_availability":"instock","product_condition":"new"},"_links":{"self":[{"href":"https:\/\/laroutedesgourmets.fr\/es\/wp-json\/wp\/v2\/product\/561","targetHints":{"allow":["GET"]}}],"collection":[{"href":"https:\/\/laroutedesgourmets.fr\/es\/wp-json\/wp\/v2\/product"}],"about":[{"href":"https:\/\/laroutedesgourmets.fr\/es\/wp-json\/wp\/v2\/types\/product"}],"wp:featuredmedia":[{"embeddable":true,"href":"https:\/\/laroutedesgourmets.fr\/es\/wp-json\/wp\/v2\/media\/9115"}],"wp:attachment":[{"href":"https:\/\/laroutedesgourmets.fr\/es\/wp-json\/wp\/v2\/media?parent=561"}],"wp:term":[{"taxonomy":"product_brand","embeddable":true,"href":"https:\/\/laroutedesgourmets.fr\/es\/wp-json\/wp\/v2\/product_brand?post=561"},{"taxonomy":"product_cat","embeddable":true,"href":"https:\/\/laroutedesgourmets.fr\/es\/wp-json\/wp\/v2\/product_cat?post=561"},{"taxonomy":"product_tag","embeddable":true,"href":"https:\/\/laroutedesgourmets.fr\/es\/wp-json\/wp\/v2\/product_tag?post=561"}],"curies":[{"name":"wp","href":"https:\/\/api.w.org\/{rel}","templated":true}]}}