{"id":618,"date":"2013-01-15T18:25:21","date_gmt":"2013-01-15T17:25:21","guid":{"rendered":"https:\/\/v3.laroutedesgourmets.fr\/produit\/degustacion-de-quesos-en-paris\/"},"modified":"2013-01-15T18:25:21","modified_gmt":"2013-01-15T17:25:21","slug":"degustacion-de-quesos-en-paris","status":"publish","type":"product","link":"https:\/\/laroutedesgourmets.fr\/es\/actividades-gastronomicas-en-paris-es\/talleres-de-degustacion-en-paris-es\/degustacion-de-quesos-en-paris\/","title":{"rendered":"Degustaci\u00f3n de quesos en Paris"},"content":{"rendered":"<h2>Taller de degustaci\u00f3n de quesos en Paris<\/h2>\n<p>Nuestro afinador de quesos le propone degustar \u00fanicamente quesos frances artesanales y de granja, \u00e9l le explicar\u00e1 todas las etapas de fabricaci\u00f3n del queso, hasta su afinaci\u00f3n, las diferentes familias (de pasta suave, de costra aflorada, de pasta azul, de pasta comprimida cocida, etc.,), y el origen de especialidades de quesos seg\u00fan su \u201corigen\u201d.<\/p>\n<p>Entre las 600 variedades de queso presentes en Francia, nuestro experto de quesos seleccionar\u00e1 en funci\u00f3n de la estaci\u00f3n, un plato de quesos tradicionales, fabricados con leche completa, representativos de las diferentes regiones de Francia y acompa\u00f1ados de diferentes panes artesanales.<\/p>\n<\/p>\n<p>Esta degustaci\u00f3n ser\u00e1 acompa\u00f1ada de vinos seleccionados por su calidad gustativa y su perfecta combinaci\u00f3n con los quesos. Todos los vinos propuestos son igualmente originarios de diversas regiones, producidos por vitivinicultores talentosos peque\u00f1os propietarios.<\/p>\n<p>\u00a0<\/p>\n<h3>Este taller incluye :<\/h3>\n<ul>\n<li>Un men\u00fa degustaci\u00f3n especialmente elaborado para la Route des Gourmets, incluyendo \u00a0una tabla de 6 quesos, 3 copas (vino tinto, blanco y cerveza), panes artesanales, un postre y un caf\u00e9.<\/li>\n<li>Las explicaciones del experto de quesos<\/li>\n<\/ul>\n<p>\u00a0<\/p>\n<h3>Informaciones pr\u00e1cticas :<\/h3>\n<ul>\n<li><strong>Duraci\u00f3n<\/strong>: 1h30<\/li>\n<li><strong>M\u00ednimo<\/strong> : una persona<\/li>\n<li><strong>Publico<\/strong>: Actividades l\u00fadicas gourmets adaptadas a cada grupo: familia, ni\u00f1os, personas mayores, individuales o grupos, empresas.<\/li>\n<li><strong>Idiomas<\/strong>: explicaciones disponibles en franc\u00e9s o ingl\u00e9s.<\/li>\n<li><strong>Direcci\u00f3n de la degustaci\u00f3n<\/strong>: ser\u00e1 comunicado \u00fanicamente a la confirmaci\u00f3n del pedido<\/li>\n<li><strong>Horarios<\/strong>: la degustaci\u00f3n tendr\u00e1 lugar a las horas que usted deseen, durante los horarios de apertura de la tienda:<br \/>&#8211; de\u00a0mi\u00e9rcoles\u00a0a sabado\u00a0entre las 11:00 y las 14:30 (llegar a la 12:30 m\u00e1ximo) y entre las 16:00 y las 20:00 (llegar a la 18:30 m\u00e1ximo)<br \/>&#8211; los sabados\u00a0de 11:00 a 20:00\u00a0(llegar a la 18:30 m\u00e1ximo)<br \/>&#8211; los domingos de 11:00 a 14h30\u00a0(llegar a la 12:30 m\u00e1ximo)<\/li>\n<li><strong>Bono de Regalo<\/strong>: Es posible ofrecer esta visita en forma de un bono de regalo: Haga clic sobre el bot\u00f3n \u201cCOMPRAR SIN FECHA\u201d. Le enviaremos el bono de regalo en pdf por email. Este bono de regalo es v\u00e1lido por una duraci\u00f3n de 6 meses a partir de la fecha de su compra y no es reembolsable.<\/li>\n<li><strong>Validez y condiciones de anulaci\u00f3n<\/strong>: Las ordenes no son consideradas como confirmadas que despu\u00e9s recepci\u00f3n del pago. Por los ordenes con fecha: el reembolso de la prestaci\u00f3n en caso de anulaci\u00f3n es total si la anulaci\u00f3n se realiza 3 semanas antes de la fecha reservada, de la mitad si la anulaci\u00f3n se realiza en el periodo de 2 semanas antes la fecha reservada, ning\u00fan reembolso se realiza a una semana de la fecha reservada.<\/li>\n<\/ul>\n","protected":false},"excerpt":{"rendered":"<p>El taller de degustaci\u00f3n de quesos en Paris, le permite descubrir el proceso de fabricaci\u00f3n y el origen de numerosas especialidades de quesos franceses. Nuestro Maestro Quesero seleccionar\u00e1 una copiosa y gourmet tabla de quesos.\u00a0<\/p>\n","protected":false},"featured_media":9124,"template":"","meta":{"inline_featured_image":false,"neve_meta_sidebar":"","neve_meta_container":"","neve_meta_enable_content_width":"","neve_meta_content_width":0,"neve_meta_title_alignment":"","neve_meta_author_avatar":"","neve_post_elements_order":"","neve_meta_disable_header":"","neve_meta_disable_footer":"","neve_meta_disable_title":""},"product_brand":[],"product_cat":[190,208],"product_tag":[1636],"class_list":{"0":"post-618","1":"product","2":"type-product","3":"status-publish","4":"has-post-thumbnail","6":"product_cat-actividades-gastronomicas-en-paris-es","7":"product_cat-talleres-de-degustacion-en-paris-es","8":"product_tag-degustacion-quesos-paris","10":"first","11":"instock","12":"taxable","13":"shipping-taxable","14":"purchasable","15":"product-type-simple"},"yoast_head":"<!-- This site is optimized with the Yoast SEO Premium plugin v27.4 (Yoast SEO v27.4) - https:\/\/yoast.com\/product\/yoast-seo-premium-wordpress\/ -->\n<title>Taller degustaci\u00f3n de Quesos franceses en Paris<\/title>\n<meta name=\"description\" content=\"El taller de degustaci\u00f3n de quesos en Paris le permite descubrir la fabricaci\u00f3n y el origen de los diferentes quesos t\u00edpicos de Francia antes de probarlos\" \/>\n<meta name=\"robots\" content=\"index, follow, max-snippet:-1, max-image-preview:large, max-video-preview:-1\" \/>\n<link rel=\"canonical\" href=\"https:\/\/laroutedesgourmets.fr\/es\/actividades-gastronomicas-en-paris-es\/degustacion-de-quesos-en-paris\/\" \/>\n<meta property=\"og:locale\" content=\"es_ES\" \/>\n<meta property=\"og:type\" content=\"article\" \/>\n<meta property=\"og:title\" content=\"Taller degustaci\u00f3n de Quesos franceses en Paris\" \/>\n<meta property=\"og:description\" content=\"El taller de degustaci\u00f3n de quesos en Paris le permite descubrir la fabricaci\u00f3n y el origen de los diferentes quesos t\u00edpicos de Francia antes de probarlos\" \/>\n<meta property=\"og:url\" content=\"https:\/\/laroutedesgourmets.fr\/es\/actividades-gastronomicas-en-paris-es\/degustacion-de-quesos-en-paris\/\" \/>\n<meta property=\"og:site_name\" content=\"La Route des Gourmets\" \/>\n<meta property=\"article:publisher\" content=\"http:\/\/www.facebook.com\/laroutedesgourmets\" \/>\n<meta property=\"og:image\" content=\"https:\/\/laroutedesgourmets.fr\/wp-content\/uploads\/2013\/01\/iStock-172245436-scaled.jpg\" \/>\n\t<meta property=\"og:image:width\" content=\"2560\" \/>\n\t<meta property=\"og:image:height\" content=\"1807\" \/>\n\t<meta property=\"og:image:type\" content=\"image\/jpeg\" \/>\n<meta name=\"twitter:card\" content=\"summary_large_image\" \/>\n<meta name=\"twitter:site\" content=\"@Routedesgourmet\" \/>\n<meta name=\"twitter:label1\" content=\"Tiempo de lectura\" \/>\n\t<meta name=\"twitter:data1\" content=\"2 minutos\" \/>\n<script type=\"application\/ld+json\" class=\"yoast-schema-graph\">{\"@context\":\"https:\\\/\\\/schema.org\",\"@graph\":[{\"@type\":\"WebPage\",\"@id\":\"https:\\\/\\\/laroutedesgourmets.fr\\\/es\\\/actividades-gastronomicas-en-paris-es\\\/degustacion-de-quesos-en-paris\\\/\",\"url\":\"https:\\\/\\\/laroutedesgourmets.fr\\\/es\\\/actividades-gastronomicas-en-paris-es\\\/degustacion-de-quesos-en-paris\\\/\",\"name\":\"Taller degustaci\u00f3n de Quesos franceses en Paris\",\"isPartOf\":{\"@id\":\"https:\\\/\\\/laroutedesgourmets.fr\\\/#website\"},\"primaryImageOfPage\":{\"@id\":\"https:\\\/\\\/laroutedesgourmets.fr\\\/es\\\/actividades-gastronomicas-en-paris-es\\\/degustacion-de-quesos-en-paris\\\/#primaryimage\"},\"image\":{\"@id\":\"https:\\\/\\\/laroutedesgourmets.fr\\\/es\\\/actividades-gastronomicas-en-paris-es\\\/degustacion-de-quesos-en-paris\\\/#primaryimage\"},\"thumbnailUrl\":\"https:\\\/\\\/laroutedesgourmets.fr\\\/wp-content\\\/uploads\\\/2013\\\/01\\\/iStock-172245436-scaled.jpg\",\"datePublished\":\"2013-01-15T17:25:21+00:00\",\"description\":\"El taller de degustaci\u00f3n de quesos en Paris le permite descubrir la fabricaci\u00f3n y el origen de los diferentes quesos t\u00edpicos de Francia antes de probarlos\",\"breadcrumb\":{\"@id\":\"https:\\\/\\\/laroutedesgourmets.fr\\\/es\\\/actividades-gastronomicas-en-paris-es\\\/degustacion-de-quesos-en-paris\\\/#breadcrumb\"},\"inLanguage\":\"es\",\"potentialAction\":[{\"@type\":\"ReadAction\",\"target\":[\"https:\\\/\\\/laroutedesgourmets.fr\\\/es\\\/actividades-gastronomicas-en-paris-es\\\/degustacion-de-quesos-en-paris\\\/\"]}]},{\"@type\":\"ImageObject\",\"inLanguage\":\"es\",\"@id\":\"https:\\\/\\\/laroutedesgourmets.fr\\\/es\\\/actividades-gastronomicas-en-paris-es\\\/degustacion-de-quesos-en-paris\\\/#primaryimage\",\"url\":\"https:\\\/\\\/laroutedesgourmets.fr\\\/wp-content\\\/uploads\\\/2013\\\/01\\\/iStock-172245436-scaled.jpg\",\"contentUrl\":\"https:\\\/\\\/laroutedesgourmets.fr\\\/wp-content\\\/uploads\\\/2013\\\/01\\\/iStock-172245436-scaled.jpg\",\"width\":2560,\"height\":1807,\"caption\":\"A delectable cheeseboard filled with an assortment of fine imported cheeses and served with dessert wine. Shallow dof.\"},{\"@type\":\"BreadcrumbList\",\"@id\":\"https:\\\/\\\/laroutedesgourmets.fr\\\/es\\\/actividades-gastronomicas-en-paris-es\\\/degustacion-de-quesos-en-paris\\\/#breadcrumb\",\"itemListElement\":[{\"@type\":\"ListItem\",\"position\":1,\"name\":\"Visites gourmandes \u00e0 Paris\",\"item\":\"https:\\\/\\\/laroutedesgourmets.fr\\\/visites-guidees\\\/\"},{\"@type\":\"ListItem\",\"position\":2,\"name\":\"Degustaci\u00f3n de quesos en Paris\"}]},{\"@type\":\"WebSite\",\"@id\":\"https:\\\/\\\/laroutedesgourmets.fr\\\/#website\",\"url\":\"https:\\\/\\\/laroutedesgourmets.fr\\\/\",\"name\":\"La Route des Gourmets\",\"description\":\"Agence de tourisme gastronomique\",\"publisher\":{\"@id\":\"https:\\\/\\\/laroutedesgourmets.fr\\\/#organization\"},\"potentialAction\":[{\"@type\":\"SearchAction\",\"target\":{\"@type\":\"EntryPoint\",\"urlTemplate\":\"https:\\\/\\\/laroutedesgourmets.fr\\\/?s={search_term_string}\"},\"query-input\":{\"@type\":\"PropertyValueSpecification\",\"valueRequired\":true,\"valueName\":\"search_term_string\"}}],\"inLanguage\":\"es\"},{\"@type\":\"Organization\",\"@id\":\"https:\\\/\\\/laroutedesgourmets.fr\\\/#organization\",\"name\":\"La Route des Gourmets\",\"url\":\"https:\\\/\\\/laroutedesgourmets.fr\\\/\",\"logo\":{\"@type\":\"ImageObject\",\"inLanguage\":\"es\",\"@id\":\"https:\\\/\\\/laroutedesgourmets.fr\\\/#\\\/schema\\\/logo\\\/image\\\/\",\"url\":\"https:\\\/\\\/laroutedesgourmets.fr\\\/wp-content\\\/uploads\\\/2023\\\/12\\\/laroutedesgourmets-sigle-cadre-S-b.png\",\"contentUrl\":\"https:\\\/\\\/laroutedesgourmets.fr\\\/wp-content\\\/uploads\\\/2023\\\/12\\\/laroutedesgourmets-sigle-cadre-S-b.png\",\"width\":445,\"height\":445,\"caption\":\"La Route des Gourmets\"},\"image\":{\"@id\":\"https:\\\/\\\/laroutedesgourmets.fr\\\/#\\\/schema\\\/logo\\\/image\\\/\"},\"sameAs\":[\"http:\\\/\\\/www.facebook.com\\\/laroutedesgourmets\",\"https:\\\/\\\/x.com\\\/Routedesgourmet\",\"https:\\\/\\\/www.instagram.com\\\/laroutedesgourmets\"],\"email\":\"infos@laroutedesgourmets.fr\",\"telephone\":\"+33139473279\"}]}<\/script>\n<!-- \/ Yoast SEO Premium plugin. -->","yoast_head_json":{"title":"Taller degustaci\u00f3n de Quesos franceses en Paris","description":"El taller de degustaci\u00f3n de quesos en Paris le permite descubrir la fabricaci\u00f3n y el origen de los diferentes quesos t\u00edpicos de Francia antes de probarlos","robots":{"index":"index","follow":"follow","max-snippet":"max-snippet:-1","max-image-preview":"max-image-preview:large","max-video-preview":"max-video-preview:-1"},"canonical":"https:\/\/laroutedesgourmets.fr\/es\/actividades-gastronomicas-en-paris-es\/degustacion-de-quesos-en-paris\/","og_locale":"es_ES","og_type":"article","og_title":"Taller degustaci\u00f3n de Quesos franceses en Paris","og_description":"El taller de degustaci\u00f3n de quesos en Paris le permite descubrir la fabricaci\u00f3n y el origen de los diferentes quesos t\u00edpicos de Francia antes de probarlos","og_url":"https:\/\/laroutedesgourmets.fr\/es\/actividades-gastronomicas-en-paris-es\/degustacion-de-quesos-en-paris\/","og_site_name":"La Route des Gourmets","article_publisher":"http:\/\/www.facebook.com\/laroutedesgourmets","og_image":[{"width":2560,"height":1807,"url":"https:\/\/laroutedesgourmets.fr\/wp-content\/uploads\/2013\/01\/iStock-172245436-scaled.jpg","type":"image\/jpeg"}],"twitter_card":"summary_large_image","twitter_site":"@Routedesgourmet","twitter_misc":{"Tiempo de lectura":"2 minutos"},"schema":{"@context":"https:\/\/schema.org","@graph":[{"@type":"WebPage","@id":"https:\/\/laroutedesgourmets.fr\/es\/actividades-gastronomicas-en-paris-es\/degustacion-de-quesos-en-paris\/","url":"https:\/\/laroutedesgourmets.fr\/es\/actividades-gastronomicas-en-paris-es\/degustacion-de-quesos-en-paris\/","name":"Taller degustaci\u00f3n de Quesos franceses en Paris","isPartOf":{"@id":"https:\/\/laroutedesgourmets.fr\/#website"},"primaryImageOfPage":{"@id":"https:\/\/laroutedesgourmets.fr\/es\/actividades-gastronomicas-en-paris-es\/degustacion-de-quesos-en-paris\/#primaryimage"},"image":{"@id":"https:\/\/laroutedesgourmets.fr\/es\/actividades-gastronomicas-en-paris-es\/degustacion-de-quesos-en-paris\/#primaryimage"},"thumbnailUrl":"https:\/\/laroutedesgourmets.fr\/wp-content\/uploads\/2013\/01\/iStock-172245436-scaled.jpg","datePublished":"2013-01-15T17:25:21+00:00","description":"El taller de degustaci\u00f3n de quesos en Paris le permite descubrir la fabricaci\u00f3n y el origen de los diferentes quesos t\u00edpicos de Francia antes de probarlos","breadcrumb":{"@id":"https:\/\/laroutedesgourmets.fr\/es\/actividades-gastronomicas-en-paris-es\/degustacion-de-quesos-en-paris\/#breadcrumb"},"inLanguage":"es","potentialAction":[{"@type":"ReadAction","target":["https:\/\/laroutedesgourmets.fr\/es\/actividades-gastronomicas-en-paris-es\/degustacion-de-quesos-en-paris\/"]}]},{"@type":"ImageObject","inLanguage":"es","@id":"https:\/\/laroutedesgourmets.fr\/es\/actividades-gastronomicas-en-paris-es\/degustacion-de-quesos-en-paris\/#primaryimage","url":"https:\/\/laroutedesgourmets.fr\/wp-content\/uploads\/2013\/01\/iStock-172245436-scaled.jpg","contentUrl":"https:\/\/laroutedesgourmets.fr\/wp-content\/uploads\/2013\/01\/iStock-172245436-scaled.jpg","width":2560,"height":1807,"caption":"A delectable cheeseboard filled with an assortment of fine imported cheeses and served with dessert wine. Shallow dof."},{"@type":"BreadcrumbList","@id":"https:\/\/laroutedesgourmets.fr\/es\/actividades-gastronomicas-en-paris-es\/degustacion-de-quesos-en-paris\/#breadcrumb","itemListElement":[{"@type":"ListItem","position":1,"name":"Visites gourmandes \u00e0 Paris","item":"https:\/\/laroutedesgourmets.fr\/visites-guidees\/"},{"@type":"ListItem","position":2,"name":"Degustaci\u00f3n de quesos en Paris"}]},{"@type":"WebSite","@id":"https:\/\/laroutedesgourmets.fr\/#website","url":"https:\/\/laroutedesgourmets.fr\/","name":"La Route des Gourmets","description":"Agence de tourisme gastronomique","publisher":{"@id":"https:\/\/laroutedesgourmets.fr\/#organization"},"potentialAction":[{"@type":"SearchAction","target":{"@type":"EntryPoint","urlTemplate":"https:\/\/laroutedesgourmets.fr\/?s={search_term_string}"},"query-input":{"@type":"PropertyValueSpecification","valueRequired":true,"valueName":"search_term_string"}}],"inLanguage":"es"},{"@type":"Organization","@id":"https:\/\/laroutedesgourmets.fr\/#organization","name":"La Route des Gourmets","url":"https:\/\/laroutedesgourmets.fr\/","logo":{"@type":"ImageObject","inLanguage":"es","@id":"https:\/\/laroutedesgourmets.fr\/#\/schema\/logo\/image\/","url":"https:\/\/laroutedesgourmets.fr\/wp-content\/uploads\/2023\/12\/laroutedesgourmets-sigle-cadre-S-b.png","contentUrl":"https:\/\/laroutedesgourmets.fr\/wp-content\/uploads\/2023\/12\/laroutedesgourmets-sigle-cadre-S-b.png","width":445,"height":445,"caption":"La Route des Gourmets"},"image":{"@id":"https:\/\/laroutedesgourmets.fr\/#\/schema\/logo\/image\/"},"sameAs":["http:\/\/www.facebook.com\/laroutedesgourmets","https:\/\/x.com\/Routedesgourmet","https:\/\/www.instagram.com\/laroutedesgourmets"],"email":"infos@laroutedesgourmets.fr","telephone":"+33139473279"}]}},"_links":{"self":[{"href":"https:\/\/laroutedesgourmets.fr\/es\/wp-json\/wp\/v2\/product\/618","targetHints":{"allow":["GET"]}}],"collection":[{"href":"https:\/\/laroutedesgourmets.fr\/es\/wp-json\/wp\/v2\/product"}],"about":[{"href":"https:\/\/laroutedesgourmets.fr\/es\/wp-json\/wp\/v2\/types\/product"}],"wp:featuredmedia":[{"embeddable":true,"href":"https:\/\/laroutedesgourmets.fr\/es\/wp-json\/wp\/v2\/media\/9124"}],"wp:attachment":[{"href":"https:\/\/laroutedesgourmets.fr\/es\/wp-json\/wp\/v2\/media?parent=618"}],"wp:term":[{"taxonomy":"product_brand","embeddable":true,"href":"https:\/\/laroutedesgourmets.fr\/es\/wp-json\/wp\/v2\/product_brand?post=618"},{"taxonomy":"product_cat","embeddable":true,"href":"https:\/\/laroutedesgourmets.fr\/es\/wp-json\/wp\/v2\/product_cat?post=618"},{"taxonomy":"product_tag","embeddable":true,"href":"https:\/\/laroutedesgourmets.fr\/es\/wp-json\/wp\/v2\/product_tag?post=618"}],"curies":[{"name":"wp","href":"https:\/\/api.w.org\/{rel}","templated":true}]}}