{"id":768,"date":"2022-05-03T17:04:21","date_gmt":"2022-05-03T15:04:21","guid":{"rendered":"https:\/\/v3.laroutedesgourmets.fr\/?post_type=product&#038;p=768"},"modified":"2024-07-08T18:09:50","modified_gmt":"2024-07-08T16:09:50","slug":"tour-privado-1-dia-en-champagne","status":"publish","type":"product","link":"https:\/\/laroutedesgourmets.fr\/es\/excursiones-alrededor-de-paris\/tour-privado-1-dia-en-champagne\/","title":{"rendered":"Excursion gastronomica 1 d\u00eda en Champagne"},"content":{"rendered":"<h2>Excursi\u00f3n guiada privada en Champagne, Reims y Epernay<\/h2>\n<p>Int\u00e9rnese al coraz\u00f3n del Champagne: A dos horas de ruta desde Par\u00eds llegamos a Reims, la \u201cCiudad de los Reyes y \u201cCapital del Champagne\u201d para visitar una de sus prestigiosas bodegas y apreciar su centro hist\u00f3rico mayoritariamente Arte-Deco, con no menos de tres sitios inscritos en la Lista del Patrimonio Mundial de la UNESCO,\u00a0especialmente su magn\u00edfica catedral g\u00f3tica. Despu\u00e9s de un breve recorrido por la ciudad realizamos una pausa para comer y disfrutar de las especialidades gastron\u00f3micas regionales en un t\u00edpico restaurante franc\u00e9s.<\/p>\n<p>Continuamos nuestro recorrido a trav\u00e9s de esta regi\u00f3n, para visitar el pueblo del Abad Dom P\u00e9rignon, \u00a0padre del m\u00e9todo de elaboraci\u00f3n de este precioso vino espumoso y entre la visita de las Casas de Champagne, nuestro gu\u00eda especialista en cultura alimentaria, lo llevar\u00e1 a visitar el faro de Verzenay, donde podr\u00e1 apreciar los vi\u00f1edos del Champagne con una vista espectacular.<\/p>\n<p>Nuestro recorrido adem\u00e1s de incluir diversas degustaciones de Champagne, le propone descubrir los secretos de su fabricaci\u00f3n y la historia de esta excepcional bebida, visitando las Casas de productores de prestigio internacional y peque\u00f1as explotaciones cuidadosamente seleccionadas, con el fin ofrecerle una perspectiva completa del sector del Champagne.<\/p>\n<p>Para terminar nuestro tour, recorreremos la famosa \u201cAvenue du Champagne\u201d en Epernay, avenida donde se concentra el mayor y m\u00e1s selecto grupo de productores del Champage.<\/p>\n<h3>El valor agregado de nuestra excursi\u00f3n enol\u00f3gica y eno-turistica:<\/h3>\n<div>\n<ul>\n<li>Nuestro tour \u201cLa ruta del Champagne\u201d no es un tour exclusivamente enol\u00f3gico, sino adem\u00e1s gourmet dirigido a descubrir las especialidades culinarias del terru\u00f1o del Champagne: soletas rosas de Reims, el queso chaource y la mostaza antigua de Reims.<\/li>\n<li>Nuestro gu\u00eda es un especialista en cultura alimentaria lo que constituye une garant\u00eda de calidad en la informaci\u00f3n proporcionada.<\/li>\n<li>Una recepci\u00f3n VIP: Perfectamente triling\u00fce franc\u00e9s\/ingl\u00e9s\/espa\u00f1ol, nuestro gu\u00eda se adapta perfectamente a una clientela exigente.<\/li>\n<li>Nuestra agencia no subcontrata ning\u00fan servicio y asegura la prestaci\u00f3n desde el punto de partida hasta el punto de llegada<\/li>\n<li>Una visita a su medida: en funci\u00f3n de sus intereses, nuestro gu\u00eda adapta las actividades enol\u00f3gicas del d\u00eda y la especificidad del contenido de la informaci\u00f3n a sus intereses<\/li>\n<\/ul>\n<\/div>\n<h3>El precio incluye:<\/h3>\n<div>\n<ul>\n<li>La visita VIP a la medida<\/li>\n<li>El transporte ida y vuelta en coche\/bus con gu\u00eda chofer del lugar de cita de salida seg\u00fan su demanda dentro de Par\u00eds.<\/li>\n<li>La visita comentada de la Catedral de Reims<\/li>\n<li>La visita de 2 cavas de Champagne<\/li>\n<li>Las degustaciones de Champagne<\/li>\n<li>La degustaci\u00f3n de productos regionales<\/li>\n<li>La tarifa del circuito no incluye la comida no obstante podemos recomendarle los mejores restaurantes de especialidades en funci\u00f3n de su deseos.<\/li>\n<\/ul>\n<\/div>\n<div><\/div>\n<h3>Informaciones pr\u00e1cticas:<\/h3>\n<ul>\n<li><strong>Duraci\u00f3n<\/strong>: de las 8 de la ma\u00f1ana a las 7.30 de la tarde<\/li>\n<li><strong>Disponibilidad<\/strong>: todos los d\u00edas excepto los s\u00e1bados y domingos (cons\u00faltenos para los fines de semana: <a href=\"mailto:infos@laroutedesgourmets.fr\">infos@laroutedesgourmets.fr<\/a> )<\/li>\n<li><strong>M\u00ednimo<\/strong>: 4 personas<\/li>\n<li><strong>P\u00fablico:<\/strong> circuito adaptado a particulares, estudiantes, profesionales,&#8230;<\/li>\n<li><strong>Idiomas del gu\u00eda<\/strong>: franc\u00e9s, espa\u00f1ol, ingl\u00e9s (cons\u00faltenos para otras lenguas)<\/li>\n<li><strong>Validez y condiciones de anulaci\u00f3n<\/strong>: Las reservaciones se confirman al momento de recepci\u00f3n del pago. El reembolso del tour\u00a0 ser\u00e1 completo si la\u00a0 anulaci\u00f3n se realiza dentro del t\u00e9rmino de 3 semanas antes de la fecha de la prestaci\u00f3n, de la mitad si la anulaci\u00f3n se realiza en el t\u00e9rmino de 2 semanas antes de la fecha de la prestaci\u00f3n,\u00a0 ning\u00fan reembolso ser\u00e1 realizado en caso de anulaci\u00f3n en el t\u00e9rmino de una semana previa a la fecha de la prestaci\u00f3n.<\/li>\n<\/ul>\n","protected":false},"excerpt":{"rendered":"<p>La ruta del Champagne es nuestro circuito eno-gastronomico que lo invita a descubrir Reims y Epernay, visitando sus magnificas casas de Champagne, y sus vi\u00f1edos y cavas de excepci\u00f3n, en donde adem\u00e1s podr\u00e1 degustar las especialidades regionales gourmet<\/p>\n","protected":false},"featured_media":9127,"template":"","meta":{"inline_featured_image":false,"neve_meta_sidebar":"","neve_meta_container":"","neve_meta_enable_content_width":"off","neve_meta_content_width":100,"neve_meta_title_alignment":"","neve_meta_author_avatar":"","neve_post_elements_order":"","neve_meta_disable_header":"","neve_meta_disable_footer":"","neve_meta_disable_title":""},"product_brand":[],"product_cat":[1586],"product_tag":[],"class_list":{"0":"post-768","1":"product","2":"type-product","3":"status-publish","4":"has-post-thumbnail","6":"product_cat-excursiones-alrededor-de-paris","8":"first","9":"instock","10":"taxable","11":"shipping-taxable","12":"purchasable","13":"product-type-simple"},"yoast_head":"<!-- This site is optimized with the Yoast SEO Premium plugin v27.4 (Yoast SEO v27.4) - https:\/\/yoast.com\/product\/yoast-seo-premium-wordpress\/ -->\n<title>Excursi\u00f3n guiada privada en Champagne: Reims y Epernay<\/title>\n<meta name=\"description\" content=\"Desde Par\u00eds, descubra en 1 d\u00eda la ruta del Champagne Reims y Epernay: visita de bodegas y vi\u00f1edos, catas de Champagne y degustaciones de especialidades\" \/>\n<meta name=\"robots\" content=\"index, follow, max-snippet:-1, max-image-preview:large, max-video-preview:-1\" \/>\n<link rel=\"canonical\" href=\"https:\/\/laroutedesgourmets.fr\/es\/excursiones-alrededor-de-paris\/tour-privado-1-dia-en-champagne\/\" \/>\n<meta property=\"og:locale\" content=\"es_ES\" \/>\n<meta property=\"og:type\" content=\"article\" \/>\n<meta property=\"og:title\" content=\"Excursi\u00f3n guiada privada en Champagne: Reims y Epernay\" \/>\n<meta property=\"og:description\" content=\"Desde Par\u00eds, descubra en 1 d\u00eda la ruta del Champagne Reims y Epernay: visita de bodegas y vi\u00f1edos, catas de Champagne y degustaciones de especialidades\" \/>\n<meta property=\"og:url\" content=\"https:\/\/laroutedesgourmets.fr\/es\/excursiones-alrededor-de-paris\/tour-privado-1-dia-en-champagne\/\" \/>\n<meta property=\"og:site_name\" content=\"La Route des Gourmets\" \/>\n<meta property=\"article:publisher\" content=\"http:\/\/www.facebook.com\/laroutedesgourmets\" \/>\n<meta property=\"article:modified_time\" content=\"2024-07-08T16:09:50+00:00\" \/>\n<meta property=\"og:image\" content=\"https:\/\/laroutedesgourmets.fr\/wp-content\/uploads\/2022\/05\/iStock-1330424031-scaled.jpg\" \/>\n\t<meta property=\"og:image:width\" content=\"2560\" \/>\n\t<meta property=\"og:image:height\" content=\"1704\" \/>\n\t<meta property=\"og:image:type\" content=\"image\/jpeg\" \/>\n<meta name=\"twitter:card\" content=\"summary_large_image\" \/>\n<meta name=\"twitter:site\" content=\"@Routedesgourmet\" \/>\n<meta name=\"twitter:label1\" content=\"Tiempo de lectura\" \/>\n\t<meta name=\"twitter:data1\" content=\"6 minutos\" \/>\n<script type=\"application\/ld+json\" class=\"yoast-schema-graph\">{\"@context\":\"https:\\\/\\\/schema.org\",\"@graph\":[{\"@type\":\"WebPage\",\"@id\":\"https:\\\/\\\/laroutedesgourmets.fr\\\/es\\\/excursiones-alrededor-de-paris\\\/tour-privado-1-dia-en-champagne\\\/\",\"url\":\"https:\\\/\\\/laroutedesgourmets.fr\\\/es\\\/excursiones-alrededor-de-paris\\\/tour-privado-1-dia-en-champagne\\\/\",\"name\":\"Excursi\u00f3n guiada privada en Champagne: Reims y Epernay\",\"isPartOf\":{\"@id\":\"https:\\\/\\\/laroutedesgourmets.fr\\\/#website\"},\"primaryImageOfPage\":{\"@id\":\"https:\\\/\\\/laroutedesgourmets.fr\\\/es\\\/excursiones-alrededor-de-paris\\\/tour-privado-1-dia-en-champagne\\\/#primaryimage\"},\"image\":{\"@id\":\"https:\\\/\\\/laroutedesgourmets.fr\\\/es\\\/excursiones-alrededor-de-paris\\\/tour-privado-1-dia-en-champagne\\\/#primaryimage\"},\"thumbnailUrl\":\"https:\\\/\\\/laroutedesgourmets.fr\\\/wp-content\\\/uploads\\\/2022\\\/05\\\/iStock-1330424031-scaled.jpg\",\"datePublished\":\"2022-05-03T15:04:21+00:00\",\"dateModified\":\"2024-07-08T16:09:50+00:00\",\"description\":\"Desde Par\u00eds, descubra en 1 d\u00eda la ruta del Champagne Reims y Epernay: visita de bodegas y vi\u00f1edos, catas de Champagne y degustaciones de especialidades\",\"breadcrumb\":{\"@id\":\"https:\\\/\\\/laroutedesgourmets.fr\\\/es\\\/excursiones-alrededor-de-paris\\\/tour-privado-1-dia-en-champagne\\\/#breadcrumb\"},\"inLanguage\":\"es\",\"potentialAction\":[{\"@type\":\"ReadAction\",\"target\":[\"https:\\\/\\\/laroutedesgourmets.fr\\\/es\\\/excursiones-alrededor-de-paris\\\/tour-privado-1-dia-en-champagne\\\/\"]}]},{\"@type\":\"ImageObject\",\"inLanguage\":\"es\",\"@id\":\"https:\\\/\\\/laroutedesgourmets.fr\\\/es\\\/excursiones-alrededor-de-paris\\\/tour-privado-1-dia-en-champagne\\\/#primaryimage\",\"url\":\"https:\\\/\\\/laroutedesgourmets.fr\\\/wp-content\\\/uploads\\\/2022\\\/05\\\/iStock-1330424031-scaled.jpg\",\"contentUrl\":\"https:\\\/\\\/laroutedesgourmets.fr\\\/wp-content\\\/uploads\\\/2022\\\/05\\\/iStock-1330424031-scaled.jpg\",\"width\":2560,\"height\":1704,\"caption\":\"Tasting of brut and demi-sec white champagne sparkling wine from special flute glasses with view on green Champagne vineyards, France\"},{\"@type\":\"BreadcrumbList\",\"@id\":\"https:\\\/\\\/laroutedesgourmets.fr\\\/es\\\/excursiones-alrededor-de-paris\\\/tour-privado-1-dia-en-champagne\\\/#breadcrumb\",\"itemListElement\":[{\"@type\":\"ListItem\",\"position\":1,\"name\":\"Visites gourmandes \u00e0 Paris\",\"item\":\"https:\\\/\\\/laroutedesgourmets.fr\\\/visites-guidees\\\/\"},{\"@type\":\"ListItem\",\"position\":2,\"name\":\"Excursion gastronomica 1 d\u00eda en Champagne\"}]},{\"@type\":\"WebSite\",\"@id\":\"https:\\\/\\\/laroutedesgourmets.fr\\\/#website\",\"url\":\"https:\\\/\\\/laroutedesgourmets.fr\\\/\",\"name\":\"La Route des Gourmets\",\"description\":\"Agence de tourisme gastronomique\",\"publisher\":{\"@id\":\"https:\\\/\\\/laroutedesgourmets.fr\\\/#organization\"},\"potentialAction\":[{\"@type\":\"SearchAction\",\"target\":{\"@type\":\"EntryPoint\",\"urlTemplate\":\"https:\\\/\\\/laroutedesgourmets.fr\\\/?s={search_term_string}\"},\"query-input\":{\"@type\":\"PropertyValueSpecification\",\"valueRequired\":true,\"valueName\":\"search_term_string\"}}],\"inLanguage\":\"es\"},{\"@type\":\"Organization\",\"@id\":\"https:\\\/\\\/laroutedesgourmets.fr\\\/#organization\",\"name\":\"La Route des Gourmets\",\"url\":\"https:\\\/\\\/laroutedesgourmets.fr\\\/\",\"logo\":{\"@type\":\"ImageObject\",\"inLanguage\":\"es\",\"@id\":\"https:\\\/\\\/laroutedesgourmets.fr\\\/#\\\/schema\\\/logo\\\/image\\\/\",\"url\":\"https:\\\/\\\/laroutedesgourmets.fr\\\/wp-content\\\/uploads\\\/2023\\\/12\\\/laroutedesgourmets-sigle-cadre-S-b.png\",\"contentUrl\":\"https:\\\/\\\/laroutedesgourmets.fr\\\/wp-content\\\/uploads\\\/2023\\\/12\\\/laroutedesgourmets-sigle-cadre-S-b.png\",\"width\":445,\"height\":445,\"caption\":\"La Route des Gourmets\"},\"image\":{\"@id\":\"https:\\\/\\\/laroutedesgourmets.fr\\\/#\\\/schema\\\/logo\\\/image\\\/\"},\"sameAs\":[\"http:\\\/\\\/www.facebook.com\\\/laroutedesgourmets\",\"https:\\\/\\\/x.com\\\/Routedesgourmet\",\"https:\\\/\\\/www.instagram.com\\\/laroutedesgourmets\"],\"email\":\"infos@laroutedesgourmets.fr\",\"telephone\":\"+33139473279\"}]}<\/script>\n<!-- \/ Yoast SEO Premium plugin. -->","yoast_head_json":{"title":"Excursi\u00f3n guiada privada en Champagne: Reims y Epernay","description":"Desde Par\u00eds, descubra en 1 d\u00eda la ruta del Champagne Reims y Epernay: visita de bodegas y vi\u00f1edos, catas de Champagne y degustaciones de especialidades","robots":{"index":"index","follow":"follow","max-snippet":"max-snippet:-1","max-image-preview":"max-image-preview:large","max-video-preview":"max-video-preview:-1"},"canonical":"https:\/\/laroutedesgourmets.fr\/es\/excursiones-alrededor-de-paris\/tour-privado-1-dia-en-champagne\/","og_locale":"es_ES","og_type":"article","og_title":"Excursi\u00f3n guiada privada en Champagne: Reims y Epernay","og_description":"Desde Par\u00eds, descubra en 1 d\u00eda la ruta del Champagne Reims y Epernay: visita de bodegas y vi\u00f1edos, catas de Champagne y degustaciones de especialidades","og_url":"https:\/\/laroutedesgourmets.fr\/es\/excursiones-alrededor-de-paris\/tour-privado-1-dia-en-champagne\/","og_site_name":"La Route des Gourmets","article_publisher":"http:\/\/www.facebook.com\/laroutedesgourmets","article_modified_time":"2024-07-08T16:09:50+00:00","og_image":[{"width":2560,"height":1704,"url":"https:\/\/laroutedesgourmets.fr\/wp-content\/uploads\/2022\/05\/iStock-1330424031-scaled.jpg","type":"image\/jpeg"}],"twitter_card":"summary_large_image","twitter_site":"@Routedesgourmet","twitter_misc":{"Tiempo de lectura":"6 minutos"},"schema":{"@context":"https:\/\/schema.org","@graph":[{"@type":"WebPage","@id":"https:\/\/laroutedesgourmets.fr\/es\/excursiones-alrededor-de-paris\/tour-privado-1-dia-en-champagne\/","url":"https:\/\/laroutedesgourmets.fr\/es\/excursiones-alrededor-de-paris\/tour-privado-1-dia-en-champagne\/","name":"Excursi\u00f3n guiada privada en Champagne: Reims y Epernay","isPartOf":{"@id":"https:\/\/laroutedesgourmets.fr\/#website"},"primaryImageOfPage":{"@id":"https:\/\/laroutedesgourmets.fr\/es\/excursiones-alrededor-de-paris\/tour-privado-1-dia-en-champagne\/#primaryimage"},"image":{"@id":"https:\/\/laroutedesgourmets.fr\/es\/excursiones-alrededor-de-paris\/tour-privado-1-dia-en-champagne\/#primaryimage"},"thumbnailUrl":"https:\/\/laroutedesgourmets.fr\/wp-content\/uploads\/2022\/05\/iStock-1330424031-scaled.jpg","datePublished":"2022-05-03T15:04:21+00:00","dateModified":"2024-07-08T16:09:50+00:00","description":"Desde Par\u00eds, descubra en 1 d\u00eda la ruta del Champagne Reims y Epernay: visita de bodegas y vi\u00f1edos, catas de Champagne y degustaciones de especialidades","breadcrumb":{"@id":"https:\/\/laroutedesgourmets.fr\/es\/excursiones-alrededor-de-paris\/tour-privado-1-dia-en-champagne\/#breadcrumb"},"inLanguage":"es","potentialAction":[{"@type":"ReadAction","target":["https:\/\/laroutedesgourmets.fr\/es\/excursiones-alrededor-de-paris\/tour-privado-1-dia-en-champagne\/"]}]},{"@type":"ImageObject","inLanguage":"es","@id":"https:\/\/laroutedesgourmets.fr\/es\/excursiones-alrededor-de-paris\/tour-privado-1-dia-en-champagne\/#primaryimage","url":"https:\/\/laroutedesgourmets.fr\/wp-content\/uploads\/2022\/05\/iStock-1330424031-scaled.jpg","contentUrl":"https:\/\/laroutedesgourmets.fr\/wp-content\/uploads\/2022\/05\/iStock-1330424031-scaled.jpg","width":2560,"height":1704,"caption":"Tasting of brut and demi-sec white champagne sparkling wine from special flute glasses with view on green Champagne vineyards, France"},{"@type":"BreadcrumbList","@id":"https:\/\/laroutedesgourmets.fr\/es\/excursiones-alrededor-de-paris\/tour-privado-1-dia-en-champagne\/#breadcrumb","itemListElement":[{"@type":"ListItem","position":1,"name":"Visites gourmandes \u00e0 Paris","item":"https:\/\/laroutedesgourmets.fr\/visites-guidees\/"},{"@type":"ListItem","position":2,"name":"Excursion gastronomica 1 d\u00eda en Champagne"}]},{"@type":"WebSite","@id":"https:\/\/laroutedesgourmets.fr\/#website","url":"https:\/\/laroutedesgourmets.fr\/","name":"La Route des Gourmets","description":"Agence de tourisme gastronomique","publisher":{"@id":"https:\/\/laroutedesgourmets.fr\/#organization"},"potentialAction":[{"@type":"SearchAction","target":{"@type":"EntryPoint","urlTemplate":"https:\/\/laroutedesgourmets.fr\/?s={search_term_string}"},"query-input":{"@type":"PropertyValueSpecification","valueRequired":true,"valueName":"search_term_string"}}],"inLanguage":"es"},{"@type":"Organization","@id":"https:\/\/laroutedesgourmets.fr\/#organization","name":"La Route des Gourmets","url":"https:\/\/laroutedesgourmets.fr\/","logo":{"@type":"ImageObject","inLanguage":"es","@id":"https:\/\/laroutedesgourmets.fr\/#\/schema\/logo\/image\/","url":"https:\/\/laroutedesgourmets.fr\/wp-content\/uploads\/2023\/12\/laroutedesgourmets-sigle-cadre-S-b.png","contentUrl":"https:\/\/laroutedesgourmets.fr\/wp-content\/uploads\/2023\/12\/laroutedesgourmets-sigle-cadre-S-b.png","width":445,"height":445,"caption":"La Route des Gourmets"},"image":{"@id":"https:\/\/laroutedesgourmets.fr\/#\/schema\/logo\/image\/"},"sameAs":["http:\/\/www.facebook.com\/laroutedesgourmets","https:\/\/x.com\/Routedesgourmet","https:\/\/www.instagram.com\/laroutedesgourmets"],"email":"infos@laroutedesgourmets.fr","telephone":"+33139473279"}]}},"_links":{"self":[{"href":"https:\/\/laroutedesgourmets.fr\/es\/wp-json\/wp\/v2\/product\/768","targetHints":{"allow":["GET"]}}],"collection":[{"href":"https:\/\/laroutedesgourmets.fr\/es\/wp-json\/wp\/v2\/product"}],"about":[{"href":"https:\/\/laroutedesgourmets.fr\/es\/wp-json\/wp\/v2\/types\/product"}],"wp:featuredmedia":[{"embeddable":true,"href":"https:\/\/laroutedesgourmets.fr\/es\/wp-json\/wp\/v2\/media\/9127"}],"wp:attachment":[{"href":"https:\/\/laroutedesgourmets.fr\/es\/wp-json\/wp\/v2\/media?parent=768"}],"wp:term":[{"taxonomy":"product_brand","embeddable":true,"href":"https:\/\/laroutedesgourmets.fr\/es\/wp-json\/wp\/v2\/product_brand?post=768"},{"taxonomy":"product_cat","embeddable":true,"href":"https:\/\/laroutedesgourmets.fr\/es\/wp-json\/wp\/v2\/product_cat?post=768"},{"taxonomy":"product_tag","embeddable":true,"href":"https:\/\/laroutedesgourmets.fr\/es\/wp-json\/wp\/v2\/product_tag?post=768"}],"curies":[{"name":"wp","href":"https:\/\/api.w.org\/{rel}","templated":true}]}}