{"id":855,"date":"2022-05-03T17:04:19","date_gmt":"2022-05-03T15:04:19","guid":{"rendered":"https:\/\/v3.laroutedesgourmets.fr\/?post_type=product&#038;p=855"},"modified":"2024-04-11T21:00:06","modified_gmt":"2024-04-11T19:00:06","slug":"gourmet-tour-en-el-campo-de-paris","status":"publish","type":"product","link":"https:\/\/laroutedesgourmets.fr\/es\/excursiones-alrededor-de-paris\/gourmet-tour-en-el-campo-de-paris\/","title":{"rendered":"Gourmet tour en el campo de Paris"},"content":{"rendered":"<h2 style=\"text-align: center;\">Circuito gourmet en el campo cercano a Par\u00eds para visitar el terru\u00f1o y encontrar a sus productores<\/h2>\n<p>\u00bfSab\u00eda que a\u00fan hoy existen algunas granjas a las afueras de Par\u00eds donde puede comprar huevos frescos y cortar sus propias cebollas y ensaladas?; \u00bfSab\u00eda que algunos de los m\u00e1s famosos chef de Par\u00eds, como Yannick All\u00e9no, se surten en estas granjas?; \u00bfEs usted un amante de la tradici\u00f3n y desea visitar el excepcional campo franc\u00e9s? Entonces \u00a1este paseo gourmet es perfecto para usted!<\/p>\n<p style=\"text-align: center;\">\n<p>A solo una hora de Par\u00eds usted encontrar\u00e1 a los productores franceses locales del \u201cterroir\u201d parisino. Visitar\u00e1 sus granjas, sus cultivos de champi\u00f1ones, sus producciones de quesos de cabra, verduras antiguas, miel, especias y vi\u00f1edos.<\/p>\n<p>Acompa\u00f1ado por nuestro gu\u00eda especialista de la gastronom\u00eda francesa, venga a encontrar a los productores locales disfrutando del encanto \u00fanico del campo parisino. Esc\u00e1pese de la ciudad con este circuito guiado gourmet realizada en un paisaje excepcional a las afueras de Par\u00eds.<\/p>\n<h3>El valor agregado de este circuito gastron\u00f3mico<\/h3>\n<ul>\n<li>Un circuito \u00fanico y novedoso enfocado en la gastronom\u00eda francesa rural para descubrir nuestro patrimonio gastron\u00f3mico y los productos locales de Par\u00eds<\/li>\n<li>Un circuito todo incluido con una organizaci\u00f3n completa que nuestra agencia gestiona<\/li>\n<li>Transporte privado de ida y vuelta en coche o en minib\u00fas bus con salida y regreso a su alojamiento en Par\u00eds<\/li>\n<li>Un paseo privado VIP con un gu\u00eda biling\u00fce en espa\u00f1ol\u00a0y las actividades a su medida para satisfacer todas sus expectativas (objetivo pedag\u00f3gico, profesional o tur\u00edstico)<\/li>\n<li>La oportunidad de conocer y degustar diversos productos locales directamente con sus productores<\/li>\n<\/ul>\n<h3>El precio incluye<\/h3>\n<ul>\n<li>Paseo guiado y visita de 4 productores locales incluida una granja<\/li>\n<li>Las degustaciones de vinos y productos regionales<\/li>\n<li>El transporte y compa\u00f1\u00eda de un gu\u00eda\u00a0 especialista en la gastronom\u00eda francesa (a 1 hora de Par\u00eds)<\/li>\n<li>Una hoja de ruta con la descripci\u00f3n de todas las etapas del circuito<\/li>\n<\/ul>\n<h3>Informaciones pr\u00e1cticas<\/h3>\n<ul>\n<li><strong>Duraci\u00f3n<\/strong>: de las 9 de la ma\u00f1ana hasta las 6 de la tarde<\/li>\n<li><strong>Disponibilidad<\/strong>: de lunes a viernes todo el a\u00f1o (cons\u00faltenos para los fines de semana <a href=\"mailto:infos@laroutedesgourmets.fr\">infos@laroutedesgourmets.fr<\/a>)<\/li>\n<li><strong>M\u00ednimo de participantes<\/strong>: 4 personas (siendo menos de 4 personas, el precio de 4 personas ser\u00e1 cobrado)<\/li>\n<li><strong>Cita<\/strong>: en Par\u00eds, seg\u00fan su alojamiento (hotel o apartamento)<\/li>\n<li><strong>P\u00fablico<\/strong>: circuito adaptado a particulares, estudiantes, y\/o profesionales,&#8230;<\/li>\n<li><strong>Idiomas del gu\u00eda<\/strong>: franc\u00e9s, espa\u00f1ol, ingl\u00e9s (cons\u00faltenos para otras lenguas)<\/li>\n<li><strong>Opcional<\/strong>: se puede acabar el paseo con una cena \u201cen casa\u201d de habitantes locales o en un restaurante especialista de la utilizaci\u00f3n de productos locales<\/li>\n<li><strong>Cup\u00f3n de regalo<\/strong>: posibilidad de ofrecer este paseo gourmet en forma de cup\u00f3n de regalo<\/li>\n<li><strong>Validez y condiciones de anulaci\u00f3n<\/strong>: las ordenes no son confirmadas que despu\u00e9s recepci\u00f3n de pago. El reembolso de la prestaci\u00f3n en caso de anulaci\u00f3n es total si la anulaci\u00f3n se realiza antes de 3 semanas de la fecha de la prestaci\u00f3n, el reembolso ser\u00e1 de la mitad si la anulaci\u00f3n se realiza antes de 2 semanas de la fecha de la prestaci\u00f3n, ning\u00fan reembolso se realizar\u00e1 a menos de una semana de la visita.<\/li>\n<\/ul>\n","protected":false},"excerpt":{"rendered":"<p>Descubra el campo y a los productores gourmet de los alrededores de Par\u00eds, siguiendo los pasos del Chef Yannick All\u00e9no, conozca a los productores del terroir franc\u00e9s y visite sus granjas acompa\u00f1ado de un especialista en patrimonio y gastronom\u00eda francesa<\/p>\n","protected":false},"featured_media":810,"template":"","meta":{"inline_featured_image":false,"neve_meta_sidebar":"","neve_meta_container":"","neve_meta_enable_content_width":"off","neve_meta_content_width":100,"neve_meta_title_alignment":"","neve_meta_author_avatar":"","neve_post_elements_order":"","neve_meta_disable_header":"","neve_meta_disable_footer":"","neve_meta_disable_title":""},"product_brand":[],"product_cat":[1586],"product_tag":[],"class_list":{"0":"post-855","1":"product","2":"type-product","3":"status-publish","4":"has-post-thumbnail","6":"product_cat-excursiones-alrededor-de-paris","8":"first","9":"instock","10":"taxable","11":"shipping-taxable","12":"purchasable","13":"product-type-simple"},"yoast_head":"<!-- This site is optimized with the Yoast SEO Premium plugin v27.4 (Yoast SEO v27.4) - https:\/\/yoast.com\/product\/yoast-seo-premium-wordpress\/ -->\n<title>Paseo gourmet en el campo y el terroir alrededor de Par\u00eds<\/title>\n<meta name=\"description\" content=\"Circuito gourmet en el campo parisino para descubrir a los productores rurales del terroir franc\u00e9s y visitar una granja con un especialista\" \/>\n<meta name=\"robots\" content=\"index, follow, max-snippet:-1, max-image-preview:large, max-video-preview:-1\" \/>\n<link rel=\"canonical\" href=\"https:\/\/laroutedesgourmets.fr\/es\/excursiones-alrededor-de-paris\/gourmet-tour-en-el-campo-de-paris\/\" \/>\n<meta property=\"og:locale\" content=\"es_ES\" \/>\n<meta property=\"og:type\" content=\"article\" \/>\n<meta property=\"og:title\" content=\"Paseo gourmet en el campo y el terroir alrededor de Par\u00eds\" \/>\n<meta property=\"og:description\" content=\"Circuito gourmet en el campo parisino para descubrir a los productores rurales del terroir franc\u00e9s y visitar una granja con un especialista\" \/>\n<meta property=\"og:url\" content=\"https:\/\/laroutedesgourmets.fr\/es\/excursiones-alrededor-de-paris\/gourmet-tour-en-el-campo-de-paris\/\" \/>\n<meta property=\"og:site_name\" content=\"La Route des Gourmets\" \/>\n<meta property=\"article:publisher\" content=\"http:\/\/www.facebook.com\/laroutedesgourmets\" \/>\n<meta property=\"article:modified_time\" content=\"2024-04-11T19:00:06+00:00\" \/>\n<meta property=\"og:image\" content=\"https:\/\/laroutedesgourmets.fr\/wp-content\/uploads\/2013\/01\/p_8_5_3_853-Visite-de-fermes-autour-de-Paris.jpg\" \/>\n\t<meta property=\"og:image:width\" content=\"1800\" \/>\n\t<meta property=\"og:image:height\" content=\"1200\" \/>\n\t<meta property=\"og:image:type\" content=\"image\/jpeg\" \/>\n<meta name=\"twitter:card\" content=\"summary_large_image\" \/>\n<meta name=\"twitter:site\" content=\"@Routedesgourmet\" \/>\n<meta name=\"twitter:label1\" content=\"Tiempo de lectura\" \/>\n\t<meta name=\"twitter:data1\" content=\"6 minutos\" \/>\n<script type=\"application\/ld+json\" class=\"yoast-schema-graph\">{\"@context\":\"https:\\\/\\\/schema.org\",\"@graph\":[{\"@type\":\"WebPage\",\"@id\":\"https:\\\/\\\/laroutedesgourmets.fr\\\/es\\\/excursiones-alrededor-de-paris\\\/gourmet-tour-en-el-campo-de-paris\\\/\",\"url\":\"https:\\\/\\\/laroutedesgourmets.fr\\\/es\\\/excursiones-alrededor-de-paris\\\/gourmet-tour-en-el-campo-de-paris\\\/\",\"name\":\"Paseo gourmet en el campo y el terroir alrededor de Par\u00eds\",\"isPartOf\":{\"@id\":\"https:\\\/\\\/laroutedesgourmets.fr\\\/#website\"},\"primaryImageOfPage\":{\"@id\":\"https:\\\/\\\/laroutedesgourmets.fr\\\/es\\\/excursiones-alrededor-de-paris\\\/gourmet-tour-en-el-campo-de-paris\\\/#primaryimage\"},\"image\":{\"@id\":\"https:\\\/\\\/laroutedesgourmets.fr\\\/es\\\/excursiones-alrededor-de-paris\\\/gourmet-tour-en-el-campo-de-paris\\\/#primaryimage\"},\"thumbnailUrl\":\"https:\\\/\\\/laroutedesgourmets.fr\\\/wp-content\\\/uploads\\\/2013\\\/01\\\/p_8_5_3_853-Visite-de-fermes-autour-de-Paris.jpg\",\"datePublished\":\"2022-05-03T15:04:19+00:00\",\"dateModified\":\"2024-04-11T19:00:06+00:00\",\"description\":\"Circuito gourmet en el campo parisino para descubrir a los productores rurales del terroir franc\u00e9s y visitar una granja con un especialista\",\"breadcrumb\":{\"@id\":\"https:\\\/\\\/laroutedesgourmets.fr\\\/es\\\/excursiones-alrededor-de-paris\\\/gourmet-tour-en-el-campo-de-paris\\\/#breadcrumb\"},\"inLanguage\":\"es\",\"potentialAction\":[{\"@type\":\"ReadAction\",\"target\":[\"https:\\\/\\\/laroutedesgourmets.fr\\\/es\\\/excursiones-alrededor-de-paris\\\/gourmet-tour-en-el-campo-de-paris\\\/\"]}]},{\"@type\":\"ImageObject\",\"inLanguage\":\"es\",\"@id\":\"https:\\\/\\\/laroutedesgourmets.fr\\\/es\\\/excursiones-alrededor-de-paris\\\/gourmet-tour-en-el-campo-de-paris\\\/#primaryimage\",\"url\":\"https:\\\/\\\/laroutedesgourmets.fr\\\/wp-content\\\/uploads\\\/2013\\\/01\\\/p_8_5_3_853-Visite-de-fermes-autour-de-Paris.jpg\",\"contentUrl\":\"https:\\\/\\\/laroutedesgourmets.fr\\\/wp-content\\\/uploads\\\/2013\\\/01\\\/p_8_5_3_853-Visite-de-fermes-autour-de-Paris.jpg\",\"width\":1800,\"height\":1200},{\"@type\":\"BreadcrumbList\",\"@id\":\"https:\\\/\\\/laroutedesgourmets.fr\\\/es\\\/excursiones-alrededor-de-paris\\\/gourmet-tour-en-el-campo-de-paris\\\/#breadcrumb\",\"itemListElement\":[{\"@type\":\"ListItem\",\"position\":1,\"name\":\"Visites gourmandes \u00e0 Paris\",\"item\":\"https:\\\/\\\/laroutedesgourmets.fr\\\/visites-guidees\\\/\"},{\"@type\":\"ListItem\",\"position\":2,\"name\":\"Gourmet tour en el campo de Paris\"}]},{\"@type\":\"WebSite\",\"@id\":\"https:\\\/\\\/laroutedesgourmets.fr\\\/#website\",\"url\":\"https:\\\/\\\/laroutedesgourmets.fr\\\/\",\"name\":\"La Route des Gourmets\",\"description\":\"Agence de tourisme gastronomique\",\"publisher\":{\"@id\":\"https:\\\/\\\/laroutedesgourmets.fr\\\/#organization\"},\"potentialAction\":[{\"@type\":\"SearchAction\",\"target\":{\"@type\":\"EntryPoint\",\"urlTemplate\":\"https:\\\/\\\/laroutedesgourmets.fr\\\/?s={search_term_string}\"},\"query-input\":{\"@type\":\"PropertyValueSpecification\",\"valueRequired\":true,\"valueName\":\"search_term_string\"}}],\"inLanguage\":\"es\"},{\"@type\":\"Organization\",\"@id\":\"https:\\\/\\\/laroutedesgourmets.fr\\\/#organization\",\"name\":\"La Route des Gourmets\",\"url\":\"https:\\\/\\\/laroutedesgourmets.fr\\\/\",\"logo\":{\"@type\":\"ImageObject\",\"inLanguage\":\"es\",\"@id\":\"https:\\\/\\\/laroutedesgourmets.fr\\\/#\\\/schema\\\/logo\\\/image\\\/\",\"url\":\"https:\\\/\\\/laroutedesgourmets.fr\\\/wp-content\\\/uploads\\\/2023\\\/12\\\/laroutedesgourmets-sigle-cadre-S-b.png\",\"contentUrl\":\"https:\\\/\\\/laroutedesgourmets.fr\\\/wp-content\\\/uploads\\\/2023\\\/12\\\/laroutedesgourmets-sigle-cadre-S-b.png\",\"width\":445,\"height\":445,\"caption\":\"La Route des Gourmets\"},\"image\":{\"@id\":\"https:\\\/\\\/laroutedesgourmets.fr\\\/#\\\/schema\\\/logo\\\/image\\\/\"},\"sameAs\":[\"http:\\\/\\\/www.facebook.com\\\/laroutedesgourmets\",\"https:\\\/\\\/x.com\\\/Routedesgourmet\",\"https:\\\/\\\/www.instagram.com\\\/laroutedesgourmets\"],\"email\":\"infos@laroutedesgourmets.fr\",\"telephone\":\"+33139473279\"}]}<\/script>\n<!-- \/ Yoast SEO Premium plugin. -->","yoast_head_json":{"title":"Paseo gourmet en el campo y el terroir alrededor de Par\u00eds","description":"Circuito gourmet en el campo parisino para descubrir a los productores rurales del terroir franc\u00e9s y visitar una granja con un especialista","robots":{"index":"index","follow":"follow","max-snippet":"max-snippet:-1","max-image-preview":"max-image-preview:large","max-video-preview":"max-video-preview:-1"},"canonical":"https:\/\/laroutedesgourmets.fr\/es\/excursiones-alrededor-de-paris\/gourmet-tour-en-el-campo-de-paris\/","og_locale":"es_ES","og_type":"article","og_title":"Paseo gourmet en el campo y el terroir alrededor de Par\u00eds","og_description":"Circuito gourmet en el campo parisino para descubrir a los productores rurales del terroir franc\u00e9s y visitar una granja con un especialista","og_url":"https:\/\/laroutedesgourmets.fr\/es\/excursiones-alrededor-de-paris\/gourmet-tour-en-el-campo-de-paris\/","og_site_name":"La Route des Gourmets","article_publisher":"http:\/\/www.facebook.com\/laroutedesgourmets","article_modified_time":"2024-04-11T19:00:06+00:00","og_image":[{"width":1800,"height":1200,"url":"https:\/\/laroutedesgourmets.fr\/wp-content\/uploads\/2013\/01\/p_8_5_3_853-Visite-de-fermes-autour-de-Paris.jpg","type":"image\/jpeg"}],"twitter_card":"summary_large_image","twitter_site":"@Routedesgourmet","twitter_misc":{"Tiempo de lectura":"6 minutos"},"schema":{"@context":"https:\/\/schema.org","@graph":[{"@type":"WebPage","@id":"https:\/\/laroutedesgourmets.fr\/es\/excursiones-alrededor-de-paris\/gourmet-tour-en-el-campo-de-paris\/","url":"https:\/\/laroutedesgourmets.fr\/es\/excursiones-alrededor-de-paris\/gourmet-tour-en-el-campo-de-paris\/","name":"Paseo gourmet en el campo y el terroir alrededor de Par\u00eds","isPartOf":{"@id":"https:\/\/laroutedesgourmets.fr\/#website"},"primaryImageOfPage":{"@id":"https:\/\/laroutedesgourmets.fr\/es\/excursiones-alrededor-de-paris\/gourmet-tour-en-el-campo-de-paris\/#primaryimage"},"image":{"@id":"https:\/\/laroutedesgourmets.fr\/es\/excursiones-alrededor-de-paris\/gourmet-tour-en-el-campo-de-paris\/#primaryimage"},"thumbnailUrl":"https:\/\/laroutedesgourmets.fr\/wp-content\/uploads\/2013\/01\/p_8_5_3_853-Visite-de-fermes-autour-de-Paris.jpg","datePublished":"2022-05-03T15:04:19+00:00","dateModified":"2024-04-11T19:00:06+00:00","description":"Circuito gourmet en el campo parisino para descubrir a los productores rurales del terroir franc\u00e9s y visitar una granja con un especialista","breadcrumb":{"@id":"https:\/\/laroutedesgourmets.fr\/es\/excursiones-alrededor-de-paris\/gourmet-tour-en-el-campo-de-paris\/#breadcrumb"},"inLanguage":"es","potentialAction":[{"@type":"ReadAction","target":["https:\/\/laroutedesgourmets.fr\/es\/excursiones-alrededor-de-paris\/gourmet-tour-en-el-campo-de-paris\/"]}]},{"@type":"ImageObject","inLanguage":"es","@id":"https:\/\/laroutedesgourmets.fr\/es\/excursiones-alrededor-de-paris\/gourmet-tour-en-el-campo-de-paris\/#primaryimage","url":"https:\/\/laroutedesgourmets.fr\/wp-content\/uploads\/2013\/01\/p_8_5_3_853-Visite-de-fermes-autour-de-Paris.jpg","contentUrl":"https:\/\/laroutedesgourmets.fr\/wp-content\/uploads\/2013\/01\/p_8_5_3_853-Visite-de-fermes-autour-de-Paris.jpg","width":1800,"height":1200},{"@type":"BreadcrumbList","@id":"https:\/\/laroutedesgourmets.fr\/es\/excursiones-alrededor-de-paris\/gourmet-tour-en-el-campo-de-paris\/#breadcrumb","itemListElement":[{"@type":"ListItem","position":1,"name":"Visites gourmandes \u00e0 Paris","item":"https:\/\/laroutedesgourmets.fr\/visites-guidees\/"},{"@type":"ListItem","position":2,"name":"Gourmet tour en el campo de Paris"}]},{"@type":"WebSite","@id":"https:\/\/laroutedesgourmets.fr\/#website","url":"https:\/\/laroutedesgourmets.fr\/","name":"La Route des Gourmets","description":"Agence de tourisme gastronomique","publisher":{"@id":"https:\/\/laroutedesgourmets.fr\/#organization"},"potentialAction":[{"@type":"SearchAction","target":{"@type":"EntryPoint","urlTemplate":"https:\/\/laroutedesgourmets.fr\/?s={search_term_string}"},"query-input":{"@type":"PropertyValueSpecification","valueRequired":true,"valueName":"search_term_string"}}],"inLanguage":"es"},{"@type":"Organization","@id":"https:\/\/laroutedesgourmets.fr\/#organization","name":"La Route des Gourmets","url":"https:\/\/laroutedesgourmets.fr\/","logo":{"@type":"ImageObject","inLanguage":"es","@id":"https:\/\/laroutedesgourmets.fr\/#\/schema\/logo\/image\/","url":"https:\/\/laroutedesgourmets.fr\/wp-content\/uploads\/2023\/12\/laroutedesgourmets-sigle-cadre-S-b.png","contentUrl":"https:\/\/laroutedesgourmets.fr\/wp-content\/uploads\/2023\/12\/laroutedesgourmets-sigle-cadre-S-b.png","width":445,"height":445,"caption":"La Route des Gourmets"},"image":{"@id":"https:\/\/laroutedesgourmets.fr\/#\/schema\/logo\/image\/"},"sameAs":["http:\/\/www.facebook.com\/laroutedesgourmets","https:\/\/x.com\/Routedesgourmet","https:\/\/www.instagram.com\/laroutedesgourmets"],"email":"infos@laroutedesgourmets.fr","telephone":"+33139473279"}]}},"_links":{"self":[{"href":"https:\/\/laroutedesgourmets.fr\/es\/wp-json\/wp\/v2\/product\/855","targetHints":{"allow":["GET"]}}],"collection":[{"href":"https:\/\/laroutedesgourmets.fr\/es\/wp-json\/wp\/v2\/product"}],"about":[{"href":"https:\/\/laroutedesgourmets.fr\/es\/wp-json\/wp\/v2\/types\/product"}],"wp:featuredmedia":[{"embeddable":true,"href":"https:\/\/laroutedesgourmets.fr\/es\/wp-json\/wp\/v2\/media\/810"}],"wp:attachment":[{"href":"https:\/\/laroutedesgourmets.fr\/es\/wp-json\/wp\/v2\/media?parent=855"}],"wp:term":[{"taxonomy":"product_brand","embeddable":true,"href":"https:\/\/laroutedesgourmets.fr\/es\/wp-json\/wp\/v2\/product_brand?post=855"},{"taxonomy":"product_cat","embeddable":true,"href":"https:\/\/laroutedesgourmets.fr\/es\/wp-json\/wp\/v2\/product_cat?post=855"},{"taxonomy":"product_tag","embeddable":true,"href":"https:\/\/laroutedesgourmets.fr\/es\/wp-json\/wp\/v2\/product_tag?post=855"}],"curies":[{"name":"wp","href":"https:\/\/api.w.org\/{rel}","templated":true}]}}