{"id":933,"date":"2013-03-02T16:21:31","date_gmt":"2013-03-02T15:21:31","guid":{"rendered":"https:\/\/v3.laroutedesgourmets.fr\/produit\/visita-de-mercados-parisinos\/"},"modified":"2024-07-08T18:17:06","modified_gmt":"2024-07-08T16:17:06","slug":"tour-gastronomico-paris-visita-mercados-parisinos","status":"publish","type":"product","link":"https:\/\/laroutedesgourmets.fr\/es\/actividades-gastronomicas-en-paris-es\/tour-gastronomico-paris-visita-mercados-parisinos\/","title":{"rendered":"Tour gastron\u00f3mico en Par\u00eds: visita de mercados parisinos"},"content":{"rendered":"<h2>Visita guiada de los mercados parisinos<\/h2>\n<p>En el coraz\u00f3n de la vida parisina, los mercados de alimentos son lugares de convivialidad que constituyen un faro de la gastronom\u00eda francesa. Nuestros gu\u00edas lo invitan a compartir su vida cotidiana y a descubrir algunos de los mercados de alimentos m\u00e1s prestigiados por la calidad de sus productos y la amabilidad de sus comerciantes y artesanos. Algunos ejemplos: mercado de Batignolles y la calle L\u00e9vis, Mercado d\u2019Aligre&#8230;<\/p>\n<p>Durante un recorrido aproximado de 2h30, nuestros gu\u00edas le contaran la historia del barrio que visita, de su mercado y de las especialidades culinarias francesas expuestas en los estantes. Usted degustar\u00e1 los productos del mercado y aprender\u00e1 igualmente a escoger los productos seg\u00fan su utilizaci\u00f3n y la temporada.<\/p>\n<p>Impr\u00e9gnese de la atmosfera de la vida parisina y disfrute del c\u00e1lido ambiente de estos lugares llenos de historia de la gastronom\u00eda francesa.<\/p>\n<p>Adem\u00e1s, nuestros gu\u00edas no dudaran en compartir con usted las mejores recetas de cocina a lo largo de este paseo guiado gourmet en un mercado de Par\u00eds.<\/p>\n<h3>Este circuito incluye<\/h3>\n<ul>\n<li>La visita guiada por un gu\u00eda especializado en gastronom\u00eda francesa<\/li>\n<li>La visita a pie comentada de un barrio de Par\u00eds y su mercado de alimentos<\/li>\n<li>El intercambio con los comerciantes y artesanos<\/li>\n<li>La degustaci\u00f3n de 7\u00a0productos del mercado<\/li>\n<\/ul>\n<h3>El valor agregado de nuestra actividad gastron\u00f3mica<\/h3>\n<ul>\n<li>Nuestro gu\u00eda especializado en cultura alimentaria, constituye una garant\u00eda de calidad de las informaciones<\/li>\n<li>Una recepci\u00f3n VIP: Triling\u00fce franc\u00e9s\/ingl\u00e9s\/espa\u00f1ol, nuestro gu\u00eda se adapta perfectamente a una clientela exigente\u00a0 y propone una organizaci\u00f3n completa de la visita del punto de encuentro al fin.<\/li>\n<li>Una visita a su medida: en funci\u00f3n de sus intereses seleccionaremos el mercado y el barrio m\u00e1s adecuado. Las informaciones del gu\u00eda se adaptan a los intereses y nivel de conocimiento de su p\u00fablico.<\/li>\n<\/ul>\n<h3>Informaciones pr\u00e1cticas<\/h3>\n<ul>\n<li><strong>Horarios : <\/strong>visita privada possible de martes a domingo, a las 10h<\/li>\n<li><strong>Duraci\u00f3n\u00a0:<\/strong> 2h30<\/li>\n<li><strong>Idiomas<\/strong>: visitas disponibles en franc\u00e9s, ingl\u00e9s y espa\u00f1ol (otros idiomas a la demanda)<\/li>\n<li><strong>Punto de encuentro<\/strong> : en frente de la panaderia \u00abBl\u00e9 Sucr\u00e9\u00bb, 7 rue Antoine Vollon, 75012 Paris ( estacion de Metro Ledru Rollin)<\/li>\n<li><strong>Tarifa de grupo (&gt;15 pers)<\/strong>: a la demanda \u00a0<a href=\"mailto:infos@laroutedesgourmets.fr\">infos@laroutedesgourmets.fr<\/a><\/li>\n<li><strong>Bono de Regalo<\/strong>: Es posible ofrecer esta visita en forma de un bono de regalo: Haga clic sobre el bot\u00f3n \u201cCOMPRAR SIN FECHA\u201d. Le enviaremos el bono de regalo por mail. Este bono de regalo es v\u00e1lido por una duraci\u00f3n de 6 meses a partir de la fecha de su compra y no es reembolsable.<\/li>\n<li><strong>Validez y condiciones de anulaci\u00f3n<\/strong>: Las ordenes no son consideradas como confirmadas que despu\u00e9s recepci\u00f3n del pago. Por los ordenes con fecha: el reembolso de la prestaci\u00f3n en caso de anulaci\u00f3n es total si la anulaci\u00f3n se realiza 3 semanas antes de la fecha reservada, de la mitad si la anulaci\u00f3n se realiza en el periodo de 2 semanas antes la fecha reservada, ning\u00fan reembolso se realiza a una semana de la fecha reservada.<\/li>\n<li><strong>N\u00famero m\u00ednimo de participantes<\/strong>:\u00a0<span lang=\"es-trad\" xml:lang=\"es-trad\">Nos reservamos el derecho de cancelar o cambiar la fecha si el numero\u00a0de participantes\u00a0m\u00ednimo de 2 personas no es reunido. Si no pueden asistir a esta fecha, seria reembolsado.<\/span><\/li>\n<\/ul>\n","protected":false},"excerpt":{"rendered":"<p>Entre al coraz\u00f3n de la gastronom\u00eda francesa realizando una visita guiada de un mercado parisino: descubra la historia de los mercados de barrio, intercambie con los comerciantes y deguste los mejores productos de temporada con un gu\u00eda experto en alimentaci\u00f3n<\/p>\n","protected":false},"featured_media":9137,"template":"","meta":{"inline_featured_image":false,"neve_meta_sidebar":"","neve_meta_container":"","neve_meta_enable_content_width":"off","neve_meta_content_width":100,"neve_meta_title_alignment":"","neve_meta_author_avatar":"","neve_post_elements_order":"","neve_meta_disable_header":"","neve_meta_disable_footer":"","neve_meta_disable_title":""},"product_brand":[],"product_cat":[190,217],"product_tag":[],"class_list":{"0":"post-933","1":"product","2":"type-product","3":"status-publish","4":"has-post-thumbnail","6":"product_cat-actividades-gastronomicas-en-paris-es","7":"product_cat-visita-de-mercados-en-paris-es","9":"first","10":"instock","11":"taxable","12":"shipping-taxable","13":"purchasable","14":"product-type-simple"},"yoast_head":"<!-- This site is optimized with the Yoast SEO Premium plugin v27.4 (Yoast SEO v27.4) - https:\/\/yoast.com\/product\/yoast-seo-premium-wordpress\/ -->\n<title>Visita guiada de los mercados de Par\u00eds<\/title>\n<meta name=\"description\" content=\"Visita guiada por un mercado parisino, nuestro gu\u00eda le explicar\u00e1 la historia y los secretos del mercado proponi\u00e9ndole diversas degustaciones\" \/>\n<meta name=\"robots\" content=\"index, follow, max-snippet:-1, max-image-preview:large, max-video-preview:-1\" \/>\n<link rel=\"canonical\" href=\"https:\/\/laroutedesgourmets.fr\/activites-gourmandes-a-paris\/visite-guidee-des-marches-parisiens\/\" \/>\n<meta property=\"og:locale\" content=\"es_ES\" \/>\n<meta property=\"og:type\" content=\"article\" \/>\n<meta property=\"og:title\" content=\"Visita guiada de los mercados de Par\u00eds\" \/>\n<meta property=\"og:description\" content=\"Visita guiada por un mercado parisino, nuestro gu\u00eda le explicar\u00e1 la historia y los secretos del mercado proponi\u00e9ndole diversas degustaciones\" \/>\n<meta property=\"og:url\" content=\"https:\/\/laroutedesgourmets.fr\/activites-gourmandes-a-paris\/visite-guidee-des-marches-parisiens\/\" \/>\n<meta property=\"og:site_name\" content=\"La Route des Gourmets\" \/>\n<meta property=\"article:publisher\" content=\"http:\/\/www.facebook.com\/laroutedesgourmets\" \/>\n<meta property=\"article:modified_time\" content=\"2024-07-08T16:17:06+00:00\" \/>\n<meta property=\"og:image\" content=\"https:\/\/laroutedesgourmets.fr\/wp-content\/uploads\/2013\/03\/IMG_4081-scaled.jpg\" \/>\n\t<meta property=\"og:image:width\" content=\"2560\" \/>\n\t<meta property=\"og:image:height\" content=\"1441\" \/>\n\t<meta property=\"og:image:type\" content=\"image\/jpeg\" \/>\n<meta name=\"twitter:card\" content=\"summary_large_image\" \/>\n<meta name=\"twitter:site\" content=\"@Routedesgourmet\" \/>\n<meta name=\"twitter:label1\" content=\"Precio\" \/>\n\t<meta name=\"twitter:data1\" content=\"&euro;134.00\" \/>\n\t<meta name=\"twitter:label2\" content=\"Disponibilidad\" \/>\n\t<meta name=\"twitter:data2\" content=\"Disponible\" \/>\n<script type=\"application\/ld+json\" class=\"yoast-schema-graph\">{\"@context\":\"https:\\\/\\\/schema.org\",\"@graph\":[{\"@type\":\"WebPage\",\"@id\":\"https:\\\/\\\/laroutedesgourmets.fr\\\/activites-gourmandes-a-paris\\\/visite-guidee-des-marches-parisiens\\\/\",\"url\":\"https:\\\/\\\/laroutedesgourmets.fr\\\/activites-gourmandes-a-paris\\\/visite-guidee-des-marches-parisiens\\\/\",\"name\":\"Visita guiada de los mercados de Par\u00eds\",\"isPartOf\":{\"@id\":\"https:\\\/\\\/laroutedesgourmets.fr\\\/#website\"},\"primaryImageOfPage\":{\"@id\":\"https:\\\/\\\/laroutedesgourmets.fr\\\/activites-gourmandes-a-paris\\\/visite-guidee-des-marches-parisiens\\\/#primaryimage\"},\"image\":{\"@id\":\"https:\\\/\\\/laroutedesgourmets.fr\\\/activites-gourmandes-a-paris\\\/visite-guidee-des-marches-parisiens\\\/#primaryimage\"},\"thumbnailUrl\":\"https:\\\/\\\/laroutedesgourmets.fr\\\/wp-content\\\/uploads\\\/2013\\\/03\\\/IMG_4081-scaled.jpg\",\"datePublished\":\"2013-03-02T15:21:31+00:00\",\"dateModified\":\"2024-07-08T16:17:06+00:00\",\"description\":\"Visita guiada por un mercado parisino, nuestro gu\u00eda le explicar\u00e1 la historia y los secretos del mercado proponi\u00e9ndole diversas degustaciones\",\"breadcrumb\":{\"@id\":\"https:\\\/\\\/laroutedesgourmets.fr\\\/activites-gourmandes-a-paris\\\/visite-guidee-des-marches-parisiens\\\/#breadcrumb\"},\"inLanguage\":\"es\",\"potentialAction\":[{\"@type\":\"ReadAction\",\"target\":[\"https:\\\/\\\/laroutedesgourmets.fr\\\/activites-gourmandes-a-paris\\\/visite-guidee-des-marches-parisiens\\\/\"]}]},{\"@type\":\"ImageObject\",\"inLanguage\":\"es\",\"@id\":\"https:\\\/\\\/laroutedesgourmets.fr\\\/activites-gourmandes-a-paris\\\/visite-guidee-des-marches-parisiens\\\/#primaryimage\",\"url\":\"https:\\\/\\\/laroutedesgourmets.fr\\\/wp-content\\\/uploads\\\/2013\\\/03\\\/IMG_4081-scaled.jpg\",\"contentUrl\":\"https:\\\/\\\/laroutedesgourmets.fr\\\/wp-content\\\/uploads\\\/2013\\\/03\\\/IMG_4081-scaled.jpg\",\"width\":2560,\"height\":1441},{\"@type\":\"BreadcrumbList\",\"@id\":\"https:\\\/\\\/laroutedesgourmets.fr\\\/activites-gourmandes-a-paris\\\/visite-guidee-des-marches-parisiens\\\/#breadcrumb\",\"itemListElement\":[{\"@type\":\"ListItem\",\"position\":1,\"name\":\"Visites gourmandes \u00e0 Paris\",\"item\":\"https:\\\/\\\/laroutedesgourmets.fr\\\/visites-guidees\\\/\"},{\"@type\":\"ListItem\",\"position\":2,\"name\":\"Tour gastron\u00f3mico en Par\u00eds: visita de mercados parisinos\"}]},{\"@type\":\"WebSite\",\"@id\":\"https:\\\/\\\/laroutedesgourmets.fr\\\/#website\",\"url\":\"https:\\\/\\\/laroutedesgourmets.fr\\\/\",\"name\":\"La Route des Gourmets\",\"description\":\"Agence de tourisme gastronomique\",\"publisher\":{\"@id\":\"https:\\\/\\\/laroutedesgourmets.fr\\\/#organization\"},\"potentialAction\":[{\"@type\":\"SearchAction\",\"target\":{\"@type\":\"EntryPoint\",\"urlTemplate\":\"https:\\\/\\\/laroutedesgourmets.fr\\\/?s={search_term_string}\"},\"query-input\":{\"@type\":\"PropertyValueSpecification\",\"valueRequired\":true,\"valueName\":\"search_term_string\"}}],\"inLanguage\":\"es\"},{\"@type\":\"Organization\",\"@id\":\"https:\\\/\\\/laroutedesgourmets.fr\\\/#organization\",\"name\":\"La Route des Gourmets\",\"url\":\"https:\\\/\\\/laroutedesgourmets.fr\\\/\",\"logo\":{\"@type\":\"ImageObject\",\"inLanguage\":\"es\",\"@id\":\"https:\\\/\\\/laroutedesgourmets.fr\\\/#\\\/schema\\\/logo\\\/image\\\/\",\"url\":\"https:\\\/\\\/laroutedesgourmets.fr\\\/wp-content\\\/uploads\\\/2023\\\/12\\\/laroutedesgourmets-sigle-cadre-S-b.png\",\"contentUrl\":\"https:\\\/\\\/laroutedesgourmets.fr\\\/wp-content\\\/uploads\\\/2023\\\/12\\\/laroutedesgourmets-sigle-cadre-S-b.png\",\"width\":445,\"height\":445,\"caption\":\"La Route des Gourmets\"},\"image\":{\"@id\":\"https:\\\/\\\/laroutedesgourmets.fr\\\/#\\\/schema\\\/logo\\\/image\\\/\"},\"sameAs\":[\"http:\\\/\\\/www.facebook.com\\\/laroutedesgourmets\",\"https:\\\/\\\/x.com\\\/Routedesgourmet\",\"https:\\\/\\\/www.instagram.com\\\/laroutedesgourmets\"],\"email\":\"infos@laroutedesgourmets.fr\",\"telephone\":\"+33139473279\"}]}<\/script>\n<meta property=\"product:price:amount\" content=\"134.00\" \/>\n<meta property=\"product:price:currency\" content=\"EUR\" \/>\n<meta property=\"og:availability\" content=\"instock\" \/>\n<meta property=\"product:availability\" content=\"instock\" \/>\n<meta property=\"product:condition\" content=\"new\" \/>\n<!-- \/ Yoast SEO Premium plugin. -->","yoast_head_json":{"title":"Visita guiada de los mercados de Par\u00eds","description":"Visita guiada por un mercado parisino, nuestro gu\u00eda le explicar\u00e1 la historia y los secretos del mercado proponi\u00e9ndole diversas degustaciones","robots":{"index":"index","follow":"follow","max-snippet":"max-snippet:-1","max-image-preview":"max-image-preview:large","max-video-preview":"max-video-preview:-1"},"canonical":"https:\/\/laroutedesgourmets.fr\/activites-gourmandes-a-paris\/visite-guidee-des-marches-parisiens\/","og_locale":"es_ES","og_type":"article","og_title":"Visita guiada de los mercados de Par\u00eds","og_description":"Visita guiada por un mercado parisino, nuestro gu\u00eda le explicar\u00e1 la historia y los secretos del mercado proponi\u00e9ndole diversas degustaciones","og_url":"https:\/\/laroutedesgourmets.fr\/activites-gourmandes-a-paris\/visite-guidee-des-marches-parisiens\/","og_site_name":"La Route des Gourmets","article_publisher":"http:\/\/www.facebook.com\/laroutedesgourmets","article_modified_time":"2024-07-08T16:17:06+00:00","og_image":[{"width":2560,"height":1441,"url":"https:\/\/laroutedesgourmets.fr\/wp-content\/uploads\/2013\/03\/IMG_4081-scaled.jpg","type":"image\/jpeg"}],"twitter_card":"summary_large_image","twitter_site":"@Routedesgourmet","twitter_misc":{"Precio":"&euro;134.00","Disponibilidad":"Disponible"},"schema":{"@context":"https:\/\/schema.org","@graph":[{"@type":"WebPage","@id":"https:\/\/laroutedesgourmets.fr\/activites-gourmandes-a-paris\/visite-guidee-des-marches-parisiens\/","url":"https:\/\/laroutedesgourmets.fr\/activites-gourmandes-a-paris\/visite-guidee-des-marches-parisiens\/","name":"Visita guiada de los mercados de Par\u00eds","isPartOf":{"@id":"https:\/\/laroutedesgourmets.fr\/#website"},"primaryImageOfPage":{"@id":"https:\/\/laroutedesgourmets.fr\/activites-gourmandes-a-paris\/visite-guidee-des-marches-parisiens\/#primaryimage"},"image":{"@id":"https:\/\/laroutedesgourmets.fr\/activites-gourmandes-a-paris\/visite-guidee-des-marches-parisiens\/#primaryimage"},"thumbnailUrl":"https:\/\/laroutedesgourmets.fr\/wp-content\/uploads\/2013\/03\/IMG_4081-scaled.jpg","datePublished":"2013-03-02T15:21:31+00:00","dateModified":"2024-07-08T16:17:06+00:00","description":"Visita guiada por un mercado parisino, nuestro gu\u00eda le explicar\u00e1 la historia y los secretos del mercado proponi\u00e9ndole diversas degustaciones","breadcrumb":{"@id":"https:\/\/laroutedesgourmets.fr\/activites-gourmandes-a-paris\/visite-guidee-des-marches-parisiens\/#breadcrumb"},"inLanguage":"es","potentialAction":[{"@type":"ReadAction","target":["https:\/\/laroutedesgourmets.fr\/activites-gourmandes-a-paris\/visite-guidee-des-marches-parisiens\/"]}]},{"@type":"ImageObject","inLanguage":"es","@id":"https:\/\/laroutedesgourmets.fr\/activites-gourmandes-a-paris\/visite-guidee-des-marches-parisiens\/#primaryimage","url":"https:\/\/laroutedesgourmets.fr\/wp-content\/uploads\/2013\/03\/IMG_4081-scaled.jpg","contentUrl":"https:\/\/laroutedesgourmets.fr\/wp-content\/uploads\/2013\/03\/IMG_4081-scaled.jpg","width":2560,"height":1441},{"@type":"BreadcrumbList","@id":"https:\/\/laroutedesgourmets.fr\/activites-gourmandes-a-paris\/visite-guidee-des-marches-parisiens\/#breadcrumb","itemListElement":[{"@type":"ListItem","position":1,"name":"Visites gourmandes \u00e0 Paris","item":"https:\/\/laroutedesgourmets.fr\/visites-guidees\/"},{"@type":"ListItem","position":2,"name":"Tour gastron\u00f3mico en Par\u00eds: visita de mercados parisinos"}]},{"@type":"WebSite","@id":"https:\/\/laroutedesgourmets.fr\/#website","url":"https:\/\/laroutedesgourmets.fr\/","name":"La Route des Gourmets","description":"Agence de tourisme gastronomique","publisher":{"@id":"https:\/\/laroutedesgourmets.fr\/#organization"},"potentialAction":[{"@type":"SearchAction","target":{"@type":"EntryPoint","urlTemplate":"https:\/\/laroutedesgourmets.fr\/?s={search_term_string}"},"query-input":{"@type":"PropertyValueSpecification","valueRequired":true,"valueName":"search_term_string"}}],"inLanguage":"es"},{"@type":"Organization","@id":"https:\/\/laroutedesgourmets.fr\/#organization","name":"La Route des Gourmets","url":"https:\/\/laroutedesgourmets.fr\/","logo":{"@type":"ImageObject","inLanguage":"es","@id":"https:\/\/laroutedesgourmets.fr\/#\/schema\/logo\/image\/","url":"https:\/\/laroutedesgourmets.fr\/wp-content\/uploads\/2023\/12\/laroutedesgourmets-sigle-cadre-S-b.png","contentUrl":"https:\/\/laroutedesgourmets.fr\/wp-content\/uploads\/2023\/12\/laroutedesgourmets-sigle-cadre-S-b.png","width":445,"height":445,"caption":"La Route des Gourmets"},"image":{"@id":"https:\/\/laroutedesgourmets.fr\/#\/schema\/logo\/image\/"},"sameAs":["http:\/\/www.facebook.com\/laroutedesgourmets","https:\/\/x.com\/Routedesgourmet","https:\/\/www.instagram.com\/laroutedesgourmets"],"email":"infos@laroutedesgourmets.fr","telephone":"+33139473279"}]},"product_price_amount":"134.00","product_price_currency":"EUR","og_availability":"instock","product_availability":"instock","product_condition":"new"},"_links":{"self":[{"href":"https:\/\/laroutedesgourmets.fr\/es\/wp-json\/wp\/v2\/product\/933","targetHints":{"allow":["GET"]}}],"collection":[{"href":"https:\/\/laroutedesgourmets.fr\/es\/wp-json\/wp\/v2\/product"}],"about":[{"href":"https:\/\/laroutedesgourmets.fr\/es\/wp-json\/wp\/v2\/types\/product"}],"wp:featuredmedia":[{"embeddable":true,"href":"https:\/\/laroutedesgourmets.fr\/es\/wp-json\/wp\/v2\/media\/9137"}],"wp:attachment":[{"href":"https:\/\/laroutedesgourmets.fr\/es\/wp-json\/wp\/v2\/media?parent=933"}],"wp:term":[{"taxonomy":"product_brand","embeddable":true,"href":"https:\/\/laroutedesgourmets.fr\/es\/wp-json\/wp\/v2\/product_brand?post=933"},{"taxonomy":"product_cat","embeddable":true,"href":"https:\/\/laroutedesgourmets.fr\/es\/wp-json\/wp\/v2\/product_cat?post=933"},{"taxonomy":"product_tag","embeddable":true,"href":"https:\/\/laroutedesgourmets.fr\/es\/wp-json\/wp\/v2\/product_tag?post=933"}],"curies":[{"name":"wp","href":"https:\/\/api.w.org\/{rel}","templated":true}]}}